{"id":7597,"date":"2021-08-24T10:33:49","date_gmt":"2021-08-24T08:33:49","guid":{"rendered":"https:\/\/www.campinglesoleildor.com\/a-voir\/"},"modified":"2024-04-25T12:27:12","modified_gmt":"2024-04-25T10:27:12","slug":"hebben","status":"publish","type":"page","link":"https:\/\/www.campinglesoleildor.com\/nl\/hebben\/","title":{"rendered":"A voir"},"content":{"rendered":"<div class=\"text-image-new style1 image-left\"><div class=\"text-image-new-colonne\"><H2 class=\"text-image-new-titre\">Sport, vrije tijd en ontdekkingen<\/H2><div class=\"text-image-new-content\"><p>Bent u op vakantie op camping Le Soleil d\u2019Or? Ontdek Montalivet en zijn omgeving:<\/p>\n<ul>\n<li><strong>Boom klimmen<\/strong><br \/>\nIn het hart van het bos en op 2 minuten van de oceaan biedt het Parc De l&#8217;Aventure u tal van buitenactiviteiten voor alle leeftijden: boomklimmen, schattenjacht, puzzelparcours, fietsverhuur, minigolf \u2026).<\/li>\n<li><strong>Kaap 33<\/strong><br \/>\nOp 100 meter van de camping biedt Cap 33, in samenwerking met het departement Gironde, u vanaf april en de hele zomer vele gratis sportieve en artistieke ontdekkingsactiviteiten voor jong en oud.<\/li>\n<li><strong>Zeilen<\/strong><br \/>\nTegenover de camping kunt u zandzeilen beoefenen op de lange stranden van Montalivet en zelfs voor beginners sensatie beleven. De CAP Montalivet-club biedt introductiesessies met zandzeilen aan.<\/li>\n<\/ul>\n<\/div><p class=\"lire-plus\">Lees verder<\/p><div class=\"text-image-new-content-more hide\"><ul>\n<li><strong>Paardrijden<\/strong><br \/>\nDrie maneges bieden verschillende activiteiten en wandelingen aan. Het ruitercentrum Catherine Sireix, het ruitercentrum Clavi\u00e8res of het paardensportcentrum P\u00e9rigueys.<\/li>\n<li><strong>Skatepark<\/strong><br \/>\nNaast de camping kunnen jong en oud genieten van het glijden op de Skatepark-bowl.<\/li>\n<li><strong>Surfen<\/strong><br \/>\nVendays-Montalivet biedt verschillende spots en surfscholen voor beginners en ervaren surfers.<\/li>\n<\/ul>\n<\/div><p class=\"lire-moins hide\">Lees minder<\/p><\/div><div class=\"text-image-new-colonne\"><img decoding=\"async\" src=\"https:\/\/www.campinglesoleildor.com\/wp-content\/uploads\/2024\/04\/char-a-voile-montalivet.jpg\" alt=\"Montalivet-activiteiten\" class=\"text-image-new-thumb\" \/><\/div><\/div>\n\n<div class=\"text-image-new style1 image-right background-marron\"><div class=\"text-image-new-colonne\"><H2 class=\"text-image-new-titre\">Uw camping in het hart van de M\u00e9doc<\/H2><div class=\"text-image-new-content\"><p>Het schiereiland M\u00e9doc is een synthese van alle toeristische sectoren die in de Gironde te vinden zijn: de kustlijn, de riviermonding, de meren, het bos, de wijn, het erfgoed en de gastronomie zijn allemaal troeven die de natuur inzet om u aan te trekken, vast te houden en moedig u aan om terug te keren naar deze regio die traditie en moderniteit combineert. Tijdens uw verblijf kunt u de grote open ruimtes en de immense diversiteit van het landschap verkennen. Hier is de natuur nog zeer goed bewaard gebleven.<\/p>\n<p>Liefhebbers van mooie stenen zullen de Romaanse gebouwen ontdekken die de geschiedenis ons heeft nagelaten. Tijdens uw wandelingen in de M\u00e9doc kunt u verschillende monumenten ontdekken of verschillende musea bezoeken, zoals het archeologisch museum van Soulac-sur-Mer. U kunt zich voorstellen hoe de M\u00e9doc zijn verdediging organiseerde met het fort van Blanquefort, de Toren van Eer in Lesparre of het Fort-M\u00e9doc in Cussac (op de werelderfgoedlijst van UNESCO), dat samen met de citadel van Blaye en het Fort Pat\u00e9 bestond, de De Vauban-sluis, die Bordeaux beschermde tegen een mogelijke aanval vanuit de monding.<\/p>\n<p>Soulac-sur-Mer, ons oude dorp, bereikte net als Lacanau zijn hoogtepunt met de mode van het baden in de zee en werd in 1849 een badplaats. U kunt het charmante neokoloniale dorp en de geschiedenis van de Basiliek Onze-Lieve-Vrouw van het Einde bezoeken van de aarde.<\/p>\n<\/div><\/div><div class=\"text-image-new-colonne\"><img decoding=\"async\" src=\"https:\/\/www.campinglesoleildor.com\/wp-content\/uploads\/2024\/04\/camping-medoc.jpg\" alt=\"camping medoc\" class=\"text-image-new-thumb\" \/><\/div><\/div>\n\n<div class=\"text-image-new style1 image-left\"><div class=\"text-image-new-colonne\"><H2 class=\"text-image-new-titre\">De markten rond camping Le Soleil d\u2019Or<\/H2><div class=\"text-image-new-content\"><ul>\n<li><strong>Montalivet<\/strong><\/li>\n<\/ul>\n<p>Elke dag tussen 9.00 en 14.00 uur kun je heerlijk flaneren op deze typische M\u00e9doc-markt met verschillende food- en non-foodkraampjes. Daar kunt u oesters proeven en genieten van een glas witte wijn\u2026<\/p>\n<ul>\n<li><strong>Vendays<\/strong><\/li>\n<\/ul>\n<p>Zondagochtend op het kerkplein<\/p>\n<ul>\n<li><strong>Lesparre-Medoc<\/strong><\/li>\n<\/ul>\n<p>Dinsdagochtend (place du Mar\u00e9chal Foch)<br \/>\nZaterdagochtend (Plaats Gambetta)<br \/>\nKermis op de 1e vrijdag van de maand<\/p>\n<ul>\n<li><strong>Saint-Vivien-de-Medoc<\/strong><\/li>\n<\/ul>\n<p>Woensdagochtend<\/p>\n<\/div><p class=\"lire-plus\">Lees verder<\/p><div class=\"text-image-new-content-more hide\"><ul>\n<li><strong>Soulac-sur-Mer<\/strong><\/li>\n<\/ul>\n<p>Elke ochtend en einde van de dag in juli en augustus<\/p>\n<ul>\n<li><strong>Hourtin<\/strong><\/li>\n<\/ul>\n<p>Hourtin stad: in juli en augustus dinsdag-, donderdag- en zaterdagochtend, de rest van het jaar donderdagochtend<br \/>\nHaven van Hourtin: ambachtelijke markt op vrijdagavond<br \/>\nStrand van Hourtin: ambachtsmarkt op maandagavond<\/p>\n<ul>\n<li><strong>Lacanau<\/strong><\/li>\n<\/ul>\n<p>Lacanau-stad: van juni tot september, zaterdagochtend, kerkplein<br \/>\nLacanau-stad: avondmarkt in het zomerseizoen, elke donderdagavond<br \/>\nOceaan van Lacanau: woensdagochtend elke dag in het seizoen, Place du Champ de Foire en All\u00e9es Ortal<\/p>\n<ul>\n<li><strong>Le Verdon sur Mer<\/strong><\/li>\n<\/ul>\n<p>Elke dag in het seizoen, Pointe de Grave<\/p>\n<\/div><p class=\"lire-moins hide\">Lees minder<\/p><\/div><div class=\"text-image-new-colonne\"><img decoding=\"async\" src=\"https:\/\/www.campinglesoleildor.com\/wp-content\/uploads\/2024\/04\/marche-montalivet.jpg\" alt=\"Montalivet-markt\" class=\"text-image-new-thumb\" \/><\/div><\/div>\n\n<div class=\"liste-de-page-home\"><h2 class=\"liste-de-page-home-titre\">Wat is er te bezoeken en te doen rond camping Le Soleil d\u2019Or?<\/h2><ul class=\"liste-de-page-articles\"><li><a href=\"https:\/\/www.campinglesoleildor.com\/nl\/nieuws\/boomklimmen-montalivet\/\"><div class=\"cta-img\"><img decoding=\"async\" src=\"https:\/\/www.campinglesoleildor.com\/wp-content\/uploads\/2022\/11\/ACTIVITES-scaled-e1668787393248.jpg\" alt=\"\"><\/div><div class=\"cta-titre\">Boomklimmen in Montalivet voor een verblijf vol avontuur<\/div><\/a><\/li><li><a href=\"https:\/\/www.campinglesoleildor.com\/nl\/nieuws\/wat-te-doen-montalivet\/\"><div class=\"cta-img\"><img decoding=\"async\" src=\"https:\/\/www.campinglesoleildor.com\/wp-content\/uploads\/2022\/11\/SERVICES-1-scaled-e1669116746176.jpg\" alt=\"\"><\/div><div class=\"cta-titre\">Wat te doen in Montalivet? Top 3 activiteiten om te doen in deze badplaats in de Gironde<\/div><\/a><\/li><li><a href=\"https:\/\/www.campinglesoleildor.com\/nl\/nieuws\/markt-montalivet\/\"><div class=\"cta-img\"><img decoding=\"async\" src=\"https:\/\/www.campinglesoleildor.com\/wp-content\/uploads\/2023\/07\/marche-montalivet.jpeg\" alt=\"\"><\/div><div class=\"cta-titre\">De Montalivet-markt: de vlaggenschipactiviteit van uw kampeervakantie in de Gironde<\/div><\/a><\/li><li><a href=\"https:\/\/www.campinglesoleildor.com\/nl\/nieuws\/surfen-montalivet\/\"><div class=\"cta-img\"><img decoding=\"async\" src=\"https:\/\/www.campinglesoleildor.com\/wp-content\/uploads\/2021\/09\/surfer_en_vendee.jpeg\" alt=\"\"><\/div><div class=\"cta-titre\">Surfen in Montalivet : vind de benodigde uitrusting en de ideale surfspot in Gironde<\/div><\/a><\/li><\/ul><\/div>","protected":false},"excerpt":{"rendered":"","protected":false},"author":1,"featured_media":7598,"parent":0,"menu_order":0,"comment_status":"closed","ping_status":"closed","template":"","meta":{"_acf_changed":false,"footnotes":""},"class_list":["post-7597","page","type-page","status-publish","has-post-thumbnail","hentry"],"acf":[],"yoast_head":"<!-- This site is optimized with the Yoast SEO plugin v27.5 - https:\/\/yoast.com\/product\/yoast-seo-wordpress\/ -->\n<title>Bezoek Montalivet, activiteiten om te doen in de omgeving van Vendays-Montalivet<\/title>\n<meta name=\"description\" content=\"Ontdek de beste activiteiten rondom Vendays-Montalivet en uw camping Le Soleil d&#039;Or tijdens uw vakantie.\" \/>\n<meta name=\"robots\" content=\"index, follow, max-snippet:-1, max-image-preview:large, max-video-preview:-1\" \/>\n<link rel=\"canonical\" href=\"https:\/\/www.campinglesoleildor.com\/nl\/hebben\/\" \/>\n<meta property=\"og:locale\" content=\"nl_NL\" \/>\n<meta property=\"og:type\" content=\"article\" \/>\n<meta property=\"og:title\" content=\"Bezoek Montalivet, activiteiten om te doen in de omgeving van Vendays-Montalivet\" \/>\n<meta property=\"og:description\" content=\"Ontdek de beste activiteiten rondom Vendays-Montalivet en uw camping Le Soleil d&#039;Or tijdens uw vakantie.\" \/>\n<meta property=\"og:url\" content=\"https:\/\/www.campinglesoleildor.com\/nl\/hebben\/\" \/>\n<meta property=\"og:site_name\" content=\"Camping le soleil d&#039;or\" \/>\n<meta property=\"article:modified_time\" content=\"2024-04-25T10:27:12+00:00\" \/>\n<meta property=\"og:image\" content=\"https:\/\/www.campinglesoleildor.com\/wp-content\/uploads\/2022\/11\/A-VOIR-scaled-e1668778464882.jpg\" \/>\n\t<meta property=\"og:image:width\" content=\"1500\" \/>\n\t<meta property=\"og:image:height\" content=\"760\" \/>\n\t<meta property=\"og:image:type\" content=\"image\/jpeg\" \/>\n<meta name=\"twitter:card\" content=\"summary_large_image\" \/>\n<script type=\"application\/ld+json\" class=\"yoast-schema-graph\">{\"@context\":\"https:\\\/\\\/schema.org\",\"@graph\":[{\"@type\":\"WebPage\",\"@id\":\"https:\\\/\\\/www.campinglesoleildor.com\\\/nl\\\/hebben\\\/\",\"url\":\"https:\\\/\\\/www.campinglesoleildor.com\\\/nl\\\/hebben\\\/\",\"name\":\"Bezoek Montalivet, activiteiten om te doen in de omgeving van Vendays-Montalivet\",\"isPartOf\":{\"@id\":\"https:\\\/\\\/www.campinglesoleildor.com\\\/nl\\\/#website\"},\"primaryImageOfPage\":{\"@id\":\"https:\\\/\\\/www.campinglesoleildor.com\\\/nl\\\/hebben\\\/#primaryimage\"},\"image\":{\"@id\":\"https:\\\/\\\/www.campinglesoleildor.com\\\/nl\\\/hebben\\\/#primaryimage\"},\"thumbnailUrl\":\"https:\\\/\\\/www.campinglesoleildor.com\\\/wp-content\\\/uploads\\\/2022\\\/11\\\/A-VOIR-scaled-e1668778464882.jpg\",\"datePublished\":\"2021-08-24T08:33:49+00:00\",\"dateModified\":\"2024-04-25T10:27:12+00:00\",\"description\":\"Ontdek de beste activiteiten rondom Vendays-Montalivet en uw camping Le Soleil d'Or tijdens uw vakantie.\",\"breadcrumb\":{\"@id\":\"https:\\\/\\\/www.campinglesoleildor.com\\\/nl\\\/hebben\\\/#breadcrumb\"},\"inLanguage\":\"nl-NL\",\"potentialAction\":[{\"@type\":\"ReadAction\",\"target\":[\"https:\\\/\\\/www.campinglesoleildor.com\\\/nl\\\/hebben\\\/\"]}]},{\"@type\":\"ImageObject\",\"inLanguage\":\"nl-NL\",\"@id\":\"https:\\\/\\\/www.campinglesoleildor.com\\\/nl\\\/hebben\\\/#primaryimage\",\"url\":\"https:\\\/\\\/www.campinglesoleildor.com\\\/wp-content\\\/uploads\\\/2022\\\/11\\\/A-VOIR-scaled-e1668778464882.jpg\",\"contentUrl\":\"https:\\\/\\\/www.campinglesoleildor.com\\\/wp-content\\\/uploads\\\/2022\\\/11\\\/A-VOIR-scaled-e1668778464882.jpg\",\"width\":1500,\"height\":760},{\"@type\":\"BreadcrumbList\",\"@id\":\"https:\\\/\\\/www.campinglesoleildor.com\\\/nl\\\/hebben\\\/#breadcrumb\",\"itemListElement\":[{\"@type\":\"ListItem\",\"position\":1,\"name\":\"Camping Montalivet\",\"item\":\"https:\\\/\\\/www.campinglesoleildor.com\\\/nl\\\/\"},{\"@type\":\"ListItem\",\"position\":2,\"name\":\"Wat is er te zien en te doen in Vendays-Montalivet?\"}]},{\"@type\":\"WebSite\",\"@id\":\"https:\\\/\\\/www.campinglesoleildor.com\\\/nl\\\/#website\",\"url\":\"https:\\\/\\\/www.campinglesoleildor.com\\\/nl\\\/\",\"name\":\"Camping le soleil d&#039;or\",\"description\":\"\",\"potentialAction\":[{\"@type\":\"SearchAction\",\"target\":{\"@type\":\"EntryPoint\",\"urlTemplate\":\"https:\\\/\\\/www.campinglesoleildor.com\\\/nl\\\/?s={search_term_string}\"},\"query-input\":{\"@type\":\"PropertyValueSpecification\",\"valueRequired\":true,\"valueName\":\"search_term_string\"}}],\"inLanguage\":\"nl-NL\"}]}<\/script>\n<!-- \/ Yoast SEO plugin. -->","yoast_head_json":{"title":"Bezoek Montalivet, activiteiten om te doen in de omgeving van Vendays-Montalivet","description":"Ontdek de beste activiteiten rondom Vendays-Montalivet en uw camping Le Soleil d'Or tijdens uw vakantie.","robots":{"index":"index","follow":"follow","max-snippet":"max-snippet:-1","max-image-preview":"max-image-preview:large","max-video-preview":"max-video-preview:-1"},"canonical":"https:\/\/www.campinglesoleildor.com\/nl\/hebben\/","og_locale":"nl_NL","og_type":"article","og_title":"Bezoek Montalivet, activiteiten om te doen in de omgeving van Vendays-Montalivet","og_description":"Ontdek de beste activiteiten rondom Vendays-Montalivet en uw camping Le Soleil d'Or tijdens uw vakantie.","og_url":"https:\/\/www.campinglesoleildor.com\/nl\/hebben\/","og_site_name":"Camping le soleil d&#039;or","article_modified_time":"2024-04-25T10:27:12+00:00","og_image":[{"width":1500,"height":760,"url":"https:\/\/www.campinglesoleildor.com\/wp-content\/uploads\/2022\/11\/A-VOIR-scaled-e1668778464882.jpg","type":"image\/jpeg"}],"twitter_card":"summary_large_image","schema":{"@context":"https:\/\/schema.org","@graph":[{"@type":"WebPage","@id":"https:\/\/www.campinglesoleildor.com\/nl\/hebben\/","url":"https:\/\/www.campinglesoleildor.com\/nl\/hebben\/","name":"Bezoek Montalivet, activiteiten om te doen in de omgeving van Vendays-Montalivet","isPartOf":{"@id":"https:\/\/www.campinglesoleildor.com\/nl\/#website"},"primaryImageOfPage":{"@id":"https:\/\/www.campinglesoleildor.com\/nl\/hebben\/#primaryimage"},"image":{"@id":"https:\/\/www.campinglesoleildor.com\/nl\/hebben\/#primaryimage"},"thumbnailUrl":"https:\/\/www.campinglesoleildor.com\/wp-content\/uploads\/2022\/11\/A-VOIR-scaled-e1668778464882.jpg","datePublished":"2021-08-24T08:33:49+00:00","dateModified":"2024-04-25T10:27:12+00:00","description":"Ontdek de beste activiteiten rondom Vendays-Montalivet en uw camping Le Soleil d'Or tijdens uw vakantie.","breadcrumb":{"@id":"https:\/\/www.campinglesoleildor.com\/nl\/hebben\/#breadcrumb"},"inLanguage":"nl-NL","potentialAction":[{"@type":"ReadAction","target":["https:\/\/www.campinglesoleildor.com\/nl\/hebben\/"]}]},{"@type":"ImageObject","inLanguage":"nl-NL","@id":"https:\/\/www.campinglesoleildor.com\/nl\/hebben\/#primaryimage","url":"https:\/\/www.campinglesoleildor.com\/wp-content\/uploads\/2022\/11\/A-VOIR-scaled-e1668778464882.jpg","contentUrl":"https:\/\/www.campinglesoleildor.com\/wp-content\/uploads\/2022\/11\/A-VOIR-scaled-e1668778464882.jpg","width":1500,"height":760},{"@type":"BreadcrumbList","@id":"https:\/\/www.campinglesoleildor.com\/nl\/hebben\/#breadcrumb","itemListElement":[{"@type":"ListItem","position":1,"name":"Camping Montalivet","item":"https:\/\/www.campinglesoleildor.com\/nl\/"},{"@type":"ListItem","position":2,"name":"Wat is er te zien en te doen in Vendays-Montalivet?"}]},{"@type":"WebSite","@id":"https:\/\/www.campinglesoleildor.com\/nl\/#website","url":"https:\/\/www.campinglesoleildor.com\/nl\/","name":"Camping le soleil d&#039;or","description":"","potentialAction":[{"@type":"SearchAction","target":{"@type":"EntryPoint","urlTemplate":"https:\/\/www.campinglesoleildor.com\/nl\/?s={search_term_string}"},"query-input":{"@type":"PropertyValueSpecification","valueRequired":true,"valueName":"search_term_string"}}],"inLanguage":"nl-NL"}]}},"_links":{"self":[{"href":"https:\/\/www.campinglesoleildor.com\/nl\/wp-json\/wp\/v2\/pages\/7597","targetHints":{"allow":["GET"]}}],"collection":[{"href":"https:\/\/www.campinglesoleildor.com\/nl\/wp-json\/wp\/v2\/pages"}],"about":[{"href":"https:\/\/www.campinglesoleildor.com\/nl\/wp-json\/wp\/v2\/types\/page"}],"author":[{"embeddable":true,"href":"https:\/\/www.campinglesoleildor.com\/nl\/wp-json\/wp\/v2\/users\/1"}],"replies":[{"embeddable":true,"href":"https:\/\/www.campinglesoleildor.com\/nl\/wp-json\/wp\/v2\/comments?post=7597"}],"version-history":[{"count":2,"href":"https:\/\/www.campinglesoleildor.com\/nl\/wp-json\/wp\/v2\/pages\/7597\/revisions"}],"predecessor-version":[{"id":7608,"href":"https:\/\/www.campinglesoleildor.com\/nl\/wp-json\/wp\/v2\/pages\/7597\/revisions\/7608"}],"wp:featuredmedia":[{"embeddable":true,"href":"https:\/\/www.campinglesoleildor.com\/nl\/wp-json\/wp\/v2\/media\/7598"}],"wp:attachment":[{"href":"https:\/\/www.campinglesoleildor.com\/nl\/wp-json\/wp\/v2\/media?parent=7597"}],"curies":[{"name":"wp","href":"https:\/\/api.w.org\/{rel}","templated":true}]}}