{"id":7439,"date":"2023-07-11T09:54:45","date_gmt":"2023-07-11T07:54:45","guid":{"rendered":"https:\/\/www.campinglesoleildor.com\/camping-gironde\/camping-gironde-bord-mer\/"},"modified":"2024-04-25T11:34:55","modified_gmt":"2024-04-25T09:34:55","slug":"camping-gironde-aan-zee","status":"publish","type":"page","link":"https:\/\/www.campinglesoleildor.com\/nl\/camping-gironde\/camping-gironde-aan-zee\/","title":{"rendered":"Gironde Bord de Mer"},"content":{"rendered":"<div class=\"bloc-texte full\"><div class=\"texte center\"><p>Droomt u ervan uw volgende vakantie door te brengen in Nouvelle-Aquitaine, een mooie regio in het zuidwesten van Frankrijk? Le Soleil d&#8217;Or, een camping in de Gironde aan zee, opent zijn deuren voor u voor verkwikkende nachten en biedt u de huur aan van een comfortabele stacaravan of een ruime kampeerplaats. Deze <a href=\"\/nl\/\">camping in Vendays-Montalivet<\/a> biedt u een ideaal gezinsverblijf dankzij uitstekende diensten en een ideale ligging, op slechts een steenworp afstand van het strand en de mooiste toeristische trekpleisters in de omgeving (Soulac-sur-Mer, Lacanau, het Bassin d &#8216;Arcachon, Cap-Ferret, Lake Hourtin)!<\/p>\n<\/div><\/div>\n\n<div class=\"text-image-new style1 image-right background-marron\"><div class=\"text-image-new-colonne\"><H2 class=\"text-image-new-titre\">Een stacaravan of een kampeerplaats huren naast het strand in Vendays-Montalivet<\/H2><div class=\"text-image-new-content\"><p>Komt u uw vakantie doorbrengen in Nieuw-Aquitaine en wilt u een van de beste campings in de regio kiezen? Zoek niet verder en ontdek Soleil d\u2019Or, een camping in de Gironde aan zee. Ons sterrendomein heet u als gezin met kinderen of met vrienden van harte welkom voor ontspannende nachten in Zuid-Frankrijk. Voor dit verblijf heeft u de keuze tussen het huren van een stacaravan als u gezellige kamers of zelfs kamers met airconditioning wilt (voor 1 tot 6 personen) en het huren van een staanplaats voor uw tent, camper of caravan als u graag in harmonie bent met de natuur . Bovendien biedt onze camping u geweldige diensten: van het ter beschikking stellen van de dagelijkse uitrusting tot de kinderspeeltuin en de bar waar u kunt genieten van een romantisch drankje! Als u aanvullende informatie nodig heeft over onze accommodatie of activiteiten, neem dan gerust contact met ons op!<\/p>\n<\/div><\/div><div class=\"text-image-new-colonne\"><img decoding=\"async\" src=\"https:\/\/www.campinglesoleildor.com\/wp-content\/uploads\/2022\/07\/mobil-home-morbihan-capucine-Ext-800x534-1.jpg\" alt=\"verhuur stacaravan montalivet\" class=\"text-image-new-thumb\" \/><\/div><\/div>\n\n<div class=\"text-image-new style1 image-left\"><div class=\"text-image-new-colonne\"><H2 class=\"text-image-new-titre\">Reservering van accommodatie op een camping aan zee in Gironde<\/H2><div class=\"text-image-new-content\"><p>Naast een gezellige verhuur van stacaravans of ruime staanplaatsen, profiteert onze camping in de Gironde aan zee van een ideale geografische ligging &#8211; naast het strand. Deze toegang tot het strand biedt u een gezinsmiddag vol zonnebaden op het fijne zand en zwemmen in de Atlantische Oceaan. Eindelijk kunt u de verschillende wateractiviteiten ontdekken die jong en oud zullen vermaken &#8211; van surfen tot paddleboarden! Geen zwembad meer nodig om een \u200b\u200bduik te nemen, alles is binnen handbereik in deze M\u00e9doc-bestemming! Ontdek nu \u00e9\u00e9n van de beste campings in Nouvelle-Aquitaine!<\/p>\n<\/div><\/div><div class=\"text-image-new-colonne\"><img decoding=\"async\" src=\"https:\/\/www.campinglesoleildor.com\/wp-content\/uploads\/2024\/04\/camping-gironde-bord-de-mer.jpg\" alt=\"Camping aan zee in de Gironde\" class=\"text-image-new-thumb\" \/><\/div><\/div>\n\n<div class=\"text-image-new style1 image-right background-marron\"><div class=\"text-image-new-colonne\"><H2 class=\"text-image-new-titre\">Verblijf op een camping aan de oceaan, vlakbij de mooiste toeristische trekpleisters van Nieuw-Aquitaine<\/H2><div class=\"text-image-new-content\"><p>Als onze camping in de Gironde aan zee u zijn accommodatie en het strand van Vendays-Montalivet op slechts een steenworp afstand aanbiedt, zijn er ook veel bezienswaardigheden die u niet mag missen:<\/p>\n<h3>Het bekken van Arcachon<\/h3>\n<p>Het bekken van Arcachon, gelegen in het hart van de Gironde, is een natuurlijk en cultureel wonder dat bezoekers een unieke ervaring biedt. Deze mesotidenlagune strekt zich uit over bijna 150 kilometer\u00b2 en staat bekend om zijn rijke biodiversiteit.<\/p>\n<h3>Kap Ferret<\/h3>\n<p>Deze Franse kaap die een kustbarri\u00e8re vormt, ligt aan de zuidkant van het schiereiland L\u00e8ge-Cap-Ferret in de Gironde. Bij Cap-Ferret ontmoet de Atlantische Oceaan het kalme water van het bekken van Arcachon, waardoor een contrasterend landschap van wilde stranden en rustige baaien ontstaat.<\/p>\n<\/div><\/div><div class=\"text-image-new-colonne\"><img decoding=\"async\" src=\"https:\/\/www.campinglesoleildor.com\/wp-content\/uploads\/2022\/10\/VANNES1.jpg\" alt=\"camping \" class=\"text-image-new-thumb\" \/><\/div><\/div>\n\n<div class=\"text-image-new style1 image-left\"><div class=\"text-image-new-colonne\"><div class=\"text-image-new-content\"><h3>Soulac-sur-Mer<\/h3>\n<p>Soulac-sur-Mer, een essenti\u00eble badplaats in de buurt van Vendays-Montalivet in de M\u00e9doc, wordt omgeven door de Atlantische Oceaan en het bos van Landes. Het staat bekend om zijn uitgestrekte stranden met fijn zand en zijn golven, die zwem- en surfliefhebbers verrukken.<\/p>\n<h3>Lacanau<\/h3>\n<p>Lacanau, een dynamische stad in het zuiden van Frankrijk, staat bekend om zijn fijne zandstranden aan de C\u00f4te d&#8217;Argent. Lac de Lacanau, een uitgestrekt water omringd door dennen- en kurkeikenbossen, biedt een rustige omgeving om te zwemmen, zeilen, kano\u00ebn en vissen.<\/p>\n<\/div><\/div><div class=\"text-image-new-colonne\"><img decoding=\"async\" src=\"https:\/\/www.campinglesoleildor.com\/wp-content\/uploads\/2024\/04\/tourisme-camping-gironde.jpg\" alt=\"Gironde campingtoerisme\" class=\"text-image-new-thumb\" \/><\/div><\/div>\n\n<div class=\"bloc-texte full\"><div class=\"texte center\"><p>Klaar voor een bijzondere vakantie op een van de mooiste campings aan het strand? Ontdek Soleil d\u2019Or, een camping aan zee in de Gironde. In ons sterrenetablissement is geen waterpark met zwembad nodig: de oceaan ligt op een steenworp afstand van de camping! Ons landgoed ligt ook dicht bij andere niet te missen stranden &#8211; Soulac-sur-Mer, Cap-Ferret, Lacanau en de baai van Arcachon. Breng na uw epische reis door Nieuw-Aquitaine verkwikkende nachten door in een stacaravan of door een ruime kampeerplaats voor uw tent te huren!<\/p>\n<\/div><\/div>","protected":false},"excerpt":{"rendered":"","protected":false},"author":1,"featured_media":7441,"parent":7427,"menu_order":0,"comment_status":"closed","ping_status":"closed","template":"","meta":{"_acf_changed":false,"footnotes":""},"class_list":["post-7439","page","type-page","status-publish","has-post-thumbnail","hentry"],"acf":[],"yoast_head":"<!-- This site is optimized with the Yoast SEO plugin v27.3 - https:\/\/yoast.com\/product\/yoast-seo-wordpress\/ -->\n<title>Camping Gironde aan zee met directe toegang tot het strand<\/title>\n<meta name=\"description\" content=\"Ontdek onze camping aan de kust, met directe toegang tot het strand en kom nieuwe energie opdoen op camping Soleil d\u2019Or in Montalivet, Gironde.\" \/>\n<meta name=\"robots\" content=\"index, follow, max-snippet:-1, max-image-preview:large, max-video-preview:-1\" \/>\n<link rel=\"canonical\" href=\"https:\/\/www.campinglesoleildor.com\/nl\/camping-gironde\/camping-gironde-aan-zee\/\" \/>\n<meta property=\"og:locale\" content=\"nl_NL\" \/>\n<meta property=\"og:type\" content=\"article\" \/>\n<meta property=\"og:title\" content=\"Camping Gironde aan zee met directe toegang tot het strand\" \/>\n<meta property=\"og:description\" content=\"Ontdek onze camping aan de kust, met directe toegang tot het strand en kom nieuwe energie opdoen op camping Soleil d\u2019Or in Montalivet, Gironde.\" \/>\n<meta property=\"og:url\" content=\"https:\/\/www.campinglesoleildor.com\/nl\/camping-gironde\/camping-gironde-aan-zee\/\" \/>\n<meta property=\"og:site_name\" content=\"Camping le soleil d&#039;or\" \/>\n<meta property=\"article:modified_time\" content=\"2024-04-25T09:34:55+00:00\" \/>\n<meta property=\"og:image\" content=\"https:\/\/www.campinglesoleildor.com\/wp-content\/uploads\/2023\/02\/phototeque5-W.jpg\" \/>\n\t<meta property=\"og:image:width\" content=\"1275\" \/>\n\t<meta property=\"og:image:height\" content=\"850\" \/>\n\t<meta property=\"og:image:type\" content=\"image\/jpeg\" \/>\n<meta name=\"twitter:card\" content=\"summary_large_image\" \/>\n<script type=\"application\/ld+json\" class=\"yoast-schema-graph\">{\"@context\":\"https:\\\/\\\/schema.org\",\"@graph\":[{\"@type\":\"WebPage\",\"@id\":\"https:\\\/\\\/www.campinglesoleildor.com\\\/nl\\\/camping-gironde\\\/camping-gironde-aan-zee\\\/\",\"url\":\"https:\\\/\\\/www.campinglesoleildor.com\\\/nl\\\/camping-gironde\\\/camping-gironde-aan-zee\\\/\",\"name\":\"Camping Gironde aan zee met directe toegang tot het strand\",\"isPartOf\":{\"@id\":\"https:\\\/\\\/www.campinglesoleildor.com\\\/nl\\\/#website\"},\"primaryImageOfPage\":{\"@id\":\"https:\\\/\\\/www.campinglesoleildor.com\\\/nl\\\/camping-gironde\\\/camping-gironde-aan-zee\\\/#primaryimage\"},\"image\":{\"@id\":\"https:\\\/\\\/www.campinglesoleildor.com\\\/nl\\\/camping-gironde\\\/camping-gironde-aan-zee\\\/#primaryimage\"},\"thumbnailUrl\":\"https:\\\/\\\/www.campinglesoleildor.com\\\/wp-content\\\/uploads\\\/2023\\\/02\\\/phototeque5-W.jpg\",\"datePublished\":\"2023-07-11T07:54:45+00:00\",\"dateModified\":\"2024-04-25T09:34:55+00:00\",\"description\":\"Ontdek onze camping aan de kust, met directe toegang tot het strand en kom nieuwe energie opdoen op camping Soleil d\u2019Or in Montalivet, Gironde.\",\"breadcrumb\":{\"@id\":\"https:\\\/\\\/www.campinglesoleildor.com\\\/nl\\\/camping-gironde\\\/camping-gironde-aan-zee\\\/#breadcrumb\"},\"inLanguage\":\"nl-NL\",\"potentialAction\":[{\"@type\":\"ReadAction\",\"target\":[\"https:\\\/\\\/www.campinglesoleildor.com\\\/nl\\\/camping-gironde\\\/camping-gironde-aan-zee\\\/\"]}]},{\"@type\":\"ImageObject\",\"inLanguage\":\"nl-NL\",\"@id\":\"https:\\\/\\\/www.campinglesoleildor.com\\\/nl\\\/camping-gironde\\\/camping-gironde-aan-zee\\\/#primaryimage\",\"url\":\"https:\\\/\\\/www.campinglesoleildor.com\\\/wp-content\\\/uploads\\\/2023\\\/02\\\/phototeque5-W.jpg\",\"contentUrl\":\"https:\\\/\\\/www.campinglesoleildor.com\\\/wp-content\\\/uploads\\\/2023\\\/02\\\/phototeque5-W.jpg\",\"width\":1275,\"height\":850},{\"@type\":\"BreadcrumbList\",\"@id\":\"https:\\\/\\\/www.campinglesoleildor.com\\\/nl\\\/camping-gironde\\\/camping-gironde-aan-zee\\\/#breadcrumb\",\"itemListElement\":[{\"@type\":\"ListItem\",\"position\":1,\"name\":\"Camping Montalivet\",\"item\":\"https:\\\/\\\/www.campinglesoleildor.com\\\/nl\\\/\"},{\"@type\":\"ListItem\",\"position\":2,\"name\":\"Kamperen in Gironde\",\"item\":\"https:\\\/\\\/www.campinglesoleildor.com\\\/nl\\\/camping-gironde\\\/\"},{\"@type\":\"ListItem\",\"position\":3,\"name\":\"Kamperen aan zee Gironde\"}]},{\"@type\":\"WebSite\",\"@id\":\"https:\\\/\\\/www.campinglesoleildor.com\\\/nl\\\/#website\",\"url\":\"https:\\\/\\\/www.campinglesoleildor.com\\\/nl\\\/\",\"name\":\"Camping le soleil d&#039;or\",\"description\":\"\",\"potentialAction\":[{\"@type\":\"SearchAction\",\"target\":{\"@type\":\"EntryPoint\",\"urlTemplate\":\"https:\\\/\\\/www.campinglesoleildor.com\\\/nl\\\/?s={search_term_string}\"},\"query-input\":{\"@type\":\"PropertyValueSpecification\",\"valueRequired\":true,\"valueName\":\"search_term_string\"}}],\"inLanguage\":\"nl-NL\"}]}<\/script>\n<!-- \/ Yoast SEO plugin. -->","yoast_head_json":{"title":"Camping Gironde aan zee met directe toegang tot het strand","description":"Ontdek onze camping aan de kust, met directe toegang tot het strand en kom nieuwe energie opdoen op camping Soleil d\u2019Or in Montalivet, Gironde.","robots":{"index":"index","follow":"follow","max-snippet":"max-snippet:-1","max-image-preview":"max-image-preview:large","max-video-preview":"max-video-preview:-1"},"canonical":"https:\/\/www.campinglesoleildor.com\/nl\/camping-gironde\/camping-gironde-aan-zee\/","og_locale":"nl_NL","og_type":"article","og_title":"Camping Gironde aan zee met directe toegang tot het strand","og_description":"Ontdek onze camping aan de kust, met directe toegang tot het strand en kom nieuwe energie opdoen op camping Soleil d\u2019Or in Montalivet, Gironde.","og_url":"https:\/\/www.campinglesoleildor.com\/nl\/camping-gironde\/camping-gironde-aan-zee\/","og_site_name":"Camping le soleil d&#039;or","article_modified_time":"2024-04-25T09:34:55+00:00","og_image":[{"width":1275,"height":850,"url":"https:\/\/www.campinglesoleildor.com\/wp-content\/uploads\/2023\/02\/phototeque5-W.jpg","type":"image\/jpeg"}],"twitter_card":"summary_large_image","schema":{"@context":"https:\/\/schema.org","@graph":[{"@type":"WebPage","@id":"https:\/\/www.campinglesoleildor.com\/nl\/camping-gironde\/camping-gironde-aan-zee\/","url":"https:\/\/www.campinglesoleildor.com\/nl\/camping-gironde\/camping-gironde-aan-zee\/","name":"Camping Gironde aan zee met directe toegang tot het strand","isPartOf":{"@id":"https:\/\/www.campinglesoleildor.com\/nl\/#website"},"primaryImageOfPage":{"@id":"https:\/\/www.campinglesoleildor.com\/nl\/camping-gironde\/camping-gironde-aan-zee\/#primaryimage"},"image":{"@id":"https:\/\/www.campinglesoleildor.com\/nl\/camping-gironde\/camping-gironde-aan-zee\/#primaryimage"},"thumbnailUrl":"https:\/\/www.campinglesoleildor.com\/wp-content\/uploads\/2023\/02\/phototeque5-W.jpg","datePublished":"2023-07-11T07:54:45+00:00","dateModified":"2024-04-25T09:34:55+00:00","description":"Ontdek onze camping aan de kust, met directe toegang tot het strand en kom nieuwe energie opdoen op camping Soleil d\u2019Or in Montalivet, Gironde.","breadcrumb":{"@id":"https:\/\/www.campinglesoleildor.com\/nl\/camping-gironde\/camping-gironde-aan-zee\/#breadcrumb"},"inLanguage":"nl-NL","potentialAction":[{"@type":"ReadAction","target":["https:\/\/www.campinglesoleildor.com\/nl\/camping-gironde\/camping-gironde-aan-zee\/"]}]},{"@type":"ImageObject","inLanguage":"nl-NL","@id":"https:\/\/www.campinglesoleildor.com\/nl\/camping-gironde\/camping-gironde-aan-zee\/#primaryimage","url":"https:\/\/www.campinglesoleildor.com\/wp-content\/uploads\/2023\/02\/phototeque5-W.jpg","contentUrl":"https:\/\/www.campinglesoleildor.com\/wp-content\/uploads\/2023\/02\/phototeque5-W.jpg","width":1275,"height":850},{"@type":"BreadcrumbList","@id":"https:\/\/www.campinglesoleildor.com\/nl\/camping-gironde\/camping-gironde-aan-zee\/#breadcrumb","itemListElement":[{"@type":"ListItem","position":1,"name":"Camping Montalivet","item":"https:\/\/www.campinglesoleildor.com\/nl\/"},{"@type":"ListItem","position":2,"name":"Kamperen in Gironde","item":"https:\/\/www.campinglesoleildor.com\/nl\/camping-gironde\/"},{"@type":"ListItem","position":3,"name":"Kamperen aan zee Gironde"}]},{"@type":"WebSite","@id":"https:\/\/www.campinglesoleildor.com\/nl\/#website","url":"https:\/\/www.campinglesoleildor.com\/nl\/","name":"Camping le soleil d&#039;or","description":"","potentialAction":[{"@type":"SearchAction","target":{"@type":"EntryPoint","urlTemplate":"https:\/\/www.campinglesoleildor.com\/nl\/?s={search_term_string}"},"query-input":{"@type":"PropertyValueSpecification","valueRequired":true,"valueName":"search_term_string"}}],"inLanguage":"nl-NL"}]}},"_links":{"self":[{"href":"https:\/\/www.campinglesoleildor.com\/nl\/wp-json\/wp\/v2\/pages\/7439","targetHints":{"allow":["GET"]}}],"collection":[{"href":"https:\/\/www.campinglesoleildor.com\/nl\/wp-json\/wp\/v2\/pages"}],"about":[{"href":"https:\/\/www.campinglesoleildor.com\/nl\/wp-json\/wp\/v2\/types\/page"}],"author":[{"embeddable":true,"href":"https:\/\/www.campinglesoleildor.com\/nl\/wp-json\/wp\/v2\/users\/1"}],"replies":[{"embeddable":true,"href":"https:\/\/www.campinglesoleildor.com\/nl\/wp-json\/wp\/v2\/comments?post=7439"}],"version-history":[{"count":2,"href":"https:\/\/www.campinglesoleildor.com\/nl\/wp-json\/wp\/v2\/pages\/7439\/revisions"}],"predecessor-version":[{"id":7454,"href":"https:\/\/www.campinglesoleildor.com\/nl\/wp-json\/wp\/v2\/pages\/7439\/revisions\/7454"}],"up":[{"embeddable":true,"href":"https:\/\/www.campinglesoleildor.com\/nl\/wp-json\/wp\/v2\/pages\/7427"}],"wp:featuredmedia":[{"embeddable":true,"href":"https:\/\/www.campinglesoleildor.com\/nl\/wp-json\/wp\/v2\/media\/7441"}],"wp:attachment":[{"href":"https:\/\/www.campinglesoleildor.com\/nl\/wp-json\/wp\/v2\/media?parent=7439"}],"curies":[{"name":"wp","href":"https:\/\/api.w.org\/{rel}","templated":true}]}}