{"id":7986,"date":"2021-08-24T10:33:49","date_gmt":"2021-08-24T08:33:49","guid":{"rendered":"https:\/\/www.campinglesoleildor.com\/a-voir\/"},"modified":"2024-04-25T17:08:53","modified_gmt":"2024-04-25T15:08:53","slug":"avere","status":"publish","type":"page","link":"https:\/\/www.campinglesoleildor.com\/it\/avere\/","title":{"rendered":"A voir"},"content":{"rendered":"<div class=\"text-image-new style1 image-left\"><div class=\"text-image-new-colonne\"><H2 class=\"text-image-new-titre\">Sport, tempo libero e scoperte<\/H2><div class=\"text-image-new-content\"><p>Sei in vacanza al campeggio Le Soleil d&#8217;Or? Scopri Montalivet e i suoi dintorni:<\/p>\n<ul>\n<li><strong>Arrampicata sugli alberi<\/strong><br \/>\nNel cuore della foresta e a 2 minuti dall&#8217;oceano, il Parc De l&#8217;Aventure vi offrir\u00e0 numerose attivit\u00e0 all&#8217;aria aperta per tutte le et\u00e0: arrampicata sugli alberi, caccia al tesoro, percorso puzzle, noleggio biciclette, minigolf\u2026).<\/li>\n<li><strong>Capo 33<\/strong><br \/>\nA 100 metri dal campeggio, Cap 33, in collaborazione con il dipartimento della Gironda, vi proporr\u00e0 da aprile e per tutta l&#8217;estate numerose attivit\u00e0 sportive e di scoperta artistica gratuite per grandi e piccini.<\/li>\n<li><strong>Yachting<\/strong><br \/>\nDi fronte al campeggio, potrete praticare il sand yachting sulle lunghe spiagge di Montalivet e provare emozioni anche per i principianti. Il club CAP Montalivet offre sessioni introduttive di sand yachting.<\/li>\n<\/ul>\n<\/div><p class=\"lire-plus\">Per saperne di pi\u00f9<\/p><div class=\"text-image-new-content-more hide\"><ul>\n<li><strong>Equitazione<\/strong><br \/>\nTre centri di equitazione offrono diverse attivit\u00e0 ed escursioni. Il Centro equestre Catherine Sireix, il Centro equestre Clavi\u00e8res o il Centro equestre P\u00e9rigueys.<\/li>\n<li><strong>Skate park<\/strong><br \/>\nAccanto al campeggio grandi e piccini si divertiranno a scivolare sulla ciotola dello Skate Park.<\/li>\n<li><strong>Surf<\/strong><br \/>\nVendays-Montalivet offre diversi spot e scuole di surf per principianti ed esperti.<\/li>\n<\/ul>\n<\/div><p class=\"lire-moins hide\">Leggi di meno<\/p><\/div><div class=\"text-image-new-colonne\"><img decoding=\"async\" src=\"https:\/\/www.campinglesoleildor.com\/wp-content\/uploads\/2024\/04\/char-a-voile-montalivet.jpg\" alt=\"attivit\u00e0 montalivet\" class=\"text-image-new-thumb\" \/><\/div><\/div>\n\n<div class=\"text-image-new style1 image-right background-marron\"><div class=\"text-image-new-colonne\"><H2 class=\"text-image-new-titre\">Il tuo campeggio nel cuore del M\u00e9doc<\/H2><div class=\"text-image-new-content\"><p>La penisola del M\u00e9doc \u00e8 una sintesi di tutti i settori turistici che si possono trovare in Gironda: il litorale, l&#8217;estuario, i laghi, la foresta, il vino, il patrimonio e la gastronomia sono tutte risorse che la natura mette in campo per attirarvi, trattenervi e incoraggiarvi a ritornare in questa regione unendo tradizione e modernit\u00e0. Durante il tuo soggiorno potrai esplorare gli ampi spazi aperti e l&#8217;immensa diversit\u00e0 del paesaggio. Qui la natura \u00e8 ancora molto preservata.<\/p>\n<p>Gli amanti delle belle pietre scopriranno gli edifici romanici che la storia ci ha lasciato. Durante le vostre passeggiate nel M\u00e9doc, potrete scoprire diversi monumenti o visitare diversi musei come il museo archeologico di Soulac-sur-Mer. Potete immaginare come il M\u00e9doc organizzasse la sua difesa con la fortezza di Blanquefort, la Torre d&#8217;Onore a Lesparre o il Forte-M\u00e9doc a Cussac (dichiarato patrimonio mondiale dell&#8217;UNESCO) che costituiva, con la cittadella di Blaye e il Forte Pat\u00e9, il Chiusa di Vauban, che proteggeva Bordeaux da un possibile attacco proveniente dall&#8217;estuario.<\/p>\n<p>Soulac-sur-Mer, il nostro antico villaggio, come Lacanau, raggiunse il suo apice con la moda dei bagni di mare e divenne una stazione balneare nel 1849. Potrete visitare il suo affascinante villaggio neocoloniale e la storia della sua Basilica Nostra Signora della Fine della Terra.<\/p>\n<\/div><\/div><div class=\"text-image-new-colonne\"><img decoding=\"async\" src=\"https:\/\/www.campinglesoleildor.com\/wp-content\/uploads\/2024\/04\/camping-medoc.jpg\" alt=\"medico da campeggio\" class=\"text-image-new-thumb\" \/><\/div><\/div>\n\n<div class=\"text-image-new style1 image-left\"><div class=\"text-image-new-colonne\"><H2 class=\"text-image-new-titre\">I mercati intorno al campeggio Le Soleil d\u2019Or<\/H2><div class=\"text-image-new-content\"><ul>\n<li><strong>Montalivet<\/strong><\/li>\n<\/ul>\n<p>Ti divertirai a passeggiare tutti i giorni dalle 9:00 alle 14:00 in questo tipico mercato del M\u00e9doc con numerosi stand gastronomici e non. L\u00ec potrai assaggiare le ostriche e goderti un bicchiere di vino bianco&#8230;<\/p>\n<ul>\n<li><strong>Vendays<\/strong><\/li>\n<\/ul>\n<p>Domenica mattina sul sagrato della Chiesa<\/p>\n<ul>\n<li><strong>Lesparre-Medoc<\/strong><\/li>\n<\/ul>\n<p>Marted\u00ec mattina (place du Mar\u00e9chal Foch)<br \/>\nSabato mattina (Luogo Gambetta)<br \/>\nFiera il 1\u00b0 venerd\u00ec del mese<\/p>\n<ul>\n<li><strong>Saint-Vivien-de-Medoc<\/strong><\/li>\n<\/ul>\n<p>mercoled\u00ec mattina<\/p>\n<\/div><p class=\"lire-plus\">Per saperne di pi\u00f9<\/p><div class=\"text-image-new-content-more hide\"><ul>\n<li><strong>Soulac-sur-Mer<\/strong><\/li>\n<\/ul>\n<p>Ogni mattina e fine giornata nei mesi di luglio e agosto<\/p>\n<ul>\n<li><strong>Hourtin<\/strong><\/li>\n<\/ul>\n<p>Localit\u00e0 Hourtin: nei mesi di luglio e agosto marted\u00ec, gioved\u00ec e sabato mattina, il resto dell&#8217;anno gioved\u00ec mattina<br \/>\nPorto di Hourtin: mercato artigianale il venerd\u00ec sera<br \/>\nSpiaggia di Hourtin: mercato artigianale il luned\u00ec sera<\/p>\n<ul>\n<li><strong>Lacanau<\/strong><\/li>\n<\/ul>\n<p>Citt\u00e0 di Lacanau: da giugno a settembre, sabato mattina, piazza della chiesa<br \/>\nCitt\u00e0 di Lacanau: mercato notturno nella stagione estiva, ogni gioved\u00ec sera<br \/>\nOceano di Lacanau: mercoled\u00ec mattina tutti i giorni in stagione, Place du Champ de Foire e All\u00e9es Ortal<\/p>\n<ul>\n<li><strong>Le Verdon sur Mer<\/strong><\/li>\n<\/ul>\n<p>Tutti i giorni della stagione, Pointe de Grave<\/p>\n<\/div><p class=\"lire-moins hide\">Leggi di meno<\/p><\/div><div class=\"text-image-new-colonne\"><img decoding=\"async\" src=\"https:\/\/www.campinglesoleildor.com\/wp-content\/uploads\/2024\/04\/marche-montalivet.jpg\" alt=\"mercato montalivet\" class=\"text-image-new-thumb\" \/><\/div><\/div>\n\n<div class=\"liste-de-page-home\"><h2 class=\"liste-de-page-home-titre\">Cosa visitare e fare nei dintorni del campeggio Le Soleil d\u2019Or?<\/h2><ul class=\"liste-de-page-articles\"><li><a href=\"https:\/\/www.campinglesoleildor.com\/it\/notizia\/arrampicata-montalivet\/\"><div class=\"cta-img\"><img decoding=\"async\" src=\"https:\/\/www.campinglesoleildor.com\/wp-content\/uploads\/2022\/11\/ACTIVITES-scaled-e1668787393248.jpg\" alt=\"\"><\/div><div class=\"cta-titre\">Arrampicata sugli alberi a Montalivet per un soggiorno ricco di avventure<\/div><\/a><\/li><li><a href=\"https:\/\/www.campinglesoleildor.com\/it\/notizia\/cosa-fare-montalivet\/\"><div class=\"cta-img\"><img decoding=\"async\" src=\"https:\/\/www.campinglesoleildor.com\/wp-content\/uploads\/2022\/11\/SERVICES-1-scaled-e1669116746176.jpg\" alt=\"\"><\/div><div class=\"cta-titre\">Cosa fare a Montalivet? Le 3 migliori attivit\u00e0 da fare in questa localit\u00e0 balneare della Gironda<\/div><\/a><\/li><li><a href=\"https:\/\/www.campinglesoleildor.com\/it\/notizia\/mercato-montalivet\/\"><div class=\"cta-img\"><img decoding=\"async\" src=\"https:\/\/www.campinglesoleildor.com\/wp-content\/uploads\/2023\/07\/marche-montalivet.jpeg\" alt=\"\"><\/div><div class=\"cta-titre\">Il mercato di Montalivet: il fiore all&#8217;occhiello delle tue vacanze in campeggio nella Gironda<\/div><\/a><\/li><li><a href=\"https:\/\/www.campinglesoleildor.com\/it\/notizia\/surf-montalivet\/\"><div class=\"cta-img\"><img decoding=\"async\" src=\"https:\/\/www.campinglesoleildor.com\/wp-content\/uploads\/2021\/09\/surfer_en_vendee.jpeg\" alt=\"\"><\/div><div class=\"cta-titre\">Surf a Montalivet: trova l&#8217;attrezzatura necessaria e lo spot ideale per il surf in Gironda<\/div><\/a><\/li><\/ul><\/div>","protected":false},"excerpt":{"rendered":"","protected":false},"author":1,"featured_media":7988,"parent":0,"menu_order":0,"comment_status":"closed","ping_status":"closed","template":"","meta":{"_acf_changed":false,"footnotes":""},"class_list":["post-7986","page","type-page","status-publish","has-post-thumbnail","hentry"],"acf":[],"yoast_head":"<!-- This site is optimized with the Yoast SEO plugin v27.5 - https:\/\/yoast.com\/product\/yoast-seo-wordpress\/ -->\n<title>Visita Montalivet, attivit\u00e0 da fare nei dintorni di Vendays-Montalivet<\/title>\n<meta name=\"description\" content=\"Scopri le migliori attivit\u00e0 da praticare nei dintorni di Vendays-Montalivet e nel tuo campeggio Le Soleil d&#039;Or durante le tue vacanze.\" \/>\n<meta name=\"robots\" content=\"index, follow, max-snippet:-1, max-image-preview:large, max-video-preview:-1\" \/>\n<link rel=\"canonical\" href=\"https:\/\/www.campinglesoleildor.com\/it\/avere\/\" \/>\n<meta property=\"og:locale\" content=\"it_IT\" \/>\n<meta property=\"og:type\" content=\"article\" \/>\n<meta property=\"og:title\" content=\"Visita Montalivet, attivit\u00e0 da fare nei dintorni di Vendays-Montalivet\" \/>\n<meta property=\"og:description\" content=\"Scopri le migliori attivit\u00e0 da praticare nei dintorni di Vendays-Montalivet e nel tuo campeggio Le Soleil d&#039;Or durante le tue vacanze.\" \/>\n<meta property=\"og:url\" content=\"https:\/\/www.campinglesoleildor.com\/it\/avere\/\" \/>\n<meta property=\"og:site_name\" content=\"Camping le soleil d&#039;or\" \/>\n<meta property=\"article:modified_time\" content=\"2024-04-25T15:08:53+00:00\" \/>\n<meta property=\"og:image\" content=\"https:\/\/www.campinglesoleildor.com\/wp-content\/uploads\/2022\/11\/A-VOIR-scaled-e1668778464882.jpg\" \/>\n\t<meta property=\"og:image:width\" content=\"1500\" \/>\n\t<meta property=\"og:image:height\" content=\"760\" \/>\n\t<meta property=\"og:image:type\" content=\"image\/jpeg\" \/>\n<meta name=\"twitter:card\" content=\"summary_large_image\" \/>\n<script type=\"application\/ld+json\" class=\"yoast-schema-graph\">{\"@context\":\"https:\\\/\\\/schema.org\",\"@graph\":[{\"@type\":\"WebPage\",\"@id\":\"https:\\\/\\\/www.campinglesoleildor.com\\\/it\\\/avere\\\/\",\"url\":\"https:\\\/\\\/www.campinglesoleildor.com\\\/it\\\/avere\\\/\",\"name\":\"Visita Montalivet, attivit\u00e0 da fare nei dintorni di Vendays-Montalivet\",\"isPartOf\":{\"@id\":\"https:\\\/\\\/www.campinglesoleildor.com\\\/it\\\/#website\"},\"primaryImageOfPage\":{\"@id\":\"https:\\\/\\\/www.campinglesoleildor.com\\\/it\\\/avere\\\/#primaryimage\"},\"image\":{\"@id\":\"https:\\\/\\\/www.campinglesoleildor.com\\\/it\\\/avere\\\/#primaryimage\"},\"thumbnailUrl\":\"https:\\\/\\\/www.campinglesoleildor.com\\\/wp-content\\\/uploads\\\/2022\\\/11\\\/A-VOIR-scaled-e1668778464882.jpg\",\"datePublished\":\"2021-08-24T08:33:49+00:00\",\"dateModified\":\"2024-04-25T15:08:53+00:00\",\"description\":\"Scopri le migliori attivit\u00e0 da praticare nei dintorni di Vendays-Montalivet e nel tuo campeggio Le Soleil d'Or durante le tue vacanze.\",\"breadcrumb\":{\"@id\":\"https:\\\/\\\/www.campinglesoleildor.com\\\/it\\\/avere\\\/#breadcrumb\"},\"inLanguage\":\"it-IT\",\"potentialAction\":[{\"@type\":\"ReadAction\",\"target\":[\"https:\\\/\\\/www.campinglesoleildor.com\\\/it\\\/avere\\\/\"]}]},{\"@type\":\"ImageObject\",\"inLanguage\":\"it-IT\",\"@id\":\"https:\\\/\\\/www.campinglesoleildor.com\\\/it\\\/avere\\\/#primaryimage\",\"url\":\"https:\\\/\\\/www.campinglesoleildor.com\\\/wp-content\\\/uploads\\\/2022\\\/11\\\/A-VOIR-scaled-e1668778464882.jpg\",\"contentUrl\":\"https:\\\/\\\/www.campinglesoleildor.com\\\/wp-content\\\/uploads\\\/2022\\\/11\\\/A-VOIR-scaled-e1668778464882.jpg\",\"width\":1500,\"height\":760},{\"@type\":\"BreadcrumbList\",\"@id\":\"https:\\\/\\\/www.campinglesoleildor.com\\\/it\\\/avere\\\/#breadcrumb\",\"itemListElement\":[{\"@type\":\"ListItem\",\"position\":1,\"name\":\"Camping Montalivet\",\"item\":\"https:\\\/\\\/www.campinglesoleildor.com\\\/it\\\/\"},{\"@type\":\"ListItem\",\"position\":2,\"name\":\"Cosa vedere e fare a Vendays-Montalivet?\"}]},{\"@type\":\"WebSite\",\"@id\":\"https:\\\/\\\/www.campinglesoleildor.com\\\/it\\\/#website\",\"url\":\"https:\\\/\\\/www.campinglesoleildor.com\\\/it\\\/\",\"name\":\"Camping le soleil d&#039;or\",\"description\":\"\",\"potentialAction\":[{\"@type\":\"SearchAction\",\"target\":{\"@type\":\"EntryPoint\",\"urlTemplate\":\"https:\\\/\\\/www.campinglesoleildor.com\\\/it\\\/?s={search_term_string}\"},\"query-input\":{\"@type\":\"PropertyValueSpecification\",\"valueRequired\":true,\"valueName\":\"search_term_string\"}}],\"inLanguage\":\"it-IT\"}]}<\/script>\n<!-- \/ Yoast SEO plugin. -->","yoast_head_json":{"title":"Visita Montalivet, attivit\u00e0 da fare nei dintorni di Vendays-Montalivet","description":"Scopri le migliori attivit\u00e0 da praticare nei dintorni di Vendays-Montalivet e nel tuo campeggio Le Soleil d'Or durante le tue vacanze.","robots":{"index":"index","follow":"follow","max-snippet":"max-snippet:-1","max-image-preview":"max-image-preview:large","max-video-preview":"max-video-preview:-1"},"canonical":"https:\/\/www.campinglesoleildor.com\/it\/avere\/","og_locale":"it_IT","og_type":"article","og_title":"Visita Montalivet, attivit\u00e0 da fare nei dintorni di Vendays-Montalivet","og_description":"Scopri le migliori attivit\u00e0 da praticare nei dintorni di Vendays-Montalivet e nel tuo campeggio Le Soleil d'Or durante le tue vacanze.","og_url":"https:\/\/www.campinglesoleildor.com\/it\/avere\/","og_site_name":"Camping le soleil d&#039;or","article_modified_time":"2024-04-25T15:08:53+00:00","og_image":[{"width":1500,"height":760,"url":"https:\/\/www.campinglesoleildor.com\/wp-content\/uploads\/2022\/11\/A-VOIR-scaled-e1668778464882.jpg","type":"image\/jpeg"}],"twitter_card":"summary_large_image","schema":{"@context":"https:\/\/schema.org","@graph":[{"@type":"WebPage","@id":"https:\/\/www.campinglesoleildor.com\/it\/avere\/","url":"https:\/\/www.campinglesoleildor.com\/it\/avere\/","name":"Visita Montalivet, attivit\u00e0 da fare nei dintorni di Vendays-Montalivet","isPartOf":{"@id":"https:\/\/www.campinglesoleildor.com\/it\/#website"},"primaryImageOfPage":{"@id":"https:\/\/www.campinglesoleildor.com\/it\/avere\/#primaryimage"},"image":{"@id":"https:\/\/www.campinglesoleildor.com\/it\/avere\/#primaryimage"},"thumbnailUrl":"https:\/\/www.campinglesoleildor.com\/wp-content\/uploads\/2022\/11\/A-VOIR-scaled-e1668778464882.jpg","datePublished":"2021-08-24T08:33:49+00:00","dateModified":"2024-04-25T15:08:53+00:00","description":"Scopri le migliori attivit\u00e0 da praticare nei dintorni di Vendays-Montalivet e nel tuo campeggio Le Soleil d'Or durante le tue vacanze.","breadcrumb":{"@id":"https:\/\/www.campinglesoleildor.com\/it\/avere\/#breadcrumb"},"inLanguage":"it-IT","potentialAction":[{"@type":"ReadAction","target":["https:\/\/www.campinglesoleildor.com\/it\/avere\/"]}]},{"@type":"ImageObject","inLanguage":"it-IT","@id":"https:\/\/www.campinglesoleildor.com\/it\/avere\/#primaryimage","url":"https:\/\/www.campinglesoleildor.com\/wp-content\/uploads\/2022\/11\/A-VOIR-scaled-e1668778464882.jpg","contentUrl":"https:\/\/www.campinglesoleildor.com\/wp-content\/uploads\/2022\/11\/A-VOIR-scaled-e1668778464882.jpg","width":1500,"height":760},{"@type":"BreadcrumbList","@id":"https:\/\/www.campinglesoleildor.com\/it\/avere\/#breadcrumb","itemListElement":[{"@type":"ListItem","position":1,"name":"Camping Montalivet","item":"https:\/\/www.campinglesoleildor.com\/it\/"},{"@type":"ListItem","position":2,"name":"Cosa vedere e fare a Vendays-Montalivet?"}]},{"@type":"WebSite","@id":"https:\/\/www.campinglesoleildor.com\/it\/#website","url":"https:\/\/www.campinglesoleildor.com\/it\/","name":"Camping le soleil d&#039;or","description":"","potentialAction":[{"@type":"SearchAction","target":{"@type":"EntryPoint","urlTemplate":"https:\/\/www.campinglesoleildor.com\/it\/?s={search_term_string}"},"query-input":{"@type":"PropertyValueSpecification","valueRequired":true,"valueName":"search_term_string"}}],"inLanguage":"it-IT"}]}},"_links":{"self":[{"href":"https:\/\/www.campinglesoleildor.com\/it\/wp-json\/wp\/v2\/pages\/7986","targetHints":{"allow":["GET"]}}],"collection":[{"href":"https:\/\/www.campinglesoleildor.com\/it\/wp-json\/wp\/v2\/pages"}],"about":[{"href":"https:\/\/www.campinglesoleildor.com\/it\/wp-json\/wp\/v2\/types\/page"}],"author":[{"embeddable":true,"href":"https:\/\/www.campinglesoleildor.com\/it\/wp-json\/wp\/v2\/users\/1"}],"replies":[{"embeddable":true,"href":"https:\/\/www.campinglesoleildor.com\/it\/wp-json\/wp\/v2\/comments?post=7986"}],"version-history":[{"count":2,"href":"https:\/\/www.campinglesoleildor.com\/it\/wp-json\/wp\/v2\/pages\/7986\/revisions"}],"predecessor-version":[{"id":8015,"href":"https:\/\/www.campinglesoleildor.com\/it\/wp-json\/wp\/v2\/pages\/7986\/revisions\/8015"}],"wp:featuredmedia":[{"embeddable":true,"href":"https:\/\/www.campinglesoleildor.com\/it\/wp-json\/wp\/v2\/media\/7988"}],"wp:attachment":[{"href":"https:\/\/www.campinglesoleildor.com\/it\/wp-json\/wp\/v2\/media?parent=7986"}],"curies":[{"name":"wp","href":"https:\/\/api.w.org\/{rel}","templated":true}]}}