{"id":7980,"date":"2024-03-18T09:14:27","date_gmt":"2024-03-18T08:14:27","guid":{"rendered":"https:\/\/www.campinglesoleildor.com\/achat-mobil-home-gironde\/"},"modified":"2025-06-03T14:30:17","modified_gmt":"2025-06-03T12:30:17","slug":"acquisto-casa-mobile-gironde","status":"publish","type":"page","link":"https:\/\/www.campinglesoleildor.com\/it\/acquisto-casa-mobile-gironde\/","title":{"rendered":"DEVENIR PROPRI\u00c9TAIRE"},"content":{"rendered":"<div class=\"bloc-texte full\"><div class=\"texte center\"><p style=\"text-align: center;\"><span style=\"color: #ff6600;\"><strong>Il campeggio Le Soleil d&#8217;Or \u00e8 aperto da febbraio a novembre per i residenti.<\/strong><\/span><\/p>\n<p>Il Camping le Soleil d&#8217;Or, situato in posizione ideale a Vendays-Montalivet in Gironda, vi accoglie calorosamente dal 01\/02 al 30\/11\/2024.<\/p>\n<p>Hai mai sognato di scappare per un periodo pi\u00f9 lungo sulla costa girondina? Immagina di avere un&#8217;oasi di pace a pochi passi dall&#8217;Oceano Atlantico. Il nostro <a href=\"\/it\/\">campeggio a Montalivet<\/a>, situato direttamente sul mare con accesso alla spiaggia, ti offre questa possibilit\u00e0 unica, invitandoti a goderti appieno l&#8217;immensit\u00e0 del mare.<\/p>\n<p>Pi\u00f9 conviviale di una classica casa vacanza, essere proprietario del Camping le Soleil d&#8217;Or ti permetter\u00e0 di vivere un&#8217;esperienza autentica, con il mare come orizzonte. Scopri la Gironda sotto una luce diversa e lasciati sedurre dalla bellezza delle sue spiagge a perdita d&#8217;occhio.<\/p>\n<p>Unisciti a noi al Camping le Soleil d&#8217;Or per una bellissima fuga nella Gironda, dove il sole incontra l&#8217;oceano.<\/p>\n<\/div><\/div>\n\n<div class=\"frame\"><div class=\"texte center\">\r\n\t<div class=\"cards\">\r\n\t\t<div class=\"card\">\r\n\t\t\t<img decoding=\"async\" src=\"\/wp-content\/uploads\/2024\/03\/ouverture.png\" alt=\"ouverture camping propri\u00e9taires\">\r\n\t\t\t<p>Apertura per i proprietari:<br\/>Dal 01\/02 al 30\/11<\/p>\r\n\t\t<\/div>\r\n\t\t<div class=\"card\" style=\"display: none;\">\r\n\t\t\t<img decoding=\"async\" src=\"\/wp-content\/uploads\/2024\/03\/mobil-home.png\" alt=\"achat mobil home occasion\">\r\n\t\t\t<p>La tua casa mobile<br\/>da 48.000 \u20ac<br\/><i>(1\u00b0 nuovo prezzo)<\/i><\/p>\r\n\t\t<\/div>\r\n\t\t<div class=\"card\">\r\n\t\t\t<img decoding=\"async\" src=\"\/wp-content\/uploads\/2024\/03\/emplacement.png\" alt=\"location emplacement mobil home\">\r\n\t\t\t<p>Affitto annuale della piazzola<br\/>3.960\u20ac IVA incl<\/p>\r\n\t\t<\/div>\r\n\t<\/div>\r\n<\/div><\/div>\n\n<div class=\"text-image-new style1 image-right background-marron\"><div class=\"text-image-new-colonne\"><H2 class=\"text-image-new-titre\">Perch\u00e9 scegliere di soggiornare al Camping Soleil d\u2019Or in Gironda?<\/H2><div class=\"text-image-new-content\"><p>Soggiornare nel nostro campeggio in Gironda presenta numerosi vantaggi unici:<\/p>\n<ul>\n<li>Posizione privilegiata in riva al mare: Situato direttamente dietro una duna naturale, il campeggio in riva al mare offre un accesso immediato alla spiaggia, senza la necessit\u00e0 di attraversare una strada. Godetevi la sabbia fine e le onde dell&#8217;Atlantico a pochi passi dalla vostra casa mobile.<\/li>\n<li>Un&#8217;oasi di pace tra mare e natura: Il campeggio beneficia di un ambiente eccezionale, dove la tranquillit\u00e0 della spiaggia si fonde con la serenit\u00e0 della natura circostante. \u00c8 il luogo perfetto per rilassarsi, lontano dal rumore e dal trambusto.<\/li>\n<li>Atmosfera familiare, sicurezza e tranquillit\u00e0: Il campeggio \u00e8 pensato per offrire un&#8217;esperienza sicura e tranquilla, ideale sia per le famiglie che per le persone in cerca di serenit\u00e0. La diretta vicinanza alla natura e al mare contribuisce a creare un&#8217;atmosfera di assoluto relax.<\/li>\n<li>Libert\u00e0 e flessibilit\u00e0: godetevi la vostra casa mobile come una bella fuga al mare, sia per vacanze prolungate che per fine settimana rilassanti. Oltre ai vostri soggiorni, avete anche la possibilit\u00e0 di affittarlo, il che pu\u00f2 generare entrate aggiuntive.<\/li>\n<\/ul>\n<\/div><\/div><div class=\"text-image-new-colonne\"><img decoding=\"async\" src=\"https:\/\/www.campinglesoleildor.com\/wp-content\/uploads\/2024\/04\/camping-gironde-bord-de-mer.jpg\" alt=\"Campeggio sul mare della Gironda\" class=\"text-image-new-thumb\" \/><\/div><\/div>\n\n<div class=\"section-contact pt-5 pb-5\"><div class=\"contact-left\"><div class=\"formulaire-de-contact\"><p class=\"h3\">Contattaci!<\/p>\n<div class=\"wpcf7 no-js\" id=\"wpcf7-f7852-o1\" lang=\"it-IT\" dir=\"ltr\" data-wpcf7-id=\"7852\">\n<div class=\"screen-reader-response\"><p role=\"status\" aria-live=\"polite\" aria-atomic=\"true\"><\/p> <ul><\/ul><\/div>\n<form action=\"\/it\/wp-json\/wp\/v2\/pages\/7980#wpcf7-f7852-o1\" method=\"post\" class=\"wpcf7-form init\" aria-label=\"Modulo di contatto\" novalidate=\"novalidate\" data-status=\"init\">\n<fieldset class=\"hidden-fields-container\"><input type=\"hidden\" name=\"_wpcf7\" value=\"7852\" \/><input type=\"hidden\" name=\"_wpcf7_version\" value=\"6.1.5\" \/><input type=\"hidden\" name=\"_wpcf7_locale\" value=\"it_IT\" \/><input type=\"hidden\" name=\"_wpcf7_unit_tag\" value=\"wpcf7-f7852-o1\" \/><input type=\"hidden\" name=\"_wpcf7_container_post\" value=\"0\" \/><input type=\"hidden\" name=\"_wpcf7_posted_data_hash\" value=\"\" \/><input type=\"hidden\" name=\"_wpcf7_recaptcha_response\" value=\"\" \/>\n<\/fieldset>\n<div id=\"form-vente\">\n<\/div>\n<p><span class=\"wpcf7-form-control-wrap\" data-name=\"your-name\"><input size=\"40\" maxlength=\"400\" class=\"wpcf7-form-control wpcf7-text wpcf7-validates-as-required\" aria-required=\"true\" aria-invalid=\"false\" placeholder=\"Il tuo nome\" value=\"\" type=\"text\" name=\"your-name\" \/><\/span><span class=\"wpcf7-form-control-wrap\" data-name=\"your-email\"><input size=\"40\" maxlength=\"400\" class=\"wpcf7-form-control wpcf7-email wpcf7-validates-as-required wpcf7-text wpcf7-validates-as-email\" aria-required=\"true\" aria-invalid=\"false\" placeholder=\"La tua email\" value=\"\" type=\"email\" name=\"your-email\" \/><\/span><span class=\"wpcf7-form-control-wrap\" data-name=\"your-phone\"><input size=\"40\" maxlength=\"400\" class=\"wpcf7-form-control wpcf7-text wpcf7-validates-as-required\" aria-required=\"true\" aria-invalid=\"false\" placeholder=\"Il tuo telefono\" value=\"\" type=\"text\" name=\"your-phone\" \/><\/span><span class=\"wpcf7-form-control-wrap\" data-name=\"code-postal\"><input size=\"40\" maxlength=\"400\" class=\"wpcf7-form-control wpcf7-text wpcf7-validates-as-required\" aria-required=\"true\" aria-invalid=\"false\" placeholder=\"Il tuo codice postale...\" value=\"\" type=\"text\" name=\"code-postal\" \/><\/span><span class=\"wpcf7-form-control-wrap\" data-name=\"your-message\"><textarea cols=\"40\" rows=\"10\" maxlength=\"2000\" class=\"wpcf7-form-control wpcf7-textarea\" aria-invalid=\"false\" placeholder=\"Il tuo messaggio (Non esitate a comunicarci il vostro budget, i vostri desideri per darvi il miglior consiglio)\" name=\"your-message\"><\/textarea><\/span><span class=\"wpcf7-form-control-wrap\" data-name=\"acceptance-553\"><span class=\"wpcf7-form-control wpcf7-acceptance\"><span class=\"wpcf7-list-item\"><label><input type=\"checkbox\" name=\"acceptance-553\" value=\"1\" aria-invalid=\"false\" \/><span class=\"wpcf7-list-item-label\">Inviando questo modulo accetto che le informazioni inserite verranno conservate per permettermi di essere contattato o per informazioni commerciali. Accetto la <a href=\"\/\" rel=\"nofollow\" target=\"_blank\">Informativa sulla privacy<\/a> di questo sito.<\/span><\/label><\/span><\/span><\/span>\n<span class=\"wpcf7-form-control-wrap recaptcha\" data-name=\"recaptcha\"><span data-sitekey=\"6Le0j5wpAAAAAOcu9ZNAhaReBIyWRU-tMcS3a5HV\" class=\"wpcf7-form-control wpcf7-recaptcha g-recaptcha\"><\/span>\r\n<noscript>\r\n\t<div class=\"grecaptcha-noscript\">\r\n\t\t<iframe loading=\"lazy\" src=\"https:\/\/www.google.com\/recaptcha\/api\/fallback?k=6Le0j5wpAAAAAOcu9ZNAhaReBIyWRU-tMcS3a5HV\" frameborder=\"0\" scrolling=\"no\" width=\"310\" height=\"430\">\r\n\t\t<\/iframe>\r\n\t\t<textarea name=\"g-recaptcha-response\" rows=\"3\" cols=\"40\" placeholder=\"reCaptcha Response Here\">\r\n\t\t<\/textarea>\r\n\t<\/div>\r\n<\/noscript>\r\n<\/span><input class=\"wpcf7-form-control wpcf7-submit has-spinner\" type=\"submit\" value=\"Inviare\" \/>\n<\/p><div class=\"wpcf7-response-output\" aria-hidden=\"true\"><\/div>\n<\/form>\n<\/div>\n<\/div><\/div><div class=\"contact-right\"><div class=\"coord-col\"><p class=\"h4\">I nostri dettagli di contatto<\/p><span class=\"coord-line\"><div class=\"icon\"><svg width=\"22\" height=\"28\" viewBox=\"0 0 15 21\" fill=\"none\" xmlns=\"http:\/\/www.w3.org\/2000\/svg\"><path d=\"M6.5 9.04883C7.10156 9.04883 7.61426 8.83691 8.03809 8.41309C8.46191 7.98926 8.67383 7.47656 8.67383 6.875C8.67383 6.27344 8.46191 5.76074 8.03809 5.33691C7.61426 4.91309 7.10156 4.70117 6.5 4.70117C5.89844 4.70117 5.38574 4.91309 4.96191 5.33691C4.53809 5.76074 4.32617 6.27344 4.32617 6.875C4.32617 7.47656 4.53809 7.98926 4.96191 8.41309C5.38574 8.83691 5.89844 9.04883 6.5 9.04883ZM6.5 0.763672C8.19531 0.763672 9.6377 1.3584 10.8271 2.54785C12.0166 3.7373 12.6113 5.17969 12.6113 6.875C12.6113 7.72266 12.3994 8.69336 11.9756 9.78711C11.5518 10.8809 11.0391 11.9062 10.4375 12.8633C9.83594 13.8203 9.24121 14.7158 8.65332 15.5498C8.06543 16.3838 7.56641 17.0469 7.15625 17.5391L6.5 18.2363C6.33594 18.0449 6.11719 17.792 5.84375 17.4775C5.57031 17.1631 5.07812 16.5342 4.36719 15.5908C3.65625 14.6475 3.03418 13.7314 2.50098 12.8428C1.96777 11.9541 1.48242 10.9492 1.04492 9.82812C0.607422 8.70703 0.388672 7.72266 0.388672 6.875C0.388672 5.17969 0.983398 3.7373 2.17285 2.54785C3.3623 1.3584 4.80469 0.763672 6.5 0.763672Z\" fill=\"#F76D00\"\/><\/svg><\/div>32 bis Boulevard du Front de mer, 33930 Vendays-Montalivet<\/span><span class=\"coord-line\"><div class=\"icon\"><svg width=\"25\" height=\"22\" viewBox=\"0 0 20 17\" fill=\"none\" xmlns=\"http:\/\/www.w3.org\/2000\/svg\"><path d=\"M3.91016 7.70012C5.53516 10.2398 7.92188 12.165 11.0703 13.4758L13.457 11.5506C13.7956 11.2775 14.168 11.2092 14.5742 11.3458C15.793 11.6735 17.0794 11.8373 18.4336 11.8373C18.7383 11.8373 18.9922 11.9192 19.1953 12.0831C19.3984 12.2469 19.5 12.4517 19.5 12.6975V15.7697C19.5 16.0154 19.3984 16.2203 19.1953 16.3841C18.9922 16.548 18.7383 16.6299 18.4336 16.6299C13.3555 16.6299 9.01367 15.1757 5.4082 12.2674C1.80273 9.35909 0 5.85682 0 1.7606C0 1.51482 0.101562 1.31001 0.304688 1.14616C0.507812 0.982315 0.761719 0.900391 1.06641 0.900391H4.875C5.17969 0.900391 5.43359 0.982315 5.63672 1.14616C5.83984 1.31001 5.94141 1.51482 5.94141 1.7606C5.94141 2.85292 6.14453 3.89063 6.55078 4.87373C6.6862 5.22873 6.60156 5.52912 6.29688 5.77489L3.91016 7.70012Z\" fill=\"#F76D00\"\/><\/svg><\/div><a href=\"tel:+33556093137\">+33556093137<\/a><\/span><\/div><div class=\"coord-col\"><p class=\"h4\">Date di apertura<\/p><span class=\"coord-line\"><div class=\"icon\"><svg width=\"22\" height=\"22\" viewBox=\"0 0 19 19\" fill=\"none\" xmlns=\"http:\/\/www.w3.org\/2000\/svg\"><path d=\"M9.95117 5.11133V9.70508L13.8887 12.043L13.2324 13.1504L8.63867 10.3613V5.11133H9.95117ZM9.5 16.5137C11.4141 16.5137 13.0615 15.8232 14.4424 14.4424C15.8232 13.0615 16.5137 11.4141 16.5137 9.5C16.5137 7.58594 15.8232 5.93848 14.4424 4.55762C13.0615 3.17676 11.4141 2.48633 9.5 2.48633C7.58594 2.48633 5.93848 3.17676 4.55762 4.55762C3.17676 5.93848 2.48633 7.58594 2.48633 9.5C2.48633 11.4141 3.17676 13.0615 4.55762 14.4424C5.93848 15.8232 7.58594 16.5137 9.5 16.5137ZM9.5 0.763672C11.9062 0.763672 13.9639 1.61816 15.6729 3.32715C17.3818 5.03613 18.2363 7.09375 18.2363 9.5C18.2363 11.9062 17.3818 13.9639 15.6729 15.6729C13.9639 17.3818 11.9062 18.2363 9.5 18.2363C7.09375 18.2363 5.03613 17.3818 3.32715 15.6729C1.61816 13.9639 0.763672 11.9062 0.763672 9.5C0.763672 7.09375 1.61816 5.03613 3.32715 3.32715C5.03613 1.61816 7.09375 0.763672 9.5 0.763672Z\" fill=\"#F76D00\"\/><\/svg><\/div><div class=\"ouverture\">Dal 3 aprile 2026 al 2 novembre 2026<\/div>\n<\/span><\/div><iframe src=\"https:\/\/www.google.com\/maps\/embed?pb=!1m18!1m12!1m3!1d2802.3882826893155!2d-1.1600380841824003!3d45.38133774698914!2m3!1f0!2f0!3f0!3m2!1i1024!2i768!4f13.1!3m3!1m2!1s0x4801894ef08ac57d%3A0xa42891c2820da2e6!2sCamping%20Le%20Soleil%20d'Or!5e0!3m2!1sfr!2sfr!4v1678096424252!5m2!1sfr!2sfr\" width=\"100%\" height=\"380\" style=\"border:0;\" allowfullscreen=\"\" loading=\"lazy\" referrerpolicy=\"no-referrer-when-downgrade\"><\/iframe><\/div><\/div>","protected":false},"excerpt":{"rendered":"","protected":false},"author":1,"featured_media":7981,"parent":0,"menu_order":0,"comment_status":"closed","ping_status":"closed","template":"","meta":{"_acf_changed":false,"footnotes":""},"class_list":["post-7980","page","type-page","status-publish","has-post-thumbnail","hentry"],"acf":[],"yoast_head":"<!-- This site is optimized with the Yoast SEO plugin v27.3 - https:\/\/yoast.com\/product\/yoast-seo-wordpress\/ -->\n<title>Comprare e vendere una casa mobile in Gironda: diventare proprietario<\/title>\n<meta name=\"robots\" content=\"index, follow, max-snippet:-1, max-image-preview:large, max-video-preview:-1\" \/>\n<link rel=\"canonical\" href=\"https:\/\/www.campinglesoleildor.com\/it\/acquisto-casa-mobile-gironde\/\" \/>\n<meta property=\"og:locale\" content=\"it_IT\" \/>\n<meta property=\"og:type\" content=\"article\" \/>\n<meta property=\"og:title\" content=\"Comprare e vendere una casa mobile in Gironda: diventare proprietario\" \/>\n<meta property=\"og:url\" content=\"https:\/\/www.campinglesoleildor.com\/it\/acquisto-casa-mobile-gironde\/\" \/>\n<meta property=\"og:site_name\" content=\"Camping le soleil d&#039;or\" \/>\n<meta property=\"article:modified_time\" content=\"2025-06-03T12:30:17+00:00\" \/>\n<meta property=\"og:image\" content=\"https:\/\/www.campinglesoleildor.com\/wp-content\/uploads\/2024\/03\/iStock-1070262094.jpg\" \/>\n\t<meta property=\"og:image:width\" content=\"2048\" \/>\n\t<meta property=\"og:image:height\" content=\"1365\" \/>\n\t<meta property=\"og:image:type\" content=\"image\/jpeg\" \/>\n<meta name=\"twitter:card\" content=\"summary_large_image\" \/>\n<meta name=\"twitter:label1\" content=\"Tempo di lettura stimato\" \/>\n\t<meta name=\"twitter:data1\" content=\"1 minuto\" \/>\n<script type=\"application\/ld+json\" class=\"yoast-schema-graph\">{\"@context\":\"https:\\\/\\\/schema.org\",\"@graph\":[{\"@type\":\"WebPage\",\"@id\":\"https:\\\/\\\/www.campinglesoleildor.com\\\/it\\\/acquisto-casa-mobile-gironde\\\/\",\"url\":\"https:\\\/\\\/www.campinglesoleildor.com\\\/it\\\/acquisto-casa-mobile-gironde\\\/\",\"name\":\"Comprare e vendere una casa mobile in Gironda: diventare proprietario\",\"isPartOf\":{\"@id\":\"https:\\\/\\\/www.campinglesoleildor.com\\\/it\\\/#website\"},\"primaryImageOfPage\":{\"@id\":\"https:\\\/\\\/www.campinglesoleildor.com\\\/it\\\/acquisto-casa-mobile-gironde\\\/#primaryimage\"},\"image\":{\"@id\":\"https:\\\/\\\/www.campinglesoleildor.com\\\/it\\\/acquisto-casa-mobile-gironde\\\/#primaryimage\"},\"thumbnailUrl\":\"https:\\\/\\\/www.campinglesoleildor.com\\\/wp-content\\\/uploads\\\/2024\\\/03\\\/iStock-1070262094.jpg\",\"datePublished\":\"2024-03-18T08:14:27+00:00\",\"dateModified\":\"2025-06-03T12:30:17+00:00\",\"breadcrumb\":{\"@id\":\"https:\\\/\\\/www.campinglesoleildor.com\\\/it\\\/acquisto-casa-mobile-gironde\\\/#breadcrumb\"},\"inLanguage\":\"it-IT\",\"potentialAction\":[{\"@type\":\"ReadAction\",\"target\":[\"https:\\\/\\\/www.campinglesoleildor.com\\\/it\\\/acquisto-casa-mobile-gironde\\\/\"]}]},{\"@type\":\"ImageObject\",\"inLanguage\":\"it-IT\",\"@id\":\"https:\\\/\\\/www.campinglesoleildor.com\\\/it\\\/acquisto-casa-mobile-gironde\\\/#primaryimage\",\"url\":\"https:\\\/\\\/www.campinglesoleildor.com\\\/wp-content\\\/uploads\\\/2024\\\/03\\\/iStock-1070262094.jpg\",\"contentUrl\":\"https:\\\/\\\/www.campinglesoleildor.com\\\/wp-content\\\/uploads\\\/2024\\\/03\\\/iStock-1070262094.jpg\",\"width\":2048,\"height\":1365,\"caption\":\"achat mobil home montalivet gironde\"},{\"@type\":\"BreadcrumbList\",\"@id\":\"https:\\\/\\\/www.campinglesoleildor.com\\\/it\\\/acquisto-casa-mobile-gironde\\\/#breadcrumb\",\"itemListElement\":[{\"@type\":\"ListItem\",\"position\":1,\"name\":\"Camping Montalivet\",\"item\":\"https:\\\/\\\/www.campinglesoleildor.com\\\/it\\\/\"},{\"@type\":\"ListItem\",\"position\":2,\"name\":\"Diventa proprietario di una casa mobile in Gironda\"}]},{\"@type\":\"WebSite\",\"@id\":\"https:\\\/\\\/www.campinglesoleildor.com\\\/it\\\/#website\",\"url\":\"https:\\\/\\\/www.campinglesoleildor.com\\\/it\\\/\",\"name\":\"Camping le soleil d&#039;or\",\"description\":\"\",\"potentialAction\":[{\"@type\":\"SearchAction\",\"target\":{\"@type\":\"EntryPoint\",\"urlTemplate\":\"https:\\\/\\\/www.campinglesoleildor.com\\\/it\\\/?s={search_term_string}\"},\"query-input\":{\"@type\":\"PropertyValueSpecification\",\"valueRequired\":true,\"valueName\":\"search_term_string\"}}],\"inLanguage\":\"it-IT\"}]}<\/script>\n<!-- \/ Yoast SEO plugin. -->","yoast_head_json":{"title":"Comprare e vendere una casa mobile in Gironda: diventare proprietario","robots":{"index":"index","follow":"follow","max-snippet":"max-snippet:-1","max-image-preview":"max-image-preview:large","max-video-preview":"max-video-preview:-1"},"canonical":"https:\/\/www.campinglesoleildor.com\/it\/acquisto-casa-mobile-gironde\/","og_locale":"it_IT","og_type":"article","og_title":"Comprare e vendere una casa mobile in Gironda: diventare proprietario","og_url":"https:\/\/www.campinglesoleildor.com\/it\/acquisto-casa-mobile-gironde\/","og_site_name":"Camping le soleil d&#039;or","article_modified_time":"2025-06-03T12:30:17+00:00","og_image":[{"width":2048,"height":1365,"url":"https:\/\/www.campinglesoleildor.com\/wp-content\/uploads\/2024\/03\/iStock-1070262094.jpg","type":"image\/jpeg"}],"twitter_card":"summary_large_image","twitter_misc":{"Tempo di lettura stimato":"1 minuto"},"schema":{"@context":"https:\/\/schema.org","@graph":[{"@type":"WebPage","@id":"https:\/\/www.campinglesoleildor.com\/it\/acquisto-casa-mobile-gironde\/","url":"https:\/\/www.campinglesoleildor.com\/it\/acquisto-casa-mobile-gironde\/","name":"Comprare e vendere una casa mobile in Gironda: diventare proprietario","isPartOf":{"@id":"https:\/\/www.campinglesoleildor.com\/it\/#website"},"primaryImageOfPage":{"@id":"https:\/\/www.campinglesoleildor.com\/it\/acquisto-casa-mobile-gironde\/#primaryimage"},"image":{"@id":"https:\/\/www.campinglesoleildor.com\/it\/acquisto-casa-mobile-gironde\/#primaryimage"},"thumbnailUrl":"https:\/\/www.campinglesoleildor.com\/wp-content\/uploads\/2024\/03\/iStock-1070262094.jpg","datePublished":"2024-03-18T08:14:27+00:00","dateModified":"2025-06-03T12:30:17+00:00","breadcrumb":{"@id":"https:\/\/www.campinglesoleildor.com\/it\/acquisto-casa-mobile-gironde\/#breadcrumb"},"inLanguage":"it-IT","potentialAction":[{"@type":"ReadAction","target":["https:\/\/www.campinglesoleildor.com\/it\/acquisto-casa-mobile-gironde\/"]}]},{"@type":"ImageObject","inLanguage":"it-IT","@id":"https:\/\/www.campinglesoleildor.com\/it\/acquisto-casa-mobile-gironde\/#primaryimage","url":"https:\/\/www.campinglesoleildor.com\/wp-content\/uploads\/2024\/03\/iStock-1070262094.jpg","contentUrl":"https:\/\/www.campinglesoleildor.com\/wp-content\/uploads\/2024\/03\/iStock-1070262094.jpg","width":2048,"height":1365,"caption":"achat mobil home montalivet gironde"},{"@type":"BreadcrumbList","@id":"https:\/\/www.campinglesoleildor.com\/it\/acquisto-casa-mobile-gironde\/#breadcrumb","itemListElement":[{"@type":"ListItem","position":1,"name":"Camping Montalivet","item":"https:\/\/www.campinglesoleildor.com\/it\/"},{"@type":"ListItem","position":2,"name":"Diventa proprietario di una casa mobile in Gironda"}]},{"@type":"WebSite","@id":"https:\/\/www.campinglesoleildor.com\/it\/#website","url":"https:\/\/www.campinglesoleildor.com\/it\/","name":"Camping le soleil d&#039;or","description":"","potentialAction":[{"@type":"SearchAction","target":{"@type":"EntryPoint","urlTemplate":"https:\/\/www.campinglesoleildor.com\/it\/?s={search_term_string}"},"query-input":{"@type":"PropertyValueSpecification","valueRequired":true,"valueName":"search_term_string"}}],"inLanguage":"it-IT"}]}},"_links":{"self":[{"href":"https:\/\/www.campinglesoleildor.com\/it\/wp-json\/wp\/v2\/pages\/7980","targetHints":{"allow":["GET"]}}],"collection":[{"href":"https:\/\/www.campinglesoleildor.com\/it\/wp-json\/wp\/v2\/pages"}],"about":[{"href":"https:\/\/www.campinglesoleildor.com\/it\/wp-json\/wp\/v2\/types\/page"}],"author":[{"embeddable":true,"href":"https:\/\/www.campinglesoleildor.com\/it\/wp-json\/wp\/v2\/users\/1"}],"replies":[{"embeddable":true,"href":"https:\/\/www.campinglesoleildor.com\/it\/wp-json\/wp\/v2\/comments?post=7980"}],"version-history":[{"count":6,"href":"https:\/\/www.campinglesoleildor.com\/it\/wp-json\/wp\/v2\/pages\/7980\/revisions"}],"predecessor-version":[{"id":9678,"href":"https:\/\/www.campinglesoleildor.com\/it\/wp-json\/wp\/v2\/pages\/7980\/revisions\/9678"}],"wp:featuredmedia":[{"embeddable":true,"href":"https:\/\/www.campinglesoleildor.com\/it\/wp-json\/wp\/v2\/media\/7981"}],"wp:attachment":[{"href":"https:\/\/www.campinglesoleildor.com\/it\/wp-json\/wp\/v2\/media?parent=7980"}],"curies":[{"name":"wp","href":"https:\/\/api.w.org\/{rel}","templated":true}]}}