{"id":7955,"date":"2024-04-25T09:51:51","date_gmt":"2024-04-25T07:51:51","guid":{"rendered":"https:\/\/www.campinglesoleildor.com\/campeggio-gironda\/camping-pas-cher-gironde\/"},"modified":"2024-04-25T16:53:23","modified_gmt":"2024-04-25T14:53:23","slug":"campeggio-economico-gironde","status":"publish","type":"page","link":"https:\/\/www.campinglesoleildor.com\/it\/campeggio-gironda\/campeggio-economico-gironde\/","title":{"rendered":"Offres sp\u00e9ciales"},"content":{"rendered":"<div class=\"bloc-texte full\"><div class=\"texte center\"><p>Per le tue prossime vacanze in Nuova Aquitania in Francia, soggiorna negli alloggi di qualit\u00e0 del campeggio Le Soleil d&#8217;Or. Questa struttura a 3 stelle, situata nella regione del M\u00e9doc, vi offre tutto il comfort necessario per un soggiorno e delle notti eccezionali nel dipartimento della Gironda.<\/p>\n<p>Venite a scoprire la localit\u00e0 balneare di Vendays-Montalivet e i suoi 12 km di spiagge per trascorrere momenti indimenticabili in famiglia, in coppia o tra amici. Il campeggio \u00e8 inoltre immerso nel cuore di un bosco di 6.000 ettari, ideale per trascorrere un soggiorno in piena comunione con la natura.<\/p>\n<p>Oltre alle case mobili e alle piazzole, questo campeggio economico di Montalivet propone diverse attivit\u00e0 per tutta la famiglia. Puoi anche trovare molte attivit\u00e0 culturali e sportive intorno al sito.<\/p>\n<\/div><\/div>\n\n<div class=\"text-image-new style1 image-right background-marron\"><div class=\"text-image-new-colonne\"><H2 class=\"text-image-new-titre\">Il tuo campeggio last minute a Vendays-Montalivet<\/H2><div class=\"text-image-new-content\"><p>Il campeggio Le Soleil d\u2019Or si trova in riva al mare e a soli 8 km dal centro di Vendays-Montalivet. Questo campeggio economico della Gironda, struttura stellata, ti propone l&#8217;affitto di mobil-home e piazzole per tende e roulotte a prezzi interessanti. Le sistemazioni dispongono da 1 a 3 camere da letto e possono ospitare famiglie numerose.<\/p>\n<p>Questo campeggio economico della Gironda dispone di un campo da bocce, un tavolo da ping-pong e un campo da home ball. Un parco con cabina e scivolo delizier\u00e0 anche i vostri bambini durante il loro soggiorno. Alla reception potrete prendere in prestito libri e giochi da tavolo per i vostri momenti di relax in famiglia. Ogni settimana vengono organizzate serate vivaci e danzanti per allietare il vostro soggiorno.<\/p>\n<\/div><p class=\"lire-plus\">Per saperne di pi\u00f9<\/p><div class=\"text-image-new-content-more hide\"><p>Il bar e lo snack bar della struttura sono aperti tutti i giorni, tranne il mercoled\u00ec sera. Piatti da asporto o da gustare sul posto e bevande sono proposti \u00e0 la carte. Allo stesso modo, una lavanderia \u00e8 a disposizione dei clienti dell&#8217;economico campeggio Gironde. Qui troverete una lavatrice e un&#8217;asciugatrice a gettoni.<\/p>\n<\/div><p class=\"lire-moins hide\">Leggi di meno<\/p><\/div><div class=\"text-image-new-colonne\"><img decoding=\"async\" src=\"https:\/\/www.campinglesoleildor.com\/wp-content\/uploads\/2022\/07\/mobil-home-morbihan-capucine-Ext-800x534-1.jpg\" alt=\"campeggio last minute Vendays-Montalivet\" class=\"text-image-new-thumb\" \/><\/div><\/div>\n\n<div class=\"text-image-new style1 image-left\"><div class=\"text-image-new-colonne\"><H2 class=\"text-image-new-titre\">Affitta un campeggio economico in Gironda!<\/H2><div class=\"text-image-new-content\"><p>Uno dei migliori campeggi della Gironda, Le Soleil d&#8217;Or affitta diverse gamme di case mobili che possono ospitare fino a 6 persone e nelle quali sono ammessi gli animali. Lodge con vista sul mare con una camera da letto e una capacit\u00e0 da 1 a 4 persone.<\/p>\n<p>Tutte le sistemazioni dispongono di un terrazzo privato dove potrete gustare i vostri pasti e aperitivi all&#8217;aperto. Le case mobili e i lodge di questo economico campeggio Montalivet dispongono inoltre di una cucina completamente attrezzata e di servizi igienici.<\/p>\n<\/div><p class=\"lire-plus\">Per saperne di pi\u00f9<\/p><div class=\"text-image-new-content-more hide\"><p>Se andate in vacanza con il vostro camper, roulotte o tenda, \u00e8 possibile affittare la vostra piazzola al campeggio Le Soleil d&#8217;Or. Ognuna delle 89 localit\u00e0 \u00e8 servita dall&#8217;energia elettrica. \u00c8 possibile l&#8217;allacciamento dell&#8217;acqua e dello scarico per i camper e i servizi igienici in comune si trovano vicino ad ogni piazzola.<\/p>\n<p>La connessione internet \u00e8 gratuita al bar, ma \u00e8 possibile richiedere anche la connessione wifi a pagamento negli alloggi e nelle piazzole.<\/p>\n<\/div><p class=\"lire-moins hide\">Leggi di meno<\/p><\/div><div class=\"text-image-new-colonne\"><img decoding=\"async\" src=\"https:\/\/www.campinglesoleildor.com\/wp-content\/uploads\/2024\/04\/emplacement-camping-medoc.jpg\" alt=\"piazzola economica Gironda\" class=\"text-image-new-thumb\" \/><\/div><\/div>\n\n<div class=\"text-image-new style1 image-right background-marron\"><div class=\"text-image-new-colonne\"><H2 class=\"text-image-new-titre\">Le tue vacanze low cost in Gironda<\/H2><div class=\"text-image-new-content\"><p>Il campeggio Le Soleil d&#8217;Or si trova a meno di un&#8217;ora da Cap Ferret e a meno di 2 ore da Bordeaux e Arcachon. Il club si trova a meno di 20 km da citt\u00e0 come Queyrac, Saint-Vivier-de-M\u00e9doc, Soulac-sur-Mer o Jau-Dignac-et-Loirac.<\/p>\n<p>Uno dei punti di forza di questo campeggio economico della Gironda, secondo le recensioni dei clienti, \u00e8 la sua vicinanza alla spiaggia e il gran numero di attivit\u00e0 acquatiche che vi si possono praticare. Dista infatti solo 100 metri dalla spiaggia di Montalivet. Numerosi spot di surf nelle vicinanze dello stabilimento accolgono surfisti di tutti i livelli. Puoi anche approfittare del tuo soggiorno per provare lo yachting sulla sabbia. Sebbene la struttura non disponga di piscina, nelle vicinanze si trovano laghi balneabili in estate.<\/p>\n<\/div><p class=\"lire-plus\">Per saperne di pi\u00f9<\/p><div class=\"text-image-new-content-more hide\"><p>Vicino all&#8217;economico campeggio Montalivet sono state allestite piste ciclabili di oltre 30 km. \u00c8 possibile esplorare la zona circostante in bicicletta. I sentieri escursionistici si estendono anche per oltre 40 km per coloro che preferiscono le escursioni.<\/p>\n<p>Puoi prenotare adesso il tuo alloggio o la tua piazzola per le prossime vacanze estive. Si prega di notare che in caso di cancellazione non \u00e8 possibile effettuare alcun rimborso e che la struttura non accetta ancora il pagamento posticipato. Visita il sito web del campeggio per ulteriori informazioni<\/p>\n<\/div><p class=\"lire-moins hide\">Leggi di meno<\/p><\/div><div class=\"text-image-new-colonne\"><img decoding=\"async\" src=\"https:\/\/www.campinglesoleildor.com\/wp-content\/uploads\/2024\/04\/camping-gironde-bord-de-mer.jpg\" alt=\"vacanze in Gironda\" class=\"text-image-new-thumb\" \/><\/div><\/div>","protected":false},"excerpt":{"rendered":"","protected":false},"author":1,"featured_media":7956,"parent":7947,"menu_order":0,"comment_status":"closed","ping_status":"closed","template":"","meta":{"_acf_changed":false,"footnotes":""},"class_list":["post-7955","page","type-page","status-publish","has-post-thumbnail","hentry"],"acf":[],"yoast_head":"<!-- This site is optimized with the Yoast SEO plugin v27.3 - https:\/\/yoast.com\/product\/yoast-seo-wordpress\/ -->\n<title>Campeggio economico Gironda | Soggiorno in campeggio 3 stelle al miglior prezzo<\/title>\n<meta name=\"description\" content=\"Fate il grande passo e partite per le vacanze con tutta la famiglia in un campeggio 3 stelle economico a Montalivet nella Gironda!\" \/>\n<meta name=\"robots\" content=\"index, follow, max-snippet:-1, max-image-preview:large, max-video-preview:-1\" \/>\n<link rel=\"canonical\" href=\"https:\/\/www.campinglesoleildor.com\/it\/campeggio-gironda\/campeggio-economico-gironde\/\" \/>\n<meta property=\"og:locale\" content=\"it_IT\" \/>\n<meta property=\"og:type\" content=\"article\" \/>\n<meta property=\"og:title\" content=\"Campeggio economico Gironda | Soggiorno in campeggio 3 stelle al miglior prezzo\" \/>\n<meta property=\"og:description\" content=\"Fate il grande passo e partite per le vacanze con tutta la famiglia in un campeggio 3 stelle economico a Montalivet nella Gironda!\" \/>\n<meta property=\"og:url\" content=\"https:\/\/www.campinglesoleildor.com\/it\/campeggio-gironda\/campeggio-economico-gironde\/\" \/>\n<meta property=\"og:site_name\" content=\"Camping le soleil d&#039;or\" \/>\n<meta property=\"article:modified_time\" content=\"2024-04-25T14:53:23+00:00\" \/>\n<meta property=\"og:image\" content=\"https:\/\/www.campinglesoleildor.com\/wp-content\/uploads\/2023\/03\/vacances-camping-gironde.jpg\" \/>\n\t<meta property=\"og:image:width\" content=\"1920\" \/>\n\t<meta property=\"og:image:height\" content=\"1439\" \/>\n\t<meta property=\"og:image:type\" content=\"image\/jpeg\" \/>\n<meta name=\"twitter:card\" content=\"summary_large_image\" \/>\n<script type=\"application\/ld+json\" class=\"yoast-schema-graph\">{\"@context\":\"https:\\\/\\\/schema.org\",\"@graph\":[{\"@type\":\"WebPage\",\"@id\":\"https:\\\/\\\/www.campinglesoleildor.com\\\/it\\\/campeggio-gironda\\\/campeggio-economico-gironde\\\/\",\"url\":\"https:\\\/\\\/www.campinglesoleildor.com\\\/it\\\/campeggio-gironda\\\/campeggio-economico-gironde\\\/\",\"name\":\"Campeggio economico Gironda | Soggiorno in campeggio 3 stelle al miglior prezzo\",\"isPartOf\":{\"@id\":\"https:\\\/\\\/www.campinglesoleildor.com\\\/it\\\/#website\"},\"primaryImageOfPage\":{\"@id\":\"https:\\\/\\\/www.campinglesoleildor.com\\\/it\\\/campeggio-gironda\\\/campeggio-economico-gironde\\\/#primaryimage\"},\"image\":{\"@id\":\"https:\\\/\\\/www.campinglesoleildor.com\\\/it\\\/campeggio-gironda\\\/campeggio-economico-gironde\\\/#primaryimage\"},\"thumbnailUrl\":\"https:\\\/\\\/www.campinglesoleildor.com\\\/wp-content\\\/uploads\\\/2023\\\/03\\\/vacances-camping-gironde.jpg\",\"datePublished\":\"2024-04-25T07:51:51+00:00\",\"dateModified\":\"2024-04-25T14:53:23+00:00\",\"description\":\"Fate il grande passo e partite per le vacanze con tutta la famiglia in un campeggio 3 stelle economico a Montalivet nella Gironda!\",\"breadcrumb\":{\"@id\":\"https:\\\/\\\/www.campinglesoleildor.com\\\/it\\\/campeggio-gironda\\\/campeggio-economico-gironde\\\/#breadcrumb\"},\"inLanguage\":\"it-IT\",\"potentialAction\":[{\"@type\":\"ReadAction\",\"target\":[\"https:\\\/\\\/www.campinglesoleildor.com\\\/it\\\/campeggio-gironda\\\/campeggio-economico-gironde\\\/\"]}]},{\"@type\":\"ImageObject\",\"inLanguage\":\"it-IT\",\"@id\":\"https:\\\/\\\/www.campinglesoleildor.com\\\/it\\\/campeggio-gironda\\\/campeggio-economico-gironde\\\/#primaryimage\",\"url\":\"https:\\\/\\\/www.campinglesoleildor.com\\\/wp-content\\\/uploads\\\/2023\\\/03\\\/vacances-camping-gironde.jpg\",\"contentUrl\":\"https:\\\/\\\/www.campinglesoleildor.com\\\/wp-content\\\/uploads\\\/2023\\\/03\\\/vacances-camping-gironde.jpg\",\"width\":1920,\"height\":1439},{\"@type\":\"BreadcrumbList\",\"@id\":\"https:\\\/\\\/www.campinglesoleildor.com\\\/it\\\/campeggio-gironda\\\/campeggio-economico-gironde\\\/#breadcrumb\",\"itemListElement\":[{\"@type\":\"ListItem\",\"position\":1,\"name\":\"Camping Montalivet\",\"item\":\"https:\\\/\\\/www.campinglesoleildor.com\\\/it\\\/\"},{\"@type\":\"ListItem\",\"position\":2,\"name\":\"Campeggio in Gironda\",\"item\":\"https:\\\/\\\/www.campinglesoleildor.com\\\/it\\\/campeggio-gironda\\\/\"},{\"@type\":\"ListItem\",\"position\":3,\"name\":\"Campeggio economico nella Gironda\"}]},{\"@type\":\"WebSite\",\"@id\":\"https:\\\/\\\/www.campinglesoleildor.com\\\/it\\\/#website\",\"url\":\"https:\\\/\\\/www.campinglesoleildor.com\\\/it\\\/\",\"name\":\"Camping le soleil d&#039;or\",\"description\":\"\",\"potentialAction\":[{\"@type\":\"SearchAction\",\"target\":{\"@type\":\"EntryPoint\",\"urlTemplate\":\"https:\\\/\\\/www.campinglesoleildor.com\\\/it\\\/?s={search_term_string}\"},\"query-input\":{\"@type\":\"PropertyValueSpecification\",\"valueRequired\":true,\"valueName\":\"search_term_string\"}}],\"inLanguage\":\"it-IT\"}]}<\/script>\n<!-- \/ Yoast SEO plugin. -->","yoast_head_json":{"title":"Campeggio economico Gironda | Soggiorno in campeggio 3 stelle al miglior prezzo","description":"Fate il grande passo e partite per le vacanze con tutta la famiglia in un campeggio 3 stelle economico a Montalivet nella Gironda!","robots":{"index":"index","follow":"follow","max-snippet":"max-snippet:-1","max-image-preview":"max-image-preview:large","max-video-preview":"max-video-preview:-1"},"canonical":"https:\/\/www.campinglesoleildor.com\/it\/campeggio-gironda\/campeggio-economico-gironde\/","og_locale":"it_IT","og_type":"article","og_title":"Campeggio economico Gironda | Soggiorno in campeggio 3 stelle al miglior prezzo","og_description":"Fate il grande passo e partite per le vacanze con tutta la famiglia in un campeggio 3 stelle economico a Montalivet nella Gironda!","og_url":"https:\/\/www.campinglesoleildor.com\/it\/campeggio-gironda\/campeggio-economico-gironde\/","og_site_name":"Camping le soleil d&#039;or","article_modified_time":"2024-04-25T14:53:23+00:00","og_image":[{"width":1920,"height":1439,"url":"https:\/\/www.campinglesoleildor.com\/wp-content\/uploads\/2023\/03\/vacances-camping-gironde.jpg","type":"image\/jpeg"}],"twitter_card":"summary_large_image","schema":{"@context":"https:\/\/schema.org","@graph":[{"@type":"WebPage","@id":"https:\/\/www.campinglesoleildor.com\/it\/campeggio-gironda\/campeggio-economico-gironde\/","url":"https:\/\/www.campinglesoleildor.com\/it\/campeggio-gironda\/campeggio-economico-gironde\/","name":"Campeggio economico Gironda | Soggiorno in campeggio 3 stelle al miglior prezzo","isPartOf":{"@id":"https:\/\/www.campinglesoleildor.com\/it\/#website"},"primaryImageOfPage":{"@id":"https:\/\/www.campinglesoleildor.com\/it\/campeggio-gironda\/campeggio-economico-gironde\/#primaryimage"},"image":{"@id":"https:\/\/www.campinglesoleildor.com\/it\/campeggio-gironda\/campeggio-economico-gironde\/#primaryimage"},"thumbnailUrl":"https:\/\/www.campinglesoleildor.com\/wp-content\/uploads\/2023\/03\/vacances-camping-gironde.jpg","datePublished":"2024-04-25T07:51:51+00:00","dateModified":"2024-04-25T14:53:23+00:00","description":"Fate il grande passo e partite per le vacanze con tutta la famiglia in un campeggio 3 stelle economico a Montalivet nella Gironda!","breadcrumb":{"@id":"https:\/\/www.campinglesoleildor.com\/it\/campeggio-gironda\/campeggio-economico-gironde\/#breadcrumb"},"inLanguage":"it-IT","potentialAction":[{"@type":"ReadAction","target":["https:\/\/www.campinglesoleildor.com\/it\/campeggio-gironda\/campeggio-economico-gironde\/"]}]},{"@type":"ImageObject","inLanguage":"it-IT","@id":"https:\/\/www.campinglesoleildor.com\/it\/campeggio-gironda\/campeggio-economico-gironde\/#primaryimage","url":"https:\/\/www.campinglesoleildor.com\/wp-content\/uploads\/2023\/03\/vacances-camping-gironde.jpg","contentUrl":"https:\/\/www.campinglesoleildor.com\/wp-content\/uploads\/2023\/03\/vacances-camping-gironde.jpg","width":1920,"height":1439},{"@type":"BreadcrumbList","@id":"https:\/\/www.campinglesoleildor.com\/it\/campeggio-gironda\/campeggio-economico-gironde\/#breadcrumb","itemListElement":[{"@type":"ListItem","position":1,"name":"Camping Montalivet","item":"https:\/\/www.campinglesoleildor.com\/it\/"},{"@type":"ListItem","position":2,"name":"Campeggio in Gironda","item":"https:\/\/www.campinglesoleildor.com\/it\/campeggio-gironda\/"},{"@type":"ListItem","position":3,"name":"Campeggio economico nella Gironda"}]},{"@type":"WebSite","@id":"https:\/\/www.campinglesoleildor.com\/it\/#website","url":"https:\/\/www.campinglesoleildor.com\/it\/","name":"Camping le soleil d&#039;or","description":"","potentialAction":[{"@type":"SearchAction","target":{"@type":"EntryPoint","urlTemplate":"https:\/\/www.campinglesoleildor.com\/it\/?s={search_term_string}"},"query-input":{"@type":"PropertyValueSpecification","valueRequired":true,"valueName":"search_term_string"}}],"inLanguage":"it-IT"}]}},"_links":{"self":[{"href":"https:\/\/www.campinglesoleildor.com\/it\/wp-json\/wp\/v2\/pages\/7955","targetHints":{"allow":["GET"]}}],"collection":[{"href":"https:\/\/www.campinglesoleildor.com\/it\/wp-json\/wp\/v2\/pages"}],"about":[{"href":"https:\/\/www.campinglesoleildor.com\/it\/wp-json\/wp\/v2\/types\/page"}],"author":[{"embeddable":true,"href":"https:\/\/www.campinglesoleildor.com\/it\/wp-json\/wp\/v2\/users\/1"}],"replies":[{"embeddable":true,"href":"https:\/\/www.campinglesoleildor.com\/it\/wp-json\/wp\/v2\/comments?post=7955"}],"version-history":[{"count":2,"href":"https:\/\/www.campinglesoleildor.com\/it\/wp-json\/wp\/v2\/pages\/7955\/revisions"}],"predecessor-version":[{"id":7962,"href":"https:\/\/www.campinglesoleildor.com\/it\/wp-json\/wp\/v2\/pages\/7955\/revisions\/7962"}],"up":[{"embeddable":true,"href":"https:\/\/www.campinglesoleildor.com\/it\/wp-json\/wp\/v2\/pages\/7947"}],"wp:featuredmedia":[{"embeddable":true,"href":"https:\/\/www.campinglesoleildor.com\/it\/wp-json\/wp\/v2\/media\/7956"}],"wp:attachment":[{"href":"https:\/\/www.campinglesoleildor.com\/it\/wp-json\/wp\/v2\/media?parent=7955"}],"curies":[{"name":"wp","href":"https:\/\/api.w.org\/{rel}","templated":true}]}}