{"id":7952,"date":"2023-07-11T09:54:45","date_gmt":"2023-07-11T07:54:45","guid":{"rendered":"https:\/\/www.campinglesoleildor.com\/campeggio-gironda\/camping-gironde-bord-mer\/"},"modified":"2024-04-25T16:51:53","modified_gmt":"2024-04-25T14:51:53","slug":"campeggio-gironde-sul-mare","status":"publish","type":"page","link":"https:\/\/www.campinglesoleildor.com\/it\/campeggio-gironda\/campeggio-gironde-sul-mare\/","title":{"rendered":"Gironde Bord de Mer"},"content":{"rendered":"<div class=\"bloc-texte full\"><div class=\"texte center\"><p>Sogni di trascorrere le tue prossime vacanze in Nouvelle-Aquitaine, una bella regione nel sud-ovest della Francia? Le Soleil d&#8217;Or, campeggio in Gironda in riva al mare, ti apre le sue porte per notti rigeneranti e ti propone l&#8217;affitto di una confortevole casa mobile o di una spaziosa piazzola. Questo <a href=\"\/it\/\">campeggio situato a Vendays-Montalivet<\/a> ti propone un soggiorno ideale in famiglia grazie ai servizi stellati e ad una posizione ideale, a pochi passi dalla spiaggia e dai siti turistici pi\u00f9 belli della zona (Soulac-sur-Mer, Lacanau, il Bassin d &#8216;Arcachon, Cap-Ferret, Lago Hourtin)!<\/p>\n<\/div><\/div>\n\n<div class=\"text-image-new style1 image-right background-marron\"><div class=\"text-image-new-colonne\"><H2 class=\"text-image-new-titre\">Affittare una casa mobile o una piazzola vicino alla spiaggia a Vendays-Montalivet<\/H2><div class=\"text-image-new-content\"><p>Vieni a trascorrere le tue vacanze in Nuova Aquitania e vuoi scegliere uno dei migliori campeggi della regione? Non cercare oltre e scopri Soleil d&#8217;Or, un campeggio in Gironda in riva al mare. Il nostro dominio stellato ti accoglie calorosamente in famiglia con bambini o con i tuoi amici per notti rilassanti nel sud della Francia. Per questo soggiorno potrete scegliere tra l&#8217;affitto di una casa mobile se desiderate camere accoglienti o addirittura climatizzate (da 1 a 6 persone) e l&#8217;affitto di una piazzola per la vostra tenda, camper o roulotte se amate stare in armonia con la natura. . Inoltre il nostro campeggio vi offre servizi da star: dalla fornitura delle attrezzature quotidiane all&#8217;area giochi per bambini fino al bar per godersi un drink romantico! Se hai bisogno di ulteriori informazioni sui nostri alloggi o sulle nostre attivit\u00e0, non esitare a contattarci!<\/p>\n<\/div><\/div><div class=\"text-image-new-colonne\"><img decoding=\"async\" src=\"https:\/\/www.campinglesoleildor.com\/wp-content\/uploads\/2022\/07\/mobil-home-morbihan-capucine-Ext-800x534-1.jpg\" alt=\"noleggio casa mobile montalivet\" class=\"text-image-new-thumb\" \/><\/div><\/div>\n\n<div class=\"text-image-new style1 image-left\"><div class=\"text-image-new-colonne\"><H2 class=\"text-image-new-titre\">Prenotazione di alloggio in un campeggio in riva al mare in Gironda<\/H2><div class=\"text-image-new-content\"><p>Oltre ad un&#8217;accogliente casa mobile in affitto o ad ampie piazzole, il nostro campeggio in Gironda in riva al mare beneficia di una posizione geografica ideale, vicino alla spiaggia. Questo accesso alla spiaggia vi offre un pomeriggio in famiglia all&#8217;abbronzatura sulla sabbia fine e una nuotata nell&#8217;Oceano Atlantico. Potrai finalmente scoprire le diverse attivit\u00e0 acquatiche che divertiranno grandi e piccini: dal surf al paddle boarding! Non c&#8217;\u00e8 pi\u00f9 bisogno di una piscina per fare un tuffo, tutto \u00e8 a portata di mano in questa destinazione del M\u00e9doc! Scopri subito uno dei migliori campeggi della Nuova Aquitania!<\/p>\n<\/div><\/div><div class=\"text-image-new-colonne\"><img decoding=\"async\" src=\"https:\/\/www.campinglesoleildor.com\/wp-content\/uploads\/2024\/04\/camping-gironde-bord-de-mer.jpg\" alt=\"Campeggio sul mare della Gironda\" class=\"text-image-new-thumb\" \/><\/div><\/div>\n\n<div class=\"text-image-new style1 image-right background-marron\"><div class=\"text-image-new-colonne\"><H2 class=\"text-image-new-titre\">Soggiorna in un campeggio in riva all&#8217;oceano, vicino ai pi\u00f9 bei siti turistici della Nuova Aquitania<\/H2><div class=\"text-image-new-content\"><p>Se il nostro campeggio in Gironda sul mare ti propone i suoi alloggi e la spiaggia di Vendays-Montalivet a pochi passi, nelle vicinanze si trovano anche numerosi siti imperdibili:<\/p>\n<h3>Il bacino di Arcachon<\/h3>\n<p>Situato nel cuore della Gironda, il bacino di Arcachon \u00e8 una meraviglia naturale e culturale che offre ai visitatori un&#8217;esperienza unica. Questa laguna mesotidale si estende per quasi 150 chilometri\u00b2 ed \u00e8 nota per la sua ricca biodiversit\u00e0.<\/p>\n<h3>Cap Ferret<\/h3>\n<p>Questo capo francese che forma una barriera costiera si trova all&#8217;estremit\u00e0 meridionale della penisola di L\u00e8ge-Cap-Ferret nella Gironda. A Cap-Ferret, l&#8217;Oceano Atlantico incontra le acque calme del bacino di Arcachon, creando un paesaggio contrastante di spiagge selvagge e calette tranquille.<\/p>\n<\/div><\/div><div class=\"text-image-new-colonne\"><img decoding=\"async\" src=\"https:\/\/www.campinglesoleildor.com\/wp-content\/uploads\/2022\/10\/VANNES1.jpg\" alt=\"camping \" class=\"text-image-new-thumb\" \/><\/div><\/div>\n\n<div class=\"text-image-new style1 image-left\"><div class=\"text-image-new-colonne\"><div class=\"text-image-new-content\"><h3>Soulac-sur-Mer<\/h3>\n<p>Stazione balneare essenziale vicino a Vendays-Montalivet nel M\u00e9doc, Soulac-sur-Mer \u00e8 circondata dall&#8217;Oceano Atlantico e dalla foresta delle Landes. \u00c8 conosciuta per le sue vaste spiagge di sabbia fine e le sue onde, che deliziano gli appassionati di nuoto e surf.<\/p>\n<h3>Lacanau<\/h3>\n<p>Citt\u00e0 dinamica nel sud della Francia, Lacanau \u00e8 nota per le sue spiagge di sabbia fine sulla Costa d&#8217;Argento. Il Lac de Lacanau, un vasto specchio d&#8217;acqua circondato da boschi di pini e querce da sughero, offre un ambiente tranquillo per nuotare, andare in barca a vela, andare in canoa e pescare.<\/p>\n<\/div><\/div><div class=\"text-image-new-colonne\"><img decoding=\"async\" src=\"https:\/\/www.campinglesoleildor.com\/wp-content\/uploads\/2024\/04\/tourisme-camping-gironde.jpg\" alt=\"Turismo in campeggio nella Gironda\" class=\"text-image-new-thumb\" \/><\/div><\/div>\n\n<div class=\"bloc-texte full\"><div class=\"texte center\"><p>Pronti a trascorrere una vacanza speciale in uno dei campeggi pi\u00f9 belli vicino alla spiaggia? Scopri Soleil d&#8217;Or, un campeggio in riva al mare nella Gironda. Nella nostra struttura stellata non c&#8217;\u00e8 bisogno di parco acquatico con piscina: il mare \u00e8 a due passi dal campeggio! La nostra tenuta si trova anche vicino ad altre spiagge imperdibili: Soulac-sur-Mer, Cap-Ferret, Lacanau e il bacino di Arcachon. Dopo il tuo epico viaggio attraverso la Nuova Aquitania, trascorri notti rigeneranti in una casa mobile o affittando una spaziosa piazzola per la tua tenda!<\/p>\n<\/div><\/div>","protected":false},"excerpt":{"rendered":"","protected":false},"author":1,"featured_media":7954,"parent":7947,"menu_order":0,"comment_status":"closed","ping_status":"closed","template":"","meta":{"_acf_changed":false,"footnotes":""},"class_list":["post-7952","page","type-page","status-publish","has-post-thumbnail","hentry"],"acf":[],"yoast_head":"<!-- This site is optimized with the Yoast SEO plugin v27.3 - https:\/\/yoast.com\/product\/yoast-seo-wordpress\/ -->\n<title>Camping Gironde sul mare con accesso diretto alla spiaggia<\/title>\n<meta name=\"description\" content=\"Scopri il nostro campeggio in riva al mare, con accesso diretto alla spiaggia e vieni a ricaricare le batterie al campeggio Soleil d&#039;Or a Montalivet, Gironda.\" \/>\n<meta name=\"robots\" content=\"index, follow, max-snippet:-1, max-image-preview:large, max-video-preview:-1\" \/>\n<link rel=\"canonical\" href=\"https:\/\/www.campinglesoleildor.com\/it\/campeggio-gironda\/campeggio-gironde-sul-mare\/\" \/>\n<meta property=\"og:locale\" content=\"it_IT\" \/>\n<meta property=\"og:type\" content=\"article\" \/>\n<meta property=\"og:title\" content=\"Camping Gironde sul mare con accesso diretto alla spiaggia\" \/>\n<meta property=\"og:description\" content=\"Scopri il nostro campeggio in riva al mare, con accesso diretto alla spiaggia e vieni a ricaricare le batterie al campeggio Soleil d&#039;Or a Montalivet, Gironda.\" \/>\n<meta property=\"og:url\" content=\"https:\/\/www.campinglesoleildor.com\/it\/campeggio-gironda\/campeggio-gironde-sul-mare\/\" \/>\n<meta property=\"og:site_name\" content=\"Camping le soleil d&#039;or\" \/>\n<meta property=\"article:modified_time\" content=\"2024-04-25T14:51:53+00:00\" \/>\n<meta property=\"og:image\" content=\"https:\/\/www.campinglesoleildor.com\/wp-content\/uploads\/2023\/02\/phototeque5-W.jpg\" \/>\n\t<meta property=\"og:image:width\" content=\"1275\" \/>\n\t<meta property=\"og:image:height\" content=\"850\" \/>\n\t<meta property=\"og:image:type\" content=\"image\/jpeg\" \/>\n<meta name=\"twitter:card\" content=\"summary_large_image\" \/>\n<script type=\"application\/ld+json\" class=\"yoast-schema-graph\">{\"@context\":\"https:\\\/\\\/schema.org\",\"@graph\":[{\"@type\":\"WebPage\",\"@id\":\"https:\\\/\\\/www.campinglesoleildor.com\\\/it\\\/campeggio-gironda\\\/campeggio-gironde-sul-mare\\\/\",\"url\":\"https:\\\/\\\/www.campinglesoleildor.com\\\/it\\\/campeggio-gironda\\\/campeggio-gironde-sul-mare\\\/\",\"name\":\"Camping Gironde sul mare con accesso diretto alla spiaggia\",\"isPartOf\":{\"@id\":\"https:\\\/\\\/www.campinglesoleildor.com\\\/it\\\/#website\"},\"primaryImageOfPage\":{\"@id\":\"https:\\\/\\\/www.campinglesoleildor.com\\\/it\\\/campeggio-gironda\\\/campeggio-gironde-sul-mare\\\/#primaryimage\"},\"image\":{\"@id\":\"https:\\\/\\\/www.campinglesoleildor.com\\\/it\\\/campeggio-gironda\\\/campeggio-gironde-sul-mare\\\/#primaryimage\"},\"thumbnailUrl\":\"https:\\\/\\\/www.campinglesoleildor.com\\\/wp-content\\\/uploads\\\/2023\\\/02\\\/phototeque5-W.jpg\",\"datePublished\":\"2023-07-11T07:54:45+00:00\",\"dateModified\":\"2024-04-25T14:51:53+00:00\",\"description\":\"Scopri il nostro campeggio in riva al mare, con accesso diretto alla spiaggia e vieni a ricaricare le batterie al campeggio Soleil d'Or a Montalivet, Gironda.\",\"breadcrumb\":{\"@id\":\"https:\\\/\\\/www.campinglesoleildor.com\\\/it\\\/campeggio-gironda\\\/campeggio-gironde-sul-mare\\\/#breadcrumb\"},\"inLanguage\":\"it-IT\",\"potentialAction\":[{\"@type\":\"ReadAction\",\"target\":[\"https:\\\/\\\/www.campinglesoleildor.com\\\/it\\\/campeggio-gironda\\\/campeggio-gironde-sul-mare\\\/\"]}]},{\"@type\":\"ImageObject\",\"inLanguage\":\"it-IT\",\"@id\":\"https:\\\/\\\/www.campinglesoleildor.com\\\/it\\\/campeggio-gironda\\\/campeggio-gironde-sul-mare\\\/#primaryimage\",\"url\":\"https:\\\/\\\/www.campinglesoleildor.com\\\/wp-content\\\/uploads\\\/2023\\\/02\\\/phototeque5-W.jpg\",\"contentUrl\":\"https:\\\/\\\/www.campinglesoleildor.com\\\/wp-content\\\/uploads\\\/2023\\\/02\\\/phototeque5-W.jpg\",\"width\":1275,\"height\":850},{\"@type\":\"BreadcrumbList\",\"@id\":\"https:\\\/\\\/www.campinglesoleildor.com\\\/it\\\/campeggio-gironda\\\/campeggio-gironde-sul-mare\\\/#breadcrumb\",\"itemListElement\":[{\"@type\":\"ListItem\",\"position\":1,\"name\":\"Camping Montalivet\",\"item\":\"https:\\\/\\\/www.campinglesoleildor.com\\\/it\\\/\"},{\"@type\":\"ListItem\",\"position\":2,\"name\":\"Campeggio in Gironda\",\"item\":\"https:\\\/\\\/www.campinglesoleildor.com\\\/it\\\/campeggio-gironda\\\/\"},{\"@type\":\"ListItem\",\"position\":3,\"name\":\"Campeggio in riva al mare Gironda\"}]},{\"@type\":\"WebSite\",\"@id\":\"https:\\\/\\\/www.campinglesoleildor.com\\\/it\\\/#website\",\"url\":\"https:\\\/\\\/www.campinglesoleildor.com\\\/it\\\/\",\"name\":\"Camping le soleil d&#039;or\",\"description\":\"\",\"potentialAction\":[{\"@type\":\"SearchAction\",\"target\":{\"@type\":\"EntryPoint\",\"urlTemplate\":\"https:\\\/\\\/www.campinglesoleildor.com\\\/it\\\/?s={search_term_string}\"},\"query-input\":{\"@type\":\"PropertyValueSpecification\",\"valueRequired\":true,\"valueName\":\"search_term_string\"}}],\"inLanguage\":\"it-IT\"}]}<\/script>\n<!-- \/ Yoast SEO plugin. -->","yoast_head_json":{"title":"Camping Gironde sul mare con accesso diretto alla spiaggia","description":"Scopri il nostro campeggio in riva al mare, con accesso diretto alla spiaggia e vieni a ricaricare le batterie al campeggio Soleil d'Or a Montalivet, Gironda.","robots":{"index":"index","follow":"follow","max-snippet":"max-snippet:-1","max-image-preview":"max-image-preview:large","max-video-preview":"max-video-preview:-1"},"canonical":"https:\/\/www.campinglesoleildor.com\/it\/campeggio-gironda\/campeggio-gironde-sul-mare\/","og_locale":"it_IT","og_type":"article","og_title":"Camping Gironde sul mare con accesso diretto alla spiaggia","og_description":"Scopri il nostro campeggio in riva al mare, con accesso diretto alla spiaggia e vieni a ricaricare le batterie al campeggio Soleil d'Or a Montalivet, Gironda.","og_url":"https:\/\/www.campinglesoleildor.com\/it\/campeggio-gironda\/campeggio-gironde-sul-mare\/","og_site_name":"Camping le soleil d&#039;or","article_modified_time":"2024-04-25T14:51:53+00:00","og_image":[{"width":1275,"height":850,"url":"https:\/\/www.campinglesoleildor.com\/wp-content\/uploads\/2023\/02\/phototeque5-W.jpg","type":"image\/jpeg"}],"twitter_card":"summary_large_image","schema":{"@context":"https:\/\/schema.org","@graph":[{"@type":"WebPage","@id":"https:\/\/www.campinglesoleildor.com\/it\/campeggio-gironda\/campeggio-gironde-sul-mare\/","url":"https:\/\/www.campinglesoleildor.com\/it\/campeggio-gironda\/campeggio-gironde-sul-mare\/","name":"Camping Gironde sul mare con accesso diretto alla spiaggia","isPartOf":{"@id":"https:\/\/www.campinglesoleildor.com\/it\/#website"},"primaryImageOfPage":{"@id":"https:\/\/www.campinglesoleildor.com\/it\/campeggio-gironda\/campeggio-gironde-sul-mare\/#primaryimage"},"image":{"@id":"https:\/\/www.campinglesoleildor.com\/it\/campeggio-gironda\/campeggio-gironde-sul-mare\/#primaryimage"},"thumbnailUrl":"https:\/\/www.campinglesoleildor.com\/wp-content\/uploads\/2023\/02\/phototeque5-W.jpg","datePublished":"2023-07-11T07:54:45+00:00","dateModified":"2024-04-25T14:51:53+00:00","description":"Scopri il nostro campeggio in riva al mare, con accesso diretto alla spiaggia e vieni a ricaricare le batterie al campeggio Soleil d'Or a Montalivet, Gironda.","breadcrumb":{"@id":"https:\/\/www.campinglesoleildor.com\/it\/campeggio-gironda\/campeggio-gironde-sul-mare\/#breadcrumb"},"inLanguage":"it-IT","potentialAction":[{"@type":"ReadAction","target":["https:\/\/www.campinglesoleildor.com\/it\/campeggio-gironda\/campeggio-gironde-sul-mare\/"]}]},{"@type":"ImageObject","inLanguage":"it-IT","@id":"https:\/\/www.campinglesoleildor.com\/it\/campeggio-gironda\/campeggio-gironde-sul-mare\/#primaryimage","url":"https:\/\/www.campinglesoleildor.com\/wp-content\/uploads\/2023\/02\/phototeque5-W.jpg","contentUrl":"https:\/\/www.campinglesoleildor.com\/wp-content\/uploads\/2023\/02\/phototeque5-W.jpg","width":1275,"height":850},{"@type":"BreadcrumbList","@id":"https:\/\/www.campinglesoleildor.com\/it\/campeggio-gironda\/campeggio-gironde-sul-mare\/#breadcrumb","itemListElement":[{"@type":"ListItem","position":1,"name":"Camping Montalivet","item":"https:\/\/www.campinglesoleildor.com\/it\/"},{"@type":"ListItem","position":2,"name":"Campeggio in Gironda","item":"https:\/\/www.campinglesoleildor.com\/it\/campeggio-gironda\/"},{"@type":"ListItem","position":3,"name":"Campeggio in riva al mare Gironda"}]},{"@type":"WebSite","@id":"https:\/\/www.campinglesoleildor.com\/it\/#website","url":"https:\/\/www.campinglesoleildor.com\/it\/","name":"Camping le soleil d&#039;or","description":"","potentialAction":[{"@type":"SearchAction","target":{"@type":"EntryPoint","urlTemplate":"https:\/\/www.campinglesoleildor.com\/it\/?s={search_term_string}"},"query-input":{"@type":"PropertyValueSpecification","valueRequired":true,"valueName":"search_term_string"}}],"inLanguage":"it-IT"}]}},"_links":{"self":[{"href":"https:\/\/www.campinglesoleildor.com\/it\/wp-json\/wp\/v2\/pages\/7952","targetHints":{"allow":["GET"]}}],"collection":[{"href":"https:\/\/www.campinglesoleildor.com\/it\/wp-json\/wp\/v2\/pages"}],"about":[{"href":"https:\/\/www.campinglesoleildor.com\/it\/wp-json\/wp\/v2\/types\/page"}],"author":[{"embeddable":true,"href":"https:\/\/www.campinglesoleildor.com\/it\/wp-json\/wp\/v2\/users\/1"}],"replies":[{"embeddable":true,"href":"https:\/\/www.campinglesoleildor.com\/it\/wp-json\/wp\/v2\/comments?post=7952"}],"version-history":[{"count":2,"href":"https:\/\/www.campinglesoleildor.com\/it\/wp-json\/wp\/v2\/pages\/7952\/revisions"}],"predecessor-version":[{"id":7959,"href":"https:\/\/www.campinglesoleildor.com\/it\/wp-json\/wp\/v2\/pages\/7952\/revisions\/7959"}],"up":[{"embeddable":true,"href":"https:\/\/www.campinglesoleildor.com\/it\/wp-json\/wp\/v2\/pages\/7947"}],"wp:featuredmedia":[{"embeddable":true,"href":"https:\/\/www.campinglesoleildor.com\/it\/wp-json\/wp\/v2\/media\/7954"}],"wp:attachment":[{"href":"https:\/\/www.campinglesoleildor.com\/it\/wp-json\/wp\/v2\/media?parent=7952"}],"curies":[{"name":"wp","href":"https:\/\/api.w.org\/{rel}","templated":true}]}}