{"id":7926,"date":"2023-07-10T11:05:28","date_gmt":"2023-07-10T09:05:28","guid":{"rendered":"https:\/\/www.campinglesoleildor.com\/camping-pas-cher-montalivet\/"},"modified":"2024-04-25T17:23:30","modified_gmt":"2024-04-25T15:23:30","slug":"campeggio-economico-montalivet","status":"publish","type":"page","link":"https:\/\/www.campinglesoleildor.com\/it\/campeggio-economico-montalivet\/","title":{"rendered":"Pas Cher"},"content":{"rendered":"<div class=\"bloc-texte full\"><div class=\"texte center\"><p>Il nostro campeggio Le Soleil d&#8217;Or \u00e8 la tua destinazione preferita per un soggiorno a Montalivet senza compromettere il tuo budget. Situato nel cuore della natura mozzafiato della regione e in riva al mare, il nostro campeggio economico Montalivet offre un&#8217;esperienza di vacanza indimenticabile che unisce relax e avventura. Nel nostro campeggio sappiamo che una vacanza riuscita non deve essere necessariamente costosa. Ecco perch\u00e9 offriamo servizi di alta qualit\u00e0 a tariffe vantaggiose, cos\u00ec potrai goderti appieno il tuo soggiorno senza preoccuparti delle spese. Che tu sia alla ricerca di tranquillit\u00e0 in un ambiente naturale pittoresco o di attivit\u00e0 divertenti e scoperte locali, il nostro campeggio economico a Montalivet \u00e8 il luogo ideale per te e la tua famiglia.<\/p>\n<\/div><\/div>\n\n<div class=\"titre-block\"><h2 class=\"titre center\">Scopri i nostri prezzi<\/h2><\/div>\n\n<div class=\"frame\"><div class=\"ctoutvert\">\r\n    <ctv-availability data-background-color=\"#FFFFFFFF\" ><\/ctv-availability>\r\n<\/div><\/div>\n\n<div class=\"liste-de-page-icones-container\"><h2>I servizi 3 stelle del nostro campeggio economico a Montalivet<\/h2><div class=\"liste-de-page-icones\"><a href=\"https:\/\/www.campinglesoleildor.com\/it\/attivita\/\" class=\"cta-icone\"><img decoding=\"async\" src=\"https:\/\/www.campinglesoleildor.com\/wp-content\/uploads\/2024\/04\/loisirs.png\" alt=\"loisirs\"><p>Attivit\u00e0 e intrattenimento<\/p><\/a><a href=\"https:\/\/www.campinglesoleildor.com\/it\/servizi\/\" class=\"cta-icone\"><img decoding=\"async\" src=\"https:\/\/www.campinglesoleildor.com\/wp-content\/uploads\/2024\/04\/services.png\" alt=\"services\"><p>Servizi<\/p><\/a><a href=\"https:\/\/www.campinglesoleildor.com\/it\/acquisto-casa-mobile-gironde\/\" class=\"cta-icone\"><img decoding=\"async\" src=\"https:\/\/www.campinglesoleildor.com\/wp-content\/uploads\/2024\/04\/devenir-proprietaire.png\" alt=\"devenir propri\u00e9taire\"><p>Diventa proprietario<\/p><\/a><a href=\"https:\/\/www.campinglesoleildor.com\/it\/piazzole\/\" class=\"cta-icone\"><img decoding=\"async\" src=\"https:\/\/www.campinglesoleildor.com\/wp-content\/uploads\/2024\/04\/emplacements.png\" alt=\"emplacements\"><p>Prenota la mia posizione<\/p><\/a><a href=\"https:\/\/www.campinglesoleildor.com\/it\/noleggio-casa-mobile-montalivet\/\" class=\"cta-icone\"><img decoding=\"async\" src=\"https:\/\/www.campinglesoleildor.com\/wp-content\/uploads\/2024\/04\/logements-equipes.png\" alt=\"logements \u00e9quip\u00e9s\"><p>Prenota la mia casa mobile<\/p><\/a><\/div><\/div>\n\n<div class=\"text-image-new style1 image-left\"><div class=\"text-image-new-colonne\"><H2 class=\"text-image-new-titre\">Sistemazione nel nostro campeggio economico a Montalivet<\/H2><div class=\"text-image-new-content\"><p>Il nostro campeggio economico a Montalivet ti offre un&#8217;ampia scelta di alloggi in affitto per il tuo soggiorno economico. Offriamo varie piazzole da 100 a 200 mq, idealmente attrezzate per le vostre tende e camper, e in grado di ospitare da 1 a 16 persone. Approfitta, come bonus, di uno sconto speciale del 10% per soggiorni lunghi in bassa stagione, un altro vantaggio della nostra conveniente offerta campeggio.<\/p>\n<p>Il nostro campeggio in Gironda \u00e8 situato in una posizione ideale a due passi dal mare e ti offre una gamma di alloggi che soddisfa le tue esigenze e preferenze: case mobili standard, case mobili comfort e comfort elevato e persino case mobili premium per vacanze confortevoli prezzi bassi. I nostri alloggi hanno una superficie di 28 mq e, per famiglie o gruppi pi\u00f9 numerosi, offriamo case mobili con una superficie di 35 mq che possono ospitare fino a 6 persone nelle sue diverse stanze.<\/p>\n<\/div><p class=\"lire-plus\">Per saperne di pi\u00f9<\/p><div class=\"text-image-new-content-more hide\"><p>Tutte le nostre case mobili in affitto offrono da 2 a 3 camere da letto separate per garantire la tua privacy e il tuo comfort. Tutte le nostre case mobili sono dotate di riscaldamento, cucina attrezzata, soggiorno, bagno, WC, wifi e terrazza. Nelle case mobili molto confortevoli e premium beneficerete anche dell&#8217;aria condizionata. Inoltre, alcuni dei nostri alloggi offrono una magnifica vista sul mare. Accogliamo anche i vostri animali domestici (a condizioni). Scegli il nostro campeggio economico a Montalivet, per qualche notte o una settimana di vacanza tranquilla ed economica.<\/p>\n<\/div><p class=\"lire-moins hide\">Leggi di meno<\/p><\/div><div class=\"text-image-new-colonne\"><img decoding=\"async\" src=\"https:\/\/www.campinglesoleildor.com\/wp-content\/uploads\/2023\/02\/Mh-premium-3ch-2-W.jpg\" alt=\"casa mobile economica Gironda\" class=\"text-image-new-thumb\" \/><\/div><\/div>\n\n<div class=\"text-image-new style1 image-right background-marron\"><div class=\"text-image-new-colonne\"><H2 class=\"text-image-new-titre\">Un campeggio economico situato in una posizione ideale a Montalivet<\/H2><div class=\"text-image-new-content\"><p>Nel cuore del M\u00e9doc in Gironda, il nostro campeggio economico a Montalivet \u00e8 il punto di partenza ideale per esplorare la regione e praticare numerose attivit\u00e0 durante le vostre vacanze. Approfitta del tuo soggiorno per vivere momenti indimenticabili in famiglia o tra amici praticando gli sport da tavola nel nostro campeggio 3 stelle a Montalivet. Questa \u00e8 l&#8217;occasione ideale per unire divertimento e attivit\u00e0 fisica. Concedetevi quindi una dolce pausa trascorrendo un pomeriggio al lago Hourtin nel M\u00e9doc in Francia. In programma potrebbe essere anche un giro in pedal\u00f2, catamarano o pedal\u00f2. Non dimenticare il tuo picnic!<\/p>\n<p>Nel cuore del M\u00e9doc, il nostro campeggio economico a Montalivet vi invita a scoprire la serenit\u00e0 dei 6.000 ettari di pini e querce che delimitano la stazione balneare di Vendays-Montalivet. Bisogna essere attenti e discreti per avere la possibilit\u00e0 di vedere i caprioli, i cinghiali o i cervi che popolano questi boschi. Goditi l&#8217;oceano e la natura grazie ai servizi disponibili in loco. Gli amanti degli spazi verdi saranno deliziati dai 30 chilometri di piste ciclabili e 40 chilometri di sentieri escursionistici. Partite per incontrare la fauna e la flora del M\u00e9doc percorrendo i sentieri del Parco Naturale dello Stagno di Casseau e il sentiero della Berle. Scopri la storia della regione visitando i castelli, quindi termina la tua visita con un&#8217;escursione al faro di Cordouan. Infine, assapora il terroir del M\u00e9doc in Aquitania nei numerosi mercati che si affacciano sulla Gironda.<\/p>\n<\/div><p class=\"lire-plus\">Per saperne di pi\u00f9<\/p><div class=\"text-image-new-content-more hide\"><p>La Gironda, un dipartimento situato nel sud-ovest della Francia, in Aquitania, attira ogni anno numerosi turisti grazie alla sua posizione idilliaca lungo la costa atlantica e alla sua ricca natura, in particolare i famosi pini. Molti siti, come la duna del Pilat, la grotta di Pair-non-Pair e altri parchi naturali regionali, sono diventati essenziali. La Gironda possiede una vera e propria identit\u00e0 storica, culturale e gastronomica che potrete scoprire e apprezzare passeggiando per Bordeaux o Saint \u00c9milion. Prenota le tue prossime vacanze a prezzi bassi in questo dipartimento ricco di scoperte optando per il nostro campeggio economico a Montalivet in Gironda.<\/p>\n<\/div><p class=\"lire-moins hide\">Leggi di meno<\/p><\/div><div class=\"text-image-new-colonne\"><img decoding=\"async\" src=\"https:\/\/www.campinglesoleildor.com\/wp-content\/uploads\/2024\/04\/camping-montalivet-soleil-dor.jpg\" alt=\"campeggio economico montalivet\" class=\"text-image-new-thumb\" \/><\/div><\/div>\n\n<div class=\"text-image-new style1 image-left\"><div class=\"text-image-new-colonne\"><H2 class=\"text-image-new-titre\">Goditi un campeggio a tariffe vantaggiose in riva al mare<\/H2><div class=\"text-image-new-content\"><p>Le piazzole e gli affitti del nostro campeggio economico a Montalivet beneficiano di una cornice eccezionale, a soli 100 metri dalla spiaggia di Montalivet. Approfitta di un alloggio in posizione ideale per il tuo soggiorno a basso prezzo, con accesso diretto alle spiagge della Costa d&#8217;Argento in Aquitania. Non c&#8217;\u00e8 bisogno di una piscina, ogni giorno avrai letteralmente i piedi nella sabbia e, in solo un A pochi passi, puoi accedere direttamente all&#8217;oceano da uno dei campeggi meglio posizionati di Vendays-Montalivet, in riva al mare. Ammira le albe e i tramonti, per sentire la bellezza e la grandiosit\u00e0 di questo paesaggio imperdibile. Potrai anche dedicarti a numerose attivit\u00e0 con i tuoi bambini senza dover percorrere molti chilometri, come la pesca, il sand yachting, il surf o il beach volley.<\/p>\n<p>Inoltre, il nostro campeggio economico a Montalivet ti offre un&#8217;ampia scelta di spiagge nelle vicinanze, permettendoti di goderti appieno l&#8217;aria di mare. Raggiungi con i tuoi ritmi e senza ingorghi le spiagge del Centro, del Nord e del Sud e goditi un piccolo angolo di paradiso, a costi contenuti, all&#8217;interno del nostro stabilimento all&#8217;aperto.<\/p>\n<\/div><\/div><div class=\"text-image-new-colonne\"><img decoding=\"async\" src=\"https:\/\/www.campinglesoleildor.com\/wp-content\/uploads\/2024\/04\/emplacement-camping-medoc.jpg\" alt=\"campeggio economico sul mare Gironda\" class=\"text-image-new-thumb\" \/><\/div><\/div>\n\n<div class=\"text-image-new style1 image-right background-marron\"><div class=\"text-image-new-colonne\"><H2 class=\"text-image-new-titre\">Goditi una seconda casa a una tariffa vantaggiosa nel nostro campeggio<\/H2><div class=\"text-image-new-content\"><p>Concedetevi l&#8217;opportunit\u00e0 di prolungare le vostre vacanze diventando proprietario di una casa mobile nel nostro campeggio economico a Montalivet, un campeggio a 3 stelle in riva al mare. Che si tratti di un modello nuovo o usato, puoi diventare proprietario di una seconda casa al mare, cos\u00ec potrai goderti questa magica cornice per tutto il tempo che vorrai, per momenti indimenticabili con i tuoi bambini.<\/p>\n<p>Sia che soggiorniate in bassa o in alta stagione, il M\u00e9doc ha molti tesori da offrirvi. Avrai tempo per scoprire tutta la ricchezza della Gironda e dell&#8217;Aquitania. Molte attivit\u00e0 sono disponibili durante tutto l&#8217;anno, come la pesca a piedi e in barca. Non c&#8217;\u00e8 bisogno di aspettare il periodo estivo per goderti i piaceri della spiaggia, il patrimonio del M\u00e9doc e le attivit\u00e0 nautiche offerte dall&#8217;Oceano Atlantico grazie al nostro conveniente campeggio a Vendays-Montalivet.<\/p>\n<\/div><p class=\"lire-plus\">Per saperne di pi\u00f9<\/p><div class=\"text-image-new-content-more hide\"><p>Avere un pied-\u00e0-terre nel nostro campeggio economico a Montalivet ti d\u00e0 la libert\u00e0 di andare e tornare per un fine settimana, una settimana, un mese o anche pi\u00f9; non appena si sente il richiamo dell&#8217;oceano e di Vendays-Montalivet. Questa cornice da sogno \u00e8 inesauribile e offre uno spettacolo notevole anche al di fuori dei periodi estivi.<\/p>\n<\/div><p class=\"lire-moins hide\">Leggi di meno<\/p><\/div><div class=\"text-image-new-colonne\"><img decoding=\"async\" src=\"https:\/\/www.campinglesoleildor.com\/wp-content\/uploads\/2022\/07\/mobil-home-morbihan-azalee-Ext-800x534-1.jpg\" alt=\"acquistare una mobil-home al mare nella Gironda\" class=\"text-image-new-thumb\" \/><\/div><\/div>","protected":false},"excerpt":{"rendered":"","protected":false},"author":1,"featured_media":7919,"parent":0,"menu_order":0,"comment_status":"closed","ping_status":"closed","template":"","meta":{"_acf_changed":false,"footnotes":""},"class_list":["post-7926","page","type-page","status-publish","has-post-thumbnail","hentry"],"acf":[],"yoast_head":"<!-- This site is optimized with the Yoast SEO plugin v27.5 - https:\/\/yoast.com\/product\/yoast-seo-wordpress\/ -->\n<title>Campeggio economico a Montalivet in riva al mare<\/title>\n<meta name=\"description\" content=\"Scopri le offerte del nostro campeggio a Montalivet, le Soleil d&#039;Or. Questo campeggio a 3 stelle a due passi dalla spiaggia \u00e8 l&#039;ideale per i budget ridotti.\" \/>\n<meta name=\"robots\" content=\"index, follow, max-snippet:-1, max-image-preview:large, max-video-preview:-1\" \/>\n<link rel=\"canonical\" href=\"https:\/\/www.campinglesoleildor.com\/it\/campeggio-economico-montalivet\/\" \/>\n<meta property=\"og:locale\" content=\"it_IT\" \/>\n<meta property=\"og:type\" content=\"article\" \/>\n<meta property=\"og:title\" content=\"Campeggio economico a Montalivet in riva al mare\" \/>\n<meta property=\"og:description\" content=\"Scopri le offerte del nostro campeggio a Montalivet, le Soleil d&#039;Or. Questo campeggio a 3 stelle a due passi dalla spiaggia \u00e8 l&#039;ideale per i budget ridotti.\" \/>\n<meta property=\"og:url\" content=\"https:\/\/www.campinglesoleildor.com\/it\/campeggio-economico-montalivet\/\" \/>\n<meta property=\"og:site_name\" content=\"Camping le soleil d&#039;or\" \/>\n<meta property=\"article:modified_time\" content=\"2024-04-25T15:23:30+00:00\" \/>\n<meta property=\"og:image\" content=\"https:\/\/www.campinglesoleildor.com\/wp-content\/uploads\/2022\/11\/RESERVATION-MH-1-scaled.jpg\" \/>\n\t<meta property=\"og:image:width\" content=\"2560\" \/>\n\t<meta property=\"og:image:height\" content=\"1493\" \/>\n\t<meta property=\"og:image:type\" content=\"image\/jpeg\" \/>\n<meta name=\"twitter:card\" content=\"summary_large_image\" \/>\n<script type=\"application\/ld+json\" class=\"yoast-schema-graph\">{\"@context\":\"https:\\\/\\\/schema.org\",\"@graph\":[{\"@type\":\"WebPage\",\"@id\":\"https:\\\/\\\/www.campinglesoleildor.com\\\/it\\\/campeggio-economico-montalivet\\\/\",\"url\":\"https:\\\/\\\/www.campinglesoleildor.com\\\/it\\\/campeggio-economico-montalivet\\\/\",\"name\":\"Campeggio economico a Montalivet in riva al mare\",\"isPartOf\":{\"@id\":\"https:\\\/\\\/www.campinglesoleildor.com\\\/it\\\/#website\"},\"primaryImageOfPage\":{\"@id\":\"https:\\\/\\\/www.campinglesoleildor.com\\\/it\\\/campeggio-economico-montalivet\\\/#primaryimage\"},\"image\":{\"@id\":\"https:\\\/\\\/www.campinglesoleildor.com\\\/it\\\/campeggio-economico-montalivet\\\/#primaryimage\"},\"thumbnailUrl\":\"https:\\\/\\\/www.campinglesoleildor.com\\\/wp-content\\\/uploads\\\/2022\\\/11\\\/RESERVATION-MH-1-scaled.jpg\",\"datePublished\":\"2023-07-10T09:05:28+00:00\",\"dateModified\":\"2024-04-25T15:23:30+00:00\",\"description\":\"Scopri le offerte del nostro campeggio a Montalivet, le Soleil d'Or. Questo campeggio a 3 stelle a due passi dalla spiaggia \u00e8 l'ideale per i budget ridotti.\",\"breadcrumb\":{\"@id\":\"https:\\\/\\\/www.campinglesoleildor.com\\\/it\\\/campeggio-economico-montalivet\\\/#breadcrumb\"},\"inLanguage\":\"it-IT\",\"potentialAction\":[{\"@type\":\"ReadAction\",\"target\":[\"https:\\\/\\\/www.campinglesoleildor.com\\\/it\\\/campeggio-economico-montalivet\\\/\"]}]},{\"@type\":\"ImageObject\",\"inLanguage\":\"it-IT\",\"@id\":\"https:\\\/\\\/www.campinglesoleildor.com\\\/it\\\/campeggio-economico-montalivet\\\/#primaryimage\",\"url\":\"https:\\\/\\\/www.campinglesoleildor.com\\\/wp-content\\\/uploads\\\/2022\\\/11\\\/RESERVATION-MH-1-scaled.jpg\",\"contentUrl\":\"https:\\\/\\\/www.campinglesoleildor.com\\\/wp-content\\\/uploads\\\/2022\\\/11\\\/RESERVATION-MH-1-scaled.jpg\",\"width\":2560,\"height\":1493},{\"@type\":\"BreadcrumbList\",\"@id\":\"https:\\\/\\\/www.campinglesoleildor.com\\\/it\\\/campeggio-economico-montalivet\\\/#breadcrumb\",\"itemListElement\":[{\"@type\":\"ListItem\",\"position\":1,\"name\":\"Camping Montalivet\",\"item\":\"https:\\\/\\\/www.campinglesoleildor.com\\\/it\\\/\"},{\"@type\":\"ListItem\",\"position\":2,\"name\":\"Affitto di case mobili a Montalivet\"}]},{\"@type\":\"WebSite\",\"@id\":\"https:\\\/\\\/www.campinglesoleildor.com\\\/it\\\/#website\",\"url\":\"https:\\\/\\\/www.campinglesoleildor.com\\\/it\\\/\",\"name\":\"Camping le soleil d&#039;or\",\"description\":\"\",\"potentialAction\":[{\"@type\":\"SearchAction\",\"target\":{\"@type\":\"EntryPoint\",\"urlTemplate\":\"https:\\\/\\\/www.campinglesoleildor.com\\\/it\\\/?s={search_term_string}\"},\"query-input\":{\"@type\":\"PropertyValueSpecification\",\"valueRequired\":true,\"valueName\":\"search_term_string\"}}],\"inLanguage\":\"it-IT\"}]}<\/script>\n<!-- \/ Yoast SEO plugin. -->","yoast_head_json":{"title":"Campeggio economico a Montalivet in riva al mare","description":"Scopri le offerte del nostro campeggio a Montalivet, le Soleil d'Or. Questo campeggio a 3 stelle a due passi dalla spiaggia \u00e8 l'ideale per i budget ridotti.","robots":{"index":"index","follow":"follow","max-snippet":"max-snippet:-1","max-image-preview":"max-image-preview:large","max-video-preview":"max-video-preview:-1"},"canonical":"https:\/\/www.campinglesoleildor.com\/it\/campeggio-economico-montalivet\/","og_locale":"it_IT","og_type":"article","og_title":"Campeggio economico a Montalivet in riva al mare","og_description":"Scopri le offerte del nostro campeggio a Montalivet, le Soleil d'Or. Questo campeggio a 3 stelle a due passi dalla spiaggia \u00e8 l'ideale per i budget ridotti.","og_url":"https:\/\/www.campinglesoleildor.com\/it\/campeggio-economico-montalivet\/","og_site_name":"Camping le soleil d&#039;or","article_modified_time":"2024-04-25T15:23:30+00:00","og_image":[{"width":2560,"height":1493,"url":"https:\/\/www.campinglesoleildor.com\/wp-content\/uploads\/2022\/11\/RESERVATION-MH-1-scaled.jpg","type":"image\/jpeg"}],"twitter_card":"summary_large_image","schema":{"@context":"https:\/\/schema.org","@graph":[{"@type":"WebPage","@id":"https:\/\/www.campinglesoleildor.com\/it\/campeggio-economico-montalivet\/","url":"https:\/\/www.campinglesoleildor.com\/it\/campeggio-economico-montalivet\/","name":"Campeggio economico a Montalivet in riva al mare","isPartOf":{"@id":"https:\/\/www.campinglesoleildor.com\/it\/#website"},"primaryImageOfPage":{"@id":"https:\/\/www.campinglesoleildor.com\/it\/campeggio-economico-montalivet\/#primaryimage"},"image":{"@id":"https:\/\/www.campinglesoleildor.com\/it\/campeggio-economico-montalivet\/#primaryimage"},"thumbnailUrl":"https:\/\/www.campinglesoleildor.com\/wp-content\/uploads\/2022\/11\/RESERVATION-MH-1-scaled.jpg","datePublished":"2023-07-10T09:05:28+00:00","dateModified":"2024-04-25T15:23:30+00:00","description":"Scopri le offerte del nostro campeggio a Montalivet, le Soleil d'Or. Questo campeggio a 3 stelle a due passi dalla spiaggia \u00e8 l'ideale per i budget ridotti.","breadcrumb":{"@id":"https:\/\/www.campinglesoleildor.com\/it\/campeggio-economico-montalivet\/#breadcrumb"},"inLanguage":"it-IT","potentialAction":[{"@type":"ReadAction","target":["https:\/\/www.campinglesoleildor.com\/it\/campeggio-economico-montalivet\/"]}]},{"@type":"ImageObject","inLanguage":"it-IT","@id":"https:\/\/www.campinglesoleildor.com\/it\/campeggio-economico-montalivet\/#primaryimage","url":"https:\/\/www.campinglesoleildor.com\/wp-content\/uploads\/2022\/11\/RESERVATION-MH-1-scaled.jpg","contentUrl":"https:\/\/www.campinglesoleildor.com\/wp-content\/uploads\/2022\/11\/RESERVATION-MH-1-scaled.jpg","width":2560,"height":1493},{"@type":"BreadcrumbList","@id":"https:\/\/www.campinglesoleildor.com\/it\/campeggio-economico-montalivet\/#breadcrumb","itemListElement":[{"@type":"ListItem","position":1,"name":"Camping Montalivet","item":"https:\/\/www.campinglesoleildor.com\/it\/"},{"@type":"ListItem","position":2,"name":"Affitto di case mobili a Montalivet"}]},{"@type":"WebSite","@id":"https:\/\/www.campinglesoleildor.com\/it\/#website","url":"https:\/\/www.campinglesoleildor.com\/it\/","name":"Camping le soleil d&#039;or","description":"","potentialAction":[{"@type":"SearchAction","target":{"@type":"EntryPoint","urlTemplate":"https:\/\/www.campinglesoleildor.com\/it\/?s={search_term_string}"},"query-input":{"@type":"PropertyValueSpecification","valueRequired":true,"valueName":"search_term_string"}}],"inLanguage":"it-IT"}]}},"_links":{"self":[{"href":"https:\/\/www.campinglesoleildor.com\/it\/wp-json\/wp\/v2\/pages\/7926","targetHints":{"allow":["GET"]}}],"collection":[{"href":"https:\/\/www.campinglesoleildor.com\/it\/wp-json\/wp\/v2\/pages"}],"about":[{"href":"https:\/\/www.campinglesoleildor.com\/it\/wp-json\/wp\/v2\/types\/page"}],"author":[{"embeddable":true,"href":"https:\/\/www.campinglesoleildor.com\/it\/wp-json\/wp\/v2\/users\/1"}],"replies":[{"embeddable":true,"href":"https:\/\/www.campinglesoleildor.com\/it\/wp-json\/wp\/v2\/comments?post=7926"}],"version-history":[{"count":4,"href":"https:\/\/www.campinglesoleildor.com\/it\/wp-json\/wp\/v2\/pages\/7926\/revisions"}],"predecessor-version":[{"id":8060,"href":"https:\/\/www.campinglesoleildor.com\/it\/wp-json\/wp\/v2\/pages\/7926\/revisions\/8060"}],"wp:featuredmedia":[{"embeddable":true,"href":"https:\/\/www.campinglesoleildor.com\/it\/wp-json\/wp\/v2\/media\/7919"}],"wp:attachment":[{"href":"https:\/\/www.campinglesoleildor.com\/it\/wp-json\/wp\/v2\/media?parent=7926"}],"curies":[{"name":"wp","href":"https:\/\/api.w.org\/{rel}","templated":true}]}}