{"id":7601,"date":"2021-08-24T10:33:49","date_gmt":"2021-08-24T08:33:49","guid":{"rendered":"https:\/\/www.campinglesoleildor.com\/a-voir\/"},"modified":"2024-04-25T12:23:50","modified_gmt":"2024-04-25T10:23:50","slug":"a-ver","status":"publish","type":"page","link":"https:\/\/www.campinglesoleildor.com\/es\/a-ver\/","title":{"rendered":"A voir"},"content":{"rendered":"<div class=\"text-image-new style1 image-left\"><div class=\"text-image-new-colonne\"><H2 class=\"text-image-new-titre\">Deportes, ocio y descubrimientos.<\/H2><div class=\"text-image-new-content\"><p>\u00bfEst\u00e1s de vacaciones en el camping Le Soleil d\u2019Or? Descubra Montalivet y sus alrededores:<\/p>\n<ul>\n<li><strong>Escalar \u00e1rboles<\/strong><br \/>\nEn el coraz\u00f3n del bosque y a 2 minutos del oc\u00e9ano, el Parc De l&#8217;Aventure le propondr\u00e1 numerosas actividades al aire libre para todas las edades: escalada de \u00e1rboles, b\u00fasqueda del tesoro, ruta de rompecabezas, alquiler de bicicletas, minigolf&#8230;).<\/li>\n<li><strong>Cabo 33<\/strong><br \/>\nA 100 metros del camping, Cap 33, en colaboraci\u00f3n con el departamento de Gironda, le ofrecer\u00e1 a partir de abril y durante todo el verano numerosas actividades deportivas y art\u00edsticas gratuitas para j\u00f3venes y mayores.<\/li>\n<li><strong>Carro a vela<\/strong><br \/>\nFrente al camping se puede practicar vela en las largas playas de Montalivet y vivir emociones fuertes incluso para los principiantes. El club CAP Montalivet ofrece sesiones de iniciaci\u00f3n a la navegaci\u00f3n en arena.<\/li>\n<\/ul>\n<\/div><p class=\"lire-plus\">Leer m\u00e1s<\/p><div class=\"text-image-new-content-more hide\"><ul>\n<li><strong>Equitaci\u00f3n<\/strong><br \/>\nTres centros de equitaci\u00f3n ofrecen diferentes actividades y caminatas. El Centro Ecuestre Catherine Sireix, el Centro Ecuestre Clavi\u00e8res o el Centro Ecuestre P\u00e9rigueys.<\/li>\n<li><strong>Parque de patinaje<\/strong><br \/>\nJunto al camping, grandes y peque\u00f1os disfrutar\u00e1n del placer de deslizarse en el bowl Skate Park.<\/li>\n<li><strong>Navegar<\/strong><br \/>\nVendays-Montalivet ofrece diferentes spots y escuelas de surf para principiantes y surfistas experimentados.<\/li>\n<\/ul>\n<\/div><p class=\"lire-moins hide\">Leer menos<\/p><\/div><div class=\"text-image-new-colonne\"><img decoding=\"async\" src=\"https:\/\/www.campinglesoleildor.com\/wp-content\/uploads\/2024\/04\/char-a-voile-montalivet.jpg\" alt=\"actividades montalivet\" class=\"text-image-new-thumb\" \/><\/div><\/div>\n\n<div class=\"text-image-new style1 image-right background-marron\"><div class=\"text-image-new-colonne\"><H2 class=\"text-image-new-titre\">Su camping en el coraz\u00f3n del M\u00e9doc<\/H2><div class=\"text-image-new-content\"><p>La pen\u00ednsula del M\u00e9doc es una s\u00edntesis de todos los sectores tur\u00edsticos que se encuentran en la Gironda: el litoral, la r\u00eda, los lagos, el bosque, el vino, el patrimonio y la gastronom\u00eda son activos que la naturaleza despliega para atraerle, retenerle. y animaros a volver a esta regi\u00f3n que combina tradici\u00f3n y modernidad. A lo largo de tu estancia podr\u00e1s explorar amplios espacios abiertos y la inmensa diversidad del paisaje. Aqu\u00ed la naturaleza todav\u00eda est\u00e1 muy conservada.<\/p>\n<p>Los amantes de las bellas piedras descubrir\u00e1n las construcciones rom\u00e1nicas que nos ha dejado la historia. A lo largo de tus paseos por el M\u00e9doc, podr\u00e1s descubrir diferentes monumentos o acudir a diferentes museos como el museo arqueol\u00f3gico de Soulac-sur-Mer. Se puede imaginar c\u00f3mo el M\u00e9doc organizaba su defensa con la fortaleza de Blanquefort, la Torre de Honor de Lesparre o el Fuerte-M\u00e9doc de Cussac (clasificado como patrimonio mundial de la UNESCO) que constitu\u00eda, junto con la ciudadela de Blaye y el Fuerte Pat\u00e9, el Esclusa de Vauban, que proteg\u00eda Burdeos de un posible ataque desde la r\u00eda.<\/p>\n<p>Soulac-sur-Mer, nuestro antiguo pueblo, como Lacanau, alcanz\u00f3 su apogeo con la moda de los ba\u00f1os de mar y se convirti\u00f3 en un balneario en 1849. Podr\u00e1 visitar su encantador pueblo neocolonial y la historia de su Bas\u00edlica Nuestra Se\u00f1ora del Fin. de la tierra.<\/p>\n<\/div><\/div><div class=\"text-image-new-colonne\"><img decoding=\"async\" src=\"https:\/\/www.campinglesoleildor.com\/wp-content\/uploads\/2024\/04\/camping-medoc.jpg\" alt=\"camping medoc\" class=\"text-image-new-thumb\" \/><\/div><\/div>\n\n<div class=\"text-image-new style1 image-left\"><div class=\"text-image-new-colonne\"><H2 class=\"text-image-new-titre\">Los mercados alrededor del camping Le Soleil d&#8217;Or<\/H2><div class=\"text-image-new-content\"><ul>\n<li><strong>Montalivet<\/strong><\/li>\n<\/ul>\n<p>Disfrutar\u00e1 paseando todos los d\u00edas entre las 9 y las 14 horas en este mercado t\u00edpico del M\u00e9doc con varios puestos de comida y no comida. All\u00ed podr\u00e1s degustar ostras y disfrutar de una copa de vino blanco\u2026<\/p>\n<ul>\n<li><strong>Vendays<\/strong><\/li>\n<\/ul>\n<p>Domingo por la ma\u00f1ana en la plaza de la iglesia.<\/p>\n<ul>\n<li><strong>Lesparre-Medoc<\/strong><\/li>\n<\/ul>\n<p>Martes por la ma\u00f1ana (plaza del Mar\u00e9chal Foch)<br \/>\nS\u00e1bado por la ma\u00f1ana (Plaza Gambetta)<br \/>\nFeria el 1er viernes del mes.<\/p>\n<ul>\n<li><strong>Saint-Vivien-de-Medoc<\/strong><\/li>\n<\/ul>\n<p>mi\u00e9rcoles por la ma\u00f1ana<\/p>\n<\/div><p class=\"lire-plus\">Leer m\u00e1s<\/p><div class=\"text-image-new-content-more hide\"><ul>\n<li><strong>Soulac-sur-Mer<\/strong><\/li>\n<\/ul>\n<p>Todas las ma\u00f1anas y al final del d\u00eda en julio y agosto.<\/p>\n<ul>\n<li><strong>Hourtin<\/strong><\/li>\n<\/ul>\n<p>Hourtin localidad: en julio y agosto, martes, jueves y s\u00e1bado por la ma\u00f1ana, el resto del a\u00f1o jueves por la ma\u00f1ana<br \/>\nPuerto de Hourtin: mercado de artesan\u00eda el viernes por la noche<br \/>\nPlaya de Hourtin: mercado de artesan\u00eda el lunes por la noche<\/p>\n<ul>\n<li><strong>Lacanau<\/strong><\/li>\n<\/ul>\n<p>Ciudad de Lacanau: de junio a septiembre, s\u00e1bado por la ma\u00f1ana, plaza de la iglesia<br \/>\nCiudad de Lacanau: mercado nocturno en temporada de verano, todos los jueves por la noche<br \/>\nOc\u00e9ano de Lacanau: mi\u00e9rcoles por la ma\u00f1ana todos los d\u00edas de temporada, Place du Champ de Foire y All\u00e9es Ortal<\/p>\n<ul>\n<li><strong>Le Verdon sur Mer<\/strong><\/li>\n<\/ul>\n<p>Todos los d\u00edas de temporada, Pointe de Grave<\/p>\n<\/div><p class=\"lire-moins hide\">Leer menos<\/p><\/div><div class=\"text-image-new-colonne\"><img decoding=\"async\" src=\"https:\/\/www.campinglesoleildor.com\/wp-content\/uploads\/2024\/04\/marche-montalivet.jpg\" alt=\"mercado montalivet\" class=\"text-image-new-thumb\" \/><\/div><\/div>\n\n<div class=\"liste-de-page-home\"><h2 class=\"liste-de-page-home-titre\">\u00bfQu\u00e9 visitar y hacer en los alrededores del camping Le Soleil d\u2019Or?<\/h2><ul class=\"liste-de-page-articles\"><li><a href=\"https:\/\/www.campinglesoleildor.com\/es\/noticias\/trepar-a-los-arboles-montalivet\/\"><div class=\"cta-img\"><img decoding=\"async\" src=\"https:\/\/www.campinglesoleildor.com\/wp-content\/uploads\/2022\/11\/ACTIVITES-scaled-e1668787393248.jpg\" alt=\"\"><\/div><div class=\"cta-titre\">Escalada de \u00e1rboles en Montalivet para una estancia llena de aventuras<\/div><\/a><\/li><li><a href=\"https:\/\/www.campinglesoleildor.com\/es\/noticias\/que-hacer-montalivet\/\"><div class=\"cta-img\"><img decoding=\"async\" src=\"https:\/\/www.campinglesoleildor.com\/wp-content\/uploads\/2022\/11\/SERVICES-1-scaled-e1669116746176.jpg\" alt=\"\"><\/div><div class=\"cta-titre\">\u00bfQu\u00e9 hacer en Montalivet? Las 3 mejores actividades para hacer en esta estaci\u00f3n balnearia de Gironda<\/div><\/a><\/li><li><a href=\"https:\/\/www.campinglesoleildor.com\/es\/noticias\/mercado-montalivet\/\"><div class=\"cta-img\"><img decoding=\"async\" src=\"https:\/\/www.campinglesoleildor.com\/wp-content\/uploads\/2023\/07\/marche-montalivet.jpeg\" alt=\"\"><\/div><div class=\"cta-titre\">El mercado de Montalivet : la actividad estrella de sus vacaciones en camping en Gironda<\/div><\/a><\/li><li><a href=\"https:\/\/www.campinglesoleildor.com\/es\/noticias\/surf-en-montalivet\/\"><div class=\"cta-img\"><img decoding=\"async\" src=\"https:\/\/www.campinglesoleildor.com\/wp-content\/uploads\/2021\/09\/surfer_en_vendee.jpeg\" alt=\"\"><\/div><div class=\"cta-titre\">Surfear en Montalivet : encuentre el material necesario y el lugar ideal para surfear en Gironda<\/div><\/a><\/li><\/ul><\/div>","protected":false},"excerpt":{"rendered":"","protected":false},"author":1,"featured_media":7602,"parent":0,"menu_order":0,"comment_status":"closed","ping_status":"closed","template":"","meta":{"_acf_changed":false,"footnotes":""},"class_list":["post-7601","page","type-page","status-publish","has-post-thumbnail","hentry"],"acf":[],"yoast_head":"<!-- This site is optimized with the Yoast SEO plugin v27.3 - https:\/\/yoast.com\/product\/yoast-seo-wordpress\/ -->\n<title>Visita Montalivet, actividades para hacer en los alrededores de Vendays-Montalivet<\/title>\n<meta name=\"description\" content=\"Encuentre las mejores actividades para hacer en Vendays-Montalivet y en su camping Le Soleil d&#039;Or durante sus vacaciones.\" \/>\n<meta name=\"robots\" content=\"index, follow, max-snippet:-1, max-image-preview:large, max-video-preview:-1\" \/>\n<link rel=\"canonical\" href=\"https:\/\/www.campinglesoleildor.com\/es\/a-ver\/\" \/>\n<meta property=\"og:locale\" content=\"es_ES\" \/>\n<meta property=\"og:type\" content=\"article\" \/>\n<meta property=\"og:title\" content=\"Visita Montalivet, actividades para hacer en los alrededores de Vendays-Montalivet\" \/>\n<meta property=\"og:description\" content=\"Encuentre las mejores actividades para hacer en Vendays-Montalivet y en su camping Le Soleil d&#039;Or durante sus vacaciones.\" \/>\n<meta property=\"og:url\" content=\"https:\/\/www.campinglesoleildor.com\/es\/a-ver\/\" \/>\n<meta property=\"og:site_name\" content=\"Camping le soleil d&#039;or\" \/>\n<meta property=\"article:modified_time\" content=\"2024-04-25T10:23:50+00:00\" \/>\n<meta property=\"og:image\" content=\"https:\/\/www.campinglesoleildor.com\/wp-content\/uploads\/2022\/11\/A-VOIR-scaled-e1668778464882.jpg\" \/>\n\t<meta property=\"og:image:width\" content=\"1500\" \/>\n\t<meta property=\"og:image:height\" content=\"760\" \/>\n\t<meta property=\"og:image:type\" content=\"image\/jpeg\" \/>\n<meta name=\"twitter:card\" content=\"summary_large_image\" \/>\n<script type=\"application\/ld+json\" class=\"yoast-schema-graph\">{\"@context\":\"https:\\\/\\\/schema.org\",\"@graph\":[{\"@type\":\"WebPage\",\"@id\":\"https:\\\/\\\/www.campinglesoleildor.com\\\/es\\\/a-ver\\\/\",\"url\":\"https:\\\/\\\/www.campinglesoleildor.com\\\/es\\\/a-ver\\\/\",\"name\":\"Visita Montalivet, actividades para hacer en los alrededores de Vendays-Montalivet\",\"isPartOf\":{\"@id\":\"https:\\\/\\\/www.campinglesoleildor.com\\\/es\\\/#website\"},\"primaryImageOfPage\":{\"@id\":\"https:\\\/\\\/www.campinglesoleildor.com\\\/es\\\/a-ver\\\/#primaryimage\"},\"image\":{\"@id\":\"https:\\\/\\\/www.campinglesoleildor.com\\\/es\\\/a-ver\\\/#primaryimage\"},\"thumbnailUrl\":\"https:\\\/\\\/www.campinglesoleildor.com\\\/wp-content\\\/uploads\\\/2022\\\/11\\\/A-VOIR-scaled-e1668778464882.jpg\",\"datePublished\":\"2021-08-24T08:33:49+00:00\",\"dateModified\":\"2024-04-25T10:23:50+00:00\",\"description\":\"Encuentre las mejores actividades para hacer en Vendays-Montalivet y en su camping Le Soleil d'Or durante sus vacaciones.\",\"breadcrumb\":{\"@id\":\"https:\\\/\\\/www.campinglesoleildor.com\\\/es\\\/a-ver\\\/#breadcrumb\"},\"inLanguage\":\"es\",\"potentialAction\":[{\"@type\":\"ReadAction\",\"target\":[\"https:\\\/\\\/www.campinglesoleildor.com\\\/es\\\/a-ver\\\/\"]}]},{\"@type\":\"ImageObject\",\"inLanguage\":\"es\",\"@id\":\"https:\\\/\\\/www.campinglesoleildor.com\\\/es\\\/a-ver\\\/#primaryimage\",\"url\":\"https:\\\/\\\/www.campinglesoleildor.com\\\/wp-content\\\/uploads\\\/2022\\\/11\\\/A-VOIR-scaled-e1668778464882.jpg\",\"contentUrl\":\"https:\\\/\\\/www.campinglesoleildor.com\\\/wp-content\\\/uploads\\\/2022\\\/11\\\/A-VOIR-scaled-e1668778464882.jpg\",\"width\":1500,\"height\":760},{\"@type\":\"BreadcrumbList\",\"@id\":\"https:\\\/\\\/www.campinglesoleildor.com\\\/es\\\/a-ver\\\/#breadcrumb\",\"itemListElement\":[{\"@type\":\"ListItem\",\"position\":1,\"name\":\"Camping Montalivet\",\"item\":\"https:\\\/\\\/www.campinglesoleildor.com\\\/es\\\/\"},{\"@type\":\"ListItem\",\"position\":2,\"name\":\"\u00bfQu\u00e9 ver y hacer en Vendays-Montalivet?\"}]},{\"@type\":\"WebSite\",\"@id\":\"https:\\\/\\\/www.campinglesoleildor.com\\\/es\\\/#website\",\"url\":\"https:\\\/\\\/www.campinglesoleildor.com\\\/es\\\/\",\"name\":\"Camping le soleil d&#039;or\",\"description\":\"\",\"potentialAction\":[{\"@type\":\"SearchAction\",\"target\":{\"@type\":\"EntryPoint\",\"urlTemplate\":\"https:\\\/\\\/www.campinglesoleildor.com\\\/es\\\/?s={search_term_string}\"},\"query-input\":{\"@type\":\"PropertyValueSpecification\",\"valueRequired\":true,\"valueName\":\"search_term_string\"}}],\"inLanguage\":\"es\"}]}<\/script>\n<!-- \/ Yoast SEO plugin. -->","yoast_head_json":{"title":"Visita Montalivet, actividades para hacer en los alrededores de Vendays-Montalivet","description":"Encuentre las mejores actividades para hacer en Vendays-Montalivet y en su camping Le Soleil d'Or durante sus vacaciones.","robots":{"index":"index","follow":"follow","max-snippet":"max-snippet:-1","max-image-preview":"max-image-preview:large","max-video-preview":"max-video-preview:-1"},"canonical":"https:\/\/www.campinglesoleildor.com\/es\/a-ver\/","og_locale":"es_ES","og_type":"article","og_title":"Visita Montalivet, actividades para hacer en los alrededores de Vendays-Montalivet","og_description":"Encuentre las mejores actividades para hacer en Vendays-Montalivet y en su camping Le Soleil d'Or durante sus vacaciones.","og_url":"https:\/\/www.campinglesoleildor.com\/es\/a-ver\/","og_site_name":"Camping le soleil d&#039;or","article_modified_time":"2024-04-25T10:23:50+00:00","og_image":[{"width":1500,"height":760,"url":"https:\/\/www.campinglesoleildor.com\/wp-content\/uploads\/2022\/11\/A-VOIR-scaled-e1668778464882.jpg","type":"image\/jpeg"}],"twitter_card":"summary_large_image","schema":{"@context":"https:\/\/schema.org","@graph":[{"@type":"WebPage","@id":"https:\/\/www.campinglesoleildor.com\/es\/a-ver\/","url":"https:\/\/www.campinglesoleildor.com\/es\/a-ver\/","name":"Visita Montalivet, actividades para hacer en los alrededores de Vendays-Montalivet","isPartOf":{"@id":"https:\/\/www.campinglesoleildor.com\/es\/#website"},"primaryImageOfPage":{"@id":"https:\/\/www.campinglesoleildor.com\/es\/a-ver\/#primaryimage"},"image":{"@id":"https:\/\/www.campinglesoleildor.com\/es\/a-ver\/#primaryimage"},"thumbnailUrl":"https:\/\/www.campinglesoleildor.com\/wp-content\/uploads\/2022\/11\/A-VOIR-scaled-e1668778464882.jpg","datePublished":"2021-08-24T08:33:49+00:00","dateModified":"2024-04-25T10:23:50+00:00","description":"Encuentre las mejores actividades para hacer en Vendays-Montalivet y en su camping Le Soleil d'Or durante sus vacaciones.","breadcrumb":{"@id":"https:\/\/www.campinglesoleildor.com\/es\/a-ver\/#breadcrumb"},"inLanguage":"es","potentialAction":[{"@type":"ReadAction","target":["https:\/\/www.campinglesoleildor.com\/es\/a-ver\/"]}]},{"@type":"ImageObject","inLanguage":"es","@id":"https:\/\/www.campinglesoleildor.com\/es\/a-ver\/#primaryimage","url":"https:\/\/www.campinglesoleildor.com\/wp-content\/uploads\/2022\/11\/A-VOIR-scaled-e1668778464882.jpg","contentUrl":"https:\/\/www.campinglesoleildor.com\/wp-content\/uploads\/2022\/11\/A-VOIR-scaled-e1668778464882.jpg","width":1500,"height":760},{"@type":"BreadcrumbList","@id":"https:\/\/www.campinglesoleildor.com\/es\/a-ver\/#breadcrumb","itemListElement":[{"@type":"ListItem","position":1,"name":"Camping Montalivet","item":"https:\/\/www.campinglesoleildor.com\/es\/"},{"@type":"ListItem","position":2,"name":"\u00bfQu\u00e9 ver y hacer en Vendays-Montalivet?"}]},{"@type":"WebSite","@id":"https:\/\/www.campinglesoleildor.com\/es\/#website","url":"https:\/\/www.campinglesoleildor.com\/es\/","name":"Camping le soleil d&#039;or","description":"","potentialAction":[{"@type":"SearchAction","target":{"@type":"EntryPoint","urlTemplate":"https:\/\/www.campinglesoleildor.com\/es\/?s={search_term_string}"},"query-input":{"@type":"PropertyValueSpecification","valueRequired":true,"valueName":"search_term_string"}}],"inLanguage":"es"}]}},"_links":{"self":[{"href":"https:\/\/www.campinglesoleildor.com\/es\/wp-json\/wp\/v2\/pages\/7601","targetHints":{"allow":["GET"]}}],"collection":[{"href":"https:\/\/www.campinglesoleildor.com\/es\/wp-json\/wp\/v2\/pages"}],"about":[{"href":"https:\/\/www.campinglesoleildor.com\/es\/wp-json\/wp\/v2\/types\/page"}],"author":[{"embeddable":true,"href":"https:\/\/www.campinglesoleildor.com\/es\/wp-json\/wp\/v2\/users\/1"}],"replies":[{"embeddable":true,"href":"https:\/\/www.campinglesoleildor.com\/es\/wp-json\/wp\/v2\/comments?post=7601"}],"version-history":[{"count":2,"href":"https:\/\/www.campinglesoleildor.com\/es\/wp-json\/wp\/v2\/pages\/7601\/revisions"}],"predecessor-version":[{"id":7605,"href":"https:\/\/www.campinglesoleildor.com\/es\/wp-json\/wp\/v2\/pages\/7601\/revisions\/7605"}],"wp:featuredmedia":[{"embeddable":true,"href":"https:\/\/www.campinglesoleildor.com\/es\/wp-json\/wp\/v2\/media\/7602"}],"wp:attachment":[{"href":"https:\/\/www.campinglesoleildor.com\/es\/wp-json\/wp\/v2\/media?parent=7601"}],"curies":[{"name":"wp","href":"https:\/\/api.w.org\/{rel}","templated":true}]}}