{"id":7526,"date":"2024-03-18T09:14:27","date_gmt":"2024-03-18T08:14:27","guid":{"rendered":"https:\/\/www.campinglesoleildor.com\/achat-mobil-home-gironde\/"},"modified":"2025-06-03T14:30:12","modified_gmt":"2025-06-03T12:30:12","slug":"comprar-casa-movil-gironda","status":"publish","type":"page","link":"https:\/\/www.campinglesoleildor.com\/es\/comprar-casa-movil-gironda\/","title":{"rendered":"DEVENIR PROPRI\u00c9TAIRE"},"content":{"rendered":"<div class=\"bloc-texte full\"><div class=\"texte center\"><p style=\"text-align: center;\"><span style=\"color: #ff6600;\"><strong>El camping Le Soleil d&#8217;Or est\u00e1 abierto de febrero a noviembre para los residentes.<\/strong><\/span><\/p>\n<p>El Camping le Soleil d&#8217;Or, idealmente situado en Vendays-Montalivet en Gironda, le da una c\u00e1lida bienvenida del 01\/02 al 30\/11\/2024.<\/p>\n<p>\u00bfAlguna vez has so\u00f1ado con una escapada m\u00e1s larga a la costa girondina? Imag\u00ednese tener un remanso de paz a s\u00f3lo unos pasos del Oc\u00e9ano Atl\u00e1ntico. Nuestro <a href=\"\/es\/\">camping en Montalivet<\/a>, situado directamente junto al mar con acceso a la playa, te ofrece esta posibilidad \u00fanica, invit\u00e1ndote a disfrutar plenamente de la inmensidad del mar.<\/p>\n<p>M\u00e1s acogedor que una cl\u00e1sica casa de vacaciones, ser propietario del Camping le Soleil d&#8217;Or le permitir\u00e1 vivir una experiencia aut\u00e9ntica, con el mar como horizonte. Descubra la Gironda bajo una luz diferente y d\u00e9jese seducir por la belleza de sus playas hasta donde alcanza la vista.<\/p>\n<p>\u00danase a nosotros en Camping le Soleil d&#8217;Or para disfrutar de una hermosa escapada a Gironda, donde el sol se encuentra con el oc\u00e9ano.<\/p>\n<\/div><\/div>\n\n<div class=\"frame\"><div class=\"texte center\">\r\n\t<div class=\"cards\">\r\n\t\t<div class=\"card\">\r\n\t\t\t<img decoding=\"async\" src=\"\/wp-content\/uploads\/2024\/03\/ouverture.png\" alt=\"ouverture camping propri\u00e9taires\">\r\n\t\t\t<p>Apertura para propietarios:<br\/>01\/02 al 30\/11<\/p>\r\n\t\t<\/div>\r\n\t\t<div class=\"card\" style=\"display: none;\">\r\n\t\t\t<img decoding=\"async\" src=\"\/wp-content\/uploads\/2024\/03\/mobil-home.png\" alt=\"achat mobil home occasion\">\r\n\t\t\t<p>Tu casa m\u00f3vil<br\/>desde 48.000\u20ac<br\/><i>(1er precio nuevo)<\/i><\/p>\r\n\t\t<\/div>\r\n\t\t<div class=\"card\">\r\n\t\t\t<img decoding=\"async\" src=\"\/wp-content\/uploads\/2024\/03\/emplacement.png\" alt=\"location emplacement mobil home\">\r\n\t\t\t<p>Alquiler anual de la parcela<br\/>3.960\u20ac IVA incluido.<\/p>\r\n\t\t<\/div>\r\n\t<\/div>\r\n<\/div><\/div>\n\n<div class=\"text-image-new style1 image-right background-marron\"><div class=\"text-image-new-colonne\"><H2 class=\"text-image-new-titre\">\u00bfPor qu\u00e9 elegir alojarse en el Camping Soleil d&#8217;Or en Gironda?<\/H2><div class=\"text-image-new-content\"><p>Alojarse en nuestro camping en Gironda presenta multitud de ventajas \u00fanicas:<\/p>\n<ul>\n<li>Ubicaci\u00f3n privilegiada junto al mar : Situado directamente detr\u00e1s de una duna natural, el camping junto al mar ofrece acceso inmediato a la playa, sin necesidad de cruzar una carretera. Disfruta de la arena fina y las olas del Atl\u00e1ntico a tan solo unos pasos de tu mobil-home.<\/li>\n<li>Un remanso de paz entre mar y naturaleza : el camping se beneficia de un entorno excepcional, donde la tranquilidad de la playa se mezcla con la serenidad de la naturaleza circundante. Es el lugar perfecto para relajarse, lejos del ruido y el bullicio.<\/li>\n<li>Ambiente familiar, seguridad y tranquilidad : El camping est\u00e1 dise\u00f1ado para ofrecer una experiencia segura y tranquila, ideal tanto para familias como para personas que buscan serenidad. La proximidad directa a la naturaleza y al mar contribuye a una atm\u00f3sfera de absoluta relajaci\u00f3n.<\/li>\n<li>Libertad y flexibilidad : disfrute de su casa m\u00f3vil como una hermosa escapada al mar, ya sea para vacaciones prolongadas o fines de semana relajantes. A parte de tus estancias, tambi\u00e9n tienes la posibilidad de alquilarlo, lo que puede generar ingresos adicionales.<\/li>\n<\/ul>\n<\/div><\/div><div class=\"text-image-new-colonne\"><img decoding=\"async\" src=\"https:\/\/www.campinglesoleildor.com\/wp-content\/uploads\/2024\/04\/camping-gironde-bord-de-mer.jpg\" alt=\"Camping junto al mar en Gironda\" class=\"text-image-new-thumb\" \/><\/div><\/div>\n\n<div class=\"section-contact pt-5 pb-5\"><div class=\"contact-left\"><div class=\"formulaire-de-contact\"><p class=\"h3\">\u00a1Cont\u00e1ctenos!<\/p>\n<div class=\"wpcf7 no-js\" id=\"wpcf7-f7738-o1\" lang=\"es-ES\" dir=\"ltr\" data-wpcf7-id=\"7738\">\n<div class=\"screen-reader-response\"><p role=\"status\" aria-live=\"polite\" aria-atomic=\"true\"><\/p> <ul><\/ul><\/div>\n<form action=\"\/es\/wp-json\/wp\/v2\/pages\/7526#wpcf7-f7738-o1\" method=\"post\" class=\"wpcf7-form init\" aria-label=\"Formulario de contacto\" novalidate=\"novalidate\" data-status=\"init\">\n<fieldset class=\"hidden-fields-container\"><input type=\"hidden\" name=\"_wpcf7\" value=\"7738\" \/><input type=\"hidden\" name=\"_wpcf7_version\" value=\"6.1.5\" \/><input type=\"hidden\" name=\"_wpcf7_locale\" value=\"es_ES\" \/><input type=\"hidden\" name=\"_wpcf7_unit_tag\" value=\"wpcf7-f7738-o1\" \/><input type=\"hidden\" name=\"_wpcf7_container_post\" value=\"0\" \/><input type=\"hidden\" name=\"_wpcf7_posted_data_hash\" value=\"\" \/><input type=\"hidden\" name=\"_wpcf7_recaptcha_response\" value=\"\" \/>\n<\/fieldset>\n<div id=\"form-vente\">\n<\/div>\n<p><span class=\"wpcf7-form-control-wrap\" data-name=\"your-name\"><input size=\"40\" maxlength=\"400\" class=\"wpcf7-form-control wpcf7-text wpcf7-validates-as-required\" aria-required=\"true\" aria-invalid=\"false\" placeholder=\"Su nombre\" value=\"\" type=\"text\" name=\"your-name\" \/><\/span><span class=\"wpcf7-form-control-wrap\" data-name=\"your-email\"><input size=\"40\" maxlength=\"400\" class=\"wpcf7-form-control wpcf7-email wpcf7-validates-as-required wpcf7-text wpcf7-validates-as-email\" aria-required=\"true\" aria-invalid=\"false\" placeholder=\"Su email\" value=\"\" type=\"email\" name=\"your-email\" \/><\/span><span class=\"wpcf7-form-control-wrap\" data-name=\"your-phone\"><input size=\"40\" maxlength=\"400\" class=\"wpcf7-form-control wpcf7-text wpcf7-validates-as-required\" aria-required=\"true\" aria-invalid=\"false\" placeholder=\"Su tel\u00e9fono\" value=\"\" type=\"text\" name=\"your-phone\" \/><\/span><span class=\"wpcf7-form-control-wrap\" data-name=\"code-postal\"><input size=\"40\" maxlength=\"400\" class=\"wpcf7-form-control wpcf7-text wpcf7-validates-as-required\" aria-required=\"true\" aria-invalid=\"false\" placeholder=\"Tu c\u00f3digo postal...\" value=\"\" type=\"text\" name=\"code-postal\" \/><\/span><span class=\"wpcf7-form-control-wrap\" data-name=\"your-message\"><textarea cols=\"40\" rows=\"10\" maxlength=\"2000\" class=\"wpcf7-form-control wpcf7-textarea\" aria-invalid=\"false\" placeholder=\"Tu mensaje (No dudes en contarnos tu presupuesto, tus deseos para poder darte el mejor asesoramiento)\" name=\"your-message\"><\/textarea><\/span><span class=\"wpcf7-form-control-wrap\" data-name=\"acceptance-553\"><span class=\"wpcf7-form-control wpcf7-acceptance\"><span class=\"wpcf7-list-item\"><label><input type=\"checkbox\" name=\"acceptance-553\" value=\"1\" aria-invalid=\"false\" \/><span class=\"wpcf7-list-item-label\">Al enviar este formulario, acepto que la informaci\u00f3n ingresada se conservar\u00e1 para permitir ser contactado o para informaci\u00f3n comercial. Acepto la <a href=\"\/es\/politica-de-confidencialidad\/\" rel=\"nofollow\" target=\"_blank\">Pol\u00edtica de Privacidad<\/a> de este sitio.<\/span><\/label><\/span><\/span><\/span>\n<span class=\"wpcf7-form-control-wrap recaptcha\" data-name=\"recaptcha\"><span data-sitekey=\"6Le0j5wpAAAAAOcu9ZNAhaReBIyWRU-tMcS3a5HV\" class=\"wpcf7-form-control wpcf7-recaptcha g-recaptcha\"><\/span>\r\n<noscript>\r\n\t<div class=\"grecaptcha-noscript\">\r\n\t\t<iframe loading=\"lazy\" src=\"https:\/\/www.google.com\/recaptcha\/api\/fallback?k=6Le0j5wpAAAAAOcu9ZNAhaReBIyWRU-tMcS3a5HV\" frameborder=\"0\" scrolling=\"no\" width=\"310\" height=\"430\">\r\n\t\t<\/iframe>\r\n\t\t<textarea name=\"g-recaptcha-response\" rows=\"3\" cols=\"40\" placeholder=\"Aqu\u00ed la respuesta de reCAPTCHA\">\r\n\t\t<\/textarea>\r\n\t<\/div>\r\n<\/noscript>\r\n<\/span><input class=\"wpcf7-form-control wpcf7-submit has-spinner\" type=\"submit\" value=\"Envoyer\" \/>\n<\/p><div class=\"wpcf7-response-output\" aria-hidden=\"true\"><\/div>\n<\/form>\n<\/div>\n<\/div><\/div><div class=\"contact-right\"><div class=\"coord-col\"><p class=\"h4\">Nuestros datos de contacto<\/p><span class=\"coord-line\"><div class=\"icon\"><svg width=\"22\" height=\"28\" viewBox=\"0 0 15 21\" fill=\"none\" xmlns=\"http:\/\/www.w3.org\/2000\/svg\"><path d=\"M6.5 9.04883C7.10156 9.04883 7.61426 8.83691 8.03809 8.41309C8.46191 7.98926 8.67383 7.47656 8.67383 6.875C8.67383 6.27344 8.46191 5.76074 8.03809 5.33691C7.61426 4.91309 7.10156 4.70117 6.5 4.70117C5.89844 4.70117 5.38574 4.91309 4.96191 5.33691C4.53809 5.76074 4.32617 6.27344 4.32617 6.875C4.32617 7.47656 4.53809 7.98926 4.96191 8.41309C5.38574 8.83691 5.89844 9.04883 6.5 9.04883ZM6.5 0.763672C8.19531 0.763672 9.6377 1.3584 10.8271 2.54785C12.0166 3.7373 12.6113 5.17969 12.6113 6.875C12.6113 7.72266 12.3994 8.69336 11.9756 9.78711C11.5518 10.8809 11.0391 11.9062 10.4375 12.8633C9.83594 13.8203 9.24121 14.7158 8.65332 15.5498C8.06543 16.3838 7.56641 17.0469 7.15625 17.5391L6.5 18.2363C6.33594 18.0449 6.11719 17.792 5.84375 17.4775C5.57031 17.1631 5.07812 16.5342 4.36719 15.5908C3.65625 14.6475 3.03418 13.7314 2.50098 12.8428C1.96777 11.9541 1.48242 10.9492 1.04492 9.82812C0.607422 8.70703 0.388672 7.72266 0.388672 6.875C0.388672 5.17969 0.983398 3.7373 2.17285 2.54785C3.3623 1.3584 4.80469 0.763672 6.5 0.763672Z\" fill=\"#F76D00\"\/><\/svg><\/div>32 bis Boulevard du Front de mer, 33930 Vendays-Montalivet<\/span><span class=\"coord-line\"><div class=\"icon\"><svg width=\"25\" height=\"22\" viewBox=\"0 0 20 17\" fill=\"none\" xmlns=\"http:\/\/www.w3.org\/2000\/svg\"><path d=\"M3.91016 7.70012C5.53516 10.2398 7.92188 12.165 11.0703 13.4758L13.457 11.5506C13.7956 11.2775 14.168 11.2092 14.5742 11.3458C15.793 11.6735 17.0794 11.8373 18.4336 11.8373C18.7383 11.8373 18.9922 11.9192 19.1953 12.0831C19.3984 12.2469 19.5 12.4517 19.5 12.6975V15.7697C19.5 16.0154 19.3984 16.2203 19.1953 16.3841C18.9922 16.548 18.7383 16.6299 18.4336 16.6299C13.3555 16.6299 9.01367 15.1757 5.4082 12.2674C1.80273 9.35909 0 5.85682 0 1.7606C0 1.51482 0.101562 1.31001 0.304688 1.14616C0.507812 0.982315 0.761719 0.900391 1.06641 0.900391H4.875C5.17969 0.900391 5.43359 0.982315 5.63672 1.14616C5.83984 1.31001 5.94141 1.51482 5.94141 1.7606C5.94141 2.85292 6.14453 3.89063 6.55078 4.87373C6.6862 5.22873 6.60156 5.52912 6.29688 5.77489L3.91016 7.70012Z\" fill=\"#F76D00\"\/><\/svg><\/div><a href=\"tel:+33556093137\">+33556093137<\/a><\/span><\/div><div class=\"coord-col\"><p class=\"h4\">Fechas de apertura<\/p><span class=\"coord-line\"><div class=\"icon\"><svg width=\"22\" height=\"22\" viewBox=\"0 0 19 19\" fill=\"none\" xmlns=\"http:\/\/www.w3.org\/2000\/svg\"><path d=\"M9.95117 5.11133V9.70508L13.8887 12.043L13.2324 13.1504L8.63867 10.3613V5.11133H9.95117ZM9.5 16.5137C11.4141 16.5137 13.0615 15.8232 14.4424 14.4424C15.8232 13.0615 16.5137 11.4141 16.5137 9.5C16.5137 7.58594 15.8232 5.93848 14.4424 4.55762C13.0615 3.17676 11.4141 2.48633 9.5 2.48633C7.58594 2.48633 5.93848 3.17676 4.55762 4.55762C3.17676 5.93848 2.48633 7.58594 2.48633 9.5C2.48633 11.4141 3.17676 13.0615 4.55762 14.4424C5.93848 15.8232 7.58594 16.5137 9.5 16.5137ZM9.5 0.763672C11.9062 0.763672 13.9639 1.61816 15.6729 3.32715C17.3818 5.03613 18.2363 7.09375 18.2363 9.5C18.2363 11.9062 17.3818 13.9639 15.6729 15.6729C13.9639 17.3818 11.9062 18.2363 9.5 18.2363C7.09375 18.2363 5.03613 17.3818 3.32715 15.6729C1.61816 13.9639 0.763672 11.9062 0.763672 9.5C0.763672 7.09375 1.61816 5.03613 3.32715 3.32715C5.03613 1.61816 7.09375 0.763672 9.5 0.763672Z\" fill=\"#F76D00\"\/><\/svg><\/div><div class=\"ouverture\">Del 3 de abril de 2026 al 2 de noviembre de 2026<\/div>\n<\/span><\/div><iframe src=\"https:\/\/www.google.com\/maps\/embed?pb=!1m18!1m12!1m3!1d2802.3882826893155!2d-1.1600380841824003!3d45.38133774698914!2m3!1f0!2f0!3f0!3m2!1i1024!2i768!4f13.1!3m3!1m2!1s0x4801894ef08ac57d%3A0xa42891c2820da2e6!2sCamping%20Le%20Soleil%20d'Or!5e0!3m2!1sfr!2sfr!4v1678096424252!5m2!1sfr!2sfr\" width=\"100%\" height=\"380\" style=\"border:0;\" allowfullscreen=\"\" loading=\"lazy\" referrerpolicy=\"no-referrer-when-downgrade\"><\/iframe><\/div><\/div>","protected":false},"excerpt":{"rendered":"","protected":false},"author":1,"featured_media":7527,"parent":0,"menu_order":0,"comment_status":"closed","ping_status":"closed","template":"","meta":{"_acf_changed":false,"footnotes":""},"class_list":["post-7526","page","type-page","status-publish","has-post-thumbnail","hentry"],"acf":[],"yoast_head":"<!-- This site is optimized with the Yoast SEO plugin v27.5 - https:\/\/yoast.com\/product\/yoast-seo-wordpress\/ -->\n<title>Comprar y vender una casa m\u00f3vil en Gironda : convertirse en propietario<\/title>\n<meta name=\"robots\" content=\"index, follow, max-snippet:-1, max-image-preview:large, max-video-preview:-1\" \/>\n<link rel=\"canonical\" href=\"https:\/\/www.campinglesoleildor.com\/es\/comprar-casa-movil-gironda\/\" \/>\n<meta property=\"og:locale\" content=\"es_ES\" \/>\n<meta property=\"og:type\" content=\"article\" \/>\n<meta property=\"og:title\" content=\"Comprar y vender una casa m\u00f3vil en Gironda : convertirse en propietario\" \/>\n<meta property=\"og:url\" content=\"https:\/\/www.campinglesoleildor.com\/es\/comprar-casa-movil-gironda\/\" \/>\n<meta property=\"og:site_name\" content=\"Camping le soleil d&#039;or\" \/>\n<meta property=\"article:modified_time\" content=\"2025-06-03T12:30:12+00:00\" \/>\n<meta property=\"og:image\" content=\"https:\/\/www.campinglesoleildor.com\/wp-content\/uploads\/2024\/03\/iStock-1070262094.jpg\" \/>\n\t<meta property=\"og:image:width\" content=\"2048\" \/>\n\t<meta property=\"og:image:height\" content=\"1365\" \/>\n\t<meta property=\"og:image:type\" content=\"image\/jpeg\" \/>\n<meta name=\"twitter:card\" content=\"summary_large_image\" \/>\n<meta name=\"twitter:label1\" content=\"Tiempo de lectura\" \/>\n\t<meta name=\"twitter:data1\" content=\"1 minuto\" \/>\n<script type=\"application\/ld+json\" class=\"yoast-schema-graph\">{\"@context\":\"https:\\\/\\\/schema.org\",\"@graph\":[{\"@type\":\"WebPage\",\"@id\":\"https:\\\/\\\/www.campinglesoleildor.com\\\/es\\\/comprar-casa-movil-gironda\\\/\",\"url\":\"https:\\\/\\\/www.campinglesoleildor.com\\\/es\\\/comprar-casa-movil-gironda\\\/\",\"name\":\"Comprar y vender una casa m\u00f3vil en Gironda : convertirse en propietario\",\"isPartOf\":{\"@id\":\"https:\\\/\\\/www.campinglesoleildor.com\\\/es\\\/#website\"},\"primaryImageOfPage\":{\"@id\":\"https:\\\/\\\/www.campinglesoleildor.com\\\/es\\\/comprar-casa-movil-gironda\\\/#primaryimage\"},\"image\":{\"@id\":\"https:\\\/\\\/www.campinglesoleildor.com\\\/es\\\/comprar-casa-movil-gironda\\\/#primaryimage\"},\"thumbnailUrl\":\"https:\\\/\\\/www.campinglesoleildor.com\\\/wp-content\\\/uploads\\\/2024\\\/03\\\/iStock-1070262094.jpg\",\"datePublished\":\"2024-03-18T08:14:27+00:00\",\"dateModified\":\"2025-06-03T12:30:12+00:00\",\"breadcrumb\":{\"@id\":\"https:\\\/\\\/www.campinglesoleildor.com\\\/es\\\/comprar-casa-movil-gironda\\\/#breadcrumb\"},\"inLanguage\":\"es\",\"potentialAction\":[{\"@type\":\"ReadAction\",\"target\":[\"https:\\\/\\\/www.campinglesoleildor.com\\\/es\\\/comprar-casa-movil-gironda\\\/\"]}]},{\"@type\":\"ImageObject\",\"inLanguage\":\"es\",\"@id\":\"https:\\\/\\\/www.campinglesoleildor.com\\\/es\\\/comprar-casa-movil-gironda\\\/#primaryimage\",\"url\":\"https:\\\/\\\/www.campinglesoleildor.com\\\/wp-content\\\/uploads\\\/2024\\\/03\\\/iStock-1070262094.jpg\",\"contentUrl\":\"https:\\\/\\\/www.campinglesoleildor.com\\\/wp-content\\\/uploads\\\/2024\\\/03\\\/iStock-1070262094.jpg\",\"width\":2048,\"height\":1365,\"caption\":\"achat mobil home montalivet gironde\"},{\"@type\":\"BreadcrumbList\",\"@id\":\"https:\\\/\\\/www.campinglesoleildor.com\\\/es\\\/comprar-casa-movil-gironda\\\/#breadcrumb\",\"itemListElement\":[{\"@type\":\"ListItem\",\"position\":1,\"name\":\"Camping Montalivet\",\"item\":\"https:\\\/\\\/www.campinglesoleildor.com\\\/es\\\/\"},{\"@type\":\"ListItem\",\"position\":2,\"name\":\"Ser propietario de una casa m\u00f3vil en Gironda\"}]},{\"@type\":\"WebSite\",\"@id\":\"https:\\\/\\\/www.campinglesoleildor.com\\\/es\\\/#website\",\"url\":\"https:\\\/\\\/www.campinglesoleildor.com\\\/es\\\/\",\"name\":\"Camping le soleil d&#039;or\",\"description\":\"\",\"potentialAction\":[{\"@type\":\"SearchAction\",\"target\":{\"@type\":\"EntryPoint\",\"urlTemplate\":\"https:\\\/\\\/www.campinglesoleildor.com\\\/es\\\/?s={search_term_string}\"},\"query-input\":{\"@type\":\"PropertyValueSpecification\",\"valueRequired\":true,\"valueName\":\"search_term_string\"}}],\"inLanguage\":\"es\"}]}<\/script>\n<!-- \/ Yoast SEO plugin. -->","yoast_head_json":{"title":"Comprar y vender una casa m\u00f3vil en Gironda : convertirse en propietario","robots":{"index":"index","follow":"follow","max-snippet":"max-snippet:-1","max-image-preview":"max-image-preview:large","max-video-preview":"max-video-preview:-1"},"canonical":"https:\/\/www.campinglesoleildor.com\/es\/comprar-casa-movil-gironda\/","og_locale":"es_ES","og_type":"article","og_title":"Comprar y vender una casa m\u00f3vil en Gironda : convertirse en propietario","og_url":"https:\/\/www.campinglesoleildor.com\/es\/comprar-casa-movil-gironda\/","og_site_name":"Camping le soleil d&#039;or","article_modified_time":"2025-06-03T12:30:12+00:00","og_image":[{"width":2048,"height":1365,"url":"https:\/\/www.campinglesoleildor.com\/wp-content\/uploads\/2024\/03\/iStock-1070262094.jpg","type":"image\/jpeg"}],"twitter_card":"summary_large_image","twitter_misc":{"Tiempo de lectura":"1 minuto"},"schema":{"@context":"https:\/\/schema.org","@graph":[{"@type":"WebPage","@id":"https:\/\/www.campinglesoleildor.com\/es\/comprar-casa-movil-gironda\/","url":"https:\/\/www.campinglesoleildor.com\/es\/comprar-casa-movil-gironda\/","name":"Comprar y vender una casa m\u00f3vil en Gironda : convertirse en propietario","isPartOf":{"@id":"https:\/\/www.campinglesoleildor.com\/es\/#website"},"primaryImageOfPage":{"@id":"https:\/\/www.campinglesoleildor.com\/es\/comprar-casa-movil-gironda\/#primaryimage"},"image":{"@id":"https:\/\/www.campinglesoleildor.com\/es\/comprar-casa-movil-gironda\/#primaryimage"},"thumbnailUrl":"https:\/\/www.campinglesoleildor.com\/wp-content\/uploads\/2024\/03\/iStock-1070262094.jpg","datePublished":"2024-03-18T08:14:27+00:00","dateModified":"2025-06-03T12:30:12+00:00","breadcrumb":{"@id":"https:\/\/www.campinglesoleildor.com\/es\/comprar-casa-movil-gironda\/#breadcrumb"},"inLanguage":"es","potentialAction":[{"@type":"ReadAction","target":["https:\/\/www.campinglesoleildor.com\/es\/comprar-casa-movil-gironda\/"]}]},{"@type":"ImageObject","inLanguage":"es","@id":"https:\/\/www.campinglesoleildor.com\/es\/comprar-casa-movil-gironda\/#primaryimage","url":"https:\/\/www.campinglesoleildor.com\/wp-content\/uploads\/2024\/03\/iStock-1070262094.jpg","contentUrl":"https:\/\/www.campinglesoleildor.com\/wp-content\/uploads\/2024\/03\/iStock-1070262094.jpg","width":2048,"height":1365,"caption":"achat mobil home montalivet gironde"},{"@type":"BreadcrumbList","@id":"https:\/\/www.campinglesoleildor.com\/es\/comprar-casa-movil-gironda\/#breadcrumb","itemListElement":[{"@type":"ListItem","position":1,"name":"Camping Montalivet","item":"https:\/\/www.campinglesoleildor.com\/es\/"},{"@type":"ListItem","position":2,"name":"Ser propietario de una casa m\u00f3vil en Gironda"}]},{"@type":"WebSite","@id":"https:\/\/www.campinglesoleildor.com\/es\/#website","url":"https:\/\/www.campinglesoleildor.com\/es\/","name":"Camping le soleil d&#039;or","description":"","potentialAction":[{"@type":"SearchAction","target":{"@type":"EntryPoint","urlTemplate":"https:\/\/www.campinglesoleildor.com\/es\/?s={search_term_string}"},"query-input":{"@type":"PropertyValueSpecification","valueRequired":true,"valueName":"search_term_string"}}],"inLanguage":"es"}]}},"_links":{"self":[{"href":"https:\/\/www.campinglesoleildor.com\/es\/wp-json\/wp\/v2\/pages\/7526","targetHints":{"allow":["GET"]}}],"collection":[{"href":"https:\/\/www.campinglesoleildor.com\/es\/wp-json\/wp\/v2\/pages"}],"about":[{"href":"https:\/\/www.campinglesoleildor.com\/es\/wp-json\/wp\/v2\/types\/page"}],"author":[{"embeddable":true,"href":"https:\/\/www.campinglesoleildor.com\/es\/wp-json\/wp\/v2\/users\/1"}],"replies":[{"embeddable":true,"href":"https:\/\/www.campinglesoleildor.com\/es\/wp-json\/wp\/v2\/comments?post=7526"}],"version-history":[{"count":6,"href":"https:\/\/www.campinglesoleildor.com\/es\/wp-json\/wp\/v2\/pages\/7526\/revisions"}],"predecessor-version":[{"id":9676,"href":"https:\/\/www.campinglesoleildor.com\/es\/wp-json\/wp\/v2\/pages\/7526\/revisions\/9676"}],"wp:featuredmedia":[{"embeddable":true,"href":"https:\/\/www.campinglesoleildor.com\/es\/wp-json\/wp\/v2\/media\/7527"}],"wp:attachment":[{"href":"https:\/\/www.campinglesoleildor.com\/es\/wp-json\/wp\/v2\/media?parent=7526"}],"curies":[{"name":"wp","href":"https:\/\/api.w.org\/{rel}","templated":true}]}}