{"id":7512,"date":"2024-04-24T18:42:57","date_gmt":"2024-04-24T16:42:57","guid":{"rendered":"https:\/\/www.campinglesoleildor.com\/emplacements\/"},"modified":"2024-04-25T15:21:28","modified_gmt":"2024-04-25T13:21:28","slug":"parcelas","status":"publish","type":"page","link":"https:\/\/www.campinglesoleildor.com\/es\/parcelas\/","title":{"rendered":"Emplacement camping Gironde"},"content":{"rendered":"<div class=\"bloc-texte full\"><div class=\"texte center\"><p>\u00bfQuiere vivir plenamente sus vacaciones cerca de la naturaleza y de las playas de arena fina en Aquitania? Ideal para su estancia en familia, el <a href=\"\/es\/\">camping en Montalivet Soleil d&#8217;Or<\/a>, situado en el coraz\u00f3n de M\u00e9doc, en Gironda, le ofrece bonitas parcelas con una superficie de 100 a 200 metros cuadrados. Elija su ubicaci\u00f3n en el lado de la playa o en el lado del bosque, para montar su tienda de campa\u00f1a o pasar sus vacaciones en una autocaravana o caravana. Reserva tu estancia en Gironda, en un espacio natural, en primera l\u00ednea de mar y rel\u00e1jate con el sonido del oc\u00e9ano. La playa, situada en las inmediaciones, le garantiza unas magn\u00edficas vacaciones y magn\u00edficas puestas de sol con los pies en el agua. Maravillosamente situado en el coraz\u00f3n del M\u00e9doc, en Vendays-Montalivet, no dejar\u00e1 de descubrir el rico patrimonio del departamento. Las numerosas actividades n\u00e1uticas, deportivas y culturales presentes en todo Vendays-Montalivet har\u00e1n las delicias de ni\u00f1os y adultos. \u00a1Reserve una parcela en nuestro camping en Gironda, a dos pasos del bosque y del oc\u00e9ano!<\/p>\n<\/div><\/div>\n\n<div class=\"frame\"><div class=\"ctoutvert\">\r\n<ctv-availability data-product-type='P' ><\/ctv-availability>\r\n<\/div><\/div>\n\n<div class=\"text-image-new style1 image-right background-marron\"><div class=\"text-image-new-colonne\"><H2 class=\"text-image-new-titre\">Reservar un camping en Montalivet para 2 personas<\/H2><div class=\"text-image-new-content\"><p>Venga a recargar energ\u00edas en un camping junto al agua en Gironda, Francia, alquilando una parcela para dos personas en el camping Soleil d&#8217;Or. Nuestro establecimiento de 3 estrellas, cerca de la cuenca de Arcachon, le ofrece c\u00f3modas parcelas de 100 metros cuadrados con electricidad para montar su tienda o instalar su caravana. Delimitadas por setos, las parcelas del camping-caravaning est\u00e1n bellamente ajardinadas para ofrecerle unas vacaciones en total privacidad. \u00bfQuieres acercarte a la naturaleza durante tus vacaciones? Estos campings te permiten hacerlo manteniendo un gran confort y tranquilidad. Todo lo que tienes que hacer es sentarte y escuchar el oc\u00e9ano, los p\u00e1jaros y el viento soplando entre las hojas.<\/p>\n<\/div><p class=\"lire-plus\">Leer m\u00e1s<\/p><div class=\"text-image-new-content-more hide\"><p>El camping de 3 estrellas Montalivet, cerca del lago de Hourtin, ha recibido cr\u00edticas muy buenas y positivas sobre el alquiler de un camping en Montalivet en plena naturaleza. Algunas se ofrecen estabilizadas para dar cabida a veh\u00edculos grandes, autocaravanas o caravanas. Todo el equipamiento para su comodidad est\u00e1 a su disposici\u00f3n durante toda su estancia: lavander\u00eda, compartimentos frigor\u00edficos, wifi y acceso a duchas con agua caliente. Se dan todas las condiciones para pasar unas maravillosas vacaciones en pareja en Aquitania, una de las regiones m\u00e1s bellas de Francia.<\/p>\n<\/div><p class=\"lire-moins hide\">Leer menos<\/p><\/div><div class=\"text-image-new-colonne\"><img decoding=\"async\" src=\"https:\/\/www.campinglesoleildor.com\/wp-content\/uploads\/2024\/04\/emplacement-camping-gironde_.jpg\" alt=\"Ubicaci\u00f3n del camping Montalivet\" class=\"text-image-new-thumb\" \/><\/div><\/div>\n\n<div class=\"text-image-new style1 image-left\"><div class=\"text-image-new-colonne\"><H2 class=\"text-image-new-titre\">Alquilar un camping para grupos en Montalivet<\/H2><div class=\"text-image-new-content\"><p>Encontrar un alquiler de mobil-home, para un grupo m\u00e1s o menos numeroso, en un camping, puede ser una tarea compleja y costosa. Opte por un camping en Montalivet en el camping Soleil d\u2019Or para montar su tienda: una gran superficie para disfrutar plenamente de sus vacaciones en familia o con amigos. El camping de 3 estrellas Soleil d&#8217;Or en Montalivet ofrece grandes parcelas privadas de 200 metros cuadrados para acampar y hacer caravanas. Estas parcelas te dan libertad para montar tus tiendas y caravanas o autocaravanas. Suficiente para montar tu campamento y pasar unas vacaciones c\u00f3modas y relajantes. Tienes la ventaja de elegir la duraci\u00f3n de tu estancia, desde una noche hasta una semana o m\u00e1s. Con su orientaci\u00f3n sur y la serenidad del barrio, se re\u00fanen todas las condiciones para unas excelentes vacaciones en grupo y en total privacidad.<\/p>\n<\/div><p class=\"lire-plus\">Leer m\u00e1s<\/p><div class=\"text-image-new-content-more hide\"><p>Cerca de la cuenca de Arcachon, el camping Vendays-Montalivet acoge a grupos en estas parcelas con todas las comodidades necesarias. Tienes acceso a todos los servicios (duchas, ba\u00f1os, lavander\u00eda, entretenimiento, parque infantil, wifi). Podr\u00e1s pasar tus buenos momentos de vacaciones con tus amigos y los amigos de tus hijos, ya que nuestras parcelas tienen capacidad para 12 personas. Suficiente para crear a\u00fan m\u00e1s recuerdos y a un precio asequible. Encuentre el lugar perfecto para sus vacaciones. Descubre nuestras diferentes tarifas y ofertas promocionales en nuestra p\u00e1gina de reservas.<br \/>\nNuestros campings disfrutan de ubicaciones excepcionales en un entorno natural a escala humana. \u00a1Consulte nuestra disponibilidad y reserve su pr\u00f3xima estancia en nuestro camping de 3 estrellas en Aquitania, en el coraz\u00f3n del M\u00e9doc!<\/p>\n<\/div><p class=\"lire-moins hide\">Leer menos<\/p><\/div><div class=\"text-image-new-colonne\"><img decoding=\"async\" src=\"https:\/\/www.campinglesoleildor.com\/wp-content\/uploads\/2024\/04\/emplacement-camping-medoc.jpg\" alt=\"ubicaci\u00f3n del camping medoc\" class=\"text-image-new-thumb\" \/><\/div><\/div>","protected":false},"excerpt":{"rendered":"","protected":false},"author":1,"featured_media":7264,"parent":0,"menu_order":0,"comment_status":"closed","ping_status":"closed","template":"","meta":{"_acf_changed":false,"footnotes":""},"class_list":["post-7512","page","type-page","status-publish","has-post-thumbnail","hentry"],"acf":[],"yoast_head":"<!-- This site is optimized with the Yoast SEO plugin v27.3 - https:\/\/yoast.com\/product\/yoast-seo-wordpress\/ -->\n<title>Camping Montalivet : parcelas para tiendas y caravanas<\/title>\n<meta name=\"description\" content=\"Descubra nuestras ofertas de parcelas en el camping Le Soleil d\u2019Or en Gironda. Disfruta de una estancia en tienda de campa\u00f1a o furgoneta camper en Montalivet.\" \/>\n<meta name=\"robots\" content=\"index, follow, max-snippet:-1, max-image-preview:large, max-video-preview:-1\" \/>\n<link rel=\"canonical\" href=\"https:\/\/www.campinglesoleildor.com\/es\/parcelas\/\" \/>\n<meta property=\"og:locale\" content=\"es_ES\" \/>\n<meta property=\"og:type\" content=\"article\" \/>\n<meta property=\"og:title\" content=\"Camping Montalivet : parcelas para tiendas y caravanas\" \/>\n<meta property=\"og:description\" content=\"Descubra nuestras ofertas de parcelas en el camping Le Soleil d\u2019Or en Gironda. Disfruta de una estancia en tienda de campa\u00f1a o furgoneta camper en Montalivet.\" \/>\n<meta property=\"og:url\" content=\"https:\/\/www.campinglesoleildor.com\/es\/parcelas\/\" \/>\n<meta property=\"og:site_name\" content=\"Camping le soleil d&#039;or\" \/>\n<meta property=\"article:modified_time\" content=\"2024-04-25T13:21:28+00:00\" \/>\n<meta property=\"og:image\" content=\"https:\/\/www.campinglesoleildor.com\/wp-content\/uploads\/2024\/04\/EMPLACEMENT-scaled-1.jpg\" \/>\n\t<meta property=\"og:image:width\" content=\"2560\" \/>\n\t<meta property=\"og:image:height\" content=\"1493\" \/>\n\t<meta property=\"og:image:type\" content=\"image\/jpeg\" \/>\n<meta name=\"twitter:card\" content=\"summary_large_image\" \/>\n<script type=\"application\/ld+json\" class=\"yoast-schema-graph\">{\"@context\":\"https:\\\/\\\/schema.org\",\"@graph\":[{\"@type\":\"WebPage\",\"@id\":\"https:\\\/\\\/www.campinglesoleildor.com\\\/es\\\/parcelas\\\/\",\"url\":\"https:\\\/\\\/www.campinglesoleildor.com\\\/es\\\/parcelas\\\/\",\"name\":\"Camping Montalivet : parcelas para tiendas y caravanas\",\"isPartOf\":{\"@id\":\"https:\\\/\\\/www.campinglesoleildor.com\\\/es\\\/#website\"},\"primaryImageOfPage\":{\"@id\":\"https:\\\/\\\/www.campinglesoleildor.com\\\/es\\\/parcelas\\\/#primaryimage\"},\"image\":{\"@id\":\"https:\\\/\\\/www.campinglesoleildor.com\\\/es\\\/parcelas\\\/#primaryimage\"},\"thumbnailUrl\":\"https:\\\/\\\/www.campinglesoleildor.com\\\/wp-content\\\/uploads\\\/2024\\\/04\\\/EMPLACEMENT-scaled-1.jpg\",\"datePublished\":\"2024-04-24T16:42:57+00:00\",\"dateModified\":\"2024-04-25T13:21:28+00:00\",\"description\":\"Descubra nuestras ofertas de parcelas en el camping Le Soleil d\u2019Or en Gironda. Disfruta de una estancia en tienda de campa\u00f1a o furgoneta camper en Montalivet.\",\"breadcrumb\":{\"@id\":\"https:\\\/\\\/www.campinglesoleildor.com\\\/es\\\/parcelas\\\/#breadcrumb\"},\"inLanguage\":\"es\",\"potentialAction\":[{\"@type\":\"ReadAction\",\"target\":[\"https:\\\/\\\/www.campinglesoleildor.com\\\/es\\\/parcelas\\\/\"]}]},{\"@type\":\"ImageObject\",\"inLanguage\":\"es\",\"@id\":\"https:\\\/\\\/www.campinglesoleildor.com\\\/es\\\/parcelas\\\/#primaryimage\",\"url\":\"https:\\\/\\\/www.campinglesoleildor.com\\\/wp-content\\\/uploads\\\/2024\\\/04\\\/EMPLACEMENT-scaled-1.jpg\",\"contentUrl\":\"https:\\\/\\\/www.campinglesoleildor.com\\\/wp-content\\\/uploads\\\/2024\\\/04\\\/EMPLACEMENT-scaled-1.jpg\",\"width\":2560,\"height\":1493,\"caption\":\"emplacement camping montalivet\"},{\"@type\":\"BreadcrumbList\",\"@id\":\"https:\\\/\\\/www.campinglesoleildor.com\\\/es\\\/parcelas\\\/#breadcrumb\",\"itemListElement\":[{\"@type\":\"ListItem\",\"position\":1,\"name\":\"Camping Montalivet\",\"item\":\"https:\\\/\\\/www.campinglesoleildor.com\\\/es\\\/\"},{\"@type\":\"ListItem\",\"position\":2,\"name\":\"Parcelas camping Gironda\"}]},{\"@type\":\"WebSite\",\"@id\":\"https:\\\/\\\/www.campinglesoleildor.com\\\/es\\\/#website\",\"url\":\"https:\\\/\\\/www.campinglesoleildor.com\\\/es\\\/\",\"name\":\"Camping le soleil d&#039;or\",\"description\":\"\",\"potentialAction\":[{\"@type\":\"SearchAction\",\"target\":{\"@type\":\"EntryPoint\",\"urlTemplate\":\"https:\\\/\\\/www.campinglesoleildor.com\\\/es\\\/?s={search_term_string}\"},\"query-input\":{\"@type\":\"PropertyValueSpecification\",\"valueRequired\":true,\"valueName\":\"search_term_string\"}}],\"inLanguage\":\"es\"}]}<\/script>\n<!-- \/ Yoast SEO plugin. -->","yoast_head_json":{"title":"Camping Montalivet : parcelas para tiendas y caravanas","description":"Descubra nuestras ofertas de parcelas en el camping Le Soleil d\u2019Or en Gironda. Disfruta de una estancia en tienda de campa\u00f1a o furgoneta camper en Montalivet.","robots":{"index":"index","follow":"follow","max-snippet":"max-snippet:-1","max-image-preview":"max-image-preview:large","max-video-preview":"max-video-preview:-1"},"canonical":"https:\/\/www.campinglesoleildor.com\/es\/parcelas\/","og_locale":"es_ES","og_type":"article","og_title":"Camping Montalivet : parcelas para tiendas y caravanas","og_description":"Descubra nuestras ofertas de parcelas en el camping Le Soleil d\u2019Or en Gironda. Disfruta de una estancia en tienda de campa\u00f1a o furgoneta camper en Montalivet.","og_url":"https:\/\/www.campinglesoleildor.com\/es\/parcelas\/","og_site_name":"Camping le soleil d&#039;or","article_modified_time":"2024-04-25T13:21:28+00:00","og_image":[{"width":2560,"height":1493,"url":"https:\/\/www.campinglesoleildor.com\/wp-content\/uploads\/2024\/04\/EMPLACEMENT-scaled-1.jpg","type":"image\/jpeg"}],"twitter_card":"summary_large_image","schema":{"@context":"https:\/\/schema.org","@graph":[{"@type":"WebPage","@id":"https:\/\/www.campinglesoleildor.com\/es\/parcelas\/","url":"https:\/\/www.campinglesoleildor.com\/es\/parcelas\/","name":"Camping Montalivet : parcelas para tiendas y caravanas","isPartOf":{"@id":"https:\/\/www.campinglesoleildor.com\/es\/#website"},"primaryImageOfPage":{"@id":"https:\/\/www.campinglesoleildor.com\/es\/parcelas\/#primaryimage"},"image":{"@id":"https:\/\/www.campinglesoleildor.com\/es\/parcelas\/#primaryimage"},"thumbnailUrl":"https:\/\/www.campinglesoleildor.com\/wp-content\/uploads\/2024\/04\/EMPLACEMENT-scaled-1.jpg","datePublished":"2024-04-24T16:42:57+00:00","dateModified":"2024-04-25T13:21:28+00:00","description":"Descubra nuestras ofertas de parcelas en el camping Le Soleil d\u2019Or en Gironda. Disfruta de una estancia en tienda de campa\u00f1a o furgoneta camper en Montalivet.","breadcrumb":{"@id":"https:\/\/www.campinglesoleildor.com\/es\/parcelas\/#breadcrumb"},"inLanguage":"es","potentialAction":[{"@type":"ReadAction","target":["https:\/\/www.campinglesoleildor.com\/es\/parcelas\/"]}]},{"@type":"ImageObject","inLanguage":"es","@id":"https:\/\/www.campinglesoleildor.com\/es\/parcelas\/#primaryimage","url":"https:\/\/www.campinglesoleildor.com\/wp-content\/uploads\/2024\/04\/EMPLACEMENT-scaled-1.jpg","contentUrl":"https:\/\/www.campinglesoleildor.com\/wp-content\/uploads\/2024\/04\/EMPLACEMENT-scaled-1.jpg","width":2560,"height":1493,"caption":"emplacement camping montalivet"},{"@type":"BreadcrumbList","@id":"https:\/\/www.campinglesoleildor.com\/es\/parcelas\/#breadcrumb","itemListElement":[{"@type":"ListItem","position":1,"name":"Camping Montalivet","item":"https:\/\/www.campinglesoleildor.com\/es\/"},{"@type":"ListItem","position":2,"name":"Parcelas camping Gironda"}]},{"@type":"WebSite","@id":"https:\/\/www.campinglesoleildor.com\/es\/#website","url":"https:\/\/www.campinglesoleildor.com\/es\/","name":"Camping le soleil d&#039;or","description":"","potentialAction":[{"@type":"SearchAction","target":{"@type":"EntryPoint","urlTemplate":"https:\/\/www.campinglesoleildor.com\/es\/?s={search_term_string}"},"query-input":{"@type":"PropertyValueSpecification","valueRequired":true,"valueName":"search_term_string"}}],"inLanguage":"es"}]}},"_links":{"self":[{"href":"https:\/\/www.campinglesoleildor.com\/es\/wp-json\/wp\/v2\/pages\/7512","targetHints":{"allow":["GET"]}}],"collection":[{"href":"https:\/\/www.campinglesoleildor.com\/es\/wp-json\/wp\/v2\/pages"}],"about":[{"href":"https:\/\/www.campinglesoleildor.com\/es\/wp-json\/wp\/v2\/types\/page"}],"author":[{"embeddable":true,"href":"https:\/\/www.campinglesoleildor.com\/es\/wp-json\/wp\/v2\/users\/1"}],"replies":[{"embeddable":true,"href":"https:\/\/www.campinglesoleildor.com\/es\/wp-json\/wp\/v2\/comments?post=7512"}],"version-history":[{"count":2,"href":"https:\/\/www.campinglesoleildor.com\/es\/wp-json\/wp\/v2\/pages\/7512\/revisions"}],"predecessor-version":[{"id":7515,"href":"https:\/\/www.campinglesoleildor.com\/es\/wp-json\/wp\/v2\/pages\/7512\/revisions\/7515"}],"wp:featuredmedia":[{"embeddable":true,"href":"https:\/\/www.campinglesoleildor.com\/es\/wp-json\/wp\/v2\/media\/7264"}],"wp:attachment":[{"href":"https:\/\/www.campinglesoleildor.com\/es\/wp-json\/wp\/v2\/media?parent=7512"}],"curies":[{"name":"wp","href":"https:\/\/api.w.org\/{rel}","templated":true}]}}