{"id":7462,"date":"2024-04-25T09:51:51","date_gmt":"2024-04-25T07:51:51","guid":{"rendered":"https:\/\/www.campinglesoleildor.com\/camping-gironda\/camping-pas-cher-gironde\/"},"modified":"2024-04-25T11:45:36","modified_gmt":"2024-04-25T09:45:36","slug":"camping-barato-gironda","status":"publish","type":"page","link":"https:\/\/www.campinglesoleildor.com\/es\/camping-gironda\/camping-barato-gironda\/","title":{"rendered":"Offres sp\u00e9ciales"},"content":{"rendered":"<div class=\"bloc-texte full\"><div class=\"texte center\"><p>Para sus pr\u00f3ximas vacaciones en Nueva Aquitania, en Francia, al\u00f3jese en un alojamiento de calidad en el camping Le Soleil d\u2019Or. Este establecimiento de 3 estrellas, situado en la regi\u00f3n del M\u00e9doc, le ofrece todo el confort necesario para una estancia y noches excepcionales en el departamento de Gironda.<\/p>\n<p>Ven a descubrir la localidad costera de Vendays-Montalivet y sus 12 km de playas para pasar momentos inolvidables en familia, en pareja o con amigos. El camping tambi\u00e9n est\u00e1 situado en el coraz\u00f3n de un bosque de 6.000 hect\u00e1reas, ideal para pasar una estancia en plena comuni\u00f3n con la naturaleza.<\/p>\n<p>Adem\u00e1s de mobil-homes y parcelas, este econ\u00f3mico camping de Montalivet ofrece diversas actividades para toda la familia. Tambi\u00e9n puede encontrar muchas actividades culturales y deportivas alrededor del sitio.<\/p>\n<\/div><\/div>\n\n<div class=\"text-image-new style1 image-right background-marron\"><div class=\"text-image-new-colonne\"><H2 class=\"text-image-new-titre\">Su camping de \u00faltima hora en Vendays-Montalivet<\/H2><div class=\"text-image-new-content\"><p>El camping Le Soleil d&#8217;Or est\u00e1 situado al borde del oc\u00e9ano y a s\u00f3lo 8 km del centro de Vendays-Montalivet. Este camping econ\u00f3mico en Gironda, establecimiento con estrella, le ofrece el alquiler de casas m\u00f3viles y parcelas para tiendas y caravanas a precios atractivos. Los alojamientos tienen de 1 a 3 dormitorios y tienen capacidad para familias numerosas.<\/p>\n<p>Este camping econ\u00f3mico en Gironda dispone de una pista de petanca, una mesa de ping-pong y un campo de Home Ball. Un parque con caba\u00f1a y tobog\u00e1n tambi\u00e9n har\u00e1 las delicias de tus hijos durante su estancia. Podr\u00e1 pedir prestados libros y juegos de mesa en recepci\u00f3n para sus momentos de relax en familia. Todas las semanas se organizan veladas animadas y con baile para mejorar su estancia.<\/p>\n<\/div><p class=\"lire-plus\">Leer m\u00e1s<\/p><div class=\"text-image-new-content-more hide\"><p>El bar y la cafeter\u00eda del establecimiento est\u00e1n abiertos todos los d\u00edas, excepto los mi\u00e9rcoles por la noche. Se ofrecen platos para llevar o para disfrutar en el establecimiento, as\u00ed como bebidas a la carta. Asimismo, los clientes del camping econ\u00f3mico Gironda disponen de una lavander\u00eda. All\u00ed encontrar\u00e1 una lavadora y una secadora que funcionan con monedas.<\/p>\n<\/div><p class=\"lire-moins hide\">Leer menos<\/p><\/div><div class=\"text-image-new-colonne\"><img decoding=\"async\" src=\"https:\/\/www.campinglesoleildor.com\/wp-content\/uploads\/2022\/07\/mobil-home-morbihan-capucine-Ext-800x534-1.jpg\" alt=\"Camping de \u00faltima hora Vendays-Montalivet\" class=\"text-image-new-thumb\" \/><\/div><\/div>\n\n<div class=\"text-image-new style1 image-left\"><div class=\"text-image-new-colonne\"><H2 class=\"text-image-new-titre\">\u00a1Alquile un camping barato en Gironda!<\/H2><div class=\"text-image-new-content\"><p>Uno de los mejores campings de Gironda, Le Soleil d&#8217;Or alquila diferentes gamas de mobil-homes con capacidad para 6 personas y en los que se aceptan animales. Lodges con vistas al mar de un dormitorio y capacidad de 1 a 4 personas.<\/p>\n<p>Todos los alojamientos disponen de terraza privada que le permitir\u00e1 disfrutar de sus comidas y aperitivos al aire libre. Las casas m\u00f3viles y los lodges de este econ\u00f3mico camping de Montalivet disponen adem\u00e1s de una zona de cocina totalmente equipada y de aseos.<\/p>\n<\/div><p class=\"lire-plus\">Leer m\u00e1s<\/p><div class=\"text-image-new-content-more hide\"><p>Si se va de vacaciones con su autocaravana, caravana o tienda de campa\u00f1a, es posible alquilar su parcela en el camping Le Soleil d&#8217;Or. Cada una de las 89 ubicaciones cuenta con electricidad. La conexi\u00f3n de agua y desag\u00fce es posible para las autocaravanas y hay ba\u00f1os compartidos cerca de cada lugar.<\/p>\n<p>La conexi\u00f3n a Internet es gratuita en el bar, pero tambi\u00e9n es posible solicitar wifi de pago en el alojamiento y en las parcelas.<\/p>\n<\/div><p class=\"lire-moins hide\">Leer menos<\/p><\/div><div class=\"text-image-new-colonne\"><img decoding=\"async\" src=\"https:\/\/www.campinglesoleildor.com\/wp-content\/uploads\/2024\/04\/emplacement-camping-medoc.jpg\" alt=\"parcela de camping barata Gironda\" class=\"text-image-new-thumb\" \/><\/div><\/div>\n\n<div class=\"text-image-new style1 image-right background-marron\"><div class=\"text-image-new-colonne\"><H2 class=\"text-image-new-titre\">Sus vacaciones econ\u00f3micas en Gironda<\/H2><div class=\"text-image-new-content\"><p>El camping Le Soleil d\u2019Or est\u00e1 situado a menos de una hora de Cap Ferret y a menos de 2 horas de Burdeos y Arcachon. El club est\u00e1 situado a menos de 20 km de ciudades como Queyrac, Saint-Vivier-de-M\u00e9doc, Soulac-sur-Mer o Jau-Dignac-et-Loirac.<\/p>\n<p>Uno de los principales intereses de este camping barato en Gironda, seg\u00fan opiniones de los clientes, es su proximidad a la playa y la gran cantidad de actividades acu\u00e1ticas que all\u00ed se pueden practicar. De hecho, est\u00e1 a s\u00f3lo 100 metros de la playa de Montalivet. Numerosos puntos de surf cerca del establecimiento acogen a surfistas de todos los niveles. Tambi\u00e9n puedes aprovechar tu estancia para probar la navegaci\u00f3n a vela. Aunque el establecimiento no dispone de piscina, en las inmediaciones hay lagos aptos para el ba\u00f1o en verano.<\/p>\n<\/div><p class=\"lire-plus\">Leer m\u00e1s<\/p><div class=\"text-image-new-content-more hide\"><p>Cerca del camping econ\u00f3mico Montalivet se han habilitado carriles bici a lo largo de 30 km. Podr\u00e1s explorar los alrededores en bicicleta. Las rutas de senderismo tambi\u00e9n se extienden a lo largo de 40 km para aquellos que prefieren el senderismo.<\/p>\n<p>Ya puedes reservar tu alojamiento o parcela para las pr\u00f3ximas vacaciones de verano. Tenga en cuenta que no se podr\u00e1 realizar ning\u00fan reembolso en caso de cancelaci\u00f3n y el establecimiento a\u00fan no acepta el pago aplazado. Visita la web del camping para m\u00e1s informaci\u00f3n<\/p>\n<\/div><p class=\"lire-moins hide\">Leer menos<\/p><\/div><div class=\"text-image-new-colonne\"><img decoding=\"async\" src=\"https:\/\/www.campinglesoleildor.com\/wp-content\/uploads\/2024\/04\/camping-gironde-bord-de-mer.jpg\" alt=\"vacaciones en Gironda\" class=\"text-image-new-thumb\" \/><\/div><\/div>","protected":false},"excerpt":{"rendered":"","protected":false},"author":1,"featured_media":7463,"parent":7429,"menu_order":0,"comment_status":"closed","ping_status":"closed","template":"","meta":{"_acf_changed":false,"footnotes":""},"class_list":["post-7462","page","type-page","status-publish","has-post-thumbnail","hentry"],"acf":[],"yoast_head":"<!-- This site is optimized with the Yoast SEO plugin v27.3 - https:\/\/yoast.com\/product\/yoast-seo-wordpress\/ -->\n<title>Camping barato Gironda | Estancia en camping de 3 estrellas al mejor precio<\/title>\n<meta name=\"description\" content=\"\u00a1An\u00edmate y vete de vacaciones a un camping econ\u00f3mico de 3 estrellas en Montalivet, en Gironda, para toda la familia!\" \/>\n<meta name=\"robots\" content=\"index, follow, max-snippet:-1, max-image-preview:large, max-video-preview:-1\" \/>\n<link rel=\"canonical\" href=\"https:\/\/www.campinglesoleildor.com\/es\/camping-gironda\/camping-barato-gironda\/\" \/>\n<meta property=\"og:locale\" content=\"es_ES\" \/>\n<meta property=\"og:type\" content=\"article\" \/>\n<meta property=\"og:title\" content=\"Camping barato Gironda | Estancia en camping de 3 estrellas al mejor precio\" \/>\n<meta property=\"og:description\" content=\"\u00a1An\u00edmate y vete de vacaciones a un camping econ\u00f3mico de 3 estrellas en Montalivet, en Gironda, para toda la familia!\" \/>\n<meta property=\"og:url\" content=\"https:\/\/www.campinglesoleildor.com\/es\/camping-gironda\/camping-barato-gironda\/\" \/>\n<meta property=\"og:site_name\" content=\"Camping le soleil d&#039;or\" \/>\n<meta property=\"article:modified_time\" content=\"2024-04-25T09:45:36+00:00\" \/>\n<meta property=\"og:image\" content=\"https:\/\/www.campinglesoleildor.com\/wp-content\/uploads\/2023\/03\/vacances-camping-gironde.jpg\" \/>\n\t<meta property=\"og:image:width\" content=\"1920\" \/>\n\t<meta property=\"og:image:height\" content=\"1439\" \/>\n\t<meta property=\"og:image:type\" content=\"image\/jpeg\" \/>\n<meta name=\"twitter:card\" content=\"summary_large_image\" \/>\n<script type=\"application\/ld+json\" class=\"yoast-schema-graph\">{\"@context\":\"https:\\\/\\\/schema.org\",\"@graph\":[{\"@type\":\"WebPage\",\"@id\":\"https:\\\/\\\/www.campinglesoleildor.com\\\/es\\\/camping-gironda\\\/camping-barato-gironda\\\/\",\"url\":\"https:\\\/\\\/www.campinglesoleildor.com\\\/es\\\/camping-gironda\\\/camping-barato-gironda\\\/\",\"name\":\"Camping barato Gironda | Estancia en camping de 3 estrellas al mejor precio\",\"isPartOf\":{\"@id\":\"https:\\\/\\\/www.campinglesoleildor.com\\\/es\\\/#website\"},\"primaryImageOfPage\":{\"@id\":\"https:\\\/\\\/www.campinglesoleildor.com\\\/es\\\/camping-gironda\\\/camping-barato-gironda\\\/#primaryimage\"},\"image\":{\"@id\":\"https:\\\/\\\/www.campinglesoleildor.com\\\/es\\\/camping-gironda\\\/camping-barato-gironda\\\/#primaryimage\"},\"thumbnailUrl\":\"https:\\\/\\\/www.campinglesoleildor.com\\\/wp-content\\\/uploads\\\/2023\\\/03\\\/vacances-camping-gironde.jpg\",\"datePublished\":\"2024-04-25T07:51:51+00:00\",\"dateModified\":\"2024-04-25T09:45:36+00:00\",\"description\":\"\u00a1An\u00edmate y vete de vacaciones a un camping econ\u00f3mico de 3 estrellas en Montalivet, en Gironda, para toda la familia!\",\"breadcrumb\":{\"@id\":\"https:\\\/\\\/www.campinglesoleildor.com\\\/es\\\/camping-gironda\\\/camping-barato-gironda\\\/#breadcrumb\"},\"inLanguage\":\"es\",\"potentialAction\":[{\"@type\":\"ReadAction\",\"target\":[\"https:\\\/\\\/www.campinglesoleildor.com\\\/es\\\/camping-gironda\\\/camping-barato-gironda\\\/\"]}]},{\"@type\":\"ImageObject\",\"inLanguage\":\"es\",\"@id\":\"https:\\\/\\\/www.campinglesoleildor.com\\\/es\\\/camping-gironda\\\/camping-barato-gironda\\\/#primaryimage\",\"url\":\"https:\\\/\\\/www.campinglesoleildor.com\\\/wp-content\\\/uploads\\\/2023\\\/03\\\/vacances-camping-gironde.jpg\",\"contentUrl\":\"https:\\\/\\\/www.campinglesoleildor.com\\\/wp-content\\\/uploads\\\/2023\\\/03\\\/vacances-camping-gironde.jpg\",\"width\":1920,\"height\":1439},{\"@type\":\"BreadcrumbList\",\"@id\":\"https:\\\/\\\/www.campinglesoleildor.com\\\/es\\\/camping-gironda\\\/camping-barato-gironda\\\/#breadcrumb\",\"itemListElement\":[{\"@type\":\"ListItem\",\"position\":1,\"name\":\"Camping Montalivet\",\"item\":\"https:\\\/\\\/www.campinglesoleildor.com\\\/es\\\/\"},{\"@type\":\"ListItem\",\"position\":2,\"name\":\"Camping en Gironda\",\"item\":\"https:\\\/\\\/www.campinglesoleildor.com\\\/es\\\/camping-gironda\\\/\"},{\"@type\":\"ListItem\",\"position\":3,\"name\":\"Camping econ\u00f3mico en Gironda\"}]},{\"@type\":\"WebSite\",\"@id\":\"https:\\\/\\\/www.campinglesoleildor.com\\\/es\\\/#website\",\"url\":\"https:\\\/\\\/www.campinglesoleildor.com\\\/es\\\/\",\"name\":\"Camping le soleil d&#039;or\",\"description\":\"\",\"potentialAction\":[{\"@type\":\"SearchAction\",\"target\":{\"@type\":\"EntryPoint\",\"urlTemplate\":\"https:\\\/\\\/www.campinglesoleildor.com\\\/es\\\/?s={search_term_string}\"},\"query-input\":{\"@type\":\"PropertyValueSpecification\",\"valueRequired\":true,\"valueName\":\"search_term_string\"}}],\"inLanguage\":\"es\"}]}<\/script>\n<!-- \/ Yoast SEO plugin. -->","yoast_head_json":{"title":"Camping barato Gironda | Estancia en camping de 3 estrellas al mejor precio","description":"\u00a1An\u00edmate y vete de vacaciones a un camping econ\u00f3mico de 3 estrellas en Montalivet, en Gironda, para toda la familia!","robots":{"index":"index","follow":"follow","max-snippet":"max-snippet:-1","max-image-preview":"max-image-preview:large","max-video-preview":"max-video-preview:-1"},"canonical":"https:\/\/www.campinglesoleildor.com\/es\/camping-gironda\/camping-barato-gironda\/","og_locale":"es_ES","og_type":"article","og_title":"Camping barato Gironda | Estancia en camping de 3 estrellas al mejor precio","og_description":"\u00a1An\u00edmate y vete de vacaciones a un camping econ\u00f3mico de 3 estrellas en Montalivet, en Gironda, para toda la familia!","og_url":"https:\/\/www.campinglesoleildor.com\/es\/camping-gironda\/camping-barato-gironda\/","og_site_name":"Camping le soleil d&#039;or","article_modified_time":"2024-04-25T09:45:36+00:00","og_image":[{"width":1920,"height":1439,"url":"https:\/\/www.campinglesoleildor.com\/wp-content\/uploads\/2023\/03\/vacances-camping-gironde.jpg","type":"image\/jpeg"}],"twitter_card":"summary_large_image","schema":{"@context":"https:\/\/schema.org","@graph":[{"@type":"WebPage","@id":"https:\/\/www.campinglesoleildor.com\/es\/camping-gironda\/camping-barato-gironda\/","url":"https:\/\/www.campinglesoleildor.com\/es\/camping-gironda\/camping-barato-gironda\/","name":"Camping barato Gironda | Estancia en camping de 3 estrellas al mejor precio","isPartOf":{"@id":"https:\/\/www.campinglesoleildor.com\/es\/#website"},"primaryImageOfPage":{"@id":"https:\/\/www.campinglesoleildor.com\/es\/camping-gironda\/camping-barato-gironda\/#primaryimage"},"image":{"@id":"https:\/\/www.campinglesoleildor.com\/es\/camping-gironda\/camping-barato-gironda\/#primaryimage"},"thumbnailUrl":"https:\/\/www.campinglesoleildor.com\/wp-content\/uploads\/2023\/03\/vacances-camping-gironde.jpg","datePublished":"2024-04-25T07:51:51+00:00","dateModified":"2024-04-25T09:45:36+00:00","description":"\u00a1An\u00edmate y vete de vacaciones a un camping econ\u00f3mico de 3 estrellas en Montalivet, en Gironda, para toda la familia!","breadcrumb":{"@id":"https:\/\/www.campinglesoleildor.com\/es\/camping-gironda\/camping-barato-gironda\/#breadcrumb"},"inLanguage":"es","potentialAction":[{"@type":"ReadAction","target":["https:\/\/www.campinglesoleildor.com\/es\/camping-gironda\/camping-barato-gironda\/"]}]},{"@type":"ImageObject","inLanguage":"es","@id":"https:\/\/www.campinglesoleildor.com\/es\/camping-gironda\/camping-barato-gironda\/#primaryimage","url":"https:\/\/www.campinglesoleildor.com\/wp-content\/uploads\/2023\/03\/vacances-camping-gironde.jpg","contentUrl":"https:\/\/www.campinglesoleildor.com\/wp-content\/uploads\/2023\/03\/vacances-camping-gironde.jpg","width":1920,"height":1439},{"@type":"BreadcrumbList","@id":"https:\/\/www.campinglesoleildor.com\/es\/camping-gironda\/camping-barato-gironda\/#breadcrumb","itemListElement":[{"@type":"ListItem","position":1,"name":"Camping Montalivet","item":"https:\/\/www.campinglesoleildor.com\/es\/"},{"@type":"ListItem","position":2,"name":"Camping en Gironda","item":"https:\/\/www.campinglesoleildor.com\/es\/camping-gironda\/"},{"@type":"ListItem","position":3,"name":"Camping econ\u00f3mico en Gironda"}]},{"@type":"WebSite","@id":"https:\/\/www.campinglesoleildor.com\/es\/#website","url":"https:\/\/www.campinglesoleildor.com\/es\/","name":"Camping le soleil d&#039;or","description":"","potentialAction":[{"@type":"SearchAction","target":{"@type":"EntryPoint","urlTemplate":"https:\/\/www.campinglesoleildor.com\/es\/?s={search_term_string}"},"query-input":{"@type":"PropertyValueSpecification","valueRequired":true,"valueName":"search_term_string"}}],"inLanguage":"es"}]}},"_links":{"self":[{"href":"https:\/\/www.campinglesoleildor.com\/es\/wp-json\/wp\/v2\/pages\/7462","targetHints":{"allow":["GET"]}}],"collection":[{"href":"https:\/\/www.campinglesoleildor.com\/es\/wp-json\/wp\/v2\/pages"}],"about":[{"href":"https:\/\/www.campinglesoleildor.com\/es\/wp-json\/wp\/v2\/types\/page"}],"author":[{"embeddable":true,"href":"https:\/\/www.campinglesoleildor.com\/es\/wp-json\/wp\/v2\/users\/1"}],"replies":[{"embeddable":true,"href":"https:\/\/www.campinglesoleildor.com\/es\/wp-json\/wp\/v2\/comments?post=7462"}],"version-history":[{"count":2,"href":"https:\/\/www.campinglesoleildor.com\/es\/wp-json\/wp\/v2\/pages\/7462\/revisions"}],"predecessor-version":[{"id":7472,"href":"https:\/\/www.campinglesoleildor.com\/es\/wp-json\/wp\/v2\/pages\/7462\/revisions\/7472"}],"up":[{"embeddable":true,"href":"https:\/\/www.campinglesoleildor.com\/es\/wp-json\/wp\/v2\/pages\/7429"}],"wp:featuredmedia":[{"embeddable":true,"href":"https:\/\/www.campinglesoleildor.com\/es\/wp-json\/wp\/v2\/media\/7463"}],"wp:attachment":[{"href":"https:\/\/www.campinglesoleildor.com\/es\/wp-json\/wp\/v2\/media?parent=7462"}],"curies":[{"name":"wp","href":"https:\/\/api.w.org\/{rel}","templated":true}]}}