{"id":7445,"date":"2023-07-11T09:54:45","date_gmt":"2023-07-11T07:54:45","guid":{"rendered":"https:\/\/www.campinglesoleildor.com\/camping-gironda\/camping-gironde-bord-mer\/"},"modified":"2024-04-25T11:31:49","modified_gmt":"2024-04-25T09:31:49","slug":"camping-gironda-frente-mar","status":"publish","type":"page","link":"https:\/\/www.campinglesoleildor.com\/es\/camping-gironda\/camping-gironda-frente-mar\/","title":{"rendered":"Gironde Bord de Mer"},"content":{"rendered":"<div class=\"bloc-texte full\"><div class=\"texte center\"><p>\u00bfSue\u00f1as con pasar tus pr\u00f3ximas vacaciones en Nouvelle-Aquitaine, una bonita regi\u00f3n del suroeste de Francia? Le Soleil d&#8217;Or, un camping en Gironda junto al mar, le abre sus puertas para pasar noches rejuvenecedoras y le ofrece el alquiler de una c\u00f3moda casa m\u00f3vil o de una espaciosa parcela. Este <a href=\"\/es\/\">camping situado en Vendays-Montalivet<\/a> le ofrece una estancia familiar ideal gracias a unos servicios destacados y a una ubicaci\u00f3n ideal, a pocos pasos de la playa y de los lugares tur\u00edsticos m\u00e1s bellos de la zona (Soulac-sur-Mer, Lacanau, la cuenca d &#8216;Arcachon, Cap-Ferret, lago Hourtin)!<\/p>\n<\/div><\/div>\n\n<div class=\"text-image-new style1 image-right background-marron\"><div class=\"text-image-new-colonne\"><H2 class=\"text-image-new-titre\">Alquilar una casa m\u00f3vil o una parcela junto a la playa en Vendays-Montalivet<\/H2><div class=\"text-image-new-content\"><p>\u00bfVienes a pasar tus vacaciones a Nueva Aquitania y quieres elegir uno de los mejores campings de la regi\u00f3n? No busque m\u00e1s y descubra Soleil d\u2019Or, un camping en Gironda junto al mar. Nuestro dominio con estrellas le acoge calurosamente en familia con ni\u00f1os o con amigos para pasar noches relajantes en el sur de Francia. Para esta estancia, podr\u00e1s elegir entre alquilar una casa m\u00f3vil si quieres habitaciones acogedoras o incluso con aire acondicionado (de 1 a 6 personas) o alquilar una parcela para tu tienda, autocaravana o caravana si te gusta estar en armon\u00eda con la naturaleza. . Adem\u00e1s, nuestro camping le ofrece servicios estrella: desde el equipamiento diario hasta la zona de juegos infantil y el bar para disfrutar de una copa rom\u00e1ntica. Si necesitas informaci\u00f3n adicional sobre nuestro alojamiento o actividades, \u00a1no dudes en contactarnos!<\/p>\n<\/div><\/div><div class=\"text-image-new-colonne\"><img decoding=\"async\" src=\"https:\/\/www.campinglesoleildor.com\/wp-content\/uploads\/2022\/07\/mobil-home-morbihan-capucine-Ext-800x534-1.jpg\" alt=\"alquiler casa movil montalivet\" class=\"text-image-new-thumb\" \/><\/div><\/div>\n\n<div class=\"text-image-new style1 image-left\"><div class=\"text-image-new-colonne\"><H2 class=\"text-image-new-titre\">Reserva de alojamiento en un camping junto al mar en Gironda<\/H2><div class=\"text-image-new-content\"><p>Adem\u00e1s del alquiler de una acogedora casa m\u00f3vil o de amplias parcelas, nuestro camping en Gironda junto al mar goza de una ubicaci\u00f3n geogr\u00e1fica ideal: al lado de la playa. Este acceso a la playa te ofrece una tarde familiar bronce\u00e1ndote en la fina arena y nadando en el Oc\u00e9ano Atl\u00e1ntico. Por fin podr\u00e1s descubrir las diferentes actividades acu\u00e1ticas que divertir\u00e1n a grandes y peque\u00f1os: \u00a1desde el surf hasta el paddle surf! Ya no necesitas una piscina para darte un chapuz\u00f3n: \u00a1todo est\u00e1 a tu alcance en este destino del M\u00e9doc! \u00a1Descubra ahora uno de los mejores campings de Nueva Aquitania!<\/p>\n<\/div><\/div><div class=\"text-image-new-colonne\"><img decoding=\"async\" src=\"https:\/\/www.campinglesoleildor.com\/wp-content\/uploads\/2024\/04\/camping-gironde-bord-de-mer.jpg\" alt=\"Camping junto al mar en Gironda\" class=\"text-image-new-thumb\" \/><\/div><\/div>\n\n<div class=\"text-image-new style1 image-right background-marron\"><div class=\"text-image-new-colonne\"><H2 class=\"text-image-new-titre\">Al\u00f3jese en un camping junto al mar, cerca de los lugares tur\u00edsticos m\u00e1s bellos de Nueva Aquitania<\/H2><div class=\"text-image-new-content\"><p>Si nuestro camping en Gironda junto al mar le ofrece alojamiento y la playa de Vendays-Montalivet a pocos pasos, en sus proximidades tambi\u00e9n encontrar\u00e1 numerosos lugares imperdibles:<\/p>\n<h3>La cuenca de Arcach\u00f3n<\/h3>\n<p>Situada en el coraz\u00f3n de Gironda, la cuenca de Arcachon es una maravilla natural y cultural que ofrece una experiencia \u00fanica a los visitantes. Esta laguna mesotidal se extiende sobre casi 150 kil\u00f3metros\u00b2 y es conocida por su rica biodiversidad.<\/p>\n<h3>Cap-Ferret<\/h3>\n<p>Este cabo franc\u00e9s que forma una barrera costera se encuentra en el extremo sur de la pen\u00ednsula de L\u00e8ge-Cap-Ferret, en Gironda. En Cap-Ferret, el oc\u00e9ano Atl\u00e1ntico se encuentra con las tranquilas aguas de la cuenca de Arcachon, creando un paisaje contrastante de playas salvajes y calas tranquilas.<\/p>\n<\/div><\/div><div class=\"text-image-new-colonne\"><img decoding=\"async\" src=\"https:\/\/www.campinglesoleildor.com\/wp-content\/uploads\/2022\/10\/VANNES1.jpg\" alt=\"camping \" class=\"text-image-new-thumb\" \/><\/div><\/div>\n\n<div class=\"text-image-new style1 image-left\"><div class=\"text-image-new-colonne\"><div class=\"text-image-new-content\"><h3>Soulac-sur-Mer<\/h3>\n<p>Soulac-sur-Mer, imprescindible estaci\u00f3n balnearia cerca de Vendays-Montalivet en el M\u00e9doc, est\u00e1 rodeada por el oc\u00e9ano Atl\u00e1ntico y el bosque de las Landas. Es conocida por sus extensas playas de arena fina y su oleaje, que hacen las delicias de los amantes de la nataci\u00f3n y el surf.<\/p>\n<h3>Lacanau<\/h3>\n<p>Lacanau, una ciudad din\u00e1mica en el sur de Francia, es conocida por sus playas de arena fina en la Costa de Plata. El lago de Lacanau, una gran masa de agua rodeada de bosques de pinos y alcornoques, ofrece un entorno tranquilo para nadar, navegar, hacer pirag\u00fcismo y pescar.<\/p>\n<\/div><\/div><div class=\"text-image-new-colonne\"><img decoding=\"async\" src=\"https:\/\/www.campinglesoleildor.com\/wp-content\/uploads\/2024\/04\/tourisme-camping-gironde.jpg\" alt=\"Turismo de camping en Gironda\" class=\"text-image-new-thumb\" \/><\/div><\/div>\n\n<div class=\"bloc-texte full\"><div class=\"texte center\"><p>\u00bfListo para pasar unas vacaciones especiales en uno de los campings m\u00e1s bonitos junto a la playa? Descubra Soleil d&#8217;Or, un camping junto al mar en Gironda. En nuestro establecimiento estrella no es necesario un parque acu\u00e1tico con piscina: \u00a1el oc\u00e9ano est\u00e1 a dos pasos del camping! Nuestra finca tambi\u00e9n se encuentra cerca de otras playas imperdibles: Soulac-sur-Mer, Cap-Ferret, Lacanau y la bah\u00eda de Arcachon. Despu\u00e9s de su viaje \u00e9pico por Nueva Aquitania, pase noches rejuvenecedoras en una casa m\u00f3vil o alquilando una parcela espaciosa para su tienda.<\/p>\n<\/div><\/div>","protected":false},"excerpt":{"rendered":"","protected":false},"author":1,"featured_media":7447,"parent":7429,"menu_order":0,"comment_status":"closed","ping_status":"closed","template":"","meta":{"_acf_changed":false,"footnotes":""},"class_list":["post-7445","page","type-page","status-publish","has-post-thumbnail","hentry"],"acf":[],"yoast_head":"<!-- This site is optimized with the Yoast SEO plugin v27.3 - https:\/\/yoast.com\/product\/yoast-seo-wordpress\/ -->\n<title>Camping junto al mar en Gironda con acceso directo a la playa<\/title>\n<meta name=\"description\" content=\"Descubra nuestro camping en primera l\u00ednea de mar, con acceso directo a la playa y venga a recargar energ\u00edas al camping Soleil d&#039;Or en Montalivet, Gironda.\" \/>\n<meta name=\"robots\" content=\"index, follow, max-snippet:-1, max-image-preview:large, max-video-preview:-1\" \/>\n<link rel=\"canonical\" href=\"https:\/\/www.campinglesoleildor.com\/es\/camping-gironda\/camping-gironda-frente-mar\/\" \/>\n<meta property=\"og:locale\" content=\"es_ES\" \/>\n<meta property=\"og:type\" content=\"article\" \/>\n<meta property=\"og:title\" content=\"Camping junto al mar en Gironda con acceso directo a la playa\" \/>\n<meta property=\"og:description\" content=\"Descubra nuestro camping en primera l\u00ednea de mar, con acceso directo a la playa y venga a recargar energ\u00edas al camping Soleil d&#039;Or en Montalivet, Gironda.\" \/>\n<meta property=\"og:url\" content=\"https:\/\/www.campinglesoleildor.com\/es\/camping-gironda\/camping-gironda-frente-mar\/\" \/>\n<meta property=\"og:site_name\" content=\"Camping le soleil d&#039;or\" \/>\n<meta property=\"article:modified_time\" content=\"2024-04-25T09:31:49+00:00\" \/>\n<meta property=\"og:image\" content=\"https:\/\/www.campinglesoleildor.com\/wp-content\/uploads\/2023\/02\/phototeque5-W.jpg\" \/>\n\t<meta property=\"og:image:width\" content=\"1275\" \/>\n\t<meta property=\"og:image:height\" content=\"850\" \/>\n\t<meta property=\"og:image:type\" content=\"image\/jpeg\" \/>\n<meta name=\"twitter:card\" content=\"summary_large_image\" \/>\n<script type=\"application\/ld+json\" class=\"yoast-schema-graph\">{\"@context\":\"https:\\\/\\\/schema.org\",\"@graph\":[{\"@type\":\"WebPage\",\"@id\":\"https:\\\/\\\/www.campinglesoleildor.com\\\/es\\\/camping-gironda\\\/camping-gironda-frente-mar\\\/\",\"url\":\"https:\\\/\\\/www.campinglesoleildor.com\\\/es\\\/camping-gironda\\\/camping-gironda-frente-mar\\\/\",\"name\":\"Camping junto al mar en Gironda con acceso directo a la playa\",\"isPartOf\":{\"@id\":\"https:\\\/\\\/www.campinglesoleildor.com\\\/es\\\/#website\"},\"primaryImageOfPage\":{\"@id\":\"https:\\\/\\\/www.campinglesoleildor.com\\\/es\\\/camping-gironda\\\/camping-gironda-frente-mar\\\/#primaryimage\"},\"image\":{\"@id\":\"https:\\\/\\\/www.campinglesoleildor.com\\\/es\\\/camping-gironda\\\/camping-gironda-frente-mar\\\/#primaryimage\"},\"thumbnailUrl\":\"https:\\\/\\\/www.campinglesoleildor.com\\\/wp-content\\\/uploads\\\/2023\\\/02\\\/phototeque5-W.jpg\",\"datePublished\":\"2023-07-11T07:54:45+00:00\",\"dateModified\":\"2024-04-25T09:31:49+00:00\",\"description\":\"Descubra nuestro camping en primera l\u00ednea de mar, con acceso directo a la playa y venga a recargar energ\u00edas al camping Soleil d'Or en Montalivet, Gironda.\",\"breadcrumb\":{\"@id\":\"https:\\\/\\\/www.campinglesoleildor.com\\\/es\\\/camping-gironda\\\/camping-gironda-frente-mar\\\/#breadcrumb\"},\"inLanguage\":\"es\",\"potentialAction\":[{\"@type\":\"ReadAction\",\"target\":[\"https:\\\/\\\/www.campinglesoleildor.com\\\/es\\\/camping-gironda\\\/camping-gironda-frente-mar\\\/\"]}]},{\"@type\":\"ImageObject\",\"inLanguage\":\"es\",\"@id\":\"https:\\\/\\\/www.campinglesoleildor.com\\\/es\\\/camping-gironda\\\/camping-gironda-frente-mar\\\/#primaryimage\",\"url\":\"https:\\\/\\\/www.campinglesoleildor.com\\\/wp-content\\\/uploads\\\/2023\\\/02\\\/phototeque5-W.jpg\",\"contentUrl\":\"https:\\\/\\\/www.campinglesoleildor.com\\\/wp-content\\\/uploads\\\/2023\\\/02\\\/phototeque5-W.jpg\",\"width\":1275,\"height\":850},{\"@type\":\"BreadcrumbList\",\"@id\":\"https:\\\/\\\/www.campinglesoleildor.com\\\/es\\\/camping-gironda\\\/camping-gironda-frente-mar\\\/#breadcrumb\",\"itemListElement\":[{\"@type\":\"ListItem\",\"position\":1,\"name\":\"Camping Montalivet\",\"item\":\"https:\\\/\\\/www.campinglesoleildor.com\\\/es\\\/\"},{\"@type\":\"ListItem\",\"position\":2,\"name\":\"Camping en Gironda\",\"item\":\"https:\\\/\\\/www.campinglesoleildor.com\\\/es\\\/camping-gironda\\\/\"},{\"@type\":\"ListItem\",\"position\":3,\"name\":\"Camping junto al mar Gironda\"}]},{\"@type\":\"WebSite\",\"@id\":\"https:\\\/\\\/www.campinglesoleildor.com\\\/es\\\/#website\",\"url\":\"https:\\\/\\\/www.campinglesoleildor.com\\\/es\\\/\",\"name\":\"Camping le soleil d&#039;or\",\"description\":\"\",\"potentialAction\":[{\"@type\":\"SearchAction\",\"target\":{\"@type\":\"EntryPoint\",\"urlTemplate\":\"https:\\\/\\\/www.campinglesoleildor.com\\\/es\\\/?s={search_term_string}\"},\"query-input\":{\"@type\":\"PropertyValueSpecification\",\"valueRequired\":true,\"valueName\":\"search_term_string\"}}],\"inLanguage\":\"es\"}]}<\/script>\n<!-- \/ Yoast SEO plugin. -->","yoast_head_json":{"title":"Camping junto al mar en Gironda con acceso directo a la playa","description":"Descubra nuestro camping en primera l\u00ednea de mar, con acceso directo a la playa y venga a recargar energ\u00edas al camping Soleil d'Or en Montalivet, Gironda.","robots":{"index":"index","follow":"follow","max-snippet":"max-snippet:-1","max-image-preview":"max-image-preview:large","max-video-preview":"max-video-preview:-1"},"canonical":"https:\/\/www.campinglesoleildor.com\/es\/camping-gironda\/camping-gironda-frente-mar\/","og_locale":"es_ES","og_type":"article","og_title":"Camping junto al mar en Gironda con acceso directo a la playa","og_description":"Descubra nuestro camping en primera l\u00ednea de mar, con acceso directo a la playa y venga a recargar energ\u00edas al camping Soleil d'Or en Montalivet, Gironda.","og_url":"https:\/\/www.campinglesoleildor.com\/es\/camping-gironda\/camping-gironda-frente-mar\/","og_site_name":"Camping le soleil d&#039;or","article_modified_time":"2024-04-25T09:31:49+00:00","og_image":[{"width":1275,"height":850,"url":"https:\/\/www.campinglesoleildor.com\/wp-content\/uploads\/2023\/02\/phototeque5-W.jpg","type":"image\/jpeg"}],"twitter_card":"summary_large_image","schema":{"@context":"https:\/\/schema.org","@graph":[{"@type":"WebPage","@id":"https:\/\/www.campinglesoleildor.com\/es\/camping-gironda\/camping-gironda-frente-mar\/","url":"https:\/\/www.campinglesoleildor.com\/es\/camping-gironda\/camping-gironda-frente-mar\/","name":"Camping junto al mar en Gironda con acceso directo a la playa","isPartOf":{"@id":"https:\/\/www.campinglesoleildor.com\/es\/#website"},"primaryImageOfPage":{"@id":"https:\/\/www.campinglesoleildor.com\/es\/camping-gironda\/camping-gironda-frente-mar\/#primaryimage"},"image":{"@id":"https:\/\/www.campinglesoleildor.com\/es\/camping-gironda\/camping-gironda-frente-mar\/#primaryimage"},"thumbnailUrl":"https:\/\/www.campinglesoleildor.com\/wp-content\/uploads\/2023\/02\/phototeque5-W.jpg","datePublished":"2023-07-11T07:54:45+00:00","dateModified":"2024-04-25T09:31:49+00:00","description":"Descubra nuestro camping en primera l\u00ednea de mar, con acceso directo a la playa y venga a recargar energ\u00edas al camping Soleil d'Or en Montalivet, Gironda.","breadcrumb":{"@id":"https:\/\/www.campinglesoleildor.com\/es\/camping-gironda\/camping-gironda-frente-mar\/#breadcrumb"},"inLanguage":"es","potentialAction":[{"@type":"ReadAction","target":["https:\/\/www.campinglesoleildor.com\/es\/camping-gironda\/camping-gironda-frente-mar\/"]}]},{"@type":"ImageObject","inLanguage":"es","@id":"https:\/\/www.campinglesoleildor.com\/es\/camping-gironda\/camping-gironda-frente-mar\/#primaryimage","url":"https:\/\/www.campinglesoleildor.com\/wp-content\/uploads\/2023\/02\/phototeque5-W.jpg","contentUrl":"https:\/\/www.campinglesoleildor.com\/wp-content\/uploads\/2023\/02\/phototeque5-W.jpg","width":1275,"height":850},{"@type":"BreadcrumbList","@id":"https:\/\/www.campinglesoleildor.com\/es\/camping-gironda\/camping-gironda-frente-mar\/#breadcrumb","itemListElement":[{"@type":"ListItem","position":1,"name":"Camping Montalivet","item":"https:\/\/www.campinglesoleildor.com\/es\/"},{"@type":"ListItem","position":2,"name":"Camping en Gironda","item":"https:\/\/www.campinglesoleildor.com\/es\/camping-gironda\/"},{"@type":"ListItem","position":3,"name":"Camping junto al mar Gironda"}]},{"@type":"WebSite","@id":"https:\/\/www.campinglesoleildor.com\/es\/#website","url":"https:\/\/www.campinglesoleildor.com\/es\/","name":"Camping le soleil d&#039;or","description":"","potentialAction":[{"@type":"SearchAction","target":{"@type":"EntryPoint","urlTemplate":"https:\/\/www.campinglesoleildor.com\/es\/?s={search_term_string}"},"query-input":{"@type":"PropertyValueSpecification","valueRequired":true,"valueName":"search_term_string"}}],"inLanguage":"es"}]}},"_links":{"self":[{"href":"https:\/\/www.campinglesoleildor.com\/es\/wp-json\/wp\/v2\/pages\/7445","targetHints":{"allow":["GET"]}}],"collection":[{"href":"https:\/\/www.campinglesoleildor.com\/es\/wp-json\/wp\/v2\/pages"}],"about":[{"href":"https:\/\/www.campinglesoleildor.com\/es\/wp-json\/wp\/v2\/types\/page"}],"author":[{"embeddable":true,"href":"https:\/\/www.campinglesoleildor.com\/es\/wp-json\/wp\/v2\/users\/1"}],"replies":[{"embeddable":true,"href":"https:\/\/www.campinglesoleildor.com\/es\/wp-json\/wp\/v2\/comments?post=7445"}],"version-history":[{"count":3,"href":"https:\/\/www.campinglesoleildor.com\/es\/wp-json\/wp\/v2\/pages\/7445\/revisions"}],"predecessor-version":[{"id":7451,"href":"https:\/\/www.campinglesoleildor.com\/es\/wp-json\/wp\/v2\/pages\/7445\/revisions\/7451"}],"up":[{"embeddable":true,"href":"https:\/\/www.campinglesoleildor.com\/es\/wp-json\/wp\/v2\/pages\/7429"}],"wp:featuredmedia":[{"embeddable":true,"href":"https:\/\/www.campinglesoleildor.com\/es\/wp-json\/wp\/v2\/media\/7447"}],"wp:attachment":[{"href":"https:\/\/www.campinglesoleildor.com\/es\/wp-json\/wp\/v2\/media?parent=7445"}],"curies":[{"name":"wp","href":"https:\/\/api.w.org\/{rel}","templated":true}]}}