{"id":7380,"date":"2023-07-10T11:05:28","date_gmt":"2023-07-10T09:05:28","guid":{"rendered":"https:\/\/www.campinglesoleildor.com\/camping-pas-cher-montalivet\/"},"modified":"2024-04-25T15:27:06","modified_gmt":"2024-04-25T13:27:06","slug":"camping-barato-montalivet","status":"publish","type":"page","link":"https:\/\/www.campinglesoleildor.com\/es\/camping-barato-montalivet\/","title":{"rendered":"Pas Cher"},"content":{"rendered":"<div class=\"bloc-texte full\"><div class=\"texte center\"><p>Nuestro camping Le Soleil d&#8217;Or es su destino preferido para una estancia en Montalivet sin comprometer su presupuesto. Situado en el coraz\u00f3n de la impresionante naturaleza de la regi\u00f3n y junto al mar, nuestro camping barato Montalivet ofrece una experiencia vacacional inolvidable que combina relajaci\u00f3n y aventura. En nuestro camping entendemos que unas vacaciones exitosas no tienen por qu\u00e9 ser caras. Por eso ofrecemos servicios de alta calidad a precios asequibles, para que puedas disfrutar plenamente de tu estancia sin preocuparte por los gastos. Tanto si busca tranquilidad en un entorno natural pintoresco como si busca actividades divertidas y descubrimientos locales, nuestro camping barato en Montalivet es el lugar ideal para usted y su familia.<\/p>\n<\/div><\/div>\n\n<div class=\"titre-block\"><h2 class=\"titre center\">Descubre nuestros precios<\/h2><\/div>\n\n<div class=\"frame\"><div class=\"ctoutvert\">\r\n    <ctv-availability data-background-color=\"#FFFFFFFF\" ><\/ctv-availability>\r\n<\/div><\/div>\n\n<div class=\"liste-de-page-icones-container\"><h2>Los servicios 3 estrellas de nuestro camping econ\u00f3mico en Montalivet<\/h2><div class=\"liste-de-page-icones\"><a href=\"https:\/\/www.campinglesoleildor.com\/es\/actividades\/\" class=\"cta-icone\"><img decoding=\"async\" src=\"https:\/\/www.campinglesoleildor.com\/wp-content\/uploads\/2024\/04\/loisirs.png\" alt=\"loisirs\"><p>Actividades y entretenimiento<\/p><\/a><a href=\"https:\/\/www.campinglesoleildor.com\/es\/servicios\/\" class=\"cta-icone\"><img decoding=\"async\" src=\"https:\/\/www.campinglesoleildor.com\/wp-content\/uploads\/2024\/04\/services.png\" alt=\"services\"><p>Servicios<\/p><\/a><a href=\"https:\/\/www.campinglesoleildor.com\/es\/comprar-casa-movil-gironda\/\" class=\"cta-icone\"><img decoding=\"async\" src=\"https:\/\/www.campinglesoleildor.com\/wp-content\/uploads\/2024\/04\/devenir-proprietaire.png\" alt=\"devenir propri\u00e9taire\"><p>Convi\u00e9rtete en propietario<\/p><\/a><a href=\"https:\/\/www.campinglesoleildor.com\/es\/parcelas\/\" class=\"cta-icone\"><img decoding=\"async\" src=\"https:\/\/www.campinglesoleildor.com\/wp-content\/uploads\/2024\/04\/emplacements.png\" alt=\"emplacements\"><p>Reservar mi ubicaci\u00f3n<\/p><\/a><a href=\"https:\/\/www.campinglesoleildor.com\/es\/alquiler-casa-movil-montalivet\/\" class=\"cta-icone\"><img decoding=\"async\" src=\"https:\/\/www.campinglesoleildor.com\/wp-content\/uploads\/2024\/04\/logements-equipes.png\" alt=\"logements \u00e9quip\u00e9s\"><p>Reservar mi casa m\u00f3vil<\/p><\/a><\/div><\/div>\n\n<div class=\"text-image-new style1 image-left\"><div class=\"text-image-new-colonne\"><H2 class=\"text-image-new-titre\">Alojamiento en nuestro camping barato en Montalivet<\/H2><div class=\"text-image-new-content\"><p>Nuestro camping econ\u00f3mico en Montalivet ofrece una amplia variedad de alojamientos de alquiler para su estancia econ\u00f3mica. Ofrecemos varias parcelas de 100 a 200 metros cuadrados, idealmente equipadas para sus tiendas y autocaravanas, y con capacidad para alojar de 1 a 16 personas. Benef\u00edciate, como beneficio adicional, de un descuento especial del 10% para estancias largas en temporada baja, una ventaja m\u00e1s de nuestra oferta de camping asequible.<\/p>\n<p>Nuestro camping en Gironda est\u00e1 idealmente situado a dos pasos del mar y le ofrece una gama de alojamientos que se adaptan a sus necesidades y preferencias: mobil-homes est\u00e1ndar, mobil-homes confort y de alto confort, e incluso mobil-homes premium para unas vacaciones confortables. precios bajos. Nuestro alojamiento tiene una superficie de 28 metros cuadrados, y para familias o grupos m\u00e1s grandes, ofrecemos casas m\u00f3viles con una superficie de 35 m\u00b2 que pueden alojar hasta 6 personas en sus diferentes estancias.<\/p>\n<\/div><p class=\"lire-plus\">Leer m\u00e1s<\/p><div class=\"text-image-new-content-more hide\"><p>Todos nuestros alquileres de casas m\u00f3viles ofrecen de 2 a 3 habitaciones independientes para garantizar su privacidad y comodidad. Todas nuestras casas m\u00f3viles est\u00e1n equipadas con calefacci\u00f3n, cocina equipada, sal\u00f3n, ba\u00f1o, WC, wifi y terraza. Para las casas m\u00f3viles muy c\u00f3modas y premium, tambi\u00e9n se beneficiar\u00e1 del aire acondicionado. Adem\u00e1s, algunos de nuestros alojamientos ofrecen una magn\u00edfica vista al mar. Tambi\u00e9n damos la bienvenida a tus mascotas (bajo condiciones). Opte por nuestro camping econ\u00f3mico en Montalivet, para pasar unas noches o una semana de vacaciones tranquilas y econ\u00f3micas.<\/p>\n<\/div><p class=\"lire-moins hide\">Leer menos<\/p><\/div><div class=\"text-image-new-colonne\"><img decoding=\"async\" src=\"https:\/\/www.campinglesoleildor.com\/wp-content\/uploads\/2023\/02\/Mh-premium-3ch-2-W.jpg\" alt=\"casa m\u00f3vil barata Gironda\" class=\"text-image-new-thumb\" \/><\/div><\/div>\n\n<div class=\"text-image-new style1 image-right background-marron\"><div class=\"text-image-new-colonne\"><H2 class=\"text-image-new-titre\">Un camping econ\u00f3mico idealmente situado en Montalivet<\/H2><div class=\"text-image-new-content\"><p>En el coraz\u00f3n del M\u00e9doc en Gironda, nuestro camping econ\u00f3mico en Montalivet es el punto de partida ideal para explorar la regi\u00f3n y practicar multitud de actividades durante sus vacaciones. Aprovecha tu estancia para vivir momentos inolvidables en familia o con amigos practicando deportes de tabla desde nuestro camping de 3 estrellas en Montalivet. Esta es la oportunidad ideal para combinar diversi\u00f3n y actividades f\u00edsicas. Por lo tanto, reg\u00e1late un dulce descanso pasando una tarde en el lago Hourtin en el M\u00e9doc en Francia. El programa tambi\u00e9n podr\u00eda incluir un paseo en hidropedal, catamar\u00e1n o remo. \u00a1No olvides tu picnic!<\/p>\n<p>En el coraz\u00f3n del M\u00e9doc, nuestro camping econ\u00f3mico en Montalivet le invita a descubrir la serenidad de las 6.000 hect\u00e1reas de pinos y robles que bordean la estaci\u00f3n balnearia de Vendays-Montalivet. Estad atentos y discretos para tener la oportunidad de ver los corzos, jabal\u00edes o ciervos que habitan estos bosques. Disfrute del oc\u00e9ano y la naturaleza gracias a las comodidades disponibles en el sitio. Los amantes de los espacios verdes estar\u00e1n encantados con los 30 kil\u00f3metros de carriles bici y los 40 kil\u00f3metros de rutas de senderismo. Salga al encuentro de la fauna y la flora del M\u00e9doc recorriendo los senderos de la Reserva Natural del Estanque de Casseau y el sendero Berle. Conozca la historia de la regi\u00f3n visitando los castillos y luego finalice su visita con una excursi\u00f3n al faro de Cordouan. Por \u00faltimo, saboree el terru\u00f1o del M\u00e9doc en Aquitania en los numerosos mercados que bordean la Gironda.<\/p>\n<\/div><p class=\"lire-plus\">Leer m\u00e1s<\/p><div class=\"text-image-new-content-more hide\"><p>Gironda, departamento situado en el suroeste de Francia, en Aquitania, atrae a muchos turistas cada a\u00f1o gracias a su ubicaci\u00f3n id\u00edlica a lo largo de la costa atl\u00e1ntica y su rica naturaleza, en particular los famosos pinos. Muchos lugares, como la duna de Pilat, la cueva de Pair-non-Pair y otros parques naturales regionales, se han vuelto imprescindibles. La Gironda tiene una verdadera identidad hist\u00f3rica, cultural y gastron\u00f3mica que podr\u00e1s descubrir y apreciar mientras paseas por Burdeos o Saint \u00c9milion. Reserve sus pr\u00f3ximas vacaciones a precios econ\u00f3micos en este departamento rico en descubrimientos eligiendo nuestro camping econ\u00f3mico en Montalivet, en Gironda.<\/p>\n<\/div><p class=\"lire-moins hide\">Leer menos<\/p><\/div><div class=\"text-image-new-colonne\"><img decoding=\"async\" src=\"https:\/\/www.campinglesoleildor.com\/wp-content\/uploads\/2024\/04\/camping-montalivet-soleil-dor.jpg\" alt=\"camping barato montalivet\" class=\"text-image-new-thumb\" \/><\/div><\/div>\n\n<div class=\"text-image-new style1 image-left\"><div class=\"text-image-new-colonne\"><H2 class=\"text-image-new-titre\">Disfrute de un camping a precios ventajosos junto al mar<\/H2><div class=\"text-image-new-content\"><p>Las parcelas y alquileres de nuestro camping barato en Montalivet se benefician de un entorno excepcional, a s\u00f3lo 100 metros de la playa de Montalivet. Disfrute de un alojamiento idealmente ubicado para su estancia a bajo precio, con acceso directo a las playas de la Costa de Plata en Aquitania. Sin necesidad de piscina, cada d\u00eda tendr\u00e1 literalmente los pies en la arena y, en tan solo un minuto. A pocos pasos podr\u00e1s acceder directamente al oc\u00e9ano desde uno de los campings mejor situados de Vendays-Montalivet, junto al mar. Admira los amaneceres y atardeceres, para sentir la belleza y la grandeza de este paisaje imperdible. Tambi\u00e9n podr\u00e1s disfrutar de muchas actividades con tus hijos sin tener que recorrer varios kil\u00f3metros, como pesca, vela, surf o voleibol de playa.<\/p>\n<p>Adem\u00e1s, nuestro camping barato en Montalivet ofrece una amplia variedad de playas cercanas, para que puedas disfrutar plenamente del aire del mar. Llega a las playas del Centro, Norte y Sur a tu ritmo y sin atascos, y disfruta de un peque\u00f1o rinc\u00f3n del para\u00edso, a menor coste, dentro de nuestro establecimiento al aire libre.<\/p>\n<\/div><\/div><div class=\"text-image-new-colonne\"><img decoding=\"async\" src=\"https:\/\/www.campinglesoleildor.com\/wp-content\/uploads\/2024\/04\/emplacement-camping-medoc.jpg\" alt=\"camping barato junto al mar Gironda\" class=\"text-image-new-thumb\" \/><\/div><\/div>\n\n<div class=\"text-image-new style1 image-right background-marron\"><div class=\"text-image-new-colonne\"><H2 class=\"text-image-new-titre\">Disfrute de una segunda residencia a precio ventajoso en nuestro camping<\/H2><div class=\"text-image-new-content\"><p>Date la oportunidad de prolongar tus vacaciones convirti\u00e9ndote en propietario de una casa m\u00f3vil en nuestro econ\u00f3mico camping en Montalivet, un camping de 3 estrellas a orillas del agua. Ya sea un modelo nuevo o usado, podr\u00e1s convertirte en propietario de una segunda residencia junto al mar, para poder disfrutar de este entorno m\u00e1gico todo el tiempo que quieras, para pasar momentos inolvidables con tus hijos.<\/p>\n<p>Tanto si se aloja en temporada baja como en alta, el M\u00e9doc tiene muchas riquezas que ofrecerle. Tendr\u00e1 tiempo para descubrir toda la riqueza de Gironda y Aquitania. Muchas actividades est\u00e1n disponibles durante todo el a\u00f1o, como la pesca a pie y en barco. No hace falta esperar al verano para disfrutar de los placeres de la playa, del patrimonio del M\u00e9doc y de las actividades acu\u00e1ticas que ofrece el oc\u00e9ano Atl\u00e1ntico gracias a nuestro asequible camping en Vendays-Montalivet.<\/p>\n<\/div><p class=\"lire-plus\">Leer m\u00e1s<\/p><div class=\"text-image-new-content-more hide\"><p>Tener un pied-\u00e0-terre en nuestro camping barato en Montalivet te da la libertad de venir y volver durante un fin de semana, una semana, un mes o incluso m\u00e1s; tan pronto como se siente la llamada del oc\u00e9ano y de Vendays-Montalivet. Este entorno de ensue\u00f1o es inagotable y ofrece un espect\u00e1culo notable incluso fuera de los per\u00edodos estivales.<\/p>\n<\/div><p class=\"lire-moins hide\">Leer menos<\/p><\/div><div class=\"text-image-new-colonne\"><img decoding=\"async\" src=\"https:\/\/www.campinglesoleildor.com\/wp-content\/uploads\/2022\/07\/mobil-home-morbihan-azalee-Ext-800x534-1.jpg\" alt=\"comprar una casa m\u00f3vil junto al mar en Gironda\" class=\"text-image-new-thumb\" \/><\/div><\/div>","protected":false},"excerpt":{"rendered":"","protected":false},"author":1,"featured_media":7366,"parent":0,"menu_order":0,"comment_status":"closed","ping_status":"closed","template":"","meta":{"_acf_changed":false,"footnotes":""},"class_list":["post-7380","page","type-page","status-publish","has-post-thumbnail","hentry"],"acf":[],"yoast_head":"<!-- This site is optimized with the Yoast SEO plugin v27.5 - https:\/\/yoast.com\/product\/yoast-seo-wordpress\/ -->\n<title>Camping barato en Montalivet junto al mar<\/title>\n<meta name=\"description\" content=\"Descubra las ofertas de nuestro camping en Montalivet, le Soleil d\u2019Or. Este camping de 3 estrellas a dos pasos de la playa es ideal para presupuestos reducidos.\" \/>\n<meta name=\"robots\" content=\"index, follow, max-snippet:-1, max-image-preview:large, max-video-preview:-1\" \/>\n<link rel=\"canonical\" href=\"https:\/\/www.campinglesoleildor.com\/es\/camping-barato-montalivet\/\" \/>\n<meta property=\"og:locale\" content=\"es_ES\" \/>\n<meta property=\"og:type\" content=\"article\" \/>\n<meta property=\"og:title\" content=\"Camping barato en Montalivet junto al mar\" \/>\n<meta property=\"og:description\" content=\"Descubra las ofertas de nuestro camping en Montalivet, le Soleil d\u2019Or. Este camping de 3 estrellas a dos pasos de la playa es ideal para presupuestos reducidos.\" \/>\n<meta property=\"og:url\" content=\"https:\/\/www.campinglesoleildor.com\/es\/camping-barato-montalivet\/\" \/>\n<meta property=\"og:site_name\" content=\"Camping le soleil d&#039;or\" \/>\n<meta property=\"article:modified_time\" content=\"2024-04-25T13:27:06+00:00\" \/>\n<meta property=\"og:image\" content=\"https:\/\/www.campinglesoleildor.com\/wp-content\/uploads\/2022\/11\/RESERVATION-MH-1-scaled.jpg\" \/>\n\t<meta property=\"og:image:width\" content=\"2560\" \/>\n\t<meta property=\"og:image:height\" content=\"1493\" \/>\n\t<meta property=\"og:image:type\" content=\"image\/jpeg\" \/>\n<meta name=\"twitter:card\" content=\"summary_large_image\" \/>\n<script type=\"application\/ld+json\" class=\"yoast-schema-graph\">{\"@context\":\"https:\\\/\\\/schema.org\",\"@graph\":[{\"@type\":\"WebPage\",\"@id\":\"https:\\\/\\\/www.campinglesoleildor.com\\\/es\\\/camping-barato-montalivet\\\/\",\"url\":\"https:\\\/\\\/www.campinglesoleildor.com\\\/es\\\/camping-barato-montalivet\\\/\",\"name\":\"Camping barato en Montalivet junto al mar\",\"isPartOf\":{\"@id\":\"https:\\\/\\\/www.campinglesoleildor.com\\\/es\\\/#website\"},\"primaryImageOfPage\":{\"@id\":\"https:\\\/\\\/www.campinglesoleildor.com\\\/es\\\/camping-barato-montalivet\\\/#primaryimage\"},\"image\":{\"@id\":\"https:\\\/\\\/www.campinglesoleildor.com\\\/es\\\/camping-barato-montalivet\\\/#primaryimage\"},\"thumbnailUrl\":\"https:\\\/\\\/www.campinglesoleildor.com\\\/wp-content\\\/uploads\\\/2022\\\/11\\\/RESERVATION-MH-1-scaled.jpg\",\"datePublished\":\"2023-07-10T09:05:28+00:00\",\"dateModified\":\"2024-04-25T13:27:06+00:00\",\"description\":\"Descubra las ofertas de nuestro camping en Montalivet, le Soleil d\u2019Or. Este camping de 3 estrellas a dos pasos de la playa es ideal para presupuestos reducidos.\",\"breadcrumb\":{\"@id\":\"https:\\\/\\\/www.campinglesoleildor.com\\\/es\\\/camping-barato-montalivet\\\/#breadcrumb\"},\"inLanguage\":\"es\",\"potentialAction\":[{\"@type\":\"ReadAction\",\"target\":[\"https:\\\/\\\/www.campinglesoleildor.com\\\/es\\\/camping-barato-montalivet\\\/\"]}]},{\"@type\":\"ImageObject\",\"inLanguage\":\"es\",\"@id\":\"https:\\\/\\\/www.campinglesoleildor.com\\\/es\\\/camping-barato-montalivet\\\/#primaryimage\",\"url\":\"https:\\\/\\\/www.campinglesoleildor.com\\\/wp-content\\\/uploads\\\/2022\\\/11\\\/RESERVATION-MH-1-scaled.jpg\",\"contentUrl\":\"https:\\\/\\\/www.campinglesoleildor.com\\\/wp-content\\\/uploads\\\/2022\\\/11\\\/RESERVATION-MH-1-scaled.jpg\",\"width\":2560,\"height\":1493},{\"@type\":\"BreadcrumbList\",\"@id\":\"https:\\\/\\\/www.campinglesoleildor.com\\\/es\\\/camping-barato-montalivet\\\/#breadcrumb\",\"itemListElement\":[{\"@type\":\"ListItem\",\"position\":1,\"name\":\"Camping Montalivet\",\"item\":\"https:\\\/\\\/www.campinglesoleildor.com\\\/es\\\/\"},{\"@type\":\"ListItem\",\"position\":2,\"name\":\"Alquiler de casas m\u00f3viles en Montalivet\"}]},{\"@type\":\"WebSite\",\"@id\":\"https:\\\/\\\/www.campinglesoleildor.com\\\/es\\\/#website\",\"url\":\"https:\\\/\\\/www.campinglesoleildor.com\\\/es\\\/\",\"name\":\"Camping le soleil d&#039;or\",\"description\":\"\",\"potentialAction\":[{\"@type\":\"SearchAction\",\"target\":{\"@type\":\"EntryPoint\",\"urlTemplate\":\"https:\\\/\\\/www.campinglesoleildor.com\\\/es\\\/?s={search_term_string}\"},\"query-input\":{\"@type\":\"PropertyValueSpecification\",\"valueRequired\":true,\"valueName\":\"search_term_string\"}}],\"inLanguage\":\"es\"}]}<\/script>\n<!-- \/ Yoast SEO plugin. -->","yoast_head_json":{"title":"Camping barato en Montalivet junto al mar","description":"Descubra las ofertas de nuestro camping en Montalivet, le Soleil d\u2019Or. Este camping de 3 estrellas a dos pasos de la playa es ideal para presupuestos reducidos.","robots":{"index":"index","follow":"follow","max-snippet":"max-snippet:-1","max-image-preview":"max-image-preview:large","max-video-preview":"max-video-preview:-1"},"canonical":"https:\/\/www.campinglesoleildor.com\/es\/camping-barato-montalivet\/","og_locale":"es_ES","og_type":"article","og_title":"Camping barato en Montalivet junto al mar","og_description":"Descubra las ofertas de nuestro camping en Montalivet, le Soleil d\u2019Or. Este camping de 3 estrellas a dos pasos de la playa es ideal para presupuestos reducidos.","og_url":"https:\/\/www.campinglesoleildor.com\/es\/camping-barato-montalivet\/","og_site_name":"Camping le soleil d&#039;or","article_modified_time":"2024-04-25T13:27:06+00:00","og_image":[{"width":2560,"height":1493,"url":"https:\/\/www.campinglesoleildor.com\/wp-content\/uploads\/2022\/11\/RESERVATION-MH-1-scaled.jpg","type":"image\/jpeg"}],"twitter_card":"summary_large_image","schema":{"@context":"https:\/\/schema.org","@graph":[{"@type":"WebPage","@id":"https:\/\/www.campinglesoleildor.com\/es\/camping-barato-montalivet\/","url":"https:\/\/www.campinglesoleildor.com\/es\/camping-barato-montalivet\/","name":"Camping barato en Montalivet junto al mar","isPartOf":{"@id":"https:\/\/www.campinglesoleildor.com\/es\/#website"},"primaryImageOfPage":{"@id":"https:\/\/www.campinglesoleildor.com\/es\/camping-barato-montalivet\/#primaryimage"},"image":{"@id":"https:\/\/www.campinglesoleildor.com\/es\/camping-barato-montalivet\/#primaryimage"},"thumbnailUrl":"https:\/\/www.campinglesoleildor.com\/wp-content\/uploads\/2022\/11\/RESERVATION-MH-1-scaled.jpg","datePublished":"2023-07-10T09:05:28+00:00","dateModified":"2024-04-25T13:27:06+00:00","description":"Descubra las ofertas de nuestro camping en Montalivet, le Soleil d\u2019Or. Este camping de 3 estrellas a dos pasos de la playa es ideal para presupuestos reducidos.","breadcrumb":{"@id":"https:\/\/www.campinglesoleildor.com\/es\/camping-barato-montalivet\/#breadcrumb"},"inLanguage":"es","potentialAction":[{"@type":"ReadAction","target":["https:\/\/www.campinglesoleildor.com\/es\/camping-barato-montalivet\/"]}]},{"@type":"ImageObject","inLanguage":"es","@id":"https:\/\/www.campinglesoleildor.com\/es\/camping-barato-montalivet\/#primaryimage","url":"https:\/\/www.campinglesoleildor.com\/wp-content\/uploads\/2022\/11\/RESERVATION-MH-1-scaled.jpg","contentUrl":"https:\/\/www.campinglesoleildor.com\/wp-content\/uploads\/2022\/11\/RESERVATION-MH-1-scaled.jpg","width":2560,"height":1493},{"@type":"BreadcrumbList","@id":"https:\/\/www.campinglesoleildor.com\/es\/camping-barato-montalivet\/#breadcrumb","itemListElement":[{"@type":"ListItem","position":1,"name":"Camping Montalivet","item":"https:\/\/www.campinglesoleildor.com\/es\/"},{"@type":"ListItem","position":2,"name":"Alquiler de casas m\u00f3viles en Montalivet"}]},{"@type":"WebSite","@id":"https:\/\/www.campinglesoleildor.com\/es\/#website","url":"https:\/\/www.campinglesoleildor.com\/es\/","name":"Camping le soleil d&#039;or","description":"","potentialAction":[{"@type":"SearchAction","target":{"@type":"EntryPoint","urlTemplate":"https:\/\/www.campinglesoleildor.com\/es\/?s={search_term_string}"},"query-input":{"@type":"PropertyValueSpecification","valueRequired":true,"valueName":"search_term_string"}}],"inLanguage":"es"}]}},"_links":{"self":[{"href":"https:\/\/www.campinglesoleildor.com\/es\/wp-json\/wp\/v2\/pages\/7380","targetHints":{"allow":["GET"]}}],"collection":[{"href":"https:\/\/www.campinglesoleildor.com\/es\/wp-json\/wp\/v2\/pages"}],"about":[{"href":"https:\/\/www.campinglesoleildor.com\/es\/wp-json\/wp\/v2\/types\/page"}],"author":[{"embeddable":true,"href":"https:\/\/www.campinglesoleildor.com\/es\/wp-json\/wp\/v2\/users\/1"}],"replies":[{"embeddable":true,"href":"https:\/\/www.campinglesoleildor.com\/es\/wp-json\/wp\/v2\/comments?post=7380"}],"version-history":[{"count":4,"href":"https:\/\/www.campinglesoleildor.com\/es\/wp-json\/wp\/v2\/pages\/7380\/revisions"}],"predecessor-version":[{"id":7815,"href":"https:\/\/www.campinglesoleildor.com\/es\/wp-json\/wp\/v2\/pages\/7380\/revisions\/7815"}],"wp:featuredmedia":[{"embeddable":true,"href":"https:\/\/www.campinglesoleildor.com\/es\/wp-json\/wp\/v2\/media\/7366"}],"wp:attachment":[{"href":"https:\/\/www.campinglesoleildor.com\/es\/wp-json\/wp\/v2\/media?parent=7380"}],"curies":[{"name":"wp","href":"https:\/\/api.w.org\/{rel}","templated":true}]}}