{"id":7070,"date":"2021-08-24T10:33:49","date_gmt":"2021-08-24T08:33:49","guid":{"rendered":"https:\/\/www.campinglesoleildor.com\/a-voir\/"},"modified":"2024-04-25T14:29:29","modified_gmt":"2024-04-25T12:29:29","slug":"to-see","status":"publish","type":"page","link":"https:\/\/www.campinglesoleildor.com\/en\/to-see\/","title":{"rendered":"A voir"},"content":{"rendered":"<div class=\"text-image-new style1 image-left\"><div class=\"text-image-new-colonne\"><H2 class=\"text-image-new-titre\">Sports, leisure and discoveries<\/H2><div class=\"text-image-new-content\"><p>Are you on vacation at Le Soleil d\u2019Or campsite? Discover Montalivet and its surroundings:<\/p>\n<ul>\n<li><strong>Tree climbing<\/strong><br \/>\nIn the heart of the forest and 2 minutes from the ocean, the Parc De l&#8217;Aventure will offer you numerous outdoor activities for all ages: tree climbing, treasure hunt, puzzle trail, bike rentals, mini-golf \u2026).<\/li>\n<li><strong>Cap 33<\/strong><br \/>\n100 meters from the campsite, Cap 33, in partnership with the Gironde department, will offer you from April and throughout the summer many free sporting and artistic discovery activities for young and old.<\/li>\n<li><strong>Yachting<\/strong><br \/>\nOpposite the campsite, you can practice sand yachting on the long beaches of Montalivet and have thrills even for beginners. The CAP Montalivet club offers introductory sand yachting sessions.<\/li>\n<\/ul>\n<\/div><p class=\"lire-plus\">Read more<\/p><div class=\"text-image-new-content-more hide\"><ul>\n<li><strong>Horse riding<\/strong><br \/>\nThree riding centers offer different activities and hikes. The Catherine Sireix Equestrian Center, the Clavi\u00e8res Equestrian Center or the P\u00e9rigueys Equestrian Center.<\/li>\n<li><strong>Skate park<\/strong><br \/>\nNext to the campsite, young and old will indulge in the joys of sliding on the Skate Park bowl.<\/li>\n<li><strong>Surf<\/strong><br \/>\nVendays-Montalivet offers different spots and surf schools for beginners and experienced surfers.<\/li>\n<\/ul>\n<\/div><p class=\"lire-moins hide\">Read less<\/p><\/div><div class=\"text-image-new-colonne\"><img decoding=\"async\" src=\"https:\/\/www.campinglesoleildor.com\/wp-content\/uploads\/2024\/04\/char-a-voile-montalivet.jpg\" alt=\"activit\u00e9s montalivet\" class=\"text-image-new-thumb\" \/><\/div><\/div>\n\n<div class=\"text-image-new style1 image-right background-marron\"><div class=\"text-image-new-colonne\"><H2 class=\"text-image-new-titre\">Your campsite in the heart of M\u00e9doc<\/H2><div class=\"text-image-new-content\"><p>The M\u00e9doc peninsula is a synthesis of all the tourist sectors that can be found in Gironde: the coastline, the estuary, the lakes, the forest, the wine, the heritage and the gastronomy are all assets that nature deploys to attract you, hold you and encourage you to return to this region combining tradition and modernity. Throughout your stay, you can explore wide open spaces and the immense diversity of the landscape. Here nature is still very preserved.<\/p>\n<p>Lovers of beautiful stones will discover the Romanesque buildings that history has left us. Throughout your walks in the M\u00e9doc, you can discover different monuments or go to different museums such as the archaeological museum of Soulac-sur-Mer. You can imagine how the M\u00e9doc organized its defense with the fortress of Blanquefort, the Tower of Honor in Lesparre or the Fort-M\u00e9doc in Cussac (listed as a UNESCO world heritage site) which constituted with the citadel of Blaye and the Fort Pat\u00e9, the Vauban lock, which protected Bordeaux from a possible attack from the estuary.<\/p>\n<p>Soulac-sur-Mer, our ancient village, like Lacanau, reached its peak with the fashion for sea bathing and became a seaside resort in 1849. You can visit its charming neo-colonial village and the history of its Basilica Our Lady of the End of the Earth.<\/p>\n<\/div><\/div><div class=\"text-image-new-colonne\"><img decoding=\"async\" src=\"https:\/\/www.campinglesoleildor.com\/wp-content\/uploads\/2024\/04\/camping-medoc.jpg\" alt=\"camping medoc\" class=\"text-image-new-thumb\" \/><\/div><\/div>\n\n<div class=\"text-image-new style1 image-left\"><div class=\"text-image-new-colonne\"><H2 class=\"text-image-new-titre\">The markets around the Le Soleil d\u2019Or campsite<\/H2><div class=\"text-image-new-content\"><ul>\n<li><strong>Montalivet<\/strong><\/li>\n<\/ul>\n<p>You will enjoy strolling every day between 9 a.m. and 2 p.m. on this typical M\u00e9doc market with several food and non-food stands. There you can taste oysters and enjoy a glass of white wine\u2026<\/p>\n<ul>\n<li><strong>Vendays<\/strong><\/li>\n<\/ul>\n<p>Sunday morning at the church square<\/p>\n<ul>\n<li><strong>Lesparre-Medoc<\/strong><\/li>\n<\/ul>\n<p>Tuesday morning (place du Mar\u00e9chal Foch)<br \/>\nSaturday morning (Place Gambetta)<br \/>\nFair on the 1st Friday of the month<\/p>\n<ul>\n<li><strong>Saint-Vivien-de-Medoc<\/strong><\/li>\n<\/ul>\n<p>Wednesday morning<\/p>\n<\/div><p class=\"lire-plus\">Read more<\/p><div class=\"text-image-new-content-more hide\"><ul>\n<li><strong>Soulac-sur-Mer<\/strong><\/li>\n<\/ul>\n<p>Every morning and end of the day in July and August<\/p>\n<ul>\n<li><strong>Hourtin<\/strong><\/li>\n<\/ul>\n<p>Hourtin town: in July and August, Tuesday, Thursday and Saturday morning, the rest of the year Thursday morning<br \/>\nHourtin port: craft market on Friday evening<br \/>\nHourtin beach: craft market on Monday evening<\/p>\n<ul>\n<li><strong>Lacanau<\/strong><\/li>\n<\/ul>\n<p>Lacanau town: from June to September, Saturday morning, church square<br \/>\nLacanau town: night market in summer season, every Thursday evening<br \/>\nLacanau ocean: Wednesday morning every day in season, Place du Champ de Foire and All\u00e9es Ortal<\/p>\n<ul>\n<li><strong>Le Verdon sur Mer<\/strong><\/li>\n<\/ul>\n<p>Every day in season, Pointe de Grave<\/p>\n<\/div><p class=\"lire-moins hide\">Read less<\/p><\/div><div class=\"text-image-new-colonne\"><img decoding=\"async\" src=\"https:\/\/www.campinglesoleildor.com\/wp-content\/uploads\/2024\/04\/marche-montalivet.jpg\" alt=\"march\u00e9 montalivet\" class=\"text-image-new-thumb\" \/><\/div><\/div>\n\n<div class=\"liste-de-page-home\"><h2 class=\"liste-de-page-home-titre\">What to visit and do around the Le Soleil d\u2019Or campsite?<\/h2><ul class=\"liste-de-page-articles\"><li><a href=\"https:\/\/www.campinglesoleildor.com\/en\/news\/tree-climbing-montalivet\/\"><div class=\"cta-img\"><img decoding=\"async\" src=\"https:\/\/www.campinglesoleildor.com\/wp-content\/uploads\/2022\/11\/ACTIVITES-scaled-e1668787393248.jpg\" alt=\"\"><\/div><div class=\"cta-titre\">Tree climbing in Montalivet for a stay full of adventure<\/div><\/a><\/li><li><a href=\"https:\/\/www.campinglesoleildor.com\/en\/news\/what-to-do-montalivet\/\"><div class=\"cta-img\"><img decoding=\"async\" src=\"https:\/\/www.campinglesoleildor.com\/wp-content\/uploads\/2022\/11\/SERVICES-1-scaled-e1669116746176.jpg\" alt=\"\"><\/div><div class=\"cta-titre\">What to do in Montalivet ? Top 3 activities to do in this Gironde seaside resort<\/div><\/a><\/li><li><a href=\"https:\/\/www.campinglesoleildor.com\/en\/news\/market-montalivet\/\"><div class=\"cta-img\"><img decoding=\"async\" src=\"https:\/\/www.campinglesoleildor.com\/wp-content\/uploads\/2023\/07\/marche-montalivet.jpeg\" alt=\"\"><\/div><div class=\"cta-titre\">The Montalivet market : the flagship activity of your camping holiday in Gironde<\/div><\/a><\/li><li><a href=\"https:\/\/www.campinglesoleildor.com\/en\/news\/surfing-montalivet\/\"><div class=\"cta-img\"><img decoding=\"async\" src=\"https:\/\/www.campinglesoleildor.com\/wp-content\/uploads\/2021\/09\/surfer_en_vendee.jpeg\" alt=\"\"><\/div><div class=\"cta-titre\">Surfing in Montalivet : find the necessary equipment and the ideal surf spot in Gironde<\/div><\/a><\/li><\/ul><\/div>","protected":false},"excerpt":{"rendered":"","protected":false},"author":1,"featured_media":7071,"parent":0,"menu_order":0,"comment_status":"closed","ping_status":"closed","template":"","meta":{"_acf_changed":false,"footnotes":""},"class_list":["post-7070","page","type-page","status-publish","has-post-thumbnail","hentry"],"acf":[],"yoast_head":"<!-- This site is optimized with the Yoast SEO plugin v27.4 - https:\/\/yoast.com\/product\/yoast-seo-wordpress\/ -->\n<title>Visit Montalivet, activities to do in the surroundings of Vendays-Montalivet<\/title>\n<meta name=\"description\" content=\"Find the best activities to do around Vendays-Montalivet and your Le Soleil d&#039;Or campsite during your vacation.\" \/>\n<meta name=\"robots\" content=\"index, follow, max-snippet:-1, max-image-preview:large, max-video-preview:-1\" \/>\n<link rel=\"canonical\" href=\"https:\/\/www.campinglesoleildor.com\/en\/to-see\/\" \/>\n<meta property=\"og:locale\" content=\"en_US\" \/>\n<meta property=\"og:type\" content=\"article\" \/>\n<meta property=\"og:title\" content=\"Visit Montalivet, activities to do in the surroundings of Vendays-Montalivet\" \/>\n<meta property=\"og:description\" content=\"Find the best activities to do around Vendays-Montalivet and your Le Soleil d&#039;Or campsite during your vacation.\" \/>\n<meta property=\"og:url\" content=\"https:\/\/www.campinglesoleildor.com\/en\/to-see\/\" \/>\n<meta property=\"og:site_name\" content=\"Camping le soleil d&#039;or\" \/>\n<meta property=\"article:modified_time\" content=\"2024-04-25T12:29:29+00:00\" \/>\n<meta property=\"og:image\" content=\"https:\/\/www.campinglesoleildor.com\/wp-content\/uploads\/2022\/11\/A-VOIR-scaled-e1668778464882.jpg\" \/>\n\t<meta property=\"og:image:width\" content=\"1500\" \/>\n\t<meta property=\"og:image:height\" content=\"760\" \/>\n\t<meta property=\"og:image:type\" content=\"image\/jpeg\" \/>\n<meta name=\"twitter:card\" content=\"summary_large_image\" \/>\n<script type=\"application\/ld+json\" class=\"yoast-schema-graph\">{\"@context\":\"https:\\\/\\\/schema.org\",\"@graph\":[{\"@type\":\"WebPage\",\"@id\":\"https:\\\/\\\/www.campinglesoleildor.com\\\/en\\\/to-see\\\/\",\"url\":\"https:\\\/\\\/www.campinglesoleildor.com\\\/en\\\/to-see\\\/\",\"name\":\"Visit Montalivet, activities to do in the surroundings of Vendays-Montalivet\",\"isPartOf\":{\"@id\":\"https:\\\/\\\/www.campinglesoleildor.com\\\/en\\\/#website\"},\"primaryImageOfPage\":{\"@id\":\"https:\\\/\\\/www.campinglesoleildor.com\\\/en\\\/to-see\\\/#primaryimage\"},\"image\":{\"@id\":\"https:\\\/\\\/www.campinglesoleildor.com\\\/en\\\/to-see\\\/#primaryimage\"},\"thumbnailUrl\":\"https:\\\/\\\/www.campinglesoleildor.com\\\/wp-content\\\/uploads\\\/2022\\\/11\\\/A-VOIR-scaled-e1668778464882.jpg\",\"datePublished\":\"2021-08-24T08:33:49+00:00\",\"dateModified\":\"2024-04-25T12:29:29+00:00\",\"description\":\"Find the best activities to do around Vendays-Montalivet and your Le Soleil d'Or campsite during your vacation.\",\"breadcrumb\":{\"@id\":\"https:\\\/\\\/www.campinglesoleildor.com\\\/en\\\/to-see\\\/#breadcrumb\"},\"inLanguage\":\"en-US\",\"potentialAction\":[{\"@type\":\"ReadAction\",\"target\":[\"https:\\\/\\\/www.campinglesoleildor.com\\\/en\\\/to-see\\\/\"]}]},{\"@type\":\"ImageObject\",\"inLanguage\":\"en-US\",\"@id\":\"https:\\\/\\\/www.campinglesoleildor.com\\\/en\\\/to-see\\\/#primaryimage\",\"url\":\"https:\\\/\\\/www.campinglesoleildor.com\\\/wp-content\\\/uploads\\\/2022\\\/11\\\/A-VOIR-scaled-e1668778464882.jpg\",\"contentUrl\":\"https:\\\/\\\/www.campinglesoleildor.com\\\/wp-content\\\/uploads\\\/2022\\\/11\\\/A-VOIR-scaled-e1668778464882.jpg\",\"width\":1500,\"height\":760},{\"@type\":\"BreadcrumbList\",\"@id\":\"https:\\\/\\\/www.campinglesoleildor.com\\\/en\\\/to-see\\\/#breadcrumb\",\"itemListElement\":[{\"@type\":\"ListItem\",\"position\":1,\"name\":\"Camping Montalivet\",\"item\":\"https:\\\/\\\/www.campinglesoleildor.com\\\/en\\\/\"},{\"@type\":\"ListItem\",\"position\":2,\"name\":\"What to see and do in Vendays-Montalivet?\"}]},{\"@type\":\"WebSite\",\"@id\":\"https:\\\/\\\/www.campinglesoleildor.com\\\/en\\\/#website\",\"url\":\"https:\\\/\\\/www.campinglesoleildor.com\\\/en\\\/\",\"name\":\"Camping le soleil d&#039;or\",\"description\":\"\",\"potentialAction\":[{\"@type\":\"SearchAction\",\"target\":{\"@type\":\"EntryPoint\",\"urlTemplate\":\"https:\\\/\\\/www.campinglesoleildor.com\\\/en\\\/?s={search_term_string}\"},\"query-input\":{\"@type\":\"PropertyValueSpecification\",\"valueRequired\":true,\"valueName\":\"search_term_string\"}}],\"inLanguage\":\"en-US\"}]}<\/script>\n<!-- \/ Yoast SEO plugin. -->","yoast_head_json":{"title":"Visit Montalivet, activities to do in the surroundings of Vendays-Montalivet","description":"Find the best activities to do around Vendays-Montalivet and your Le Soleil d'Or campsite during your vacation.","robots":{"index":"index","follow":"follow","max-snippet":"max-snippet:-1","max-image-preview":"max-image-preview:large","max-video-preview":"max-video-preview:-1"},"canonical":"https:\/\/www.campinglesoleildor.com\/en\/to-see\/","og_locale":"en_US","og_type":"article","og_title":"Visit Montalivet, activities to do in the surroundings of Vendays-Montalivet","og_description":"Find the best activities to do around Vendays-Montalivet and your Le Soleil d'Or campsite during your vacation.","og_url":"https:\/\/www.campinglesoleildor.com\/en\/to-see\/","og_site_name":"Camping le soleil d&#039;or","article_modified_time":"2024-04-25T12:29:29+00:00","og_image":[{"width":1500,"height":760,"url":"https:\/\/www.campinglesoleildor.com\/wp-content\/uploads\/2022\/11\/A-VOIR-scaled-e1668778464882.jpg","type":"image\/jpeg"}],"twitter_card":"summary_large_image","schema":{"@context":"https:\/\/schema.org","@graph":[{"@type":"WebPage","@id":"https:\/\/www.campinglesoleildor.com\/en\/to-see\/","url":"https:\/\/www.campinglesoleildor.com\/en\/to-see\/","name":"Visit Montalivet, activities to do in the surroundings of Vendays-Montalivet","isPartOf":{"@id":"https:\/\/www.campinglesoleildor.com\/en\/#website"},"primaryImageOfPage":{"@id":"https:\/\/www.campinglesoleildor.com\/en\/to-see\/#primaryimage"},"image":{"@id":"https:\/\/www.campinglesoleildor.com\/en\/to-see\/#primaryimage"},"thumbnailUrl":"https:\/\/www.campinglesoleildor.com\/wp-content\/uploads\/2022\/11\/A-VOIR-scaled-e1668778464882.jpg","datePublished":"2021-08-24T08:33:49+00:00","dateModified":"2024-04-25T12:29:29+00:00","description":"Find the best activities to do around Vendays-Montalivet and your Le Soleil d'Or campsite during your vacation.","breadcrumb":{"@id":"https:\/\/www.campinglesoleildor.com\/en\/to-see\/#breadcrumb"},"inLanguage":"en-US","potentialAction":[{"@type":"ReadAction","target":["https:\/\/www.campinglesoleildor.com\/en\/to-see\/"]}]},{"@type":"ImageObject","inLanguage":"en-US","@id":"https:\/\/www.campinglesoleildor.com\/en\/to-see\/#primaryimage","url":"https:\/\/www.campinglesoleildor.com\/wp-content\/uploads\/2022\/11\/A-VOIR-scaled-e1668778464882.jpg","contentUrl":"https:\/\/www.campinglesoleildor.com\/wp-content\/uploads\/2022\/11\/A-VOIR-scaled-e1668778464882.jpg","width":1500,"height":760},{"@type":"BreadcrumbList","@id":"https:\/\/www.campinglesoleildor.com\/en\/to-see\/#breadcrumb","itemListElement":[{"@type":"ListItem","position":1,"name":"Camping Montalivet","item":"https:\/\/www.campinglesoleildor.com\/en\/"},{"@type":"ListItem","position":2,"name":"What to see and do in Vendays-Montalivet?"}]},{"@type":"WebSite","@id":"https:\/\/www.campinglesoleildor.com\/en\/#website","url":"https:\/\/www.campinglesoleildor.com\/en\/","name":"Camping le soleil d&#039;or","description":"","potentialAction":[{"@type":"SearchAction","target":{"@type":"EntryPoint","urlTemplate":"https:\/\/www.campinglesoleildor.com\/en\/?s={search_term_string}"},"query-input":{"@type":"PropertyValueSpecification","valueRequired":true,"valueName":"search_term_string"}}],"inLanguage":"en-US"}]}},"_links":{"self":[{"href":"https:\/\/www.campinglesoleildor.com\/en\/wp-json\/wp\/v2\/pages\/7070","targetHints":{"allow":["GET"]}}],"collection":[{"href":"https:\/\/www.campinglesoleildor.com\/en\/wp-json\/wp\/v2\/pages"}],"about":[{"href":"https:\/\/www.campinglesoleildor.com\/en\/wp-json\/wp\/v2\/types\/page"}],"author":[{"embeddable":true,"href":"https:\/\/www.campinglesoleildor.com\/en\/wp-json\/wp\/v2\/users\/1"}],"replies":[{"embeddable":true,"href":"https:\/\/www.campinglesoleildor.com\/en\/wp-json\/wp\/v2\/comments?post=7070"}],"version-history":[{"count":3,"href":"https:\/\/www.campinglesoleildor.com\/en\/wp-json\/wp\/v2\/pages\/7070\/revisions"}],"predecessor-version":[{"id":7732,"href":"https:\/\/www.campinglesoleildor.com\/en\/wp-json\/wp\/v2\/pages\/7070\/revisions\/7732"}],"wp:featuredmedia":[{"embeddable":true,"href":"https:\/\/www.campinglesoleildor.com\/en\/wp-json\/wp\/v2\/media\/7071"}],"wp:attachment":[{"href":"https:\/\/www.campinglesoleildor.com\/en\/wp-json\/wp\/v2\/media?parent=7070"}],"curies":[{"name":"wp","href":"https:\/\/api.w.org\/{rel}","templated":true}]}}