{"id":7599,"date":"2021-08-24T10:33:49","date_gmt":"2021-08-24T08:33:49","guid":{"rendered":"https:\/\/www.campinglesoleildor.com\/a-voir\/"},"modified":"2024-04-25T12:30:13","modified_gmt":"2024-04-25T10:30:13","slug":"haben","status":"publish","type":"page","link":"https:\/\/www.campinglesoleildor.com\/de\/haben\/","title":{"rendered":"A voir"},"content":{"rendered":"<div class=\"text-image-new style1 image-left\"><div class=\"text-image-new-colonne\"><H2 class=\"text-image-new-titre\">Sport, Freizeit und Entdeckungen<\/H2><div class=\"text-image-new-content\"><p>Sind Sie im Urlaub auf dem Campingplatz Le Soleil d\u2019Or? Entdecken Sie Montalivet und seine Umgebung:<\/p>\n<ul>\n<li><strong>Baumklettern<\/strong><br \/>\nIm Herzen des Waldes und 2 Minuten vom Meer entfernt bietet Ihnen der Parc De l&#8217;Aventure zahlreiche Outdoor-Aktivit\u00e4ten f\u00fcr alle Altersgruppen: Baumklettern, Schatzsuche, R\u00e4tselparcours, Fahrradverleih, Minigolf \u2026).<\/li>\n<li><strong>Kap 33<\/strong><br \/>\n100 Meter vom Campingplatz entfernt bietet Ihnen Cap 33 in Zusammenarbeit mit dem Departement Gironde ab April und den ganzen Sommer \u00fcber viele kostenlose sportliche und k\u00fcnstlerische Entdeckungsaktivit\u00e4ten f\u00fcr Jung und Alt.<\/li>\n<li><strong>Segeln<\/strong><br \/>\nGegen\u00fcber dem Campingplatz k\u00f6nnen Sie an den langen Str\u00e4nden von Montalivet Sandsegeln \u00fcben und auch Anf\u00e4ngern den Nervenkitzel bieten. Der CAP Montalivet Club bietet Schnupperkurse im Strandsegeln an.<\/li>\n<\/ul>\n<\/div><p class=\"lire-plus\">Mehr lesen<\/p><div class=\"text-image-new-content-more hide\"><ul>\n<li><strong>Pferde-Reiten<\/strong><br \/>\nDrei Reitzentren bieten verschiedene Aktivit\u00e4ten und Wanderungen an. Das Reitzentrum Catherine Sireix, das Reitzentrum Clavi\u00e8res oder das Reitzentrum P\u00e9rigueys.<\/li>\n<li><strong>Skatepark<\/strong><br \/>\nNeben dem Campingplatz k\u00f6nnen sich Jung und Alt auf der Skatepark-Sch\u00fcssel dem Rutschvergn\u00fcgen hingeben.<\/li>\n<li><strong>Surfen<\/strong><br \/>\nVendays-Montalivet bietet verschiedene Spots und Surfschulen f\u00fcr Anf\u00e4nger und erfahrene Surfer.<\/li>\n<\/ul>\n<\/div><p class=\"lire-moins hide\">Lese weniger<\/p><\/div><div class=\"text-image-new-colonne\"><img decoding=\"async\" src=\"https:\/\/www.campinglesoleildor.com\/wp-content\/uploads\/2024\/04\/char-a-voile-montalivet.jpg\" alt=\"Montalivet-Aktivit\u00e4ten\" class=\"text-image-new-thumb\" \/><\/div><\/div>\n\n<div class=\"text-image-new style1 image-right background-marron\"><div class=\"text-image-new-colonne\"><H2 class=\"text-image-new-titre\">Ihr Campingplatz im Herzen des M\u00e9doc<\/H2><div class=\"text-image-new-content\"><p>Die M\u00e9doc-Halbinsel ist eine Synthese aller touristischen Sektoren, die es in der Gironde gibt: Die K\u00fcste, die Flussm\u00fcndung, die Seen, der Wald, der Wein, das Erbe und die Gastronomie sind alles Vorz\u00fcge, die die Natur einsetzt, um Sie anzuziehen und zu fesseln und ermutigen Sie, in diese Region zur\u00fcckzukehren, die Tradition und Moderne verbindet. W\u00e4hrend Ihres Aufenthaltes k\u00f6nnen Sie weite Weiten und die immense Vielfalt der Landschaft erkunden. Hier ist die Natur noch sehr gut erhalten.<\/p>\n<p>Liebhaber sch\u00f6ner Steine \u200b\u200bwerden die romanischen Geb\u00e4ude entdecken, die uns die Geschichte hinterlassen hat. Bei Ihren Spazierg\u00e4ngen im M\u00e9doc k\u00f6nnen Sie verschiedene Denkm\u00e4ler entdecken oder verschiedene Museen wie das arch\u00e4ologische Museum von Soulac-sur-Mer besuchen. Sie k\u00f6nnen sich vorstellen, wie das M\u00e9doc seine Verteidigung mit der Festung Blanquefort, dem Ehrenturm in Lesparre oder dem Fort-M\u00e9doc in Cussac (auf der Liste des UNESCO-Weltkulturerbes) organisierte, das zusammen mit der Zitadelle von Blaye und dem Fort Pat\u00e9 das bildete Vauban-Schleuse, die Bordeaux vor einem m\u00f6glichen Angriff aus der M\u00fcndung sch\u00fctzte.<\/p>\n<p>Soulac-sur-Mer, unser altes Dorf, erreichte wie Lacanau seinen H\u00f6hepunkt mit der Mode des Meeresbadens und wurde 1849 zum Badeort. Sie k\u00f6nnen sein charmantes neokoloniales Dorf und die Geschichte seiner Basilika Unserer Lieben Frau vom Ende besichtigen der Erde.<\/p>\n<\/div><\/div><div class=\"text-image-new-colonne\"><img decoding=\"async\" src=\"https:\/\/www.campinglesoleildor.com\/wp-content\/uploads\/2024\/04\/camping-medoc.jpg\" alt=\"camping medoc\" class=\"text-image-new-thumb\" \/><\/div><\/div>\n\n<div class=\"text-image-new style1 image-left\"><div class=\"text-image-new-colonne\"><H2 class=\"text-image-new-titre\">Die M\u00e4rkte rund um den Campingplatz Le Soleil d\u2019Or<\/H2><div class=\"text-image-new-content\"><ul>\n<li><strong>Montalivet<\/strong><\/li>\n<\/ul>\n<p>Genie\u00dfen Sie jeden Tag zwischen 9 und 14 Uhr einen Spaziergang auf diesem typischen M\u00e9doc-Markt mit mehreren Food- und Non-Food-St\u00e4nden. Dort k\u00f6nnen Sie Austern probieren und ein Glas Wei\u00dfwein genie\u00dfen\u2026<\/p>\n<ul>\n<li><strong>Vendays<\/strong><\/li>\n<\/ul>\n<p>Sonntagmorgen auf dem Kirchplatz<\/p>\n<ul>\n<li><strong>Lesparre-Medoc<\/strong><\/li>\n<\/ul>\n<p>Dienstagmorgen (Place du Mar\u00e9chal Foch)<br \/>\nSamstagmorgen (Place Gambetta)<br \/>\nMesse am 1. Freitag im Monat<\/p>\n<ul>\n<li><strong>Saint-Vivien-de-Medoc<\/strong><\/li>\n<\/ul>\n<p>Mittwochmorgen<\/p>\n<\/div><p class=\"lire-plus\">Mehr lesen<\/p><div class=\"text-image-new-content-more hide\"><ul>\n<li><strong>Soulac-sur-Mer<\/strong><\/li>\n<\/ul>\n<p>Jeden Morgen und Abend im Juli und August<\/p>\n<ul>\n<li><strong>Hourtin<\/strong><\/li>\n<\/ul>\n<p>Stadt Hourtin: im Juli und August dienstags, donnerstags und samstags vormittags, im Rest des Jahres donnerstags vormittags<br \/>\nHafen von Hourtin: Kunsthandwerksmarkt am Freitagabend<br \/>\nStrand von Hourtin: Kunsthandwerksmarkt am Montagabend<\/p>\n<ul>\n<li><strong>Lacanau<\/strong><\/li>\n<\/ul>\n<p>Stadt Lacanau: von Juni bis September, Samstagmorgen, Kirchplatz<br \/>\nStadt Lacanau: Nachtmarkt in der Sommersaison, jeden Donnerstagabend<br \/>\nLacanau-Ozean: Mittwochmorgen jeden Tag in der Saison, Place du Champ de Foire und All\u00e9es Ortal<\/p>\n<ul>\n<li><strong>Le Verdon sur Mer<\/strong><\/li>\n<\/ul>\n<p>Jeden Tag in der Saison, Pointe de Grave<\/p>\n<\/div><p class=\"lire-moins hide\">Lese weniger<\/p><\/div><div class=\"text-image-new-colonne\"><img decoding=\"async\" src=\"https:\/\/www.campinglesoleildor.com\/wp-content\/uploads\/2024\/04\/marche-montalivet.jpg\" alt=\"Montalivet-Markt\" class=\"text-image-new-thumb\" \/><\/div><\/div>\n\n<div class=\"liste-de-page-home\"><h2 class=\"liste-de-page-home-titre\">Was gibt es rund um den Campingplatz Le Soleil d\u2019Or zu besichtigen und zu unternehmen?<\/h2><ul class=\"liste-de-page-articles\"><li><a href=\"https:\/\/www.campinglesoleildor.com\/de\/nachrichten\/baumklettern-montalivet\/\"><div class=\"cta-img\"><img decoding=\"async\" src=\"https:\/\/www.campinglesoleildor.com\/wp-content\/uploads\/2022\/11\/ACTIVITES-scaled-e1668787393248.jpg\" alt=\"\"><\/div><div class=\"cta-titre\">Baumklettern in Montalivet f\u00fcr einen Aufenthalt voller Abenteuer<\/div><\/a><\/li><li><a href=\"https:\/\/www.campinglesoleildor.com\/de\/nachrichten\/was-zu-tun-montalivet\/\"><div class=\"cta-img\"><img decoding=\"async\" src=\"https:\/\/www.campinglesoleildor.com\/wp-content\/uploads\/2022\/11\/SERVICES-1-scaled-e1669116746176.jpg\" alt=\"\"><\/div><div class=\"cta-titre\">Was kann man in Montalivet unternehmen? Die drei besten Aktivit\u00e4ten in diesem Badeort der Gironde<\/div><\/a><\/li><li><a href=\"https:\/\/www.campinglesoleildor.com\/de\/nachrichten\/markt-montalivet\/\"><div class=\"cta-img\"><img decoding=\"async\" src=\"https:\/\/www.campinglesoleildor.com\/wp-content\/uploads\/2023\/07\/marche-montalivet.jpeg\" alt=\"\"><\/div><div class=\"cta-titre\">Der Montalivet-Markt : die wichtigste Aktivit\u00e4t Ihres Campingurlaubs in der Gironde<\/div><\/a><\/li><li><a href=\"https:\/\/www.campinglesoleildor.com\/de\/nachrichten\/surfen-montalivet\/\"><div class=\"cta-img\"><img decoding=\"async\" src=\"https:\/\/www.campinglesoleildor.com\/wp-content\/uploads\/2021\/09\/surfer_en_vendee.jpeg\" alt=\"\"><\/div><div class=\"cta-titre\">Surfen in Montalivet : Finden Sie die n\u00f6tige Ausr\u00fcstung und den idealen Surfspot in der Gironde<\/div><\/a><\/li><\/ul><\/div>","protected":false},"excerpt":{"rendered":"","protected":false},"author":1,"featured_media":7600,"parent":0,"menu_order":0,"comment_status":"closed","ping_status":"closed","template":"","meta":{"_acf_changed":false,"footnotes":""},"class_list":["post-7599","page","type-page","status-publish","has-post-thumbnail","hentry"],"acf":[],"yoast_head":"<!-- This site is optimized with the Yoast SEO plugin v27.3 - https:\/\/yoast.com\/product\/yoast-seo-wordpress\/ -->\n<title>Besuchen Sie Montalivet, Aktivit\u00e4ten in der Umgebung von Vendays-Montalivet<\/title>\n<meta name=\"description\" content=\"Finden Sie die besten Aktivit\u00e4ten, die Sie w\u00e4hrend Ihres Urlaubs rund um Vendays-Montalivet und Ihren Campingplatz Le Soleil d&#039;Or unternehmen k\u00f6nnen.\" \/>\n<meta name=\"robots\" content=\"index, follow, max-snippet:-1, max-image-preview:large, max-video-preview:-1\" \/>\n<link rel=\"canonical\" href=\"https:\/\/www.campinglesoleildor.com\/de\/haben\/\" \/>\n<meta property=\"og:locale\" content=\"de_DE\" \/>\n<meta property=\"og:type\" content=\"article\" \/>\n<meta property=\"og:title\" content=\"Besuchen Sie Montalivet, Aktivit\u00e4ten in der Umgebung von Vendays-Montalivet\" \/>\n<meta property=\"og:description\" content=\"Finden Sie die besten Aktivit\u00e4ten, die Sie w\u00e4hrend Ihres Urlaubs rund um Vendays-Montalivet und Ihren Campingplatz Le Soleil d&#039;Or unternehmen k\u00f6nnen.\" \/>\n<meta property=\"og:url\" content=\"https:\/\/www.campinglesoleildor.com\/de\/haben\/\" \/>\n<meta property=\"og:site_name\" content=\"Camping le soleil d&#039;or\" \/>\n<meta property=\"article:modified_time\" content=\"2024-04-25T10:30:13+00:00\" \/>\n<meta property=\"og:image\" content=\"https:\/\/www.campinglesoleildor.com\/wp-content\/uploads\/2022\/11\/A-VOIR-scaled-e1668778464882.jpg\" \/>\n\t<meta property=\"og:image:width\" content=\"1500\" \/>\n\t<meta property=\"og:image:height\" content=\"760\" \/>\n\t<meta property=\"og:image:type\" content=\"image\/jpeg\" \/>\n<meta name=\"twitter:card\" content=\"summary_large_image\" \/>\n<script type=\"application\/ld+json\" class=\"yoast-schema-graph\">{\"@context\":\"https:\\\/\\\/schema.org\",\"@graph\":[{\"@type\":\"WebPage\",\"@id\":\"https:\\\/\\\/www.campinglesoleildor.com\\\/de\\\/haben\\\/\",\"url\":\"https:\\\/\\\/www.campinglesoleildor.com\\\/de\\\/haben\\\/\",\"name\":\"Besuchen Sie Montalivet, Aktivit\u00e4ten in der Umgebung von Vendays-Montalivet\",\"isPartOf\":{\"@id\":\"https:\\\/\\\/www.campinglesoleildor.com\\\/de\\\/#website\"},\"primaryImageOfPage\":{\"@id\":\"https:\\\/\\\/www.campinglesoleildor.com\\\/de\\\/haben\\\/#primaryimage\"},\"image\":{\"@id\":\"https:\\\/\\\/www.campinglesoleildor.com\\\/de\\\/haben\\\/#primaryimage\"},\"thumbnailUrl\":\"https:\\\/\\\/www.campinglesoleildor.com\\\/wp-content\\\/uploads\\\/2022\\\/11\\\/A-VOIR-scaled-e1668778464882.jpg\",\"datePublished\":\"2021-08-24T08:33:49+00:00\",\"dateModified\":\"2024-04-25T10:30:13+00:00\",\"description\":\"Finden Sie die besten Aktivit\u00e4ten, die Sie w\u00e4hrend Ihres Urlaubs rund um Vendays-Montalivet und Ihren Campingplatz Le Soleil d'Or unternehmen k\u00f6nnen.\",\"breadcrumb\":{\"@id\":\"https:\\\/\\\/www.campinglesoleildor.com\\\/de\\\/haben\\\/#breadcrumb\"},\"inLanguage\":\"de\",\"potentialAction\":[{\"@type\":\"ReadAction\",\"target\":[\"https:\\\/\\\/www.campinglesoleildor.com\\\/de\\\/haben\\\/\"]}]},{\"@type\":\"ImageObject\",\"inLanguage\":\"de\",\"@id\":\"https:\\\/\\\/www.campinglesoleildor.com\\\/de\\\/haben\\\/#primaryimage\",\"url\":\"https:\\\/\\\/www.campinglesoleildor.com\\\/wp-content\\\/uploads\\\/2022\\\/11\\\/A-VOIR-scaled-e1668778464882.jpg\",\"contentUrl\":\"https:\\\/\\\/www.campinglesoleildor.com\\\/wp-content\\\/uploads\\\/2022\\\/11\\\/A-VOIR-scaled-e1668778464882.jpg\",\"width\":1500,\"height\":760},{\"@type\":\"BreadcrumbList\",\"@id\":\"https:\\\/\\\/www.campinglesoleildor.com\\\/de\\\/haben\\\/#breadcrumb\",\"itemListElement\":[{\"@type\":\"ListItem\",\"position\":1,\"name\":\"Camping Montalivet\",\"item\":\"https:\\\/\\\/www.campinglesoleildor.com\\\/de\\\/\"},{\"@type\":\"ListItem\",\"position\":2,\"name\":\"Was gibt es in Vendays-Montalivet zu sehen und zu unternehmen?\"}]},{\"@type\":\"WebSite\",\"@id\":\"https:\\\/\\\/www.campinglesoleildor.com\\\/de\\\/#website\",\"url\":\"https:\\\/\\\/www.campinglesoleildor.com\\\/de\\\/\",\"name\":\"Camping le soleil d&#039;or\",\"description\":\"\",\"potentialAction\":[{\"@type\":\"SearchAction\",\"target\":{\"@type\":\"EntryPoint\",\"urlTemplate\":\"https:\\\/\\\/www.campinglesoleildor.com\\\/de\\\/?s={search_term_string}\"},\"query-input\":{\"@type\":\"PropertyValueSpecification\",\"valueRequired\":true,\"valueName\":\"search_term_string\"}}],\"inLanguage\":\"de\"}]}<\/script>\n<!-- \/ Yoast SEO plugin. -->","yoast_head_json":{"title":"Besuchen Sie Montalivet, Aktivit\u00e4ten in der Umgebung von Vendays-Montalivet","description":"Finden Sie die besten Aktivit\u00e4ten, die Sie w\u00e4hrend Ihres Urlaubs rund um Vendays-Montalivet und Ihren Campingplatz Le Soleil d'Or unternehmen k\u00f6nnen.","robots":{"index":"index","follow":"follow","max-snippet":"max-snippet:-1","max-image-preview":"max-image-preview:large","max-video-preview":"max-video-preview:-1"},"canonical":"https:\/\/www.campinglesoleildor.com\/de\/haben\/","og_locale":"de_DE","og_type":"article","og_title":"Besuchen Sie Montalivet, Aktivit\u00e4ten in der Umgebung von Vendays-Montalivet","og_description":"Finden Sie die besten Aktivit\u00e4ten, die Sie w\u00e4hrend Ihres Urlaubs rund um Vendays-Montalivet und Ihren Campingplatz Le Soleil d'Or unternehmen k\u00f6nnen.","og_url":"https:\/\/www.campinglesoleildor.com\/de\/haben\/","og_site_name":"Camping le soleil d&#039;or","article_modified_time":"2024-04-25T10:30:13+00:00","og_image":[{"width":1500,"height":760,"url":"https:\/\/www.campinglesoleildor.com\/wp-content\/uploads\/2022\/11\/A-VOIR-scaled-e1668778464882.jpg","type":"image\/jpeg"}],"twitter_card":"summary_large_image","schema":{"@context":"https:\/\/schema.org","@graph":[{"@type":"WebPage","@id":"https:\/\/www.campinglesoleildor.com\/de\/haben\/","url":"https:\/\/www.campinglesoleildor.com\/de\/haben\/","name":"Besuchen Sie Montalivet, Aktivit\u00e4ten in der Umgebung von Vendays-Montalivet","isPartOf":{"@id":"https:\/\/www.campinglesoleildor.com\/de\/#website"},"primaryImageOfPage":{"@id":"https:\/\/www.campinglesoleildor.com\/de\/haben\/#primaryimage"},"image":{"@id":"https:\/\/www.campinglesoleildor.com\/de\/haben\/#primaryimage"},"thumbnailUrl":"https:\/\/www.campinglesoleildor.com\/wp-content\/uploads\/2022\/11\/A-VOIR-scaled-e1668778464882.jpg","datePublished":"2021-08-24T08:33:49+00:00","dateModified":"2024-04-25T10:30:13+00:00","description":"Finden Sie die besten Aktivit\u00e4ten, die Sie w\u00e4hrend Ihres Urlaubs rund um Vendays-Montalivet und Ihren Campingplatz Le Soleil d'Or unternehmen k\u00f6nnen.","breadcrumb":{"@id":"https:\/\/www.campinglesoleildor.com\/de\/haben\/#breadcrumb"},"inLanguage":"de","potentialAction":[{"@type":"ReadAction","target":["https:\/\/www.campinglesoleildor.com\/de\/haben\/"]}]},{"@type":"ImageObject","inLanguage":"de","@id":"https:\/\/www.campinglesoleildor.com\/de\/haben\/#primaryimage","url":"https:\/\/www.campinglesoleildor.com\/wp-content\/uploads\/2022\/11\/A-VOIR-scaled-e1668778464882.jpg","contentUrl":"https:\/\/www.campinglesoleildor.com\/wp-content\/uploads\/2022\/11\/A-VOIR-scaled-e1668778464882.jpg","width":1500,"height":760},{"@type":"BreadcrumbList","@id":"https:\/\/www.campinglesoleildor.com\/de\/haben\/#breadcrumb","itemListElement":[{"@type":"ListItem","position":1,"name":"Camping Montalivet","item":"https:\/\/www.campinglesoleildor.com\/de\/"},{"@type":"ListItem","position":2,"name":"Was gibt es in Vendays-Montalivet zu sehen und zu unternehmen?"}]},{"@type":"WebSite","@id":"https:\/\/www.campinglesoleildor.com\/de\/#website","url":"https:\/\/www.campinglesoleildor.com\/de\/","name":"Camping le soleil d&#039;or","description":"","potentialAction":[{"@type":"SearchAction","target":{"@type":"EntryPoint","urlTemplate":"https:\/\/www.campinglesoleildor.com\/de\/?s={search_term_string}"},"query-input":{"@type":"PropertyValueSpecification","valueRequired":true,"valueName":"search_term_string"}}],"inLanguage":"de"}]}},"_links":{"self":[{"href":"https:\/\/www.campinglesoleildor.com\/de\/wp-json\/wp\/v2\/pages\/7599","targetHints":{"allow":["GET"]}}],"collection":[{"href":"https:\/\/www.campinglesoleildor.com\/de\/wp-json\/wp\/v2\/pages"}],"about":[{"href":"https:\/\/www.campinglesoleildor.com\/de\/wp-json\/wp\/v2\/types\/page"}],"author":[{"embeddable":true,"href":"https:\/\/www.campinglesoleildor.com\/de\/wp-json\/wp\/v2\/users\/1"}],"replies":[{"embeddable":true,"href":"https:\/\/www.campinglesoleildor.com\/de\/wp-json\/wp\/v2\/comments?post=7599"}],"version-history":[{"count":2,"href":"https:\/\/www.campinglesoleildor.com\/de\/wp-json\/wp\/v2\/pages\/7599\/revisions"}],"predecessor-version":[{"id":7611,"href":"https:\/\/www.campinglesoleildor.com\/de\/wp-json\/wp\/v2\/pages\/7599\/revisions\/7611"}],"wp:featuredmedia":[{"embeddable":true,"href":"https:\/\/www.campinglesoleildor.com\/de\/wp-json\/wp\/v2\/media\/7600"}],"wp:attachment":[{"href":"https:\/\/www.campinglesoleildor.com\/de\/wp-json\/wp\/v2\/media?parent=7599"}],"curies":[{"name":"wp","href":"https:\/\/api.w.org\/{rel}","templated":true}]}}