{"id":7554,"date":"2021-08-24T10:33:49","date_gmt":"2021-08-24T08:33:49","guid":{"rendered":"https:\/\/www.campinglesoleildor.com\/activites\/"},"modified":"2024-04-25T15:31:49","modified_gmt":"2024-04-25T13:31:49","slug":"aktivitaten","status":"publish","type":"page","link":"https:\/\/www.campinglesoleildor.com\/de\/aktivitaten\/","title":{"rendered":"Activit\u00e9s"},"content":{"rendered":"<div class=\"text-image-new style1 image-left\"><div class=\"text-image-new-colonne\"><H2 class=\"text-image-new-titre\">Campingaktivit\u00e4ten f\u00fcr Ihren Urlaub im M\u00e9doc<\/H2><div class=\"text-image-new-content\"><p>Auf dem Campingplatz Le Soleil d&#8217;Or kann die ganze Familie die Aktivit\u00e4ten w\u00e4hrend Ihres Urlaubs in der Gironde genie\u00dfen.<\/p>\n<ul>\n<li>Petanque, Tischtennis und Homeball<\/li>\n<li>Spielbereich mit Rutsche<\/li>\n<li>Tischfu\u00dfball und Billard<\/li>\n<\/ul>\n<\/div><\/div><div class=\"text-image-new-colonne\"><img decoding=\"async\" src=\"https:\/\/www.campinglesoleildor.com\/wp-content\/uploads\/2024\/04\/aire-de-jeux-enfants.jpg\" alt=\"Campingaktivit\u00e4ten im M\u00e9doc\" class=\"text-image-new-thumb\" \/><\/div><\/div>\n\n<div class=\"text-image-new style1 image-right\"><div class=\"text-image-new-colonne\"><H2 class=\"text-image-new-titre\">Unsere Aktivit\u00e4ten f\u00fcr Jung und Alt<\/H2><div class=\"text-image-new-content\"><p>An der Rezeption des Campingplatzes k\u00f6nnen sich Jung und Alt ausleihen<\/p>\n<ul>\n<li>B\u00fccher,<\/li>\n<li>Spiele im Freien (P\u00e9tanque-B\u00e4lle, Tischtennisschl\u00e4ger, Badmintonschl\u00e4ger, B\u00e4lle)<\/li>\n<li>sowie Brettspiele<\/li>\n<\/ul>\n<p>Genie\u00dfen Sie auf dem Campingplatz:<\/p>\n<ul>\n<li>Babyfu\u00df<\/li>\n<li>Billard<\/li>\n<li>1 Fernseher in der Bar<\/li>\n<\/ul>\n<\/div><\/div><div class=\"text-image-new-colonne\"><img decoding=\"async\" src=\"https:\/\/www.campinglesoleildor.com\/wp-content\/uploads\/2023\/02\/camping-familial-gironde-billard.jpg\" alt=\"Campingplatz mit Aktivit\u00e4ten Gironde\" class=\"text-image-new-thumb\" \/><\/div><\/div>","protected":false},"excerpt":{"rendered":"","protected":false},"author":1,"featured_media":7008,"parent":0,"menu_order":0,"comment_status":"closed","ping_status":"closed","template":"","meta":{"_acf_changed":false,"footnotes":""},"class_list":["post-7554","page","type-page","status-publish","has-post-thumbnail","hentry"],"acf":[],"yoast_head":"<!-- This site is optimized with the Yoast SEO plugin v27.5 - https:\/\/yoast.com\/product\/yoast-seo-wordpress\/ -->\n<title>Campingaktivit\u00e4ten in Montalivet | Welche Aktivit\u00e4ten gibt es auf dem Campingplatz Soleil d\u2019Or?<\/title>\n<meta name=\"description\" content=\"Was k\u00f6nnen Sie w\u00e4hrend Ihres Urlaubs auf dem 3-Sterne-Campingplatz Le Soleil d\u2019Or in der Gironde unternehmen? Entdecken Sie die Aktivit\u00e4ten, die der Campingplatz in der Bretagne bietet.\" \/>\n<meta name=\"robots\" content=\"index, follow, max-snippet:-1, max-image-preview:large, max-video-preview:-1\" \/>\n<link rel=\"canonical\" href=\"https:\/\/www.campinglesoleildor.com\/de\/aktivitaten\/\" \/>\n<meta property=\"og:locale\" content=\"de_DE\" \/>\n<meta property=\"og:type\" content=\"article\" \/>\n<meta property=\"og:title\" content=\"Campingaktivit\u00e4ten in Montalivet | Welche Aktivit\u00e4ten gibt es auf dem Campingplatz Soleil d\u2019Or?\" \/>\n<meta property=\"og:description\" content=\"Was k\u00f6nnen Sie w\u00e4hrend Ihres Urlaubs auf dem 3-Sterne-Campingplatz Le Soleil d\u2019Or in der Gironde unternehmen? Entdecken Sie die Aktivit\u00e4ten, die der Campingplatz in der Bretagne bietet.\" \/>\n<meta property=\"og:url\" content=\"https:\/\/www.campinglesoleildor.com\/de\/aktivitaten\/\" \/>\n<meta property=\"og:site_name\" content=\"Camping le soleil d&#039;or\" \/>\n<meta property=\"article:modified_time\" content=\"2024-04-25T13:31:49+00:00\" \/>\n<meta property=\"og:image\" content=\"https:\/\/www.campinglesoleildor.com\/wp-content\/uploads\/2022\/11\/SERVICES-1-scaled-e1669116746176.jpg\" \/>\n\t<meta property=\"og:image:width\" content=\"2560\" \/>\n\t<meta property=\"og:image:height\" content=\"1297\" \/>\n\t<meta property=\"og:image:type\" content=\"image\/jpeg\" \/>\n<meta name=\"twitter:card\" content=\"summary_large_image\" \/>\n<script type=\"application\/ld+json\" class=\"yoast-schema-graph\">{\"@context\":\"https:\\\/\\\/schema.org\",\"@graph\":[{\"@type\":\"WebPage\",\"@id\":\"https:\\\/\\\/www.campinglesoleildor.com\\\/de\\\/aktivitaten\\\/\",\"url\":\"https:\\\/\\\/www.campinglesoleildor.com\\\/de\\\/aktivitaten\\\/\",\"name\":\"Campingaktivit\u00e4ten in Montalivet | Welche Aktivit\u00e4ten gibt es auf dem Campingplatz Soleil d\u2019Or?\",\"isPartOf\":{\"@id\":\"https:\\\/\\\/www.campinglesoleildor.com\\\/de\\\/#website\"},\"primaryImageOfPage\":{\"@id\":\"https:\\\/\\\/www.campinglesoleildor.com\\\/de\\\/aktivitaten\\\/#primaryimage\"},\"image\":{\"@id\":\"https:\\\/\\\/www.campinglesoleildor.com\\\/de\\\/aktivitaten\\\/#primaryimage\"},\"thumbnailUrl\":\"https:\\\/\\\/www.campinglesoleildor.com\\\/wp-content\\\/uploads\\\/2022\\\/11\\\/SERVICES-1-scaled-e1669116746176.jpg\",\"datePublished\":\"2021-08-24T08:33:49+00:00\",\"dateModified\":\"2024-04-25T13:31:49+00:00\",\"description\":\"Was k\u00f6nnen Sie w\u00e4hrend Ihres Urlaubs auf dem 3-Sterne-Campingplatz Le Soleil d\u2019Or in der Gironde unternehmen? Entdecken Sie die Aktivit\u00e4ten, die der Campingplatz in der Bretagne bietet.\",\"breadcrumb\":{\"@id\":\"https:\\\/\\\/www.campinglesoleildor.com\\\/de\\\/aktivitaten\\\/#breadcrumb\"},\"inLanguage\":\"de\",\"potentialAction\":[{\"@type\":\"ReadAction\",\"target\":[\"https:\\\/\\\/www.campinglesoleildor.com\\\/de\\\/aktivitaten\\\/\"]}]},{\"@type\":\"ImageObject\",\"inLanguage\":\"de\",\"@id\":\"https:\\\/\\\/www.campinglesoleildor.com\\\/de\\\/aktivitaten\\\/#primaryimage\",\"url\":\"https:\\\/\\\/www.campinglesoleildor.com\\\/wp-content\\\/uploads\\\/2022\\\/11\\\/SERVICES-1-scaled-e1669116746176.jpg\",\"contentUrl\":\"https:\\\/\\\/www.campinglesoleildor.com\\\/wp-content\\\/uploads\\\/2022\\\/11\\\/SERVICES-1-scaled-e1669116746176.jpg\",\"width\":2560,\"height\":1297},{\"@type\":\"BreadcrumbList\",\"@id\":\"https:\\\/\\\/www.campinglesoleildor.com\\\/de\\\/aktivitaten\\\/#breadcrumb\",\"itemListElement\":[{\"@type\":\"ListItem\",\"position\":1,\"name\":\"Camping Montalivet\",\"item\":\"https:\\\/\\\/www.campinglesoleildor.com\\\/de\\\/\"},{\"@type\":\"ListItem\",\"position\":2,\"name\":\"Aktivit\u00e4ten\"}]},{\"@type\":\"WebSite\",\"@id\":\"https:\\\/\\\/www.campinglesoleildor.com\\\/de\\\/#website\",\"url\":\"https:\\\/\\\/www.campinglesoleildor.com\\\/de\\\/\",\"name\":\"Camping le soleil d&#039;or\",\"description\":\"\",\"potentialAction\":[{\"@type\":\"SearchAction\",\"target\":{\"@type\":\"EntryPoint\",\"urlTemplate\":\"https:\\\/\\\/www.campinglesoleildor.com\\\/de\\\/?s={search_term_string}\"},\"query-input\":{\"@type\":\"PropertyValueSpecification\",\"valueRequired\":true,\"valueName\":\"search_term_string\"}}],\"inLanguage\":\"de\"}]}<\/script>\n<!-- \/ Yoast SEO plugin. -->","yoast_head_json":{"title":"Campingaktivit\u00e4ten in Montalivet | Welche Aktivit\u00e4ten gibt es auf dem Campingplatz Soleil d\u2019Or?","description":"Was k\u00f6nnen Sie w\u00e4hrend Ihres Urlaubs auf dem 3-Sterne-Campingplatz Le Soleil d\u2019Or in der Gironde unternehmen? Entdecken Sie die Aktivit\u00e4ten, die der Campingplatz in der Bretagne bietet.","robots":{"index":"index","follow":"follow","max-snippet":"max-snippet:-1","max-image-preview":"max-image-preview:large","max-video-preview":"max-video-preview:-1"},"canonical":"https:\/\/www.campinglesoleildor.com\/de\/aktivitaten\/","og_locale":"de_DE","og_type":"article","og_title":"Campingaktivit\u00e4ten in Montalivet | Welche Aktivit\u00e4ten gibt es auf dem Campingplatz Soleil d\u2019Or?","og_description":"Was k\u00f6nnen Sie w\u00e4hrend Ihres Urlaubs auf dem 3-Sterne-Campingplatz Le Soleil d\u2019Or in der Gironde unternehmen? Entdecken Sie die Aktivit\u00e4ten, die der Campingplatz in der Bretagne bietet.","og_url":"https:\/\/www.campinglesoleildor.com\/de\/aktivitaten\/","og_site_name":"Camping le soleil d&#039;or","article_modified_time":"2024-04-25T13:31:49+00:00","og_image":[{"width":2560,"height":1297,"url":"https:\/\/www.campinglesoleildor.com\/wp-content\/uploads\/2022\/11\/SERVICES-1-scaled-e1669116746176.jpg","type":"image\/jpeg"}],"twitter_card":"summary_large_image","schema":{"@context":"https:\/\/schema.org","@graph":[{"@type":"WebPage","@id":"https:\/\/www.campinglesoleildor.com\/de\/aktivitaten\/","url":"https:\/\/www.campinglesoleildor.com\/de\/aktivitaten\/","name":"Campingaktivit\u00e4ten in Montalivet | Welche Aktivit\u00e4ten gibt es auf dem Campingplatz Soleil d\u2019Or?","isPartOf":{"@id":"https:\/\/www.campinglesoleildor.com\/de\/#website"},"primaryImageOfPage":{"@id":"https:\/\/www.campinglesoleildor.com\/de\/aktivitaten\/#primaryimage"},"image":{"@id":"https:\/\/www.campinglesoleildor.com\/de\/aktivitaten\/#primaryimage"},"thumbnailUrl":"https:\/\/www.campinglesoleildor.com\/wp-content\/uploads\/2022\/11\/SERVICES-1-scaled-e1669116746176.jpg","datePublished":"2021-08-24T08:33:49+00:00","dateModified":"2024-04-25T13:31:49+00:00","description":"Was k\u00f6nnen Sie w\u00e4hrend Ihres Urlaubs auf dem 3-Sterne-Campingplatz Le Soleil d\u2019Or in der Gironde unternehmen? Entdecken Sie die Aktivit\u00e4ten, die der Campingplatz in der Bretagne bietet.","breadcrumb":{"@id":"https:\/\/www.campinglesoleildor.com\/de\/aktivitaten\/#breadcrumb"},"inLanguage":"de","potentialAction":[{"@type":"ReadAction","target":["https:\/\/www.campinglesoleildor.com\/de\/aktivitaten\/"]}]},{"@type":"ImageObject","inLanguage":"de","@id":"https:\/\/www.campinglesoleildor.com\/de\/aktivitaten\/#primaryimage","url":"https:\/\/www.campinglesoleildor.com\/wp-content\/uploads\/2022\/11\/SERVICES-1-scaled-e1669116746176.jpg","contentUrl":"https:\/\/www.campinglesoleildor.com\/wp-content\/uploads\/2022\/11\/SERVICES-1-scaled-e1669116746176.jpg","width":2560,"height":1297},{"@type":"BreadcrumbList","@id":"https:\/\/www.campinglesoleildor.com\/de\/aktivitaten\/#breadcrumb","itemListElement":[{"@type":"ListItem","position":1,"name":"Camping Montalivet","item":"https:\/\/www.campinglesoleildor.com\/de\/"},{"@type":"ListItem","position":2,"name":"Aktivit\u00e4ten"}]},{"@type":"WebSite","@id":"https:\/\/www.campinglesoleildor.com\/de\/#website","url":"https:\/\/www.campinglesoleildor.com\/de\/","name":"Camping le soleil d&#039;or","description":"","potentialAction":[{"@type":"SearchAction","target":{"@type":"EntryPoint","urlTemplate":"https:\/\/www.campinglesoleildor.com\/de\/?s={search_term_string}"},"query-input":{"@type":"PropertyValueSpecification","valueRequired":true,"valueName":"search_term_string"}}],"inLanguage":"de"}]}},"_links":{"self":[{"href":"https:\/\/www.campinglesoleildor.com\/de\/wp-json\/wp\/v2\/pages\/7554","targetHints":{"allow":["GET"]}}],"collection":[{"href":"https:\/\/www.campinglesoleildor.com\/de\/wp-json\/wp\/v2\/pages"}],"about":[{"href":"https:\/\/www.campinglesoleildor.com\/de\/wp-json\/wp\/v2\/types\/page"}],"author":[{"embeddable":true,"href":"https:\/\/www.campinglesoleildor.com\/de\/wp-json\/wp\/v2\/users\/1"}],"replies":[{"embeddable":true,"href":"https:\/\/www.campinglesoleildor.com\/de\/wp-json\/wp\/v2\/comments?post=7554"}],"version-history":[{"count":2,"href":"https:\/\/www.campinglesoleildor.com\/de\/wp-json\/wp\/v2\/pages\/7554\/revisions"}],"predecessor-version":[{"id":7596,"href":"https:\/\/www.campinglesoleildor.com\/de\/wp-json\/wp\/v2\/pages\/7554\/revisions\/7596"}],"wp:featuredmedia":[{"embeddable":true,"href":"https:\/\/www.campinglesoleildor.com\/de\/wp-json\/wp\/v2\/media\/7008"}],"wp:attachment":[{"href":"https:\/\/www.campinglesoleildor.com\/de\/wp-json\/wp\/v2\/media?parent=7554"}],"curies":[{"name":"wp","href":"https:\/\/api.w.org\/{rel}","templated":true}]}}