{"id":7511,"date":"2024-04-24T18:42:57","date_gmt":"2024-04-24T16:42:57","guid":{"rendered":"https:\/\/www.campinglesoleildor.com\/emplacements\/"},"modified":"2024-04-25T15:32:48","modified_gmt":"2024-04-25T13:32:48","slug":"standorte","status":"publish","type":"page","link":"https:\/\/www.campinglesoleildor.com\/de\/standorte\/","title":{"rendered":"Emplacement camping Gironde"},"content":{"rendered":"<div class=\"bloc-texte full\"><div class=\"texte center\"><p>M\u00f6chten Sie Ihren Urlaub in der N\u00e4he der Natur und der feinen Sandstr\u00e4nde in Aquitanien in vollen Z\u00fcgen genie\u00dfen? Der <a href=\"\/de\/\">Campingplatz in Montalivet<\/a>, Soleil d&#8217;Or, im Herzen des M\u00e9doc in der Gironde gelegen, ist ideal f\u00fcr Ihren Familienaufenthalt und bietet Ihnen wundersch\u00f6ne Stellpl\u00e4tze mit einer Fl\u00e4che von 100 bis 200 Quadratmetern. W\u00e4hlen Sie Ihren Standort auf der Strandseite oder auf der Waldseite, um Ihr Zelt aufzuschlagen oder Ihren Urlaub in einem Wohnmobil oder Wohnwagen zu verbringen. Buchen Sie Ihren Aufenthalt in der Gironde, in einem nat\u00fcrlichen Raum direkt am Meer und entspannen Sie sich beim Rauschen des Ozeans. Der Strand in unmittelbarer N\u00e4he garantiert Ihnen einen herrlichen Urlaub und herrliche Sonnenunterg\u00e4nge mit den F\u00fc\u00dfen im Wasser. Herrlich im Herzen des M\u00e9doc gelegen, in Vendays-Montalivet, werden Sie es nicht vers\u00e4umen, das reiche Erbe des Departements zu entdecken. Die zahlreichen nautischen, sportlichen und kulturellen Aktivit\u00e4ten rund um Vendays-Montalivet werden Kinder und Erwachsene begeistern. Reservieren Sie einen Stellplatz auf unserem Campingplatz in der Gironde, nur einen Steinwurf vom Wald und dem Meer entfernt!<\/p>\n<\/div><\/div>\n\n<div class=\"frame\"><div class=\"ctoutvert\">\r\n<ctv-availability data-product-type='P' ><\/ctv-availability>\r\n<\/div><\/div>\n\n<div class=\"text-image-new style1 image-right background-marron\"><div class=\"text-image-new-colonne\"><H2 class=\"text-image-new-titre\">Reservieren Sie einen Campingplatz in Montalivet f\u00fcr 2 Personen<\/H2><div class=\"text-image-new-content\"><p>Kommen Sie und tanken Sie neue Energie auf einem Campingplatz am Wasser in der Gironde, Frankreich, indem Sie auf dem Campingplatz Soleil d&#8217;Or einen Stellplatz f\u00fcr zwei Personen mieten. Unser 3-Sterne-Haus in der N\u00e4he des Beckens von Arcachon bietet Ihnen komfortable Stellpl\u00e4tze von 100 Quadratmetern mit Stromanschluss, auf denen Sie Ihr Zelt aufstellen oder Ihren Wohnwagen aufstellen k\u00f6nnen. Die durch Hecken abgegrenzten Camping-Caravaning-Stellpl\u00e4tze sind wundersch\u00f6n angelegt und bieten Ihnen einen Urlaub in v\u00f6lliger Privatsph\u00e4re. M\u00f6chten Sie in Ihrem Urlaub der Natur n\u00e4her kommen? Auf diesen Campingpl\u00e4tzen k\u00f6nnen Sie dies tun und gleichzeitig gro\u00dfen Komfort und Ruhe genie\u00dfen. Sie m\u00fcssen sich nur zur\u00fccklehnen und dem Meer, den V\u00f6geln und dem Wind lauschen, der durch die Bl\u00e4tter weht.<\/p>\n<\/div><p class=\"lire-plus\">Mehr lesen<\/p><div class=\"text-image-new-content-more hide\"><p>Der 3-Sterne-Campingplatz Montalivet in der N\u00e4he des Hourtin-Sees hat sehr gute und positive Bewertungen f\u00fcr die Vermietung eines Campingplatzes in Montalivet im Herzen der Natur erhalten. Einige werden stabilisiert angeboten, um gro\u00dfen Fahrzeugen, Wohnmobilen oder Wohnwagen Platz zu bieten. W\u00e4hrend Ihres gesamten Aufenthalts steht Ihnen die gesamte Ausstattung f\u00fcr Ihren Komfort zur Verf\u00fcgung: W\u00e4scherei, K\u00fchlf\u00e4cher, WLAN und Zugang zu Warmwasserduschen. Alle Voraussetzungen sind gegeben, um einen wunderbaren Urlaub zu zweit in der Aquitanien, einer der sch\u00f6nsten Regionen Frankreichs, zu verbringen.<\/p>\n<\/div><p class=\"lire-moins hide\">Lese weniger<\/p><\/div><div class=\"text-image-new-colonne\"><img decoding=\"async\" src=\"https:\/\/www.campinglesoleildor.com\/wp-content\/uploads\/2024\/04\/emplacement-camping-gironde_.jpg\" alt=\"Lage des Campingplatzes Montalivet\" class=\"text-image-new-thumb\" \/><\/div><\/div>\n\n<div class=\"text-image-new style1 image-left\"><div class=\"text-image-new-colonne\"><H2 class=\"text-image-new-titre\">Mieten Sie einen Gruppencampingplatz in Montalivet<\/H2><div class=\"text-image-new-content\"><p>Die Suche nach einem Mobilheim f\u00fcr eine mehr oder weniger gro\u00dfe Gruppe auf einem Campingplatz kann eine komplexe und kostspielige Aufgabe sein. Entscheiden Sie sich f\u00fcr einen Campingplatz in Montalivet auf dem Campingplatz Soleil d\u2019Or, um Ihr Zelt aufzuschlagen: eine gro\u00dfe Fl\u00e4che, auf der Sie Ihren Urlaub mit Familie oder Freunden in vollen Z\u00fcgen genie\u00dfen k\u00f6nnen. Der 3-Sterne-Campingplatz Soleil d&#8217;Or in Montalivet bietet gro\u00dfe private Stellpl\u00e4tze von 200 Quadratmetern f\u00fcr Camping und Caravaning. Auf diesen Stellpl\u00e4tzen haben Sie die Freiheit, Ihre Zelte und Wohnwagen oder Wohnmobile aufzustellen. Genug, um Ihr Lager aufzubauen, damit Sie einen komfortablen und erholsamen Urlaub verbringen k\u00f6nnen. Sie haben den Vorteil, die L\u00e4nge Ihres Aufenthalts selbst zu w\u00e4hlen, von einer Nacht bis zu einer Woche oder mehr. Mit seiner S\u00fcdlage und der Ruhe der Umgebung sind alle Voraussetzungen f\u00fcr einen hervorragenden Gruppenurlaub und in v\u00f6lliger Privatsph\u00e4re gegeben.<\/p>\n<\/div><p class=\"lire-plus\">Mehr lesen<\/p><div class=\"text-image-new-content-more hide\"><p>In der N\u00e4he des Arcachon-Beckens empf\u00e4ngt der Campingplatz Vendays-Montalivet Gruppen auf diesen Stellpl\u00e4tzen mit allem n\u00f6tigen Komfort. Sie haben Zugang zu allen Annehmlichkeiten (Duschen, Toiletten, W\u00e4scherei, Unterhaltung, Spielplatz, WLAN). Sie k\u00f6nnen Ihre sch\u00f6nen Urlaubsmomente mit Ihren Freunden und den Freunden Ihrer Kinder verbringen, da unsere Stellpl\u00e4tze Platz f\u00fcr bis zu 12 Personen bieten. Genug, um noch mehr Erinnerungen zu schaffen und das zu einem erschwinglichen Preis. Finden Sie den perfekten Urlaubsort. Entdecken Sie unsere verschiedenen Tarife und Sonderangebote auf unserer Reservierungsseite.<br \/>\nUnsere Campingpl\u00e4tze profitieren von au\u00dfergew\u00f6hnlichen Standorten in einer nat\u00fcrlichen Umgebung im menschlichen Ma\u00dfstab. Pr\u00fcfen Sie unsere Verf\u00fcgbarkeit und buchen Sie Ihren n\u00e4chsten Aufenthalt auf unserem 3-Sterne-Campingplatz in Aquitanien, im Herzen des M\u00e9doc!<\/p>\n<\/div><p class=\"lire-moins hide\">Lese weniger<\/p><\/div><div class=\"text-image-new-colonne\"><img decoding=\"async\" src=\"https:\/\/www.campinglesoleildor.com\/wp-content\/uploads\/2024\/04\/emplacement-camping-medoc.jpg\" alt=\"Lage des Campingplatzes Medoc\" class=\"text-image-new-thumb\" \/><\/div><\/div>","protected":false},"excerpt":{"rendered":"","protected":false},"author":1,"featured_media":7263,"parent":0,"menu_order":0,"comment_status":"closed","ping_status":"closed","template":"","meta":{"_acf_changed":false,"footnotes":""},"class_list":["post-7511","page","type-page","status-publish","has-post-thumbnail","hentry"],"acf":[],"yoast_head":"<!-- This site is optimized with the Yoast SEO plugin v27.3 - https:\/\/yoast.com\/product\/yoast-seo-wordpress\/ -->\n<title>Camping Montalivet: Zelt- und Wohnwagenpl\u00e4tze<\/title>\n<meta name=\"description\" content=\"Entdecken Sie unsere Stellplatzangebote auf dem Campingplatz Le Soleil d\u2019Or in der Gironde. Genie\u00dfen Sie einen Aufenthalt in einem Zelt oder Wohnmobil in Montalivet.\" \/>\n<meta name=\"robots\" content=\"index, follow, max-snippet:-1, max-image-preview:large, max-video-preview:-1\" \/>\n<link rel=\"canonical\" href=\"https:\/\/www.campinglesoleildor.com\/de\/standorte\/\" \/>\n<meta property=\"og:locale\" content=\"de_DE\" \/>\n<meta property=\"og:type\" content=\"article\" \/>\n<meta property=\"og:title\" content=\"Camping Montalivet: Zelt- und Wohnwagenpl\u00e4tze\" \/>\n<meta property=\"og:description\" content=\"Entdecken Sie unsere Stellplatzangebote auf dem Campingplatz Le Soleil d\u2019Or in der Gironde. Genie\u00dfen Sie einen Aufenthalt in einem Zelt oder Wohnmobil in Montalivet.\" \/>\n<meta property=\"og:url\" content=\"https:\/\/www.campinglesoleildor.com\/de\/standorte\/\" \/>\n<meta property=\"og:site_name\" content=\"Camping le soleil d&#039;or\" \/>\n<meta property=\"article:modified_time\" content=\"2024-04-25T13:32:48+00:00\" \/>\n<meta property=\"og:image\" content=\"https:\/\/www.campinglesoleildor.com\/wp-content\/uploads\/2024\/04\/EMPLACEMENT-scaled-1.jpg\" \/>\n\t<meta property=\"og:image:width\" content=\"2560\" \/>\n\t<meta property=\"og:image:height\" content=\"1493\" \/>\n\t<meta property=\"og:image:type\" content=\"image\/jpeg\" \/>\n<meta name=\"twitter:card\" content=\"summary_large_image\" \/>\n<script type=\"application\/ld+json\" class=\"yoast-schema-graph\">{\"@context\":\"https:\\\/\\\/schema.org\",\"@graph\":[{\"@type\":\"WebPage\",\"@id\":\"https:\\\/\\\/www.campinglesoleildor.com\\\/de\\\/standorte\\\/\",\"url\":\"https:\\\/\\\/www.campinglesoleildor.com\\\/de\\\/standorte\\\/\",\"name\":\"Camping Montalivet: Zelt- und Wohnwagenpl\u00e4tze\",\"isPartOf\":{\"@id\":\"https:\\\/\\\/www.campinglesoleildor.com\\\/de\\\/#website\"},\"primaryImageOfPage\":{\"@id\":\"https:\\\/\\\/www.campinglesoleildor.com\\\/de\\\/standorte\\\/#primaryimage\"},\"image\":{\"@id\":\"https:\\\/\\\/www.campinglesoleildor.com\\\/de\\\/standorte\\\/#primaryimage\"},\"thumbnailUrl\":\"https:\\\/\\\/www.campinglesoleildor.com\\\/wp-content\\\/uploads\\\/2024\\\/04\\\/EMPLACEMENT-scaled-1.jpg\",\"datePublished\":\"2024-04-24T16:42:57+00:00\",\"dateModified\":\"2024-04-25T13:32:48+00:00\",\"description\":\"Entdecken Sie unsere Stellplatzangebote auf dem Campingplatz Le Soleil d\u2019Or in der Gironde. Genie\u00dfen Sie einen Aufenthalt in einem Zelt oder Wohnmobil in Montalivet.\",\"breadcrumb\":{\"@id\":\"https:\\\/\\\/www.campinglesoleildor.com\\\/de\\\/standorte\\\/#breadcrumb\"},\"inLanguage\":\"de\",\"potentialAction\":[{\"@type\":\"ReadAction\",\"target\":[\"https:\\\/\\\/www.campinglesoleildor.com\\\/de\\\/standorte\\\/\"]}]},{\"@type\":\"ImageObject\",\"inLanguage\":\"de\",\"@id\":\"https:\\\/\\\/www.campinglesoleildor.com\\\/de\\\/standorte\\\/#primaryimage\",\"url\":\"https:\\\/\\\/www.campinglesoleildor.com\\\/wp-content\\\/uploads\\\/2024\\\/04\\\/EMPLACEMENT-scaled-1.jpg\",\"contentUrl\":\"https:\\\/\\\/www.campinglesoleildor.com\\\/wp-content\\\/uploads\\\/2024\\\/04\\\/EMPLACEMENT-scaled-1.jpg\",\"width\":2560,\"height\":1493,\"caption\":\"emplacement camping montalivet\"},{\"@type\":\"BreadcrumbList\",\"@id\":\"https:\\\/\\\/www.campinglesoleildor.com\\\/de\\\/standorte\\\/#breadcrumb\",\"itemListElement\":[{\"@type\":\"ListItem\",\"position\":1,\"name\":\"Camping Montalivet\",\"item\":\"https:\\\/\\\/www.campinglesoleildor.com\\\/de\\\/\"},{\"@type\":\"ListItem\",\"position\":2,\"name\":\"Campingplatz Gironde\"}]},{\"@type\":\"WebSite\",\"@id\":\"https:\\\/\\\/www.campinglesoleildor.com\\\/de\\\/#website\",\"url\":\"https:\\\/\\\/www.campinglesoleildor.com\\\/de\\\/\",\"name\":\"Camping le soleil d&#039;or\",\"description\":\"\",\"potentialAction\":[{\"@type\":\"SearchAction\",\"target\":{\"@type\":\"EntryPoint\",\"urlTemplate\":\"https:\\\/\\\/www.campinglesoleildor.com\\\/de\\\/?s={search_term_string}\"},\"query-input\":{\"@type\":\"PropertyValueSpecification\",\"valueRequired\":true,\"valueName\":\"search_term_string\"}}],\"inLanguage\":\"de\"}]}<\/script>\n<!-- \/ Yoast SEO plugin. -->","yoast_head_json":{"title":"Camping Montalivet: Zelt- und Wohnwagenpl\u00e4tze","description":"Entdecken Sie unsere Stellplatzangebote auf dem Campingplatz Le Soleil d\u2019Or in der Gironde. Genie\u00dfen Sie einen Aufenthalt in einem Zelt oder Wohnmobil in Montalivet.","robots":{"index":"index","follow":"follow","max-snippet":"max-snippet:-1","max-image-preview":"max-image-preview:large","max-video-preview":"max-video-preview:-1"},"canonical":"https:\/\/www.campinglesoleildor.com\/de\/standorte\/","og_locale":"de_DE","og_type":"article","og_title":"Camping Montalivet: Zelt- und Wohnwagenpl\u00e4tze","og_description":"Entdecken Sie unsere Stellplatzangebote auf dem Campingplatz Le Soleil d\u2019Or in der Gironde. Genie\u00dfen Sie einen Aufenthalt in einem Zelt oder Wohnmobil in Montalivet.","og_url":"https:\/\/www.campinglesoleildor.com\/de\/standorte\/","og_site_name":"Camping le soleil d&#039;or","article_modified_time":"2024-04-25T13:32:48+00:00","og_image":[{"width":2560,"height":1493,"url":"https:\/\/www.campinglesoleildor.com\/wp-content\/uploads\/2024\/04\/EMPLACEMENT-scaled-1.jpg","type":"image\/jpeg"}],"twitter_card":"summary_large_image","schema":{"@context":"https:\/\/schema.org","@graph":[{"@type":"WebPage","@id":"https:\/\/www.campinglesoleildor.com\/de\/standorte\/","url":"https:\/\/www.campinglesoleildor.com\/de\/standorte\/","name":"Camping Montalivet: Zelt- und Wohnwagenpl\u00e4tze","isPartOf":{"@id":"https:\/\/www.campinglesoleildor.com\/de\/#website"},"primaryImageOfPage":{"@id":"https:\/\/www.campinglesoleildor.com\/de\/standorte\/#primaryimage"},"image":{"@id":"https:\/\/www.campinglesoleildor.com\/de\/standorte\/#primaryimage"},"thumbnailUrl":"https:\/\/www.campinglesoleildor.com\/wp-content\/uploads\/2024\/04\/EMPLACEMENT-scaled-1.jpg","datePublished":"2024-04-24T16:42:57+00:00","dateModified":"2024-04-25T13:32:48+00:00","description":"Entdecken Sie unsere Stellplatzangebote auf dem Campingplatz Le Soleil d\u2019Or in der Gironde. Genie\u00dfen Sie einen Aufenthalt in einem Zelt oder Wohnmobil in Montalivet.","breadcrumb":{"@id":"https:\/\/www.campinglesoleildor.com\/de\/standorte\/#breadcrumb"},"inLanguage":"de","potentialAction":[{"@type":"ReadAction","target":["https:\/\/www.campinglesoleildor.com\/de\/standorte\/"]}]},{"@type":"ImageObject","inLanguage":"de","@id":"https:\/\/www.campinglesoleildor.com\/de\/standorte\/#primaryimage","url":"https:\/\/www.campinglesoleildor.com\/wp-content\/uploads\/2024\/04\/EMPLACEMENT-scaled-1.jpg","contentUrl":"https:\/\/www.campinglesoleildor.com\/wp-content\/uploads\/2024\/04\/EMPLACEMENT-scaled-1.jpg","width":2560,"height":1493,"caption":"emplacement camping montalivet"},{"@type":"BreadcrumbList","@id":"https:\/\/www.campinglesoleildor.com\/de\/standorte\/#breadcrumb","itemListElement":[{"@type":"ListItem","position":1,"name":"Camping Montalivet","item":"https:\/\/www.campinglesoleildor.com\/de\/"},{"@type":"ListItem","position":2,"name":"Campingplatz Gironde"}]},{"@type":"WebSite","@id":"https:\/\/www.campinglesoleildor.com\/de\/#website","url":"https:\/\/www.campinglesoleildor.com\/de\/","name":"Camping le soleil d&#039;or","description":"","potentialAction":[{"@type":"SearchAction","target":{"@type":"EntryPoint","urlTemplate":"https:\/\/www.campinglesoleildor.com\/de\/?s={search_term_string}"},"query-input":{"@type":"PropertyValueSpecification","valueRequired":true,"valueName":"search_term_string"}}],"inLanguage":"de"}]}},"_links":{"self":[{"href":"https:\/\/www.campinglesoleildor.com\/de\/wp-json\/wp\/v2\/pages\/7511","targetHints":{"allow":["GET"]}}],"collection":[{"href":"https:\/\/www.campinglesoleildor.com\/de\/wp-json\/wp\/v2\/pages"}],"about":[{"href":"https:\/\/www.campinglesoleildor.com\/de\/wp-json\/wp\/v2\/types\/page"}],"author":[{"embeddable":true,"href":"https:\/\/www.campinglesoleildor.com\/de\/wp-json\/wp\/v2\/users\/1"}],"replies":[{"embeddable":true,"href":"https:\/\/www.campinglesoleildor.com\/de\/wp-json\/wp\/v2\/comments?post=7511"}],"version-history":[{"count":2,"href":"https:\/\/www.campinglesoleildor.com\/de\/wp-json\/wp\/v2\/pages\/7511\/revisions"}],"predecessor-version":[{"id":7521,"href":"https:\/\/www.campinglesoleildor.com\/de\/wp-json\/wp\/v2\/pages\/7511\/revisions\/7521"}],"wp:featuredmedia":[{"embeddable":true,"href":"https:\/\/www.campinglesoleildor.com\/de\/wp-json\/wp\/v2\/media\/7263"}],"wp:attachment":[{"href":"https:\/\/www.campinglesoleildor.com\/de\/wp-json\/wp\/v2\/media?parent=7511"}],"curies":[{"name":"wp","href":"https:\/\/api.w.org\/{rel}","templated":true}]}}