{"id":7499,"date":"2024-02-14T10:03:39","date_gmt":"2024-02-14T09:03:39","guid":{"rendered":"https:\/\/www.campinglesoleildor.com\/emploi-camping-medoc\/"},"modified":"2024-04-25T15:33:12","modified_gmt":"2024-04-25T13:33:12","slug":"beschaftigung-camping-medok","status":"publish","type":"page","link":"https:\/\/www.campinglesoleildor.com\/de\/beschaftigung-camping-medok\/","title":{"rendered":"Espace recrutement au camping le Soleil d\u2019Or"},"content":{"rendered":"<div class=\"bloc-texte full\"><div class=\"texte center\"><p><a href=\"\/de\/\">Campingplatz Le Soleil d&#8217;Or<\/a> ist auf der Suche nach Fachleuten, die bereit sind, an der Schaffung unvergesslicher Erlebnisse f\u00fcr unsere Urlauber mitzuwirken. Informieren Sie sich \u00fcber unsere M\u00f6glichkeiten und reichen Sie Ihre Bewerbung jetzt auf unserer Online-Plattform ein.<\/p>\n<\/div><\/div>\n\n<div class=\"liste-de-page-home\"><div class=\"liste-de-page-home-titre\">Unsere Stellenangebote<\/div><ul class=\"liste-de-page-articles\"><li><a href=\"https:\/\/www.campinglesoleildor.com\/de\/beschaftigung-camping-medok\/wartungspersonal-m-w\/\"><div class=\"cta-img\"><img decoding=\"async\" src=\"https:\/\/www.campinglesoleildor.com\/wp-content\/uploads\/2024\/02\/iStock-1128180520-scaled.jpg\" alt=\"\"><\/div><div class=\"cta-titre\">Wartungspersonal M\/F<\/div><\/a><\/li><\/ul><\/div>","protected":false},"excerpt":{"rendered":"","protected":false},"author":1,"featured_media":7500,"parent":0,"menu_order":0,"comment_status":"closed","ping_status":"closed","template":"","meta":{"_acf_changed":false,"footnotes":""},"class_list":["post-7499","page","type-page","status-publish","has-post-thumbnail","hentry"],"acf":[],"yoast_head":"<!-- This site is optimized with the Yoast SEO plugin v27.5 - https:\/\/yoast.com\/product\/yoast-seo-wordpress\/ -->\n<title>Sommerjob und Stellenangebot auf dem Campingplatz im M\u00e9doc<\/title>\n<meta name=\"description\" content=\"Der Campingplatz Camping le Soleil d\u2019Or in der Gironde im M\u00e9doc sucht Kandidaten. Bewerben Sie sich jetzt, werden Sie Teil des Teams und genie\u00dfen Sie die Region!\" \/>\n<meta name=\"robots\" content=\"index, follow, max-snippet:-1, max-image-preview:large, max-video-preview:-1\" \/>\n<link rel=\"canonical\" href=\"https:\/\/www.campinglesoleildor.com\/de\/beschaftigung-camping-medok\/\" \/>\n<meta property=\"og:locale\" content=\"de_DE\" \/>\n<meta property=\"og:type\" content=\"article\" \/>\n<meta property=\"og:title\" content=\"Sommerjob und Stellenangebot auf dem Campingplatz im M\u00e9doc\" \/>\n<meta property=\"og:description\" content=\"Der Campingplatz Camping le Soleil d\u2019Or in der Gironde im M\u00e9doc sucht Kandidaten. Bewerben Sie sich jetzt, werden Sie Teil des Teams und genie\u00dfen Sie die Region!\" \/>\n<meta property=\"og:url\" content=\"https:\/\/www.campinglesoleildor.com\/de\/beschaftigung-camping-medok\/\" \/>\n<meta property=\"og:site_name\" content=\"Camping le soleil d&#039;or\" \/>\n<meta property=\"article:modified_time\" content=\"2024-04-25T13:33:12+00:00\" \/>\n<meta property=\"og:image\" content=\"https:\/\/www.campinglesoleildor.com\/wp-content\/uploads\/2024\/02\/iStock-1387451522-scaled.jpg\" \/>\n\t<meta property=\"og:image:width\" content=\"2560\" \/>\n\t<meta property=\"og:image:height\" content=\"1217\" \/>\n\t<meta property=\"og:image:type\" content=\"image\/jpeg\" \/>\n<meta name=\"twitter:card\" content=\"summary_large_image\" \/>\n<script type=\"application\/ld+json\" class=\"yoast-schema-graph\">{\"@context\":\"https:\\\/\\\/schema.org\",\"@graph\":[{\"@type\":\"WebPage\",\"@id\":\"https:\\\/\\\/www.campinglesoleildor.com\\\/de\\\/beschaftigung-camping-medok\\\/\",\"url\":\"https:\\\/\\\/www.campinglesoleildor.com\\\/de\\\/beschaftigung-camping-medok\\\/\",\"name\":\"Sommerjob und Stellenangebot auf dem Campingplatz im M\u00e9doc\",\"isPartOf\":{\"@id\":\"https:\\\/\\\/www.campinglesoleildor.com\\\/de\\\/#website\"},\"primaryImageOfPage\":{\"@id\":\"https:\\\/\\\/www.campinglesoleildor.com\\\/de\\\/beschaftigung-camping-medok\\\/#primaryimage\"},\"image\":{\"@id\":\"https:\\\/\\\/www.campinglesoleildor.com\\\/de\\\/beschaftigung-camping-medok\\\/#primaryimage\"},\"thumbnailUrl\":\"https:\\\/\\\/www.campinglesoleildor.com\\\/wp-content\\\/uploads\\\/2024\\\/02\\\/iStock-1387451522-scaled.jpg\",\"datePublished\":\"2024-02-14T09:03:39+00:00\",\"dateModified\":\"2024-04-25T13:33:12+00:00\",\"description\":\"Der Campingplatz Camping le Soleil d\u2019Or in der Gironde im M\u00e9doc sucht Kandidaten. Bewerben Sie sich jetzt, werden Sie Teil des Teams und genie\u00dfen Sie die Region!\",\"breadcrumb\":{\"@id\":\"https:\\\/\\\/www.campinglesoleildor.com\\\/de\\\/beschaftigung-camping-medok\\\/#breadcrumb\"},\"inLanguage\":\"de\",\"potentialAction\":[{\"@type\":\"ReadAction\",\"target\":[\"https:\\\/\\\/www.campinglesoleildor.com\\\/de\\\/beschaftigung-camping-medok\\\/\"]}]},{\"@type\":\"ImageObject\",\"inLanguage\":\"de\",\"@id\":\"https:\\\/\\\/www.campinglesoleildor.com\\\/de\\\/beschaftigung-camping-medok\\\/#primaryimage\",\"url\":\"https:\\\/\\\/www.campinglesoleildor.com\\\/wp-content\\\/uploads\\\/2024\\\/02\\\/iStock-1387451522-scaled.jpg\",\"contentUrl\":\"https:\\\/\\\/www.campinglesoleildor.com\\\/wp-content\\\/uploads\\\/2024\\\/02\\\/iStock-1387451522-scaled.jpg\",\"width\":2560,\"height\":1217},{\"@type\":\"BreadcrumbList\",\"@id\":\"https:\\\/\\\/www.campinglesoleildor.com\\\/de\\\/beschaftigung-camping-medok\\\/#breadcrumb\",\"itemListElement\":[{\"@type\":\"ListItem\",\"position\":1,\"name\":\"Camping Montalivet\",\"item\":\"https:\\\/\\\/www.campinglesoleildor.com\\\/de\\\/\"},{\"@type\":\"ListItem\",\"position\":2,\"name\":\"Rekrutierungsbereich auf dem Campingplatz Soleil d\u2019Or\"}]},{\"@type\":\"WebSite\",\"@id\":\"https:\\\/\\\/www.campinglesoleildor.com\\\/de\\\/#website\",\"url\":\"https:\\\/\\\/www.campinglesoleildor.com\\\/de\\\/\",\"name\":\"Camping le soleil d&#039;or\",\"description\":\"\",\"potentialAction\":[{\"@type\":\"SearchAction\",\"target\":{\"@type\":\"EntryPoint\",\"urlTemplate\":\"https:\\\/\\\/www.campinglesoleildor.com\\\/de\\\/?s={search_term_string}\"},\"query-input\":{\"@type\":\"PropertyValueSpecification\",\"valueRequired\":true,\"valueName\":\"search_term_string\"}}],\"inLanguage\":\"de\"}]}<\/script>\n<!-- \/ Yoast SEO plugin. -->","yoast_head_json":{"title":"Sommerjob und Stellenangebot auf dem Campingplatz im M\u00e9doc","description":"Der Campingplatz Camping le Soleil d\u2019Or in der Gironde im M\u00e9doc sucht Kandidaten. Bewerben Sie sich jetzt, werden Sie Teil des Teams und genie\u00dfen Sie die Region!","robots":{"index":"index","follow":"follow","max-snippet":"max-snippet:-1","max-image-preview":"max-image-preview:large","max-video-preview":"max-video-preview:-1"},"canonical":"https:\/\/www.campinglesoleildor.com\/de\/beschaftigung-camping-medok\/","og_locale":"de_DE","og_type":"article","og_title":"Sommerjob und Stellenangebot auf dem Campingplatz im M\u00e9doc","og_description":"Der Campingplatz Camping le Soleil d\u2019Or in der Gironde im M\u00e9doc sucht Kandidaten. Bewerben Sie sich jetzt, werden Sie Teil des Teams und genie\u00dfen Sie die Region!","og_url":"https:\/\/www.campinglesoleildor.com\/de\/beschaftigung-camping-medok\/","og_site_name":"Camping le soleil d&#039;or","article_modified_time":"2024-04-25T13:33:12+00:00","og_image":[{"width":2560,"height":1217,"url":"https:\/\/www.campinglesoleildor.com\/wp-content\/uploads\/2024\/02\/iStock-1387451522-scaled.jpg","type":"image\/jpeg"}],"twitter_card":"summary_large_image","schema":{"@context":"https:\/\/schema.org","@graph":[{"@type":"WebPage","@id":"https:\/\/www.campinglesoleildor.com\/de\/beschaftigung-camping-medok\/","url":"https:\/\/www.campinglesoleildor.com\/de\/beschaftigung-camping-medok\/","name":"Sommerjob und Stellenangebot auf dem Campingplatz im M\u00e9doc","isPartOf":{"@id":"https:\/\/www.campinglesoleildor.com\/de\/#website"},"primaryImageOfPage":{"@id":"https:\/\/www.campinglesoleildor.com\/de\/beschaftigung-camping-medok\/#primaryimage"},"image":{"@id":"https:\/\/www.campinglesoleildor.com\/de\/beschaftigung-camping-medok\/#primaryimage"},"thumbnailUrl":"https:\/\/www.campinglesoleildor.com\/wp-content\/uploads\/2024\/02\/iStock-1387451522-scaled.jpg","datePublished":"2024-02-14T09:03:39+00:00","dateModified":"2024-04-25T13:33:12+00:00","description":"Der Campingplatz Camping le Soleil d\u2019Or in der Gironde im M\u00e9doc sucht Kandidaten. Bewerben Sie sich jetzt, werden Sie Teil des Teams und genie\u00dfen Sie die Region!","breadcrumb":{"@id":"https:\/\/www.campinglesoleildor.com\/de\/beschaftigung-camping-medok\/#breadcrumb"},"inLanguage":"de","potentialAction":[{"@type":"ReadAction","target":["https:\/\/www.campinglesoleildor.com\/de\/beschaftigung-camping-medok\/"]}]},{"@type":"ImageObject","inLanguage":"de","@id":"https:\/\/www.campinglesoleildor.com\/de\/beschaftigung-camping-medok\/#primaryimage","url":"https:\/\/www.campinglesoleildor.com\/wp-content\/uploads\/2024\/02\/iStock-1387451522-scaled.jpg","contentUrl":"https:\/\/www.campinglesoleildor.com\/wp-content\/uploads\/2024\/02\/iStock-1387451522-scaled.jpg","width":2560,"height":1217},{"@type":"BreadcrumbList","@id":"https:\/\/www.campinglesoleildor.com\/de\/beschaftigung-camping-medok\/#breadcrumb","itemListElement":[{"@type":"ListItem","position":1,"name":"Camping Montalivet","item":"https:\/\/www.campinglesoleildor.com\/de\/"},{"@type":"ListItem","position":2,"name":"Rekrutierungsbereich auf dem Campingplatz Soleil d\u2019Or"}]},{"@type":"WebSite","@id":"https:\/\/www.campinglesoleildor.com\/de\/#website","url":"https:\/\/www.campinglesoleildor.com\/de\/","name":"Camping le soleil d&#039;or","description":"","potentialAction":[{"@type":"SearchAction","target":{"@type":"EntryPoint","urlTemplate":"https:\/\/www.campinglesoleildor.com\/de\/?s={search_term_string}"},"query-input":{"@type":"PropertyValueSpecification","valueRequired":true,"valueName":"search_term_string"}}],"inLanguage":"de"}]}},"_links":{"self":[{"href":"https:\/\/www.campinglesoleildor.com\/de\/wp-json\/wp\/v2\/pages\/7499","targetHints":{"allow":["GET"]}}],"collection":[{"href":"https:\/\/www.campinglesoleildor.com\/de\/wp-json\/wp\/v2\/pages"}],"about":[{"href":"https:\/\/www.campinglesoleildor.com\/de\/wp-json\/wp\/v2\/types\/page"}],"author":[{"embeddable":true,"href":"https:\/\/www.campinglesoleildor.com\/de\/wp-json\/wp\/v2\/users\/1"}],"replies":[{"embeddable":true,"href":"https:\/\/www.campinglesoleildor.com\/de\/wp-json\/wp\/v2\/comments?post=7499"}],"version-history":[{"count":2,"href":"https:\/\/www.campinglesoleildor.com\/de\/wp-json\/wp\/v2\/pages\/7499\/revisions"}],"predecessor-version":[{"id":7507,"href":"https:\/\/www.campinglesoleildor.com\/de\/wp-json\/wp\/v2\/pages\/7499\/revisions\/7507"}],"wp:featuredmedia":[{"embeddable":true,"href":"https:\/\/www.campinglesoleildor.com\/de\/wp-json\/wp\/v2\/media\/7500"}],"wp:attachment":[{"href":"https:\/\/www.campinglesoleildor.com\/de\/wp-json\/wp\/v2\/media?parent=7499"}],"curies":[{"name":"wp","href":"https:\/\/api.w.org\/{rel}","templated":true}]}}