{"id":7460,"date":"2024-04-25T09:51:51","date_gmt":"2024-04-25T07:51:51","guid":{"rendered":"https:\/\/www.campinglesoleildor.com\/campingplatz-gironde\/camping-pas-cher-gironde\/"},"modified":"2024-04-25T11:41:00","modified_gmt":"2024-04-25T09:41:00","slug":"guenstiges-campingplatz-gironde","status":"publish","type":"page","link":"https:\/\/www.campinglesoleildor.com\/de\/campingplatz-gironde\/guenstiges-campingplatz-gironde\/","title":{"rendered":"Offres sp\u00e9ciales"},"content":{"rendered":"<div class=\"bloc-texte full\"><div class=\"texte center\"><p>\u00dcbernachten Sie f\u00fcr Ihren n\u00e4chsten Urlaub in Neu-Aquitanien in Frankreich in einer hochwertigen Unterkunft auf dem Campingplatz Le Soleil d\u2019Or. Dieses 3-Sterne-Hotel in der Region M\u00e9doc bietet Ihnen den n\u00f6tigen Komfort f\u00fcr einen au\u00dfergew\u00f6hnlichen Aufenthalt und N\u00e4chte im D\u00e9partement Gironde.<\/p>\n<p>Kommen Sie und entdecken Sie den Badeort Vendays-Montalivet und seine 12 km langen Str\u00e4nde, um unvergessliche Momente mit der Familie, Paaren oder Freunden zu verbringen. Der Campingplatz liegt au\u00dferdem inmitten eines 6.000 Hektar gro\u00dfen Waldes, ideal f\u00fcr einen Aufenthalt im Einklang mit der Natur.<\/p>\n<p>Neben Mobilheimen und Stellpl\u00e4tzen bietet dieser preiswerte Campingplatz in Montalivet verschiedene Aktivit\u00e4ten f\u00fcr die ganze Familie. Rund um das Gel\u00e4nde finden Sie auch zahlreiche kulturelle und sportliche Aktivit\u00e4ten.<\/p>\n<\/div><\/div>\n\n<div class=\"text-image-new style1 image-right background-marron\"><div class=\"text-image-new-colonne\"><H2 class=\"text-image-new-titre\">Ihr Last-Minute-Campingplatz in Vendays-Montalivet<\/H2><div class=\"text-image-new-content\"><p>Der Campingplatz Le Soleil d\u2019Or liegt am Rande des Ozeans und nur 8 km vom Zentrum von Vendays-Montalivet entfernt. Dieser preisg\u00fcnstige Campingplatz in der Gironde, ein mit Sternen ausgezeichneter Campingplatz, bietet Ihnen die Vermietung von Mobilheimen und Stellpl\u00e4tzen f\u00fcr Zelte und Wohnwagen zu attraktiven Preisen. Die Unterk\u00fcnfte verf\u00fcgen \u00fcber 1 bis 3 Schlafzimmer und bieten Platz f\u00fcr gro\u00dfe Familien.<\/p>\n<p>Dieser preisg\u00fcnstige Campingplatz in der Gironde verf\u00fcgt \u00fcber einen P\u00e9tanque-Platz, eine Tischtennisplatte und einen Heimballplatz. Ein Park mit H\u00fctte und Rutsche wird auch Ihre Kinder w\u00e4hrend ihres Aufenthalts begeistern. F\u00fcr entspannte Momente mit der Familie k\u00f6nnen Sie an der Rezeption B\u00fccher und Brettspiele ausleihen. Jede Woche werden lebhafte und tanzende Abende organisiert, um Ihren Aufenthalt zu bereichern.<\/p>\n<\/div><p class=\"lire-plus\">Mehr lesen<\/p><div class=\"text-image-new-content-more hide\"><p>Die Bar und die Snackbar des Hauses sind t\u00e4glich au\u00dfer Mittwochabend ge\u00f6ffnet. Gerichte zum Mitnehmen oder zum Genie\u00dfen vor Ort sowie Getr\u00e4nke werden \u00e0 la carte angeboten. Ebenso steht den Kunden des g\u00fcnstigen Campingplatzes Gironde ein Waschsalon zur Verf\u00fcgung. Dort finden Sie eine M\u00fcnzwaschmaschine und einen Trockner.<\/p>\n<\/div><p class=\"lire-moins hide\">Lese weniger<\/p><\/div><div class=\"text-image-new-colonne\"><img decoding=\"async\" src=\"https:\/\/www.campinglesoleildor.com\/wp-content\/uploads\/2022\/07\/mobil-home-morbihan-capucine-Ext-800x534-1.jpg\" alt=\"Last-Minute-Campingplatz Vendays-Montalivet\" class=\"text-image-new-thumb\" \/><\/div><\/div>\n\n<div class=\"text-image-new style1 image-left\"><div class=\"text-image-new-colonne\"><H2 class=\"text-image-new-titre\">Mieten Sie einen g\u00fcnstigen Campingplatz in der Gironde!<\/H2><div class=\"text-image-new-content\"><p>Le Soleil d&#8217;Or, einer der besten Campingpl\u00e4tze in der Gironde, vermietet Mobilheime verschiedener Baureihen, die Platz f\u00fcr bis zu 6 Personen bieten und in denen Haustiere erlaubt sind. Lodges mit Meerblick, einem Schlafzimmer und einer Kapazit\u00e4t von 1 bis 4 Personen.<\/p>\n<p>Alle Unterk\u00fcnfte verf\u00fcgen \u00fcber eine private Terrasse, auf der Sie Ihre Mahlzeiten und Aperitifs im Freien genie\u00dfen k\u00f6nnen. Die Mobilheime und Lodges des preiswerten Campingplatzes Montalivet verf\u00fcgen au\u00dferdem \u00fcber einen voll ausgestatteten K\u00fcchenbereich sowie Toiletten.<\/p>\n<\/div><p class=\"lire-plus\">Mehr lesen<\/p><div class=\"text-image-new-content-more hide\"><p>Wenn Sie mit Ihrem Wohnmobil, Wohnwagen oder Zelt in den Urlaub fahren, besteht die M\u00f6glichkeit, Ihren Stellplatz auf dem Campingplatz Le Soleil d&#8217;Or zu mieten. Jeder der 89 Standorte wird mit Strom versorgt. F\u00fcr Wohnmobile ist ein Wasser- und Abwasseranschluss m\u00f6glich und Gemeinschaftstoiletten befinden sich in der N\u00e4he jedes Stellplatzes.<\/p>\n<p>Die Internetverbindung ist an der Bar kostenlos, es besteht jedoch auch die M\u00f6glichkeit, kostenpflichtiges WLAN in der Unterkunft und auf den Stellpl\u00e4tzen anzufordern.<\/p>\n<\/div><p class=\"lire-moins hide\">Lese weniger<\/p><\/div><div class=\"text-image-new-colonne\"><img decoding=\"async\" src=\"https:\/\/www.campinglesoleildor.com\/wp-content\/uploads\/2024\/04\/emplacement-camping-medoc.jpg\" alt=\"g\u00fcnstiger Campingplatz Gironde\" class=\"text-image-new-thumb\" \/><\/div><\/div>\n\n<div class=\"text-image-new style1 image-right background-marron\"><div class=\"text-image-new-colonne\"><H2 class=\"text-image-new-titre\">Ihr preisg\u00fcnstiger Urlaub in der Gironde<\/H2><div class=\"text-image-new-content\"><p>Der Campingplatz Le Soleil d\u2019Or liegt weniger als eine Stunde von Cap Ferret und weniger als 2 Stunden von Bordeaux und Arcachon entfernt. Der Club liegt weniger als 20 km von St\u00e4dten wie Queyrac, Saint-Vivier-de-M\u00e9doc, Soulac-sur-Mer oder Jau-Dignac-et-Loirac entfernt.<\/p>\n<p>Einer der Hauptvorteile dieses g\u00fcnstigen Campingplatzes in der Gironde ist laut Kundenbewertungen die N\u00e4he zum Strand und die gro\u00dfe Anzahl an Wassersportaktivit\u00e4ten, die Sie dort aus\u00fcben k\u00f6nnen. Tats\u00e4chlich ist es nur 100 Meter vom Strand Montalivet entfernt. Zahlreiche Surfspots in der N\u00e4he der Anlage hei\u00dfen Surfer aller Niveaus willkommen. Sie k\u00f6nnen Ihren Aufenthalt auch nutzen, um Strandsegeln auszuprobieren. Obwohl die Anlage \u00fcber kein Schwimmbad verf\u00fcgt, gibt es in der N\u00e4he Seen, die im Sommer zum Schwimmen geeignet sind.<\/p>\n<\/div><p class=\"lire-plus\">Mehr lesen<\/p><div class=\"text-image-new-content-more hide\"><p>In der N\u00e4he des g\u00fcnstigen Campingplatzes Montalivet wurden \u00fcber 30 km Radwege angelegt. Mit dem Fahrrad k\u00f6nnen Sie die Umgebung erkunden. F\u00fcr diejenigen, die lieber wandern, gibt es auch Wanderwege mit einer L\u00e4nge von \u00fcber 40 km.<\/p>\n<p>Sie k\u00f6nnen jetzt Ihre Unterkunft oder Ihren Stellplatz f\u00fcr den n\u00e4chsten Sommerurlaub buchen. Bitte beachten Sie, dass im Falle einer Stornierung keine R\u00fcckerstattung m\u00f6glich ist und ein Zahlungsaufschub von der Einrichtung noch nicht akzeptiert wird. Weitere Informationen finden Sie auf der Website des Campingplatzes<\/p>\n<\/div><p class=\"lire-moins hide\">Lese weniger<\/p><\/div><div class=\"text-image-new-colonne\"><img decoding=\"async\" src=\"https:\/\/www.campinglesoleildor.com\/wp-content\/uploads\/2024\/04\/camping-gironde-bord-de-mer.jpg\" alt=\"Urlaub in der Gironde\" class=\"text-image-new-thumb\" \/><\/div><\/div>","protected":false},"excerpt":{"rendered":"","protected":false},"author":1,"featured_media":7461,"parent":7428,"menu_order":0,"comment_status":"closed","ping_status":"closed","template":"","meta":{"_acf_changed":false,"footnotes":""},"class_list":["post-7460","page","type-page","status-publish","has-post-thumbnail","hentry"],"acf":[],"yoast_head":"<!-- This site is optimized with the Yoast SEO plugin v27.3 - https:\/\/yoast.com\/product\/yoast-seo-wordpress\/ -->\n<title>G\u00fcnstiger Campingplatz Gironde | 3-Sterne-Campingplatz-Aufenthalt zum besten Preis<\/title>\n<meta name=\"description\" content=\"Wagen Sie den Sprung und machen Sie Urlaub f\u00fcr die ganze Familie auf einem preiswerten 3-Sterne-Campingplatz in Montalivet in der Gironde!\" \/>\n<meta name=\"robots\" content=\"index, follow, max-snippet:-1, max-image-preview:large, max-video-preview:-1\" \/>\n<link rel=\"canonical\" href=\"https:\/\/www.campinglesoleildor.com\/de\/campingplatz-gironde\/guenstiges-campingplatz-gironde\/\" \/>\n<meta property=\"og:locale\" content=\"de_DE\" \/>\n<meta property=\"og:type\" content=\"article\" \/>\n<meta property=\"og:title\" content=\"G\u00fcnstiger Campingplatz Gironde | 3-Sterne-Campingplatz-Aufenthalt zum besten Preis\" \/>\n<meta property=\"og:description\" content=\"Wagen Sie den Sprung und machen Sie Urlaub f\u00fcr die ganze Familie auf einem preiswerten 3-Sterne-Campingplatz in Montalivet in der Gironde!\" \/>\n<meta property=\"og:url\" content=\"https:\/\/www.campinglesoleildor.com\/de\/campingplatz-gironde\/guenstiges-campingplatz-gironde\/\" \/>\n<meta property=\"og:site_name\" content=\"Camping le soleil d&#039;or\" \/>\n<meta property=\"article:modified_time\" content=\"2024-04-25T09:41:00+00:00\" \/>\n<meta property=\"og:image\" content=\"https:\/\/www.campinglesoleildor.com\/wp-content\/uploads\/2023\/03\/vacances-camping-gironde.jpg\" \/>\n\t<meta property=\"og:image:width\" content=\"1920\" \/>\n\t<meta property=\"og:image:height\" content=\"1439\" \/>\n\t<meta property=\"og:image:type\" content=\"image\/jpeg\" \/>\n<meta name=\"twitter:card\" content=\"summary_large_image\" \/>\n<script type=\"application\/ld+json\" class=\"yoast-schema-graph\">{\"@context\":\"https:\\\/\\\/schema.org\",\"@graph\":[{\"@type\":\"WebPage\",\"@id\":\"https:\\\/\\\/www.campinglesoleildor.com\\\/de\\\/campingplatz-gironde\\\/guenstiges-campingplatz-gironde\\\/\",\"url\":\"https:\\\/\\\/www.campinglesoleildor.com\\\/de\\\/campingplatz-gironde\\\/guenstiges-campingplatz-gironde\\\/\",\"name\":\"G\u00fcnstiger Campingplatz Gironde | 3-Sterne-Campingplatz-Aufenthalt zum besten Preis\",\"isPartOf\":{\"@id\":\"https:\\\/\\\/www.campinglesoleildor.com\\\/de\\\/#website\"},\"primaryImageOfPage\":{\"@id\":\"https:\\\/\\\/www.campinglesoleildor.com\\\/de\\\/campingplatz-gironde\\\/guenstiges-campingplatz-gironde\\\/#primaryimage\"},\"image\":{\"@id\":\"https:\\\/\\\/www.campinglesoleildor.com\\\/de\\\/campingplatz-gironde\\\/guenstiges-campingplatz-gironde\\\/#primaryimage\"},\"thumbnailUrl\":\"https:\\\/\\\/www.campinglesoleildor.com\\\/wp-content\\\/uploads\\\/2023\\\/03\\\/vacances-camping-gironde.jpg\",\"datePublished\":\"2024-04-25T07:51:51+00:00\",\"dateModified\":\"2024-04-25T09:41:00+00:00\",\"description\":\"Wagen Sie den Sprung und machen Sie Urlaub f\u00fcr die ganze Familie auf einem preiswerten 3-Sterne-Campingplatz in Montalivet in der Gironde!\",\"breadcrumb\":{\"@id\":\"https:\\\/\\\/www.campinglesoleildor.com\\\/de\\\/campingplatz-gironde\\\/guenstiges-campingplatz-gironde\\\/#breadcrumb\"},\"inLanguage\":\"de\",\"potentialAction\":[{\"@type\":\"ReadAction\",\"target\":[\"https:\\\/\\\/www.campinglesoleildor.com\\\/de\\\/campingplatz-gironde\\\/guenstiges-campingplatz-gironde\\\/\"]}]},{\"@type\":\"ImageObject\",\"inLanguage\":\"de\",\"@id\":\"https:\\\/\\\/www.campinglesoleildor.com\\\/de\\\/campingplatz-gironde\\\/guenstiges-campingplatz-gironde\\\/#primaryimage\",\"url\":\"https:\\\/\\\/www.campinglesoleildor.com\\\/wp-content\\\/uploads\\\/2023\\\/03\\\/vacances-camping-gironde.jpg\",\"contentUrl\":\"https:\\\/\\\/www.campinglesoleildor.com\\\/wp-content\\\/uploads\\\/2023\\\/03\\\/vacances-camping-gironde.jpg\",\"width\":1920,\"height\":1439},{\"@type\":\"BreadcrumbList\",\"@id\":\"https:\\\/\\\/www.campinglesoleildor.com\\\/de\\\/campingplatz-gironde\\\/guenstiges-campingplatz-gironde\\\/#breadcrumb\",\"itemListElement\":[{\"@type\":\"ListItem\",\"position\":1,\"name\":\"Camping Montalivet\",\"item\":\"https:\\\/\\\/www.campinglesoleildor.com\\\/de\\\/\"},{\"@type\":\"ListItem\",\"position\":2,\"name\":\"Campingplatz in der Gironde\",\"item\":\"https:\\\/\\\/www.campinglesoleildor.com\\\/de\\\/campingplatz-gironde\\\/\"},{\"@type\":\"ListItem\",\"position\":3,\"name\":\"G\u00fcnstiger Campingplatz in der Gironde\"}]},{\"@type\":\"WebSite\",\"@id\":\"https:\\\/\\\/www.campinglesoleildor.com\\\/de\\\/#website\",\"url\":\"https:\\\/\\\/www.campinglesoleildor.com\\\/de\\\/\",\"name\":\"Camping le soleil d&#039;or\",\"description\":\"\",\"potentialAction\":[{\"@type\":\"SearchAction\",\"target\":{\"@type\":\"EntryPoint\",\"urlTemplate\":\"https:\\\/\\\/www.campinglesoleildor.com\\\/de\\\/?s={search_term_string}\"},\"query-input\":{\"@type\":\"PropertyValueSpecification\",\"valueRequired\":true,\"valueName\":\"search_term_string\"}}],\"inLanguage\":\"de\"}]}<\/script>\n<!-- \/ Yoast SEO plugin. -->","yoast_head_json":{"title":"G\u00fcnstiger Campingplatz Gironde | 3-Sterne-Campingplatz-Aufenthalt zum besten Preis","description":"Wagen Sie den Sprung und machen Sie Urlaub f\u00fcr die ganze Familie auf einem preiswerten 3-Sterne-Campingplatz in Montalivet in der Gironde!","robots":{"index":"index","follow":"follow","max-snippet":"max-snippet:-1","max-image-preview":"max-image-preview:large","max-video-preview":"max-video-preview:-1"},"canonical":"https:\/\/www.campinglesoleildor.com\/de\/campingplatz-gironde\/guenstiges-campingplatz-gironde\/","og_locale":"de_DE","og_type":"article","og_title":"G\u00fcnstiger Campingplatz Gironde | 3-Sterne-Campingplatz-Aufenthalt zum besten Preis","og_description":"Wagen Sie den Sprung und machen Sie Urlaub f\u00fcr die ganze Familie auf einem preiswerten 3-Sterne-Campingplatz in Montalivet in der Gironde!","og_url":"https:\/\/www.campinglesoleildor.com\/de\/campingplatz-gironde\/guenstiges-campingplatz-gironde\/","og_site_name":"Camping le soleil d&#039;or","article_modified_time":"2024-04-25T09:41:00+00:00","og_image":[{"width":1920,"height":1439,"url":"https:\/\/www.campinglesoleildor.com\/wp-content\/uploads\/2023\/03\/vacances-camping-gironde.jpg","type":"image\/jpeg"}],"twitter_card":"summary_large_image","schema":{"@context":"https:\/\/schema.org","@graph":[{"@type":"WebPage","@id":"https:\/\/www.campinglesoleildor.com\/de\/campingplatz-gironde\/guenstiges-campingplatz-gironde\/","url":"https:\/\/www.campinglesoleildor.com\/de\/campingplatz-gironde\/guenstiges-campingplatz-gironde\/","name":"G\u00fcnstiger Campingplatz Gironde | 3-Sterne-Campingplatz-Aufenthalt zum besten Preis","isPartOf":{"@id":"https:\/\/www.campinglesoleildor.com\/de\/#website"},"primaryImageOfPage":{"@id":"https:\/\/www.campinglesoleildor.com\/de\/campingplatz-gironde\/guenstiges-campingplatz-gironde\/#primaryimage"},"image":{"@id":"https:\/\/www.campinglesoleildor.com\/de\/campingplatz-gironde\/guenstiges-campingplatz-gironde\/#primaryimage"},"thumbnailUrl":"https:\/\/www.campinglesoleildor.com\/wp-content\/uploads\/2023\/03\/vacances-camping-gironde.jpg","datePublished":"2024-04-25T07:51:51+00:00","dateModified":"2024-04-25T09:41:00+00:00","description":"Wagen Sie den Sprung und machen Sie Urlaub f\u00fcr die ganze Familie auf einem preiswerten 3-Sterne-Campingplatz in Montalivet in der Gironde!","breadcrumb":{"@id":"https:\/\/www.campinglesoleildor.com\/de\/campingplatz-gironde\/guenstiges-campingplatz-gironde\/#breadcrumb"},"inLanguage":"de","potentialAction":[{"@type":"ReadAction","target":["https:\/\/www.campinglesoleildor.com\/de\/campingplatz-gironde\/guenstiges-campingplatz-gironde\/"]}]},{"@type":"ImageObject","inLanguage":"de","@id":"https:\/\/www.campinglesoleildor.com\/de\/campingplatz-gironde\/guenstiges-campingplatz-gironde\/#primaryimage","url":"https:\/\/www.campinglesoleildor.com\/wp-content\/uploads\/2023\/03\/vacances-camping-gironde.jpg","contentUrl":"https:\/\/www.campinglesoleildor.com\/wp-content\/uploads\/2023\/03\/vacances-camping-gironde.jpg","width":1920,"height":1439},{"@type":"BreadcrumbList","@id":"https:\/\/www.campinglesoleildor.com\/de\/campingplatz-gironde\/guenstiges-campingplatz-gironde\/#breadcrumb","itemListElement":[{"@type":"ListItem","position":1,"name":"Camping Montalivet","item":"https:\/\/www.campinglesoleildor.com\/de\/"},{"@type":"ListItem","position":2,"name":"Campingplatz in der Gironde","item":"https:\/\/www.campinglesoleildor.com\/de\/campingplatz-gironde\/"},{"@type":"ListItem","position":3,"name":"G\u00fcnstiger Campingplatz in der Gironde"}]},{"@type":"WebSite","@id":"https:\/\/www.campinglesoleildor.com\/de\/#website","url":"https:\/\/www.campinglesoleildor.com\/de\/","name":"Camping le soleil d&#039;or","description":"","potentialAction":[{"@type":"SearchAction","target":{"@type":"EntryPoint","urlTemplate":"https:\/\/www.campinglesoleildor.com\/de\/?s={search_term_string}"},"query-input":{"@type":"PropertyValueSpecification","valueRequired":true,"valueName":"search_term_string"}}],"inLanguage":"de"}]}},"_links":{"self":[{"href":"https:\/\/www.campinglesoleildor.com\/de\/wp-json\/wp\/v2\/pages\/7460","targetHints":{"allow":["GET"]}}],"collection":[{"href":"https:\/\/www.campinglesoleildor.com\/de\/wp-json\/wp\/v2\/pages"}],"about":[{"href":"https:\/\/www.campinglesoleildor.com\/de\/wp-json\/wp\/v2\/types\/page"}],"author":[{"embeddable":true,"href":"https:\/\/www.campinglesoleildor.com\/de\/wp-json\/wp\/v2\/users\/1"}],"replies":[{"embeddable":true,"href":"https:\/\/www.campinglesoleildor.com\/de\/wp-json\/wp\/v2\/comments?post=7460"}],"version-history":[{"count":2,"href":"https:\/\/www.campinglesoleildor.com\/de\/wp-json\/wp\/v2\/pages\/7460\/revisions"}],"predecessor-version":[{"id":7466,"href":"https:\/\/www.campinglesoleildor.com\/de\/wp-json\/wp\/v2\/pages\/7460\/revisions\/7466"}],"up":[{"embeddable":true,"href":"https:\/\/www.campinglesoleildor.com\/de\/wp-json\/wp\/v2\/pages\/7428"}],"wp:featuredmedia":[{"embeddable":true,"href":"https:\/\/www.campinglesoleildor.com\/de\/wp-json\/wp\/v2\/media\/7461"}],"wp:attachment":[{"href":"https:\/\/www.campinglesoleildor.com\/de\/wp-json\/wp\/v2\/media?parent=7460"}],"curies":[{"name":"wp","href":"https:\/\/api.w.org\/{rel}","templated":true}]}}