{"id":7442,"date":"2023-07-11T09:54:45","date_gmt":"2023-07-11T07:54:45","guid":{"rendered":"https:\/\/www.campinglesoleildor.com\/campingplatz-gironde\/camping-gironde-bord-mer\/"},"modified":"2024-04-25T11:38:18","modified_gmt":"2024-04-25T09:38:18","slug":"campingplatz-gironde-am-meer","status":"publish","type":"page","link":"https:\/\/www.campinglesoleildor.com\/de\/campingplatz-gironde\/campingplatz-gironde-am-meer\/","title":{"rendered":"Gironde Bord de Mer"},"content":{"rendered":"<div class=\"bloc-texte full\"><div class=\"texte center\"><p>Tr\u00e4umen Sie davon, Ihren n\u00e4chsten Urlaub in Nouvelle-Aquitaine zu verbringen, einer h\u00fcbschen Region im S\u00fcdwesten Frankreichs? Le Soleil d&#8217;Or, ein Campingplatz in der Gironde am Meer, \u00f6ffnet Ihnen seine T\u00fcren f\u00fcr erholsame N\u00e4chte und bietet Ihnen die Miete eines komfortablen Mobilheims oder eines ger\u00e4umigen Stellplatzes an. Dieser <a href=\"\/de\/\">Campingplatz in Vendays-Montalivet<\/a> bietet Ihnen einen idealen Familienaufenthalt dank erstklassiger Serviceleistungen und einer idealen Lage, nur wenige Schritte vom Strand und den sch\u00f6nsten Sehensw\u00fcrdigkeiten der Umgebung (Soulac-sur-Mer, Lacanau, das Bassin d &#8218;Arcachon, Cap-Ferret, Hourtin-See)!<\/p>\n<\/div><\/div>\n\n<div class=\"text-image-new style1 image-right background-marron\"><div class=\"text-image-new-colonne\"><H2 class=\"text-image-new-titre\">Mieten Sie ein Mobilheim oder einen Stellplatz direkt am Strand in Vendays-Montalivet<\/H2><div class=\"text-image-new-content\"><p>Sie verbringen Ihren Urlaub in Neu-Aquitanien und m\u00f6chten einen der besten Campingpl\u00e4tze der Region ausw\u00e4hlen? Suchen Sie nicht weiter und entdecken Sie Soleil d\u2019Or, einen Campingplatz in der Gironde am Meer. Unsere Sternedom\u00e4ne hei\u00dft Sie als Familie mit Kindern oder mit Ihren Freunden herzlich willkommen f\u00fcr erholsame N\u00e4chte im S\u00fcden Frankreichs. F\u00fcr diesen Aufenthalt haben Sie die Wahl zwischen der Anmietung eines Mobilheims, wenn Sie gem\u00fctliche oder sogar klimatisierte Zimmer (f\u00fcr 1 bis 6 Personen) w\u00fcnschen, und der Anmietung eines Stellplatzes f\u00fcr Ihr Zelt, Wohnmobil oder Wohnwagen, wenn Sie den Einklang mit der Natur lieben . Dar\u00fcber hinaus bietet Ihnen unser Campingplatz erstklassige Serviceleistungen \u2013 von der Bereitstellung der Alltagsausr\u00fcstung \u00fcber den Kinderspielplatz bis hin zur Bar f\u00fcr einen romantischen Drink! Wenn Sie weitere Informationen zu unseren Unterk\u00fcnften oder Aktivit\u00e4ten ben\u00f6tigen, z\u00f6gern Sie nicht, uns zu kontaktieren!<\/p>\n<\/div><\/div><div class=\"text-image-new-colonne\"><img decoding=\"async\" src=\"https:\/\/www.campinglesoleildor.com\/wp-content\/uploads\/2022\/07\/mobil-home-morbihan-capucine-Ext-800x534-1.jpg\" alt=\"Vermietung Mobilheim Montalivet\" class=\"text-image-new-thumb\" \/><\/div><\/div>\n\n<div class=\"text-image-new style1 image-left\"><div class=\"text-image-new-colonne\"><H2 class=\"text-image-new-titre\">Reservierung einer Unterkunft auf einem Campingplatz am Meer in der Gironde<\/H2><div class=\"text-image-new-content\"><p>Neben einer gem\u00fctlichen Mobilheimvermietung oder ger\u00e4umigen Stellpl\u00e4tzen profitiert unser Campingplatz in der Gironde am Meer von einer idealen geografischen Lage \u2013 direkt am Strand. Dieser Zugang zum Strand bietet Ihnen einen Familiennachmittag mit Sonnenbad im feinen Sand und Schwimmen im Atlantischen Ozean. Endlich k\u00f6nnen Sie die verschiedenen Wasseraktivit\u00e4ten entdecken, die Gro\u00df und Klein begeistern werden \u2013 vom Surfen bis zum Paddle-Boarding! Sie brauchen kein Schwimmbad mehr, um sich zu erfrischen, in diesem M\u00e9doc-Reiseziel ist alles in Reichweite! Entdecken Sie jetzt einen der besten Campingpl\u00e4tze in Nouvelle-Aquitaine!<\/p>\n<\/div><\/div><div class=\"text-image-new-colonne\"><img decoding=\"async\" src=\"https:\/\/www.campinglesoleildor.com\/wp-content\/uploads\/2024\/04\/camping-gironde-bord-de-mer.jpg\" alt=\"Campingplatz am Meer der Gironde\" class=\"text-image-new-thumb\" \/><\/div><\/div>\n\n<div class=\"text-image-new style1 image-right background-marron\"><div class=\"text-image-new-colonne\"><H2 class=\"text-image-new-titre\">\u00dcbernachten Sie auf einem Campingplatz am Meer in der N\u00e4he der sch\u00f6nsten Sehensw\u00fcrdigkeiten in Neu-Aquitanien<\/H2><div class=\"text-image-new-content\"><p>Wenn Ihnen unser Campingplatz in der Gironde am Meer seine Unterkunft bietet und der Strand von Vendays-Montalivet nur wenige Schritte entfernt ist, sind auch viele sehenswerte Sehensw\u00fcrdigkeiten in der N\u00e4he:<\/p>\n<h3>Das Becken von Arcachon<\/h3>\n<p>Das Becken von Arcachon liegt im Herzen der Gironde und ist ein Natur- und Kulturwunder, das seinen Besuchern ein einzigartiges Erlebnis bietet. Diese mesotidale Lagune erstreckt sich \u00fcber fast 150 Kilometer\u00b2 und ist f\u00fcr ihre reiche Artenvielfalt bekannt.<\/p>\n<h3>Le Cap Ferret<\/h3>\n<p>Dieses franz\u00f6sische Kap, das eine K\u00fcstenbarriere bildet, liegt am s\u00fcdlichen Ende der Halbinsel L\u00e8ge-Cap-Ferret in der Gironde. Am Cap-Ferret trifft der Atlantische Ozean auf das ruhige Wasser des Arcachon-Beckens und schafft eine kontrastreiche Landschaft aus wilden Str\u00e4nden und ruhigen Buchten.<\/p>\n<\/div><\/div><div class=\"text-image-new-colonne\"><img decoding=\"async\" src=\"https:\/\/www.campinglesoleildor.com\/wp-content\/uploads\/2022\/10\/VANNES1.jpg\" alt=\"camping \" class=\"text-image-new-thumb\" \/><\/div><\/div>\n\n<div class=\"text-image-new style1 image-left\"><div class=\"text-image-new-colonne\"><div class=\"text-image-new-content\"><h3>Soulac-sur-Mer<\/h3>\n<p>Soulac-sur-Mer, ein wichtiger Badeort in der N\u00e4he von Vendays-Montalivet im M\u00e9doc, ist vom Atlantischen Ozean und dem Wald der Landes umgeben. Es ist bekannt f\u00fcr seine weitl\u00e4ufigen Str\u00e4nde mit feinem Sand und seinen Wellen, die Bade- und Surfbegeisterte begeistern.<\/p>\n<h3>Lacanau<\/h3>\n<p>Lacanau ist eine dynamische Stadt im S\u00fcden Frankreichs und bekannt f\u00fcr ihre feinen Sandstr\u00e4nde an der C\u00f4te d\u2019Argent. Der Lac de Lacanau, ein riesiges Gew\u00e4sser umgeben von Pinien- und Korkeichenw\u00e4ldern, bietet eine ruhige Umgebung zum Schwimmen, Segeln, Kanufahren und Angeln.<\/p>\n<\/div><\/div><div class=\"text-image-new-colonne\"><img decoding=\"async\" src=\"https:\/\/www.campinglesoleildor.com\/wp-content\/uploads\/2024\/04\/tourisme-camping-gironde.jpg\" alt=\"Campingtourismus in der Gironde\" class=\"text-image-new-thumb\" \/><\/div><\/div>\n\n<div class=\"bloc-texte full\"><div class=\"texte center\"><p>Sind Sie bereit, einen besonderen Urlaub auf einem der sch\u00f6nsten Campingpl\u00e4tze direkt am Strand zu verbringen? Entdecken Sie Soleil d\u2019Or, einen Campingplatz am Meer in der Gironde. In unserem Sterne-Haus ist kein Wasserpark mit Schwimmbad n\u00f6tig: Das Meer ist nur einen Steinwurf vom Campingplatz entfernt! Unser Anwesen liegt auch in der N\u00e4he anderer sehenswerter Str\u00e4nde \u2013 Soulac-sur-Mer, Cap-Ferret, Lacanau und der Bucht von Arcachon. Verbringen Sie nach Ihrer epischen Reise durch Neu-Aquitanien erholsame N\u00e4chte in einem Mobilheim oder mieten Sie einen ger\u00e4umigen Stellplatz f\u00fcr Ihr Zelt!<\/p>\n<\/div><\/div>","protected":false},"excerpt":{"rendered":"","protected":false},"author":1,"featured_media":7444,"parent":7428,"menu_order":0,"comment_status":"closed","ping_status":"closed","template":"","meta":{"_acf_changed":false,"footnotes":""},"class_list":["post-7442","page","type-page","status-publish","has-post-thumbnail","hentry"],"acf":[],"yoast_head":"<!-- This site is optimized with the Yoast SEO plugin v27.3 - https:\/\/yoast.com\/product\/yoast-seo-wordpress\/ -->\n<title>Camping Gironde direkt am Meer mit direktem Zugang zum Strand<\/title>\n<meta name=\"description\" content=\"Entdecken Sie unseren Campingplatz direkt am Meer mit direktem Zugang zum Strand und tanken Sie neue Energie auf dem Campingplatz Soleil d\u2019Or in Montalivet, Gironde.\" \/>\n<meta name=\"robots\" content=\"index, follow, max-snippet:-1, max-image-preview:large, max-video-preview:-1\" \/>\n<link rel=\"canonical\" href=\"https:\/\/www.campinglesoleildor.com\/de\/campingplatz-gironde\/campingplatz-gironde-am-meer\/\" \/>\n<meta property=\"og:locale\" content=\"de_DE\" \/>\n<meta property=\"og:type\" content=\"article\" \/>\n<meta property=\"og:title\" content=\"Camping Gironde direkt am Meer mit direktem Zugang zum Strand\" \/>\n<meta property=\"og:description\" content=\"Entdecken Sie unseren Campingplatz direkt am Meer mit direktem Zugang zum Strand und tanken Sie neue Energie auf dem Campingplatz Soleil d\u2019Or in Montalivet, Gironde.\" \/>\n<meta property=\"og:url\" content=\"https:\/\/www.campinglesoleildor.com\/de\/campingplatz-gironde\/campingplatz-gironde-am-meer\/\" \/>\n<meta property=\"og:site_name\" content=\"Camping le soleil d&#039;or\" \/>\n<meta property=\"article:modified_time\" content=\"2024-04-25T09:38:18+00:00\" \/>\n<meta property=\"og:image\" content=\"https:\/\/www.campinglesoleildor.com\/wp-content\/uploads\/2023\/02\/phototeque5-W.jpg\" \/>\n\t<meta property=\"og:image:width\" content=\"1275\" \/>\n\t<meta property=\"og:image:height\" content=\"850\" \/>\n\t<meta property=\"og:image:type\" content=\"image\/jpeg\" \/>\n<meta name=\"twitter:card\" content=\"summary_large_image\" \/>\n<script type=\"application\/ld+json\" class=\"yoast-schema-graph\">{\"@context\":\"https:\\\/\\\/schema.org\",\"@graph\":[{\"@type\":\"WebPage\",\"@id\":\"https:\\\/\\\/www.campinglesoleildor.com\\\/de\\\/campingplatz-gironde\\\/campingplatz-gironde-am-meer\\\/\",\"url\":\"https:\\\/\\\/www.campinglesoleildor.com\\\/de\\\/campingplatz-gironde\\\/campingplatz-gironde-am-meer\\\/\",\"name\":\"Camping Gironde direkt am Meer mit direktem Zugang zum Strand\",\"isPartOf\":{\"@id\":\"https:\\\/\\\/www.campinglesoleildor.com\\\/de\\\/#website\"},\"primaryImageOfPage\":{\"@id\":\"https:\\\/\\\/www.campinglesoleildor.com\\\/de\\\/campingplatz-gironde\\\/campingplatz-gironde-am-meer\\\/#primaryimage\"},\"image\":{\"@id\":\"https:\\\/\\\/www.campinglesoleildor.com\\\/de\\\/campingplatz-gironde\\\/campingplatz-gironde-am-meer\\\/#primaryimage\"},\"thumbnailUrl\":\"https:\\\/\\\/www.campinglesoleildor.com\\\/wp-content\\\/uploads\\\/2023\\\/02\\\/phototeque5-W.jpg\",\"datePublished\":\"2023-07-11T07:54:45+00:00\",\"dateModified\":\"2024-04-25T09:38:18+00:00\",\"description\":\"Entdecken Sie unseren Campingplatz direkt am Meer mit direktem Zugang zum Strand und tanken Sie neue Energie auf dem Campingplatz Soleil d\u2019Or in Montalivet, Gironde.\",\"breadcrumb\":{\"@id\":\"https:\\\/\\\/www.campinglesoleildor.com\\\/de\\\/campingplatz-gironde\\\/campingplatz-gironde-am-meer\\\/#breadcrumb\"},\"inLanguage\":\"de\",\"potentialAction\":[{\"@type\":\"ReadAction\",\"target\":[\"https:\\\/\\\/www.campinglesoleildor.com\\\/de\\\/campingplatz-gironde\\\/campingplatz-gironde-am-meer\\\/\"]}]},{\"@type\":\"ImageObject\",\"inLanguage\":\"de\",\"@id\":\"https:\\\/\\\/www.campinglesoleildor.com\\\/de\\\/campingplatz-gironde\\\/campingplatz-gironde-am-meer\\\/#primaryimage\",\"url\":\"https:\\\/\\\/www.campinglesoleildor.com\\\/wp-content\\\/uploads\\\/2023\\\/02\\\/phototeque5-W.jpg\",\"contentUrl\":\"https:\\\/\\\/www.campinglesoleildor.com\\\/wp-content\\\/uploads\\\/2023\\\/02\\\/phototeque5-W.jpg\",\"width\":1275,\"height\":850},{\"@type\":\"BreadcrumbList\",\"@id\":\"https:\\\/\\\/www.campinglesoleildor.com\\\/de\\\/campingplatz-gironde\\\/campingplatz-gironde-am-meer\\\/#breadcrumb\",\"itemListElement\":[{\"@type\":\"ListItem\",\"position\":1,\"name\":\"Camping Montalivet\",\"item\":\"https:\\\/\\\/www.campinglesoleildor.com\\\/de\\\/\"},{\"@type\":\"ListItem\",\"position\":2,\"name\":\"Campingplatz in der Gironde\",\"item\":\"https:\\\/\\\/www.campinglesoleildor.com\\\/de\\\/campingplatz-gironde\\\/\"},{\"@type\":\"ListItem\",\"position\":3,\"name\":\"Camping am Meer Gironde\"}]},{\"@type\":\"WebSite\",\"@id\":\"https:\\\/\\\/www.campinglesoleildor.com\\\/de\\\/#website\",\"url\":\"https:\\\/\\\/www.campinglesoleildor.com\\\/de\\\/\",\"name\":\"Camping le soleil d&#039;or\",\"description\":\"\",\"potentialAction\":[{\"@type\":\"SearchAction\",\"target\":{\"@type\":\"EntryPoint\",\"urlTemplate\":\"https:\\\/\\\/www.campinglesoleildor.com\\\/de\\\/?s={search_term_string}\"},\"query-input\":{\"@type\":\"PropertyValueSpecification\",\"valueRequired\":true,\"valueName\":\"search_term_string\"}}],\"inLanguage\":\"de\"}]}<\/script>\n<!-- \/ Yoast SEO plugin. -->","yoast_head_json":{"title":"Camping Gironde direkt am Meer mit direktem Zugang zum Strand","description":"Entdecken Sie unseren Campingplatz direkt am Meer mit direktem Zugang zum Strand und tanken Sie neue Energie auf dem Campingplatz Soleil d\u2019Or in Montalivet, Gironde.","robots":{"index":"index","follow":"follow","max-snippet":"max-snippet:-1","max-image-preview":"max-image-preview:large","max-video-preview":"max-video-preview:-1"},"canonical":"https:\/\/www.campinglesoleildor.com\/de\/campingplatz-gironde\/campingplatz-gironde-am-meer\/","og_locale":"de_DE","og_type":"article","og_title":"Camping Gironde direkt am Meer mit direktem Zugang zum Strand","og_description":"Entdecken Sie unseren Campingplatz direkt am Meer mit direktem Zugang zum Strand und tanken Sie neue Energie auf dem Campingplatz Soleil d\u2019Or in Montalivet, Gironde.","og_url":"https:\/\/www.campinglesoleildor.com\/de\/campingplatz-gironde\/campingplatz-gironde-am-meer\/","og_site_name":"Camping le soleil d&#039;or","article_modified_time":"2024-04-25T09:38:18+00:00","og_image":[{"width":1275,"height":850,"url":"https:\/\/www.campinglesoleildor.com\/wp-content\/uploads\/2023\/02\/phototeque5-W.jpg","type":"image\/jpeg"}],"twitter_card":"summary_large_image","schema":{"@context":"https:\/\/schema.org","@graph":[{"@type":"WebPage","@id":"https:\/\/www.campinglesoleildor.com\/de\/campingplatz-gironde\/campingplatz-gironde-am-meer\/","url":"https:\/\/www.campinglesoleildor.com\/de\/campingplatz-gironde\/campingplatz-gironde-am-meer\/","name":"Camping Gironde direkt am Meer mit direktem Zugang zum Strand","isPartOf":{"@id":"https:\/\/www.campinglesoleildor.com\/de\/#website"},"primaryImageOfPage":{"@id":"https:\/\/www.campinglesoleildor.com\/de\/campingplatz-gironde\/campingplatz-gironde-am-meer\/#primaryimage"},"image":{"@id":"https:\/\/www.campinglesoleildor.com\/de\/campingplatz-gironde\/campingplatz-gironde-am-meer\/#primaryimage"},"thumbnailUrl":"https:\/\/www.campinglesoleildor.com\/wp-content\/uploads\/2023\/02\/phototeque5-W.jpg","datePublished":"2023-07-11T07:54:45+00:00","dateModified":"2024-04-25T09:38:18+00:00","description":"Entdecken Sie unseren Campingplatz direkt am Meer mit direktem Zugang zum Strand und tanken Sie neue Energie auf dem Campingplatz Soleil d\u2019Or in Montalivet, Gironde.","breadcrumb":{"@id":"https:\/\/www.campinglesoleildor.com\/de\/campingplatz-gironde\/campingplatz-gironde-am-meer\/#breadcrumb"},"inLanguage":"de","potentialAction":[{"@type":"ReadAction","target":["https:\/\/www.campinglesoleildor.com\/de\/campingplatz-gironde\/campingplatz-gironde-am-meer\/"]}]},{"@type":"ImageObject","inLanguage":"de","@id":"https:\/\/www.campinglesoleildor.com\/de\/campingplatz-gironde\/campingplatz-gironde-am-meer\/#primaryimage","url":"https:\/\/www.campinglesoleildor.com\/wp-content\/uploads\/2023\/02\/phototeque5-W.jpg","contentUrl":"https:\/\/www.campinglesoleildor.com\/wp-content\/uploads\/2023\/02\/phototeque5-W.jpg","width":1275,"height":850},{"@type":"BreadcrumbList","@id":"https:\/\/www.campinglesoleildor.com\/de\/campingplatz-gironde\/campingplatz-gironde-am-meer\/#breadcrumb","itemListElement":[{"@type":"ListItem","position":1,"name":"Camping Montalivet","item":"https:\/\/www.campinglesoleildor.com\/de\/"},{"@type":"ListItem","position":2,"name":"Campingplatz in der Gironde","item":"https:\/\/www.campinglesoleildor.com\/de\/campingplatz-gironde\/"},{"@type":"ListItem","position":3,"name":"Camping am Meer Gironde"}]},{"@type":"WebSite","@id":"https:\/\/www.campinglesoleildor.com\/de\/#website","url":"https:\/\/www.campinglesoleildor.com\/de\/","name":"Camping le soleil d&#039;or","description":"","potentialAction":[{"@type":"SearchAction","target":{"@type":"EntryPoint","urlTemplate":"https:\/\/www.campinglesoleildor.com\/de\/?s={search_term_string}"},"query-input":{"@type":"PropertyValueSpecification","valueRequired":true,"valueName":"search_term_string"}}],"inLanguage":"de"}]}},"_links":{"self":[{"href":"https:\/\/www.campinglesoleildor.com\/de\/wp-json\/wp\/v2\/pages\/7442","targetHints":{"allow":["GET"]}}],"collection":[{"href":"https:\/\/www.campinglesoleildor.com\/de\/wp-json\/wp\/v2\/pages"}],"about":[{"href":"https:\/\/www.campinglesoleildor.com\/de\/wp-json\/wp\/v2\/types\/page"}],"author":[{"embeddable":true,"href":"https:\/\/www.campinglesoleildor.com\/de\/wp-json\/wp\/v2\/users\/1"}],"replies":[{"embeddable":true,"href":"https:\/\/www.campinglesoleildor.com\/de\/wp-json\/wp\/v2\/comments?post=7442"}],"version-history":[{"count":2,"href":"https:\/\/www.campinglesoleildor.com\/de\/wp-json\/wp\/v2\/pages\/7442\/revisions"}],"predecessor-version":[{"id":7457,"href":"https:\/\/www.campinglesoleildor.com\/de\/wp-json\/wp\/v2\/pages\/7442\/revisions\/7457"}],"up":[{"embeddable":true,"href":"https:\/\/www.campinglesoleildor.com\/de\/wp-json\/wp\/v2\/pages\/7428"}],"wp:featuredmedia":[{"embeddable":true,"href":"https:\/\/www.campinglesoleildor.com\/de\/wp-json\/wp\/v2\/media\/7444"}],"wp:attachment":[{"href":"https:\/\/www.campinglesoleildor.com\/de\/wp-json\/wp\/v2\/media?parent=7442"}],"curies":[{"name":"wp","href":"https:\/\/api.w.org\/{rel}","templated":true}]}}