{"id":7412,"date":"2023-07-08T19:34:06","date_gmt":"2023-07-08T17:34:06","guid":{"rendered":"https:\/\/www.campinglesoleildor.com\/hebergement-insolite-montalivet\/"},"modified":"2024-07-03T09:13:30","modified_gmt":"2024-07-03T07:13:30","slug":"ungewohnliche-unterkunft-montalivet","status":"publish","type":"page","link":"https:\/\/www.campinglesoleildor.com\/de\/ungewohnliche-unterkunft-montalivet\/","title":{"rendered":"Insolite"},"content":{"rendered":"<div class=\"bloc-texte full\"><div class=\"texte center\"><p>Urlaub ist auch die Zeit, in der wir unseren Alltag verlassen, um uns auf ein Abenteuer einzulassen!<\/p>\n<p>Beim Camping bietet die Lodge-Variante einen idealen Tapetenwechsel. Die Kleinen werden diese originelle H\u00fctte mit einem Hauch von Abenteuer lieben und Erwachsene werden von der Sch\u00f6nheit dieser ungew\u00f6hnlichen Unterkunft inmitten der Natur begeistert sein.<\/p>\n<p>Um einen Campingaufenthalt in einer ungew\u00f6hnlichen Unterkunft in Montalivet zu erleben, entdecken Sie unser Angebot zur Vermietung von Lodges auf unserem Campingplatz Le Soleil d&#8217;or, nahe dem Strand und dem Meer.<\/p>\n<p>Unsere Lodge auf unserem <a href=\"\/de\/\">Campingplatz Vendays-Montalivet<\/a> in der Gironde ist eine charmante Holzh\u00fctte, die Sie zu einem Aufenthalt voller Abenteuer und Natur erwartet!<\/p>\n<\/div><\/div>\n\n<div class=\"text-image-new style1 image-right background-marron\"><div class=\"text-image-new-colonne\"><H2 class=\"text-image-new-titre\">Warum einen Campingausflug in einer ungew\u00f6hnlichen Unterkunft in Montalivet unternehmen?<\/H2><div class=\"text-image-new-content\"><h3>H\u00fctten mit atypischem Charme<\/h3>\n<p>Lodges sind kleine Unterk\u00fcnfte voller Charme. Oft aus Holz, manchmal auch aus Stein, haben sie die Form kleiner H\u00fctten und k\u00f6nnen auf Stelzen stehen, in B\u00e4umen sitzen oder auf dem Wasser schwimmen. Diese atypischen Unterk\u00fcnfte unterscheiden sich daher vom Mobilheim und haben eine klassischere Form und ein schlichteres Design.<\/p>\n<h3>Ungew\u00f6hnliche Unterk\u00fcnfte mitten in der Natur<\/h3>\n<p>Die andere Besonderheit dieser ungew\u00f6hnlichen Touristenunterk\u00fcnfte besteht darin, dass sie sich in einer ruhigen Gegend inmitten der Natur befinden. In der Lodge auf unserem Campingplatz Montalivet sind Sie zwischen den B\u00e4umen oder am Wasser und k\u00f6nnen die umliegende Natur genie\u00dfen, mit dem Gesang der V\u00f6gel aufwachen und mit dem Zirpen der Zikaden zu Bett gehen. In unserer Montalivet-Lodge haben Sie sogar Meerblick! Und wie wir wissen, tr\u00e4gt der Blick auf das Meer zur Entspannung und zum Wohlbefinden bei. Was gibt es Sch\u00f6neres, als im Urlaub abzuschalten?<\/p>\n<\/div><\/div><div class=\"text-image-new-colonne\"><img decoding=\"async\" src=\"https:\/\/www.campinglesoleildor.com\/wp-content\/uploads\/2024\/04\/lodge-insolite-camping-montalivet.jpg\" alt=\"Ungew\u00f6hnlicher Lodge-Campingplatz Montalivet\" class=\"text-image-new-thumb\" \/><\/div><\/div>\n\n<div class=\"text-image-new style1 image-left\"><div class=\"text-image-new-colonne\"><H3 class=\"text-image-new-titre\">Eine Lodge mit einem Hauch von Abenteuer<\/H3><div class=\"text-image-new-content\"><p>Die Lodge ist auch Abenteuer! Diese kleine, isolierte H\u00fctte in einem Park oder Wald vermittelt den Eindruck eines kleinen, handgefertigten Hauses mit rudiment\u00e4ren Elementen. Und diese Abenteuerlust lieben Kinder! Sie nehmen sich die Zeit, kleine Abenteurer auf einer Mission im Wald zu begleiten.<\/p>\n<p>Der Aufenthalt in einer Lodge verspricht eine erholsame Auszeit und einen Hauch frischer Luft!<\/p>\n<\/div><\/div><div class=\"text-image-new-colonne\"><img decoding=\"async\" src=\"https:\/\/www.campinglesoleildor.com\/wp-content\/uploads\/2023\/02\/lodge-1ch-sam-cuisine-W.jpg\" alt=\"ungew\u00f6hnliche Unterkunft Montalivet\" class=\"text-image-new-thumb\" \/><\/div><\/div>\n\n<div class=\"text-image-new style1 image-right background-marron\"><div class=\"text-image-new-colonne\"><H2 class=\"text-image-new-titre\">Lodge in Montalivet : eine zug\u00e4ngliche und dennoch ungew\u00f6hnliche Formel<\/H2><div class=\"text-image-new-content\"><p>Der Vorteil der Lodge besteht darin, dass sie gleichzeitig eine erschwingliche und originelle Option ist. Um dem Alltag zu entfliehen, m\u00fcssen Sie kein Verm\u00f6gen ausgeben. Bei der Lodge handelt es sich um eine Unterkunft, deren Preise oft g\u00fcnstiger sind als eine \u00dcbernachtung in einem Hotel. Diese Art der Unterkunft, die es Ihnen erm\u00f6glicht, dem Alltag zu entfliehen und zu entfliehen, ist daher eine interessante Option f\u00fcr diejenigen, die etwas Au\u00dfergew\u00f6hnliches suchen, ohne Ihr Budget zu sprengen!<\/p>\n<p>Warten Sie also nicht l\u00e4nger und buchen Sie Ihre Lodge auf unserem Campingplatz Montalivet, einer Anlage in idealer Lage in Aquitanien, im M\u00e9doc, ganz in der N\u00e4he von Bordeaux!<\/p>\n<\/div><\/div><div class=\"text-image-new-colonne\"><img decoding=\"async\" src=\"https:\/\/www.campinglesoleildor.com\/wp-content\/uploads\/2024\/04\/location-insolite-camping-montalivet.jpg\" alt=\"ungew\u00f6hnliche Unterkunft Montalivet\" class=\"text-image-new-thumb\" \/><\/div><\/div>\n\n<div class=\"text-image-new style1 image-left\"><div class=\"text-image-new-colonne\"><H2 class=\"text-image-new-titre\">Ihr Campingaufenthalt in einer au\u00dfergew\u00f6hnlichen Unterkunft in Montalivet : Entdecken Sie unsere komfortable Lodge<\/H2><div class=\"text-image-new-content\"><p>Unser Campingplatz Le Soleil d\u2019Or in Montalivet im S\u00fcdwesten Frankreichs in der Gironde verf\u00fcgt \u00fcber eine charmante Lodge mit Meerblick. In Frankreich sind diese ungew\u00f6hnlichen Unterk\u00fcnfte noch nicht auf vielen Campingpl\u00e4tzen verf\u00fcgbar.<\/p>\n<p>Diese h\u00fcbsche, 24 m\u00b2 gro\u00dfe Holzh\u00fctte bietet Platz f\u00fcr bis zu 4 Personen und verf\u00fcgt \u00fcber ein Schlafzimmer, ein Badezimmer und eine Terrasse mit Blick auf den bewaldeten Park. Dar\u00fcber hinaus bietet dieses kleine rustikale Haus sogar einen Blick auf das Meer!<\/p>\n<p>Diese zwischen Pinien gelegene Lodge verf\u00fcgt \u00fcber den n\u00f6tigen Komfort und die n\u00f6tige Ausstattung f\u00fcr einen perfekten Aufenthalt im M\u00e9doc in der Gironde.<\/p>\n<\/div><p class=\"lire-plus\">Mehr lesen<\/p><div class=\"text-image-new-content-more hide\"><p>Genie\u00dfen Sie tags\u00fcber die Aktivit\u00e4ten und Spiele auf unserem Campingplatz in Vendays-Montalivet: P\u00e9tanque, Tischtennis, Tischfu\u00dfball, Billard, aber auch einen Kinderspielplatz mit H\u00fctte und Rutsche &#8230; und nat\u00fcrlich den Strand direkt nebenan . unserer Einrichtung. Nutzen Sie Ihren Aufenthalt auf unserem Campingplatz auch, um die wichtigsten Sehensw\u00fcrdigkeiten der Gironde zu besuchen: Bordeaux, Saint-Laurent-M\u00e9doc, Soulac-sur-Mer, die Weinberge von Bordeaux, aber auch die Leuchtturme von Cordouan und Royan, den See von Hourtin-Carcans oder sogar die Charente und die benachbarten Landes.<\/p>\n<p>Und nach einem anstrengenden Tag werden Sie es lieben, die Nacht in Ihrer ruhigen und entspannenden Lodge zu verbringen!<\/p>\n<\/div><p class=\"lire-moins hide\">Lese weniger<\/p><\/div><div class=\"text-image-new-colonne\"><img decoding=\"async\" src=\"https:\/\/www.campinglesoleildor.com\/wp-content\/uploads\/2024\/04\/hebergement-insolite-camping-montalivet.jpg\" alt=\"ungew\u00f6hnliche Unterkunft Montalivet\" class=\"text-image-new-thumb\" \/><\/div><\/div>\n\n<div class=\"section-contact pb-5 pt-5\"><div class=\"contact-left\"><div class=\"formulaire-de-contact\"><p class=\"h3\">Kontaktiere uns!<\/p>\n<div class=\"wpcf7 no-js\" id=\"wpcf7-f7181-o1\" lang=\"de-DE\" dir=\"ltr\" data-wpcf7-id=\"7181\">\n<div class=\"screen-reader-response\"><p role=\"status\" aria-live=\"polite\" aria-atomic=\"true\"><\/p> <ul><\/ul><\/div>\n<form action=\"\/de\/wp-json\/wp\/v2\/pages\/7412#wpcf7-f7181-o1\" method=\"post\" class=\"wpcf7-form init\" aria-label=\"Kontaktformular\" novalidate=\"novalidate\" data-status=\"init\">\n<fieldset class=\"hidden-fields-container\"><input type=\"hidden\" name=\"_wpcf7\" value=\"7181\" \/><input type=\"hidden\" name=\"_wpcf7_version\" value=\"6.1.5\" \/><input type=\"hidden\" name=\"_wpcf7_locale\" value=\"de_DE\" \/><input type=\"hidden\" name=\"_wpcf7_unit_tag\" value=\"wpcf7-f7181-o1\" \/><input type=\"hidden\" name=\"_wpcf7_container_post\" value=\"0\" \/><input type=\"hidden\" name=\"_wpcf7_posted_data_hash\" value=\"\" \/><input type=\"hidden\" name=\"_wpcf7_recaptcha_response\" value=\"\" \/>\n<\/fieldset>\n<p><label> Ihr Name <span class=\"required\">*<\/span><br \/>\n<span class=\"wpcf7-form-control-wrap\" data-name=\"your-name\"><input size=\"40\" maxlength=\"400\" class=\"wpcf7-form-control wpcf7-text wpcf7-validates-as-required\" aria-required=\"true\" aria-invalid=\"false\" value=\"\" type=\"text\" name=\"your-name\" \/><\/span> <\/label>\n<\/p>\n<p><label> Ihre E-Mail <span class=\"required\">*<\/span><br \/>\n<span class=\"wpcf7-form-control-wrap\" data-name=\"your-email\"><input size=\"40\" maxlength=\"400\" class=\"wpcf7-form-control wpcf7-email wpcf7-validates-as-required wpcf7-text wpcf7-validates-as-email\" aria-required=\"true\" aria-invalid=\"false\" value=\"\" type=\"email\" name=\"your-email\" \/><\/span> <\/label>\n<\/p>\n<p><label> Ihre Postleitzahl <span class=\"required\">*<\/span><br \/>\n<span class=\"wpcf7-form-control-wrap\" data-name=\"code-postal\"><input size=\"40\" maxlength=\"400\" class=\"wpcf7-form-control wpcf7-text wpcf7-validates-as-required\" aria-required=\"true\" aria-invalid=\"false\" value=\"\" type=\"text\" name=\"code-postal\" \/><\/span> <\/label>\n<\/p>\n<p><label> Betreff<br \/>\n<span class=\"wpcf7-form-control-wrap\" data-name=\"your-subject\"><input size=\"40\" maxlength=\"400\" class=\"wpcf7-form-control wpcf7-text\" aria-invalid=\"false\" value=\"\" type=\"text\" name=\"your-subject\" \/><\/span> <\/label>\n<\/p>\n<p><label> Ihre Nachricht <span class=\"required\">*<\/span><br \/>\n<span class=\"wpcf7-form-control-wrap\" data-name=\"your-message\"><textarea cols=\"40\" rows=\"10\" maxlength=\"2000\" class=\"wpcf7-form-control wpcf7-textarea\" aria-invalid=\"false\" name=\"your-message\"><\/textarea><\/span> <\/label>\n<\/p>\n<p><label> Wie haben Sie von uns erfahren? <span class=\"required\">*<\/span><br \/>\n<span class=\"wpcf7-form-control-wrap\" data-name=\"source\"><select class=\"wpcf7-form-control wpcf7-select wpcf7-validates-as-required\" aria-required=\"true\" aria-invalid=\"false\" name=\"source\"><option value=\"\"><\/option><option value=\"SUCHMASCHINE\">SUCHMASCHINE<\/option><option value=\"ANZEIGE\">ANZEIGE<\/option><option value=\"MUNDPROPAGANDA\">MUNDPROPAGANDA<\/option><option value=\"SOZIALE MEDIEN\">SOZIALE MEDIEN<\/option><option value=\"YOUTUBE\">YOUTUBE<\/option><option value=\"TV \/ REPLAY\">TV \/ REPLAY<\/option><option value=\"PRESSE \/ MAGAZIN\">PRESSE \/ MAGAZIN<\/option><option value=\"SCHILD\">SCHILD<\/option><option value=\"SONSTIGES\">SONSTIGES<\/option><\/select><\/span> <\/label>\n<\/p>\n<p><span class=\"wpcf7-form-control-wrap\" data-name=\"acceptance-553\"><span class=\"wpcf7-form-control wpcf7-acceptance\"><span class=\"wpcf7-list-item\"><label><input type=\"checkbox\" name=\"acceptance-553\" value=\"1\" aria-invalid=\"false\" \/><span class=\"wpcf7-list-item-label\">Durch das Ankreuzen dieses K\u00e4stchens akzeptiere ich die <a href=\"\/datenschutzerklaerung\/\" rel=\"nofollow\" target=\"_blank\">Datenschutzerkl\u00e4rung<\/a> dieser Website.<\/span><\/label><\/span><\/span><\/span>\n<\/p>\n<p><input class=\"wpcf7-form-control wpcf7-submit has-spinner\" type=\"submit\" value=\"Senden\" \/>\n<\/p><div class=\"wpcf7-response-output\" aria-hidden=\"true\"><\/div>\n<\/form>\n<\/div>\n<\/div><\/div><div class=\"contact-right\"><div class=\"coord-col\"><p class=\"h4\">Unsere Kontaktdaten<\/p><span class=\"coord-line\"><div class=\"icon\"><svg width=\"22\" height=\"28\" viewBox=\"0 0 15 21\" fill=\"none\" xmlns=\"http:\/\/www.w3.org\/2000\/svg\"><path d=\"M6.5 9.04883C7.10156 9.04883 7.61426 8.83691 8.03809 8.41309C8.46191 7.98926 8.67383 7.47656 8.67383 6.875C8.67383 6.27344 8.46191 5.76074 8.03809 5.33691C7.61426 4.91309 7.10156 4.70117 6.5 4.70117C5.89844 4.70117 5.38574 4.91309 4.96191 5.33691C4.53809 5.76074 4.32617 6.27344 4.32617 6.875C4.32617 7.47656 4.53809 7.98926 4.96191 8.41309C5.38574 8.83691 5.89844 9.04883 6.5 9.04883ZM6.5 0.763672C8.19531 0.763672 9.6377 1.3584 10.8271 2.54785C12.0166 3.7373 12.6113 5.17969 12.6113 6.875C12.6113 7.72266 12.3994 8.69336 11.9756 9.78711C11.5518 10.8809 11.0391 11.9062 10.4375 12.8633C9.83594 13.8203 9.24121 14.7158 8.65332 15.5498C8.06543 16.3838 7.56641 17.0469 7.15625 17.5391L6.5 18.2363C6.33594 18.0449 6.11719 17.792 5.84375 17.4775C5.57031 17.1631 5.07812 16.5342 4.36719 15.5908C3.65625 14.6475 3.03418 13.7314 2.50098 12.8428C1.96777 11.9541 1.48242 10.9492 1.04492 9.82812C0.607422 8.70703 0.388672 7.72266 0.388672 6.875C0.388672 5.17969 0.983398 3.7373 2.17285 2.54785C3.3623 1.3584 4.80469 0.763672 6.5 0.763672Z\" fill=\"#F76D00\"\/><\/svg><\/div>32 bis Boulevard du Front de mer, 33930 Vendays-Montalivet<\/span><span class=\"coord-line\"><div class=\"icon\"><svg width=\"25\" height=\"22\" viewBox=\"0 0 20 17\" fill=\"none\" xmlns=\"http:\/\/www.w3.org\/2000\/svg\"><path d=\"M3.91016 7.70012C5.53516 10.2398 7.92188 12.165 11.0703 13.4758L13.457 11.5506C13.7956 11.2775 14.168 11.2092 14.5742 11.3458C15.793 11.6735 17.0794 11.8373 18.4336 11.8373C18.7383 11.8373 18.9922 11.9192 19.1953 12.0831C19.3984 12.2469 19.5 12.4517 19.5 12.6975V15.7697C19.5 16.0154 19.3984 16.2203 19.1953 16.3841C18.9922 16.548 18.7383 16.6299 18.4336 16.6299C13.3555 16.6299 9.01367 15.1757 5.4082 12.2674C1.80273 9.35909 0 5.85682 0 1.7606C0 1.51482 0.101562 1.31001 0.304688 1.14616C0.507812 0.982315 0.761719 0.900391 1.06641 0.900391H4.875C5.17969 0.900391 5.43359 0.982315 5.63672 1.14616C5.83984 1.31001 5.94141 1.51482 5.94141 1.7606C5.94141 2.85292 6.14453 3.89063 6.55078 4.87373C6.6862 5.22873 6.60156 5.52912 6.29688 5.77489L3.91016 7.70012Z\" fill=\"#F76D00\"\/><\/svg><\/div><a href=\"tel:+33556093137\">+33556093137<\/a><\/span><\/div><div class=\"coord-col\"><p class=\"h4\">Er\u00f6ffnungstermine<\/p><span class=\"coord-line\"><div class=\"icon\"><svg width=\"22\" height=\"22\" viewBox=\"0 0 19 19\" fill=\"none\" xmlns=\"http:\/\/www.w3.org\/2000\/svg\"><path d=\"M9.95117 5.11133V9.70508L13.8887 12.043L13.2324 13.1504L8.63867 10.3613V5.11133H9.95117ZM9.5 16.5137C11.4141 16.5137 13.0615 15.8232 14.4424 14.4424C15.8232 13.0615 16.5137 11.4141 16.5137 9.5C16.5137 7.58594 15.8232 5.93848 14.4424 4.55762C13.0615 3.17676 11.4141 2.48633 9.5 2.48633C7.58594 2.48633 5.93848 3.17676 4.55762 4.55762C3.17676 5.93848 2.48633 7.58594 2.48633 9.5C2.48633 11.4141 3.17676 13.0615 4.55762 14.4424C5.93848 15.8232 7.58594 16.5137 9.5 16.5137ZM9.5 0.763672C11.9062 0.763672 13.9639 1.61816 15.6729 3.32715C17.3818 5.03613 18.2363 7.09375 18.2363 9.5C18.2363 11.9062 17.3818 13.9639 15.6729 15.6729C13.9639 17.3818 11.9062 18.2363 9.5 18.2363C7.09375 18.2363 5.03613 17.3818 3.32715 15.6729C1.61816 13.9639 0.763672 11.9062 0.763672 9.5C0.763672 7.09375 1.61816 5.03613 3.32715 3.32715C5.03613 1.61816 7.09375 0.763672 9.5 0.763672Z\" fill=\"#F76D00\"\/><\/svg><\/div><div class=\"ouverture\">Vom 3. April 2026 bis zum 2. November 2026<\/div>\n<\/span><\/div><iframe src=\"https:\/\/www.google.com\/maps\/embed?pb=!1m18!1m12!1m3!1d2802.3882826893155!2d-1.1600380841824003!3d45.38133774698914!2m3!1f0!2f0!3f0!3m2!1i1024!2i768!4f13.1!3m3!1m2!1s0x4801894ef08ac57d%3A0xa42891c2820da2e6!2sCamping%20Le%20Soleil%20d'Or!5e0!3m2!1sfr!2sfr!4v1678096424252!5m2!1sfr!2sfr\" width=\"100%\" height=\"380\" style=\"border:0;\" allowfullscreen=\"\" loading=\"lazy\" referrerpolicy=\"no-referrer-when-downgrade\"><\/iframe><\/div><\/div>","protected":false},"excerpt":{"rendered":"","protected":false},"author":1,"featured_media":7414,"parent":0,"menu_order":0,"comment_status":"closed","ping_status":"closed","template":"","meta":{"_acf_changed":false,"footnotes":""},"class_list":["post-7412","page","type-page","status-publish","has-post-thumbnail","hentry"],"acf":[],"yoast_head":"<!-- This site is optimized with the Yoast SEO plugin v27.3 - https:\/\/yoast.com\/product\/yoast-seo-wordpress\/ -->\n<title>Ungew\u00f6hnliche Unterkunft in Montalivet auf einem Campingplatz, nur einen Steinwurf vom Strand entfernt<\/title>\n<meta name=\"description\" content=\"Entdecken Sie in Montalivet, auf dem 3-Sterne-Campingplatz Le Soleil d\u2019Or, unsere ungew\u00f6hnlichen Lodges am Strand f\u00fcr einen atypischen und exotischen Urlaub.\" \/>\n<meta name=\"robots\" content=\"index, follow, max-snippet:-1, max-image-preview:large, max-video-preview:-1\" \/>\n<link rel=\"canonical\" href=\"https:\/\/www.campinglesoleildor.com\/de\/ungewohnliche-unterkunft-montalivet\/\" \/>\n<meta property=\"og:locale\" content=\"de_DE\" \/>\n<meta property=\"og:type\" content=\"article\" \/>\n<meta property=\"og:title\" content=\"Ungew\u00f6hnliche Unterkunft in Montalivet auf einem Campingplatz, nur einen Steinwurf vom Strand entfernt\" \/>\n<meta property=\"og:description\" content=\"Entdecken Sie in Montalivet, auf dem 3-Sterne-Campingplatz Le Soleil d\u2019Or, unsere ungew\u00f6hnlichen Lodges am Strand f\u00fcr einen atypischen und exotischen Urlaub.\" \/>\n<meta property=\"og:url\" content=\"https:\/\/www.campinglesoleildor.com\/de\/ungewohnliche-unterkunft-montalivet\/\" \/>\n<meta property=\"og:site_name\" content=\"Camping le soleil d&#039;or\" \/>\n<meta property=\"article:modified_time\" content=\"2024-07-03T07:13:30+00:00\" \/>\n<meta property=\"og:image\" content=\"https:\/\/www.campinglesoleildor.com\/wp-content\/uploads\/2023\/02\/lodge-1ch-sam-ext2-W.jpg\" \/>\n\t<meta property=\"og:image:width\" content=\"1800\" \/>\n\t<meta property=\"og:image:height\" content=\"1350\" \/>\n\t<meta property=\"og:image:type\" content=\"image\/jpeg\" \/>\n<meta name=\"twitter:card\" content=\"summary_large_image\" \/>\n<meta name=\"twitter:label1\" content=\"Gesch\u00e4tzte Lesezeit\" \/>\n\t<meta name=\"twitter:data1\" content=\"1\u00a0Minute\" \/>\n<script type=\"application\/ld+json\" class=\"yoast-schema-graph\">{\"@context\":\"https:\\\/\\\/schema.org\",\"@graph\":[{\"@type\":\"WebPage\",\"@id\":\"https:\\\/\\\/www.campinglesoleildor.com\\\/de\\\/ungewohnliche-unterkunft-montalivet\\\/\",\"url\":\"https:\\\/\\\/www.campinglesoleildor.com\\\/de\\\/ungewohnliche-unterkunft-montalivet\\\/\",\"name\":\"Ungew\u00f6hnliche Unterkunft in Montalivet auf einem Campingplatz, nur einen Steinwurf vom Strand entfernt\",\"isPartOf\":{\"@id\":\"https:\\\/\\\/www.campinglesoleildor.com\\\/de\\\/#website\"},\"primaryImageOfPage\":{\"@id\":\"https:\\\/\\\/www.campinglesoleildor.com\\\/de\\\/ungewohnliche-unterkunft-montalivet\\\/#primaryimage\"},\"image\":{\"@id\":\"https:\\\/\\\/www.campinglesoleildor.com\\\/de\\\/ungewohnliche-unterkunft-montalivet\\\/#primaryimage\"},\"thumbnailUrl\":\"https:\\\/\\\/www.campinglesoleildor.com\\\/wp-content\\\/uploads\\\/2023\\\/02\\\/lodge-1ch-sam-ext2-W.jpg\",\"datePublished\":\"2023-07-08T17:34:06+00:00\",\"dateModified\":\"2024-07-03T07:13:30+00:00\",\"description\":\"Entdecken Sie in Montalivet, auf dem 3-Sterne-Campingplatz Le Soleil d\u2019Or, unsere ungew\u00f6hnlichen Lodges am Strand f\u00fcr einen atypischen und exotischen Urlaub.\",\"breadcrumb\":{\"@id\":\"https:\\\/\\\/www.campinglesoleildor.com\\\/de\\\/ungewohnliche-unterkunft-montalivet\\\/#breadcrumb\"},\"inLanguage\":\"de\",\"potentialAction\":[{\"@type\":\"ReadAction\",\"target\":[\"https:\\\/\\\/www.campinglesoleildor.com\\\/de\\\/ungewohnliche-unterkunft-montalivet\\\/\"]}]},{\"@type\":\"ImageObject\",\"inLanguage\":\"de\",\"@id\":\"https:\\\/\\\/www.campinglesoleildor.com\\\/de\\\/ungewohnliche-unterkunft-montalivet\\\/#primaryimage\",\"url\":\"https:\\\/\\\/www.campinglesoleildor.com\\\/wp-content\\\/uploads\\\/2023\\\/02\\\/lodge-1ch-sam-ext2-W.jpg\",\"contentUrl\":\"https:\\\/\\\/www.campinglesoleildor.com\\\/wp-content\\\/uploads\\\/2023\\\/02\\\/lodge-1ch-sam-ext2-W.jpg\",\"width\":1800,\"height\":1350},{\"@type\":\"BreadcrumbList\",\"@id\":\"https:\\\/\\\/www.campinglesoleildor.com\\\/de\\\/ungewohnliche-unterkunft-montalivet\\\/#breadcrumb\",\"itemListElement\":[{\"@type\":\"ListItem\",\"position\":1,\"name\":\"Camping Montalivet\",\"item\":\"https:\\\/\\\/www.campinglesoleildor.com\\\/de\\\/\"},{\"@type\":\"ListItem\",\"position\":2,\"name\":\"Ungew\u00f6hnliche Unterkunft in Montalivet\"}]},{\"@type\":\"WebSite\",\"@id\":\"https:\\\/\\\/www.campinglesoleildor.com\\\/de\\\/#website\",\"url\":\"https:\\\/\\\/www.campinglesoleildor.com\\\/de\\\/\",\"name\":\"Camping le soleil d&#039;or\",\"description\":\"\",\"potentialAction\":[{\"@type\":\"SearchAction\",\"target\":{\"@type\":\"EntryPoint\",\"urlTemplate\":\"https:\\\/\\\/www.campinglesoleildor.com\\\/de\\\/?s={search_term_string}\"},\"query-input\":{\"@type\":\"PropertyValueSpecification\",\"valueRequired\":true,\"valueName\":\"search_term_string\"}}],\"inLanguage\":\"de\"}]}<\/script>\n<!-- \/ Yoast SEO plugin. -->","yoast_head_json":{"title":"Ungew\u00f6hnliche Unterkunft in Montalivet auf einem Campingplatz, nur einen Steinwurf vom Strand entfernt","description":"Entdecken Sie in Montalivet, auf dem 3-Sterne-Campingplatz Le Soleil d\u2019Or, unsere ungew\u00f6hnlichen Lodges am Strand f\u00fcr einen atypischen und exotischen Urlaub.","robots":{"index":"index","follow":"follow","max-snippet":"max-snippet:-1","max-image-preview":"max-image-preview:large","max-video-preview":"max-video-preview:-1"},"canonical":"https:\/\/www.campinglesoleildor.com\/de\/ungewohnliche-unterkunft-montalivet\/","og_locale":"de_DE","og_type":"article","og_title":"Ungew\u00f6hnliche Unterkunft in Montalivet auf einem Campingplatz, nur einen Steinwurf vom Strand entfernt","og_description":"Entdecken Sie in Montalivet, auf dem 3-Sterne-Campingplatz Le Soleil d\u2019Or, unsere ungew\u00f6hnlichen Lodges am Strand f\u00fcr einen atypischen und exotischen Urlaub.","og_url":"https:\/\/www.campinglesoleildor.com\/de\/ungewohnliche-unterkunft-montalivet\/","og_site_name":"Camping le soleil d&#039;or","article_modified_time":"2024-07-03T07:13:30+00:00","og_image":[{"width":1800,"height":1350,"url":"https:\/\/www.campinglesoleildor.com\/wp-content\/uploads\/2023\/02\/lodge-1ch-sam-ext2-W.jpg","type":"image\/jpeg"}],"twitter_card":"summary_large_image","twitter_misc":{"Gesch\u00e4tzte Lesezeit":"1\u00a0Minute"},"schema":{"@context":"https:\/\/schema.org","@graph":[{"@type":"WebPage","@id":"https:\/\/www.campinglesoleildor.com\/de\/ungewohnliche-unterkunft-montalivet\/","url":"https:\/\/www.campinglesoleildor.com\/de\/ungewohnliche-unterkunft-montalivet\/","name":"Ungew\u00f6hnliche Unterkunft in Montalivet auf einem Campingplatz, nur einen Steinwurf vom Strand entfernt","isPartOf":{"@id":"https:\/\/www.campinglesoleildor.com\/de\/#website"},"primaryImageOfPage":{"@id":"https:\/\/www.campinglesoleildor.com\/de\/ungewohnliche-unterkunft-montalivet\/#primaryimage"},"image":{"@id":"https:\/\/www.campinglesoleildor.com\/de\/ungewohnliche-unterkunft-montalivet\/#primaryimage"},"thumbnailUrl":"https:\/\/www.campinglesoleildor.com\/wp-content\/uploads\/2023\/02\/lodge-1ch-sam-ext2-W.jpg","datePublished":"2023-07-08T17:34:06+00:00","dateModified":"2024-07-03T07:13:30+00:00","description":"Entdecken Sie in Montalivet, auf dem 3-Sterne-Campingplatz Le Soleil d\u2019Or, unsere ungew\u00f6hnlichen Lodges am Strand f\u00fcr einen atypischen und exotischen Urlaub.","breadcrumb":{"@id":"https:\/\/www.campinglesoleildor.com\/de\/ungewohnliche-unterkunft-montalivet\/#breadcrumb"},"inLanguage":"de","potentialAction":[{"@type":"ReadAction","target":["https:\/\/www.campinglesoleildor.com\/de\/ungewohnliche-unterkunft-montalivet\/"]}]},{"@type":"ImageObject","inLanguage":"de","@id":"https:\/\/www.campinglesoleildor.com\/de\/ungewohnliche-unterkunft-montalivet\/#primaryimage","url":"https:\/\/www.campinglesoleildor.com\/wp-content\/uploads\/2023\/02\/lodge-1ch-sam-ext2-W.jpg","contentUrl":"https:\/\/www.campinglesoleildor.com\/wp-content\/uploads\/2023\/02\/lodge-1ch-sam-ext2-W.jpg","width":1800,"height":1350},{"@type":"BreadcrumbList","@id":"https:\/\/www.campinglesoleildor.com\/de\/ungewohnliche-unterkunft-montalivet\/#breadcrumb","itemListElement":[{"@type":"ListItem","position":1,"name":"Camping Montalivet","item":"https:\/\/www.campinglesoleildor.com\/de\/"},{"@type":"ListItem","position":2,"name":"Ungew\u00f6hnliche Unterkunft in Montalivet"}]},{"@type":"WebSite","@id":"https:\/\/www.campinglesoleildor.com\/de\/#website","url":"https:\/\/www.campinglesoleildor.com\/de\/","name":"Camping le soleil d&#039;or","description":"","potentialAction":[{"@type":"SearchAction","target":{"@type":"EntryPoint","urlTemplate":"https:\/\/www.campinglesoleildor.com\/de\/?s={search_term_string}"},"query-input":{"@type":"PropertyValueSpecification","valueRequired":true,"valueName":"search_term_string"}}],"inLanguage":"de"}]}},"_links":{"self":[{"href":"https:\/\/www.campinglesoleildor.com\/de\/wp-json\/wp\/v2\/pages\/7412","targetHints":{"allow":["GET"]}}],"collection":[{"href":"https:\/\/www.campinglesoleildor.com\/de\/wp-json\/wp\/v2\/pages"}],"about":[{"href":"https:\/\/www.campinglesoleildor.com\/de\/wp-json\/wp\/v2\/types\/page"}],"author":[{"embeddable":true,"href":"https:\/\/www.campinglesoleildor.com\/de\/wp-json\/wp\/v2\/users\/1"}],"replies":[{"embeddable":true,"href":"https:\/\/www.campinglesoleildor.com\/de\/wp-json\/wp\/v2\/comments?post=7412"}],"version-history":[{"count":2,"href":"https:\/\/www.campinglesoleildor.com\/de\/wp-json\/wp\/v2\/pages\/7412\/revisions"}],"predecessor-version":[{"id":7426,"href":"https:\/\/www.campinglesoleildor.com\/de\/wp-json\/wp\/v2\/pages\/7412\/revisions\/7426"}],"wp:featuredmedia":[{"embeddable":true,"href":"https:\/\/www.campinglesoleildor.com\/de\/wp-json\/wp\/v2\/media\/7414"}],"wp:attachment":[{"href":"https:\/\/www.campinglesoleildor.com\/de\/wp-json\/wp\/v2\/media?parent=7412"}],"curies":[{"name":"wp","href":"https:\/\/api.w.org\/{rel}","templated":true}]}}