{"id":7378,"date":"2023-07-10T11:05:28","date_gmt":"2023-07-10T09:05:28","guid":{"rendered":"https:\/\/www.campinglesoleildor.com\/camping-pas-cher-montalivet\/"},"modified":"2024-04-25T15:37:42","modified_gmt":"2024-04-25T13:37:42","slug":"gunstiges-campingplatz-montalivet","status":"publish","type":"page","link":"https:\/\/www.campinglesoleildor.com\/de\/gunstiges-campingplatz-montalivet\/","title":{"rendered":"Pas Cher"},"content":{"rendered":"<div class=\"bloc-texte full\"><div class=\"texte center\"><p>Unser Campingplatz Le Soleil d&#8217;Or ist Ihr bevorzugtes Ziel f\u00fcr einen Aufenthalt in Montalivet, ohne Kompromisse bei Ihrem Budget einzugehen. Mitten in der atemberaubenden Natur der Region und am Meer gelegen, bietet unser g\u00fcnstiger Campingplatz Montalivet ein unvergessliches Urlaubserlebnis, das Entspannung und Abenteuer vereint. Auf unserem Campingplatz verstehen wir, dass ein gelungener Urlaub nicht teuer sein muss. Deshalb bieten wir hochwertige Dienstleistungen zu erschwinglichen Preisen an, damit Sie Ihren Aufenthalt in vollen Z\u00fcgen genie\u00dfen k\u00f6nnen, ohne sich Gedanken \u00fcber die Kosten machen zu m\u00fcssen. Egal, ob Sie Ruhe in einer malerischen Naturlandschaft suchen oder auf der Suche nach unterhaltsamen Aktivit\u00e4ten und lokalen Entdeckungen sind, unser g\u00fcnstiger Campingplatz in Montalivet ist der ideale Ort f\u00fcr Sie und Ihre Familie.<\/p>\n<\/div><\/div>\n\n<div class=\"titre-block\"><h2 class=\"titre center\">Entdecken Sie unsere Preise<\/h2><\/div>\n\n<div class=\"frame\"><div class=\"ctoutvert\">\r\n    <ctv-availability data-background-color=\"#FFFFFFFF\" ><\/ctv-availability>\r\n<\/div><\/div>\n\n<div class=\"liste-de-page-icones-container\"><h2>Die 3-Sterne-Serviceleistungen unseres preiswerten Campingplatzes in Montalivet<\/h2><div class=\"liste-de-page-icones\"><a href=\"https:\/\/www.campinglesoleildor.com\/de\/aktivitaten\/\" class=\"cta-icone\"><img decoding=\"async\" src=\"https:\/\/www.campinglesoleildor.com\/wp-content\/uploads\/2024\/04\/loisirs.png\" alt=\"loisirs\"><p>Aktivit\u00e4ten und Unterhaltung<\/p><\/a><a href=\"https:\/\/www.campinglesoleildor.com\/de\/dienstleistungen\/\" class=\"cta-icone\"><img decoding=\"async\" src=\"https:\/\/www.campinglesoleildor.com\/wp-content\/uploads\/2024\/04\/services.png\" alt=\"services\"><p>Dienstleistungen<\/p><\/a><a href=\"https:\/\/www.campinglesoleildor.com\/de\/kauf-mobilheim-gironde\/\" class=\"cta-icone\"><img decoding=\"async\" src=\"https:\/\/www.campinglesoleildor.com\/wp-content\/uploads\/2024\/04\/devenir-proprietaire.png\" alt=\"devenir propri\u00e9taire\"><p>Werden Sie Eigent\u00fcmer<\/p><\/a><a href=\"https:\/\/www.campinglesoleildor.com\/de\/standorte\/\" class=\"cta-icone\"><img decoding=\"async\" src=\"https:\/\/www.campinglesoleildor.com\/wp-content\/uploads\/2024\/04\/emplacements.png\" alt=\"emplacements\"><p>Reservieren Sie meinen Standort<\/p><\/a><a href=\"https:\/\/www.campinglesoleildor.com\/de\/vermietung-mobilheim-montalivet\/\" class=\"cta-icone\"><img decoding=\"async\" src=\"https:\/\/www.campinglesoleildor.com\/wp-content\/uploads\/2024\/04\/logements-equipes.png\" alt=\"logements \u00e9quip\u00e9s\"><p>Reservieren Sie mein Mobilheim<\/p><\/a><\/div><\/div>\n\n<div class=\"text-image-new style1 image-left\"><div class=\"text-image-new-colonne\"><H2 class=\"text-image-new-titre\">Unterkunft auf unserem g\u00fcnstigen Campingplatz in Montalivet<\/H2><div class=\"text-image-new-content\"><p>Unser preisg\u00fcnstiger Campingplatz in Montalivet bietet eine gro\u00dfe Auswahl an Mietunterk\u00fcnften f\u00fcr Ihren g\u00fcnstigen Aufenthalt. Wir bieten verschiedene Stellpl\u00e4tze von 100 bis 200 Quadratmetern an, die ideal f\u00fcr Ihre Zelte und Wohnmobile ausgestattet sind und Platz f\u00fcr 1 bis 16 Personen bieten. Profitieren Sie als Bonus von einem speziellen Rabatt von 10 % f\u00fcr l\u00e4ngere Aufenthalte in der Nebensaison, einem weiteren Vorteil unseres g\u00fcnstigen Campingangebots.<\/p>\n<p>Unser Campingplatz in der Gironde liegt ideal, nur einen Steinwurf vom Meer entfernt und bietet Ihnen eine Reihe von Unterk\u00fcnften, die Ihren Bed\u00fcrfnissen und Vorlieben entsprechen: Standard-Mobilheime, Komfort- und Hochkomfort-Mobilheime und sogar Mobilheime der Premiumklasse f\u00fcr komfortable Ferien niedrige Preise. Unsere Unterkunft hat eine Fl\u00e4che von 28 Quadratmetern und f\u00fcr Familien oder gr\u00f6\u00dfere Gruppen bieten wir Mobilheime mit einer Fl\u00e4che von 35 m\u00b2 an, die in ihren verschiedenen Zimmern Platz f\u00fcr bis zu 6 Personen bieten.<\/p>\n<\/div><p class=\"lire-plus\">Mehr lesen<\/p><div class=\"text-image-new-content-more hide\"><p>Alle unsere Mobilheime verf\u00fcgen \u00fcber 2 bis 3 separate Schlafzimmer, um Ihre Privatsph\u00e4re und Ihren Komfort zu gew\u00e4hrleisten. Alle unsere Mobilheime sind mit Heizung, einer ausgestatteten K\u00fcche, einem Wohnzimmer, einem Badezimmer, WC, WLAN und einer Terrasse ausgestattet. In den sehr komfortablen und hochwertigen Mobilheimen profitieren Sie au\u00dferdem von einer Klimaanlage. Dar\u00fcber hinaus bieten einige unserer Unterk\u00fcnfte einen herrlichen Blick auf das Meer. Auch Ihre Haustiere sind (unter bestimmten Bedingungen) willkommen. Entscheiden Sie sich f\u00fcr unseren preiswerten Campingplatz in Montalivet f\u00fcr ein paar N\u00e4chte oder eine Woche ruhigen und g\u00fcnstigen Urlaubs.<\/p>\n<\/div><p class=\"lire-moins hide\">Lese weniger<\/p><\/div><div class=\"text-image-new-colonne\"><img decoding=\"async\" src=\"https:\/\/www.campinglesoleildor.com\/wp-content\/uploads\/2023\/02\/Mh-premium-3ch-2-W.jpg\" alt=\"g\u00fcnstiges Mobilheim Gironde\" class=\"text-image-new-thumb\" \/><\/div><\/div>\n\n<div class=\"text-image-new style1 image-right background-marron\"><div class=\"text-image-new-colonne\"><H2 class=\"text-image-new-titre\">Ein preisg\u00fcnstiger Campingplatz in idealer Lage in Montalivet<\/H2><div class=\"text-image-new-content\"><p>Im Herzen des M\u00e9doc in der Gironde ist unser preisg\u00fcnstiger Campingplatz in Montalivet der ideale Ausgangspunkt, um die Region zu erkunden und w\u00e4hrend Ihres Urlaubs eine Vielzahl von Aktivit\u00e4ten auszu\u00fcben. Nutzen Sie Ihren Aufenthalt, um unvergessliche Momente mit Familie oder Freunden zu erleben, indem Sie auf unserem 3-Sterne-Campingplatz in Montalivet Brettsport betreiben. Dies ist die ideale Gelegenheit, Spa\u00df und k\u00f6rperliche Aktivit\u00e4t zu verbinden. G\u00f6nnen Sie sich deshalb eine s\u00fc\u00dfe Auszeit und verbringen Sie einen Nachmittag am Lake Hourtin im M\u00e9doc in Frankreich. Auch eine Tretboot-, Katamaran- oder Paddelfahrt k\u00f6nnte auf dem Programm stehen. Vergessen Sie Ihr Picknick nicht!<\/p>\n<p>Im Herzen des M\u00e9doc l\u00e4dt Sie unser preiswerter Campingplatz in Montalivet ein, die Ruhe der 6.000 Hektar Pinien- und Eichenw\u00e4lder zu entdecken, die an den Badeort Vendays-Montalivet grenzen. Seien Sie aufmerksam und diskret, um die Chance zu haben, die Rehe, Wildschweine oder Hirsche zu sehen, die in diesen W\u00e4ldern leben. Genie\u00dfen Sie das Meer und die Natur dank der vor Ort verf\u00fcgbaren Annehmlichkeiten. Liebhaber von Gr\u00fcnfl\u00e4chen werden von den 30 Kilometern Radwegen und 40 Kilometern Wanderwegen begeistert sein. Entdecken Sie die Fauna und Flora des M\u00e9doc auf den Wegen des Naturschutzgebiets Etang de Casseau und dem Berle-Pfad. Erfahren Sie bei einem Besuch der Schl\u00f6sser mehr \u00fcber die Geschichte der Region und beenden Sie Ihren Besuch mit einem Ausflug zum Leuchtturm von Cordouan. Genie\u00dfen Sie schlie\u00dflich das M\u00e9doc-Terroir in Aquitanien auf den vielen M\u00e4rkten am Rande der Gironde.<\/p>\n<\/div><p class=\"lire-plus\">Mehr lesen<\/p><div class=\"text-image-new-content-more hide\"><p>Gironde, ein D\u00e9partement im S\u00fcdwesten Frankreichs in der Region Aquitanien, lockt dank seiner idyllischen Lage an der Atlantikk\u00fcste und seiner reichen Natur, insbesondere der ber\u00fchmten Pinien, jedes Jahr viele Touristen an. Viele Orte, wie die Pilat-D\u00fcne, die Pair-non-Pair-H\u00f6hle und andere regionale Naturparks, sind unverzichtbar geworden. Die Gironde verf\u00fcgt \u00fcber eine echte historische, kulturelle und gastronomische Identit\u00e4t, die Sie bei einem Spaziergang in Bordeaux oder Saint \u00c9milion entdecken und sch\u00e4tzen k\u00f6nnen. Buchen Sie Ihren n\u00e4chsten Urlaub zu g\u00fcnstigen Preisen in diesem an Entdeckungen reichen Departement und entscheiden Sie sich f\u00fcr unseren g\u00fcnstigen Campingplatz in Montalivet in der Gironde.<\/p>\n<\/div><p class=\"lire-moins hide\">Lese weniger<\/p><\/div><div class=\"text-image-new-colonne\"><img decoding=\"async\" src=\"https:\/\/www.campinglesoleildor.com\/wp-content\/uploads\/2024\/04\/camping-montalivet-soleil-dor.jpg\" alt=\"g\u00fcnstiger Campingplatz Montalivet\" class=\"text-image-new-thumb\" \/><\/div><\/div>\n\n<div class=\"text-image-new style1 image-left\"><div class=\"text-image-new-colonne\"><H2 class=\"text-image-new-titre\">Genie\u00dfen Sie einen Campingplatz zu g\u00fcnstigen Preisen am Meer<\/H2><div class=\"text-image-new-content\"><p>Die Stellpl\u00e4tze und Mietunterk\u00fcnfte unseres g\u00fcnstigen Campingplatzes in Montalivet profitieren von einer au\u00dfergew\u00f6hnlichen Lage, nur 100 Meter vom Strand von Montalivet entfernt. Genie\u00dfen Sie eine f\u00fcr Ihren Aufenthalt ideal gelegene Unterkunft zu einem g\u00fcnstigen Preis mit direktem Zugang zu den Str\u00e4nden der C\u00f4te d&#8217;Argent in Aquitanien. Sie ben\u00f6tigen kein Schwimmbad, Sie werden jeden Tag buchst\u00e4blich Ihre F\u00fc\u00dfe im Sand haben und das in nur einer Minute Nur wenige Schritte entfernt gelangen Sie von einem der am besten gelegenen Campingpl\u00e4tze in Vendays-Montalivet direkt zum Meer. Bewundern Sie die Sonnenaufg\u00e4nge und Sonnenunterg\u00e4nge und sp\u00fcren Sie die Sch\u00f6nheit und Erhabenheit dieser unumg\u00e4nglichen Landschaft. Au\u00dferdem k\u00f6nnen Sie mit Ihren Kindern viele Aktivit\u00e4ten genie\u00dfen, ohne mehrere Kilometer zur\u00fccklegen zu m\u00fcssen, wie zum Beispiel Angeln, Strandsegeln, Surfen oder Beachvolleyball.<\/p>\n<p>Dar\u00fcber hinaus bietet unser g\u00fcnstiger Campingplatz in Montalivet eine gro\u00dfe Auswahl an Str\u00e4nden in der N\u00e4he, sodass Sie die Meeresluft in vollen Z\u00fcgen genie\u00dfen k\u00f6nnen. Erreichen Sie die Str\u00e4nde des Zentrums, des Nordens und des S\u00fcdens in Ihrem eigenen Tempo und ohne Staus und genie\u00dfen Sie ein kleines St\u00fcck Paradies zu geringeren Kosten in unserem Outdoor-Hotel.<\/p>\n<\/div><\/div><div class=\"text-image-new-colonne\"><img decoding=\"async\" src=\"https:\/\/www.campinglesoleildor.com\/wp-content\/uploads\/2024\/04\/emplacement-camping-medoc.jpg\" alt=\"G\u00fcnstiger Campingplatz am Meer Gironde\" class=\"text-image-new-thumb\" \/><\/div><\/div>\n\n<div class=\"text-image-new style1 image-right background-marron\"><div class=\"text-image-new-colonne\"><H2 class=\"text-image-new-titre\">Genie\u00dfen Sie auf unserem Campingplatz ein zweites Zuhause zu einem g\u00fcnstigen Preis<\/H2><div class=\"text-image-new-content\"><p>G\u00f6nnen Sie sich die M\u00f6glichkeit, Ihren Urlaub zu verl\u00e4ngern, indem Sie Eigent\u00fcmer eines Mobilheims auf unserem preiswerten Campingplatz in Montalivet werden, einem 3-Sterne-Campingplatz direkt am Wasser. Ob Neu- oder Gebrauchtmodell, Sie k\u00f6nnen Eigent\u00fcmer eines Zweitwohnsitzes am Meer werden und so diese zauberhafte Umgebung so lange genie\u00dfen, wie Sie m\u00f6chten, f\u00fcr unvergessliche Momente mit Ihren Kindern.<\/p>\n<p>Ob Sie in der Neben- oder Hochsaison \u00fcbernachten, das M\u00e9doc hat viele Sch\u00e4tze zu bieten. Sie werden Zeit haben, den ganzen Reichtum der Gironde und Aquitanien zu entdecken. Viele Aktivit\u00e4ten sind das ganze Jahr \u00fcber m\u00f6glich, wie zum Beispiel Angeln zu Fu\u00df und mit dem Boot. Dank unseres g\u00fcnstigen Campingplatzes in Vendays-Montalivet m\u00fcssen Sie nicht auf den Sommer warten, um die Freuden des Strandes, das Erbe des M\u00e9doc und die Wassersportaktivit\u00e4ten des Atlantischen Ozeans zu genie\u00dfen.<\/p>\n<\/div><p class=\"lire-plus\">Mehr lesen<\/p><div class=\"text-image-new-content-more hide\"><p>Mit einem Zweitwohnsitz auf unserem g\u00fcnstigen Campingplatz in Montalivet haben Sie die Freiheit, f\u00fcr ein Wochenende, eine Woche, einen Monat oder sogar l\u00e4nger wiederzukommen; Sobald der Ruf des Ozeans und von Vendays-Montalivet zu sp\u00fcren ist. Diese Traumkulisse ist unersch\u00f6pflich und bietet auch au\u00dferhalb der Sommermonate ein bemerkenswertes Schauspiel.<\/p>\n<\/div><p class=\"lire-moins hide\">Lese weniger<\/p><\/div><div class=\"text-image-new-colonne\"><img decoding=\"async\" src=\"https:\/\/www.campinglesoleildor.com\/wp-content\/uploads\/2022\/07\/mobil-home-morbihan-azalee-Ext-800x534-1.jpg\" alt=\"Kauf eines Mobilheims am Meer in der Gironde\" class=\"text-image-new-thumb\" \/><\/div><\/div>","protected":false},"excerpt":{"rendered":"","protected":false},"author":1,"featured_media":7364,"parent":0,"menu_order":0,"comment_status":"closed","ping_status":"closed","template":"","meta":{"_acf_changed":false,"footnotes":""},"class_list":["post-7378","page","type-page","status-publish","has-post-thumbnail","hentry"],"acf":[],"yoast_head":"<!-- This site is optimized with the Yoast SEO plugin v27.5 - https:\/\/yoast.com\/product\/yoast-seo-wordpress\/ -->\n<title>G\u00fcnstiger Campingplatz in Montalivet am Meer<\/title>\n<meta name=\"description\" content=\"Entdecken Sie die Angebote auf unserem Campingplatz in Montalivet, le Soleil d\u2019Or. Dieser 3-Sterne-Campingplatz nur einen Steinwurf vom Strand entfernt ist ideal f\u00fcr kleine Budgets.\" \/>\n<meta name=\"robots\" content=\"index, follow, max-snippet:-1, max-image-preview:large, max-video-preview:-1\" \/>\n<link rel=\"canonical\" href=\"https:\/\/www.campinglesoleildor.com\/de\/gunstiges-campingplatz-montalivet\/\" \/>\n<meta property=\"og:locale\" content=\"de_DE\" \/>\n<meta property=\"og:type\" content=\"article\" \/>\n<meta property=\"og:title\" content=\"G\u00fcnstiger Campingplatz in Montalivet am Meer\" \/>\n<meta property=\"og:description\" content=\"Entdecken Sie die Angebote auf unserem Campingplatz in Montalivet, le Soleil d\u2019Or. Dieser 3-Sterne-Campingplatz nur einen Steinwurf vom Strand entfernt ist ideal f\u00fcr kleine Budgets.\" \/>\n<meta property=\"og:url\" content=\"https:\/\/www.campinglesoleildor.com\/de\/gunstiges-campingplatz-montalivet\/\" \/>\n<meta property=\"og:site_name\" content=\"Camping le soleil d&#039;or\" \/>\n<meta property=\"article:modified_time\" content=\"2024-04-25T13:37:42+00:00\" \/>\n<meta property=\"og:image\" content=\"https:\/\/www.campinglesoleildor.com\/wp-content\/uploads\/2022\/11\/RESERVATION-MH-1-scaled.jpg\" \/>\n\t<meta property=\"og:image:width\" content=\"2560\" \/>\n\t<meta property=\"og:image:height\" content=\"1493\" \/>\n\t<meta property=\"og:image:type\" content=\"image\/jpeg\" \/>\n<meta name=\"twitter:card\" content=\"summary_large_image\" \/>\n<script type=\"application\/ld+json\" class=\"yoast-schema-graph\">{\"@context\":\"https:\\\/\\\/schema.org\",\"@graph\":[{\"@type\":\"WebPage\",\"@id\":\"https:\\\/\\\/www.campinglesoleildor.com\\\/de\\\/gunstiges-campingplatz-montalivet\\\/\",\"url\":\"https:\\\/\\\/www.campinglesoleildor.com\\\/de\\\/gunstiges-campingplatz-montalivet\\\/\",\"name\":\"G\u00fcnstiger Campingplatz in Montalivet am Meer\",\"isPartOf\":{\"@id\":\"https:\\\/\\\/www.campinglesoleildor.com\\\/de\\\/#website\"},\"primaryImageOfPage\":{\"@id\":\"https:\\\/\\\/www.campinglesoleildor.com\\\/de\\\/gunstiges-campingplatz-montalivet\\\/#primaryimage\"},\"image\":{\"@id\":\"https:\\\/\\\/www.campinglesoleildor.com\\\/de\\\/gunstiges-campingplatz-montalivet\\\/#primaryimage\"},\"thumbnailUrl\":\"https:\\\/\\\/www.campinglesoleildor.com\\\/wp-content\\\/uploads\\\/2022\\\/11\\\/RESERVATION-MH-1-scaled.jpg\",\"datePublished\":\"2023-07-10T09:05:28+00:00\",\"dateModified\":\"2024-04-25T13:37:42+00:00\",\"description\":\"Entdecken Sie die Angebote auf unserem Campingplatz in Montalivet, le Soleil d\u2019Or. Dieser 3-Sterne-Campingplatz nur einen Steinwurf vom Strand entfernt ist ideal f\u00fcr kleine Budgets.\",\"breadcrumb\":{\"@id\":\"https:\\\/\\\/www.campinglesoleildor.com\\\/de\\\/gunstiges-campingplatz-montalivet\\\/#breadcrumb\"},\"inLanguage\":\"de\",\"potentialAction\":[{\"@type\":\"ReadAction\",\"target\":[\"https:\\\/\\\/www.campinglesoleildor.com\\\/de\\\/gunstiges-campingplatz-montalivet\\\/\"]}]},{\"@type\":\"ImageObject\",\"inLanguage\":\"de\",\"@id\":\"https:\\\/\\\/www.campinglesoleildor.com\\\/de\\\/gunstiges-campingplatz-montalivet\\\/#primaryimage\",\"url\":\"https:\\\/\\\/www.campinglesoleildor.com\\\/wp-content\\\/uploads\\\/2022\\\/11\\\/RESERVATION-MH-1-scaled.jpg\",\"contentUrl\":\"https:\\\/\\\/www.campinglesoleildor.com\\\/wp-content\\\/uploads\\\/2022\\\/11\\\/RESERVATION-MH-1-scaled.jpg\",\"width\":2560,\"height\":1493},{\"@type\":\"BreadcrumbList\",\"@id\":\"https:\\\/\\\/www.campinglesoleildor.com\\\/de\\\/gunstiges-campingplatz-montalivet\\\/#breadcrumb\",\"itemListElement\":[{\"@type\":\"ListItem\",\"position\":1,\"name\":\"Camping Montalivet\",\"item\":\"https:\\\/\\\/www.campinglesoleildor.com\\\/de\\\/\"},{\"@type\":\"ListItem\",\"position\":2,\"name\":\"Vermietung von Mobilheimen in Montalivet\"}]},{\"@type\":\"WebSite\",\"@id\":\"https:\\\/\\\/www.campinglesoleildor.com\\\/de\\\/#website\",\"url\":\"https:\\\/\\\/www.campinglesoleildor.com\\\/de\\\/\",\"name\":\"Camping le soleil d&#039;or\",\"description\":\"\",\"potentialAction\":[{\"@type\":\"SearchAction\",\"target\":{\"@type\":\"EntryPoint\",\"urlTemplate\":\"https:\\\/\\\/www.campinglesoleildor.com\\\/de\\\/?s={search_term_string}\"},\"query-input\":{\"@type\":\"PropertyValueSpecification\",\"valueRequired\":true,\"valueName\":\"search_term_string\"}}],\"inLanguage\":\"de\"}]}<\/script>\n<!-- \/ Yoast SEO plugin. -->","yoast_head_json":{"title":"G\u00fcnstiger Campingplatz in Montalivet am Meer","description":"Entdecken Sie die Angebote auf unserem Campingplatz in Montalivet, le Soleil d\u2019Or. Dieser 3-Sterne-Campingplatz nur einen Steinwurf vom Strand entfernt ist ideal f\u00fcr kleine Budgets.","robots":{"index":"index","follow":"follow","max-snippet":"max-snippet:-1","max-image-preview":"max-image-preview:large","max-video-preview":"max-video-preview:-1"},"canonical":"https:\/\/www.campinglesoleildor.com\/de\/gunstiges-campingplatz-montalivet\/","og_locale":"de_DE","og_type":"article","og_title":"G\u00fcnstiger Campingplatz in Montalivet am Meer","og_description":"Entdecken Sie die Angebote auf unserem Campingplatz in Montalivet, le Soleil d\u2019Or. Dieser 3-Sterne-Campingplatz nur einen Steinwurf vom Strand entfernt ist ideal f\u00fcr kleine Budgets.","og_url":"https:\/\/www.campinglesoleildor.com\/de\/gunstiges-campingplatz-montalivet\/","og_site_name":"Camping le soleil d&#039;or","article_modified_time":"2024-04-25T13:37:42+00:00","og_image":[{"width":2560,"height":1493,"url":"https:\/\/www.campinglesoleildor.com\/wp-content\/uploads\/2022\/11\/RESERVATION-MH-1-scaled.jpg","type":"image\/jpeg"}],"twitter_card":"summary_large_image","schema":{"@context":"https:\/\/schema.org","@graph":[{"@type":"WebPage","@id":"https:\/\/www.campinglesoleildor.com\/de\/gunstiges-campingplatz-montalivet\/","url":"https:\/\/www.campinglesoleildor.com\/de\/gunstiges-campingplatz-montalivet\/","name":"G\u00fcnstiger Campingplatz in Montalivet am Meer","isPartOf":{"@id":"https:\/\/www.campinglesoleildor.com\/de\/#website"},"primaryImageOfPage":{"@id":"https:\/\/www.campinglesoleildor.com\/de\/gunstiges-campingplatz-montalivet\/#primaryimage"},"image":{"@id":"https:\/\/www.campinglesoleildor.com\/de\/gunstiges-campingplatz-montalivet\/#primaryimage"},"thumbnailUrl":"https:\/\/www.campinglesoleildor.com\/wp-content\/uploads\/2022\/11\/RESERVATION-MH-1-scaled.jpg","datePublished":"2023-07-10T09:05:28+00:00","dateModified":"2024-04-25T13:37:42+00:00","description":"Entdecken Sie die Angebote auf unserem Campingplatz in Montalivet, le Soleil d\u2019Or. Dieser 3-Sterne-Campingplatz nur einen Steinwurf vom Strand entfernt ist ideal f\u00fcr kleine Budgets.","breadcrumb":{"@id":"https:\/\/www.campinglesoleildor.com\/de\/gunstiges-campingplatz-montalivet\/#breadcrumb"},"inLanguage":"de","potentialAction":[{"@type":"ReadAction","target":["https:\/\/www.campinglesoleildor.com\/de\/gunstiges-campingplatz-montalivet\/"]}]},{"@type":"ImageObject","inLanguage":"de","@id":"https:\/\/www.campinglesoleildor.com\/de\/gunstiges-campingplatz-montalivet\/#primaryimage","url":"https:\/\/www.campinglesoleildor.com\/wp-content\/uploads\/2022\/11\/RESERVATION-MH-1-scaled.jpg","contentUrl":"https:\/\/www.campinglesoleildor.com\/wp-content\/uploads\/2022\/11\/RESERVATION-MH-1-scaled.jpg","width":2560,"height":1493},{"@type":"BreadcrumbList","@id":"https:\/\/www.campinglesoleildor.com\/de\/gunstiges-campingplatz-montalivet\/#breadcrumb","itemListElement":[{"@type":"ListItem","position":1,"name":"Camping Montalivet","item":"https:\/\/www.campinglesoleildor.com\/de\/"},{"@type":"ListItem","position":2,"name":"Vermietung von Mobilheimen in Montalivet"}]},{"@type":"WebSite","@id":"https:\/\/www.campinglesoleildor.com\/de\/#website","url":"https:\/\/www.campinglesoleildor.com\/de\/","name":"Camping le soleil d&#039;or","description":"","potentialAction":[{"@type":"SearchAction","target":{"@type":"EntryPoint","urlTemplate":"https:\/\/www.campinglesoleildor.com\/de\/?s={search_term_string}"},"query-input":{"@type":"PropertyValueSpecification","valueRequired":true,"valueName":"search_term_string"}}],"inLanguage":"de"}]}},"_links":{"self":[{"href":"https:\/\/www.campinglesoleildor.com\/de\/wp-json\/wp\/v2\/pages\/7378","targetHints":{"allow":["GET"]}}],"collection":[{"href":"https:\/\/www.campinglesoleildor.com\/de\/wp-json\/wp\/v2\/pages"}],"about":[{"href":"https:\/\/www.campinglesoleildor.com\/de\/wp-json\/wp\/v2\/types\/page"}],"author":[{"embeddable":true,"href":"https:\/\/www.campinglesoleildor.com\/de\/wp-json\/wp\/v2\/users\/1"}],"replies":[{"embeddable":true,"href":"https:\/\/www.campinglesoleildor.com\/de\/wp-json\/wp\/v2\/comments?post=7378"}],"version-history":[{"count":4,"href":"https:\/\/www.campinglesoleildor.com\/de\/wp-json\/wp\/v2\/pages\/7378\/revisions"}],"predecessor-version":[{"id":7825,"href":"https:\/\/www.campinglesoleildor.com\/de\/wp-json\/wp\/v2\/pages\/7378\/revisions\/7825"}],"wp:featuredmedia":[{"embeddable":true,"href":"https:\/\/www.campinglesoleildor.com\/de\/wp-json\/wp\/v2\/media\/7364"}],"wp:attachment":[{"href":"https:\/\/www.campinglesoleildor.com\/de\/wp-json\/wp\/v2\/media?parent=7378"}],"curies":[{"name":"wp","href":"https:\/\/api.w.org\/{rel}","templated":true}]}}